{"id":289,"date":"2018-03-31T16:39:21","date_gmt":"2018-03-31T14:39:21","guid":{"rendered":"https:\/\/ent2d.ac-bordeaux.fr\/disciplines\/italien\/?page_id=289"},"modified":"2018-12-05T20:23:59","modified_gmt":"2018-12-05T19:23:59","slug":"echange-avec-poggio-mirteto-latium","status":"publish","type":"page","link":"https:\/\/ent2d.ac-bordeaux.fr\/disciplines\/italien\/mobilite\/echange-avec-poggio-mirteto-latium\/","title":{"rendered":"Echange avec Poggio Mirteto (Latium)"},"content":{"rendered":"<pre style=\"text-align: center\"><strong>Le coll\u00e8ge Fran\u00e7ois Mauriac de L\u00e9ognan et le coll\u00e8ge italien Bassa Sabina de Poggio Mirteto dans le Latium ont nou\u00e9 un partenariat pour r\u00e9aliser un \u00e9change scolaire en 2018.\u00a0<\/strong>\r\n\r\nLes \u00e9l\u00e8ves de Mme Brigitte Bailly ont accueilli 21 \u00e9l\u00e8ves de <em>terza media<\/em> (4e) et 2 professeures du 22 au 28 mars 2018.\r\nCette premi\u00e8re exp\u00e9rience d' \u00e9change franco-italien est une r\u00e9ussite tant pour les Fran\u00e7ais que pour les Italiens.\r\nLes 21 coll\u00e9giens fran\u00e7ais se rendront en Italie en octobre prochain pour retrouver leurs camarades italiens.<\/pre>\n<h4 style=\"text-align: center\"><img loading=\"lazy\" decoding=\"async\" class=\"aligncenter wp-image-297 size-medium\" src=\"https:\/\/ent2d.ac-bordeaux.fr\/disciplines\/italien\/wp-content\/uploads\/sites\/12\/2018\/04\/mappa1poggiomirteto-300x256.jpg\" alt=\"\" width=\"300\" height=\"256\" srcset=\"https:\/\/ent2d.ac-bordeaux.fr\/disciplines\/italien\/wp-content\/uploads\/sites\/12\/2018\/04\/mappa1poggiomirteto-300x256.jpg 300w, https:\/\/ent2d.ac-bordeaux.fr\/disciplines\/italien\/wp-content\/uploads\/sites\/12\/2018\/04\/mappa1poggiomirteto.jpg 462w\" sizes=\"auto, (max-width: 300px) 100vw, 300px\" \/><\/h4>\n","protected":false},"excerpt":{"rendered":"<p>Le coll\u00e8ge Fran\u00e7ois Mauriac de L\u00e9ognan et le coll\u00e8ge italien Bassa Sabina de Poggio Mirteto dans le Latium ont nou\u00e9 un partenariat pour r\u00e9aliser un \u00e9change scolaire en 2018.\u00a0 Les &#8230;<\/p>\n","protected":false},"author":42,"featured_media":0,"parent":39,"menu_order":3,"comment_status":"closed","ping_status":"closed","template":"","meta":{"footnotes":""},"class_list":["post-289","page","type-page","status-publish","hentry"],"_links":{"self":[{"href":"https:\/\/ent2d.ac-bordeaux.fr\/disciplines\/italien\/wp-json\/wp\/v2\/pages\/289","targetHints":{"allow":["GET"]}}],"collection":[{"href":"https:\/\/ent2d.ac-bordeaux.fr\/disciplines\/italien\/wp-json\/wp\/v2\/pages"}],"about":[{"href":"https:\/\/ent2d.ac-bordeaux.fr\/disciplines\/italien\/wp-json\/wp\/v2\/types\/page"}],"author":[{"embeddable":true,"href":"https:\/\/ent2d.ac-bordeaux.fr\/disciplines\/italien\/wp-json\/wp\/v2\/users\/42"}],"replies":[{"embeddable":true,"href":"https:\/\/ent2d.ac-bordeaux.fr\/disciplines\/italien\/wp-json\/wp\/v2\/comments?post=289"}],"version-history":[{"count":7,"href":"https:\/\/ent2d.ac-bordeaux.fr\/disciplines\/italien\/wp-json\/wp\/v2\/pages\/289\/revisions"}],"predecessor-version":[{"id":552,"href":"https:\/\/ent2d.ac-bordeaux.fr\/disciplines\/italien\/wp-json\/wp\/v2\/pages\/289\/revisions\/552"}],"up":[{"embeddable":true,"href":"https:\/\/ent2d.ac-bordeaux.fr\/disciplines\/italien\/wp-json\/wp\/v2\/pages\/39"}],"wp:attachment":[{"href":"https:\/\/ent2d.ac-bordeaux.fr\/disciplines\/italien\/wp-json\/wp\/v2\/media?parent=289"}],"curies":[{"name":"wp","href":"https:\/\/api.w.org\/{rel}","templated":true}]}}