{"id":260,"date":"2017-11-17T16:52:15","date_gmt":"2017-11-17T15:52:15","guid":{"rendered":"https:\/\/ent2d.ac-bordeaux.fr\/disciplines\/italien\/?page_id=260"},"modified":"2018-12-05T20:22:16","modified_gmt":"2018-12-05T19:22:16","slug":"echange-avec-pise-en-toscane","status":"publish","type":"page","link":"https:\/\/ent2d.ac-bordeaux.fr\/disciplines\/italien\/mobilite\/echange-avec-pise-en-toscane\/","title":{"rendered":"Echange avec Pise (Toscane)"},"content":{"rendered":"<pre style=\"text-align: center\"><strong>Scambio scolastico franco-italiano<\/strong><strong>\u00a02018 \/ <\/strong><strong>Echange scolaire franco-italien 2018<\/strong>\r\n<strong>Le coll\u00e8ge Cassignol de Bordeaux et le professeur d'italien, Mme Sabathier,<\/strong>\r\n<strong>organisent\u00a0<\/strong><strong>un \u00e9change scolaire avec un coll\u00e8ge de Pise, en Toscane.<\/strong>\r\n<strong>Pour en savoir plus sur ce projet,\u00a0<\/strong><strong>cliquez sur <\/strong><a href=\"http:\/\/evviva.e-monsite.com\/pages\/content\/scuola\/preparativi-gita-scolastica.html\"><strong>ce lien<\/strong><\/a><strong>\u00a0qui vous donne acc\u00e8s <\/strong>\r\n<strong>\u00e0 la rubrique qui lui est d\u00e9di\u00e9 sur le site d'italien du coll\u00e8ge.<\/strong><\/pre>\n<p><strong>&gt; Le projet d&rsquo;\u00e9change en r\u00e9sum\u00e9\u2026 :<\/strong><\/p>\n<ul>\n<li>Il concerne 26 \u00e9l\u00e8ves italianistes du coll\u00e8ge Cassignol de Bordeaux.<\/li>\n<li>Pour financer une partie des activit\u00e9s, une tombola artisanale est lanc\u00e9e.<\/li>\n<li>Les \u00e9l\u00e8ves entretiennent\u00a0<strong><a href=\"http:\/\/evviva.e-monsite.com\/forum\/\">une correspondance virtuelle sur le forum du site d&rsquo;italien<\/a><\/strong>\u00a0et montent leur propre carnet de voyage puis le personnalisent en le compl\u00e9tant (&gt;\u00a0<strong><a href=\"http:\/\/evviva.e-monsite.com\/medias\/files\/diario-completo-2017-toscana-2-.pdf\">consulter ici celui de l&rsquo;an dernier<\/a><\/strong>).<\/li>\n<li>Le s\u00e9jour dans la famille et le coll\u00e8ge italiens de Pise aura lieu en f\u00e9vrier 2018 (transport : avion Bordeaux-Milan et bus Milan-Pise).<\/li>\n<li>Au programme : une journ\u00e9e \u00e0 Florence, une autre \u00e0 Lucques, sans compter les matin\u00e9es dans le coll\u00e8ge italien qui nous accueille, la visite d&rsquo;une fabrique de p\u00e2tes artisanales, la soir\u00e9e festive et la vie en famille et entre pairs&#8230;<\/li>\n<li>L&rsquo;accueil des Italiens se fera \u00e0 Bordeaux en mars 2018 (avec des sorties \u00e0 Saint-Emilion, Blaye, Arcachon et le Pilat, des visites dans le centre ville de Bordeaux guid\u00e9es par les \u00e9l\u00e8ves fran\u00e7ais et du mus\u00e9e d&rsquo;Aquitaine, entre autres).<\/li>\n<li>Lors de la soir\u00e9e festive de d\u00e9part des Italiens en pr\u00e9sence probablement de Madame Felici (Vice Consul honoraire d\u2019Italie \u00e0 Bordeaux), un prix sera remis \u00e0 l&rsquo;\u00e9l\u00e8ve qui aura r\u00e9alis\u00e9 le plus beau montage photographique ou vid\u00e9o de notre exp\u00e9rience franco-italienne (&gt;\u00a0<strong><a href=\"http:\/\/evviva.e-monsite.com\/pages\/content\/scuola\/preparativi-gita-scolastica.html\">voir la vid\u00e9o gagnante en 2017\u00a0ici<\/a><\/strong>, en bas de page) et des prix seront \u00e9galement distribu\u00e9s \u00e0 ceux qui auront particip\u00e9 au concours.<\/li>\n<li>Pour d\u00e9couvrir les diff\u00e9rentes activit\u00e9s mises en place en classe d&rsquo;italien avec les \u00e9l\u00e8ves, vous pouvez cliquer sur le lien vers le site d&rsquo;italien &gt; <a href=\"http:\/\/evviva.e-monsite.com\/\"><strong>Evviva l&rsquo;italiano!<\/strong><\/a><\/li>\n<\/ul>\n<p><img loading=\"lazy\" decoding=\"async\" class=\"aligncenter\" src=\"http:\/\/2.bp.blogspot.com\/-TUHgkB4oDC8\/U6vy9WYvEFI\/AAAAAAAADzA\/9XowaqQ6RVE\/s1600\/drone+pisa.jpg\" alt=\"R\u00e9sultat de recherche d'images pour &quot;piazza dei miracoli pisa&quot;\" width=\"359\" height=\"195\" \/><\/p>\n<p style=\"text-align: center\"><em>La piazza dei Miracoli a Pisa in Toscana<\/em><\/p>\n","protected":false},"excerpt":{"rendered":"<p>Scambio scolastico franco-italiano\u00a02018 \/ Echange scolaire franco-italien 2018 Le coll\u00e8ge Cassignol de Bordeaux et le professeur d&rsquo;italien, Mme Sabathier, organisent\u00a0un \u00e9change scolaire avec un coll\u00e8ge de Pise, en Toscane. Pour &#8230;<\/p>\n","protected":false},"author":42,"featured_media":0,"parent":39,"menu_order":1,"comment_status":"closed","ping_status":"closed","template":"","meta":{"footnotes":""},"class_list":["post-260","page","type-page","status-publish","hentry"],"_links":{"self":[{"href":"https:\/\/ent2d.ac-bordeaux.fr\/disciplines\/italien\/wp-json\/wp\/v2\/pages\/260","targetHints":{"allow":["GET"]}}],"collection":[{"href":"https:\/\/ent2d.ac-bordeaux.fr\/disciplines\/italien\/wp-json\/wp\/v2\/pages"}],"about":[{"href":"https:\/\/ent2d.ac-bordeaux.fr\/disciplines\/italien\/wp-json\/wp\/v2\/types\/page"}],"author":[{"embeddable":true,"href":"https:\/\/ent2d.ac-bordeaux.fr\/disciplines\/italien\/wp-json\/wp\/v2\/users\/42"}],"replies":[{"embeddable":true,"href":"https:\/\/ent2d.ac-bordeaux.fr\/disciplines\/italien\/wp-json\/wp\/v2\/comments?post=260"}],"version-history":[{"count":5,"href":"https:\/\/ent2d.ac-bordeaux.fr\/disciplines\/italien\/wp-json\/wp\/v2\/pages\/260\/revisions"}],"predecessor-version":[{"id":550,"href":"https:\/\/ent2d.ac-bordeaux.fr\/disciplines\/italien\/wp-json\/wp\/v2\/pages\/260\/revisions\/550"}],"up":[{"embeddable":true,"href":"https:\/\/ent2d.ac-bordeaux.fr\/disciplines\/italien\/wp-json\/wp\/v2\/pages\/39"}],"wp:attachment":[{"href":"https:\/\/ent2d.ac-bordeaux.fr\/disciplines\/italien\/wp-json\/wp\/v2\/media?parent=260"}],"curies":[{"name":"wp","href":"https:\/\/api.w.org\/{rel}","templated":true}]}}