{"id":1618,"date":"2024-10-13T08:12:51","date_gmt":"2024-10-13T06:12:51","guid":{"rendered":"https:\/\/ent2d.ac-bordeaux.fr\/disciplines\/italien\/?page_id=1618"},"modified":"2024-10-16T08:59:17","modified_gmt":"2024-10-16T06:59:17","slug":"echange-avec-prato-toscane","status":"publish","type":"page","link":"https:\/\/ent2d.ac-bordeaux.fr\/disciplines\/italien\/mobilite\/echange-avec-prato-toscane\/","title":{"rendered":"Echange avec Prato (Toscane)"},"content":{"rendered":"\n<p class=\"has-text-align-center\"><strong><em>Benvenuti al liceo Montesquieu di Bordeaux! <\/em><\/strong><\/p>\n\n\n\n<p class=\"has-text-align-center\"><strong><a href=\"https:\/\/www.sudouest.fr\/gironde\/bordeaux\/bordeaux-les-lyceens-de-montesquieu-accueillent-des-italiens-de-prato-21705471.php?csnt=1928f32360c\" data-type=\"link\" data-id=\"https:\/\/www.sudouest.fr\/gironde\/bordeaux\/bordeaux-les-lyceens-de-montesquieu-accueillent-des-italiens-de-prato-21705471.php?csnt=1928f32360c\" target=\"_blank\" rel=\"noreferrer noopener\">Un article paru le 15 octobre 2024 dans le journal Sud-Ouest<\/a><\/strong><\/p>\n\n\n\n<p><strong>Dans le cadre d&rsquo;un \u00e9change scolaire franco-italien, bienvenue aux correspondants italiens de la ville&nbsp;toscane de Prato. Ils seront pr\u00e9sents dans l&rsquo;\u00e9tablissement et dans les familles fran\u00e7aises du 8 au 15 octobre 2024.<\/strong><\/p>\n\n\n\n<p class=\"has-text-align-center\"><strong>Merci \u00e0 tous, \u00e9l\u00e8ves, parents et personnel pour leur accueil.<\/strong><\/p>\n\n\n\n<p class=\"has-text-align-center\"><strong><em>Buon soggiorno a Bordeaux!<\/em><\/strong><\/p>\n\n\n\n<figure class=\"wp-block-image size-full\"><img loading=\"lazy\" decoding=\"async\" width=\"1024\" height=\"768\" src=\"https:\/\/ent2d.ac-bordeaux.fr\/disciplines\/italien\/wp-content\/uploads\/sites\/12\/2024\/10\/PHOTO-2-MONTESQUIEU-09X2024-scaled.jpeg\" alt=\"\" class=\"wp-image-1619\" srcset=\"https:\/\/ent2d.ac-bordeaux.fr\/disciplines\/italien\/wp-content\/uploads\/sites\/12\/2024\/10\/PHOTO-2-MONTESQUIEU-09X2024-scaled.jpeg 1024w, https:\/\/ent2d.ac-bordeaux.fr\/disciplines\/italien\/wp-content\/uploads\/sites\/12\/2024\/10\/PHOTO-2-MONTESQUIEU-09X2024-300x225.jpeg 300w, https:\/\/ent2d.ac-bordeaux.fr\/disciplines\/italien\/wp-content\/uploads\/sites\/12\/2024\/10\/PHOTO-2-MONTESQUIEU-09X2024-768x576.jpeg 768w, https:\/\/ent2d.ac-bordeaux.fr\/disciplines\/italien\/wp-content\/uploads\/sites\/12\/2024\/10\/PHOTO-2-MONTESQUIEU-09X2024-1536x1152.jpeg 1536w, https:\/\/ent2d.ac-bordeaux.fr\/disciplines\/italien\/wp-content\/uploads\/sites\/12\/2024\/10\/PHOTO-2-MONTESQUIEU-09X2024-2048x1536.jpeg 2048w\" sizes=\"auto, (max-width: 1024px) 100vw, 1024px\" \/><\/figure>\n","protected":false},"excerpt":{"rendered":"<p>Benvenuti al liceo Montesquieu di Bordeaux! Un article paru le 15 octobre 2024 dans le journal Sud-Ouest Dans le cadre d&rsquo;un \u00e9change scolaire franco-italien, bienvenue aux correspondants italiens de la &#8230;<\/p>\n","protected":false},"author":42,"featured_media":0,"parent":39,"menu_order":8,"comment_status":"closed","ping_status":"closed","template":"","meta":{"footnotes":""},"class_list":["post-1618","page","type-page","status-publish","hentry"],"_links":{"self":[{"href":"https:\/\/ent2d.ac-bordeaux.fr\/disciplines\/italien\/wp-json\/wp\/v2\/pages\/1618","targetHints":{"allow":["GET"]}}],"collection":[{"href":"https:\/\/ent2d.ac-bordeaux.fr\/disciplines\/italien\/wp-json\/wp\/v2\/pages"}],"about":[{"href":"https:\/\/ent2d.ac-bordeaux.fr\/disciplines\/italien\/wp-json\/wp\/v2\/types\/page"}],"author":[{"embeddable":true,"href":"https:\/\/ent2d.ac-bordeaux.fr\/disciplines\/italien\/wp-json\/wp\/v2\/users\/42"}],"replies":[{"embeddable":true,"href":"https:\/\/ent2d.ac-bordeaux.fr\/disciplines\/italien\/wp-json\/wp\/v2\/comments?post=1618"}],"version-history":[{"count":2,"href":"https:\/\/ent2d.ac-bordeaux.fr\/disciplines\/italien\/wp-json\/wp\/v2\/pages\/1618\/revisions"}],"predecessor-version":[{"id":1624,"href":"https:\/\/ent2d.ac-bordeaux.fr\/disciplines\/italien\/wp-json\/wp\/v2\/pages\/1618\/revisions\/1624"}],"up":[{"embeddable":true,"href":"https:\/\/ent2d.ac-bordeaux.fr\/disciplines\/italien\/wp-json\/wp\/v2\/pages\/39"}],"wp:attachment":[{"href":"https:\/\/ent2d.ac-bordeaux.fr\/disciplines\/italien\/wp-json\/wp\/v2\/media?parent=1618"}],"curies":[{"name":"wp","href":"https:\/\/api.w.org\/{rel}","templated":true}]}}