{"id":1551,"date":"2024-06-07T16:55:27","date_gmt":"2024-06-07T14:55:27","guid":{"rendered":"https:\/\/ent2d.ac-bordeaux.fr\/disciplines\/italien\/?page_id=1551"},"modified":"2024-06-07T16:55:28","modified_gmt":"2024-06-07T14:55:28","slug":"racconti-di-viaggio-esabac-47","status":"publish","type":"page","link":"https:\/\/ent2d.ac-bordeaux.fr\/disciplines\/italien\/racconti-di-viaggio-esabac-47\/","title":{"rendered":"Racconti di viaggio &#8211; EsaBAC (47)"},"content":{"rendered":"\n<p class=\"has-black-color has-vivid-cyan-blue-background-color has-text-color has-background has-link-color has-medium-font-size wp-elements-46bf9c2f5064c7e9cb3088bcc2c82db5\"><strong>Des \u00e9changes et des voyages scolaires. Des retours d&rsquo;exp\u00e9rience. Des \u00e9motions et sensations partag\u00e9es par les \u00e9l\u00e8ves en section EsaBAC de M. Romeo qui enseigne l&rsquo;italien au lyc\u00e9e Lyc\u00e9e Lot-et-Bastides \u00e0 Villeuve-sur-Lot.<\/strong><\/p>\n\n\n\n<p class=\"has-text-align-center has-vivid-red-color has-text-color has-link-color has-medium-font-size wp-elements-1a2d3120c2cd2aabde90333c304bb1e8\"><strong>Ci-dessous des fichiers \u00e0 t\u00e9l\u00e9charger avec leurs t\u00e9moignages en version bilingue.<\/strong><\/p>\n\n\n\n<div data-wp-interactive=\"core\/file\" class=\"wp-block-file\"><object data-wp-bind--hidden=\"!state.hasPdfPreview\" hidden class=\"wp-block-file__embed\" data=\"https:\/\/ent2d.ac-bordeaux.fr\/disciplines\/italien\/wp-content\/uploads\/sites\/12\/2024\/06\/Angelo-PIASENTIN.pdf\" type=\"application\/pdf\" style=\"width:100%;height:600px\" aria-label=\"Contenu embarqu\u00e9 Angelo-PIASENTIN.\"><\/object><a id=\"wp-block-file--media-54cc9df1-7fd9-4856-b56e-c7d59927dda3\" href=\"https:\/\/ent2d.ac-bordeaux.fr\/disciplines\/italien\/wp-content\/uploads\/sites\/12\/2024\/06\/Angelo-PIASENTIN.pdf\">Angelo-PIASENTIN<\/a><a href=\"https:\/\/ent2d.ac-bordeaux.fr\/disciplines\/italien\/wp-content\/uploads\/sites\/12\/2024\/06\/Angelo-PIASENTIN.pdf\" class=\"wp-block-file__button wp-element-button\" download aria-describedby=\"wp-block-file--media-54cc9df1-7fd9-4856-b56e-c7d59927dda3\">T\u00e9l\u00e9charger<\/a><\/div>\n\n\n\n<div data-wp-interactive=\"core\/file\" class=\"wp-block-file\"><object data-wp-bind--hidden=\"!state.hasPdfPreview\" hidden class=\"wp-block-file__embed\" data=\"https:\/\/ent2d.ac-bordeaux.fr\/disciplines\/italien\/wp-content\/uploads\/sites\/12\/2024\/06\/ELIA-Witrant.pdf\" type=\"application\/pdf\" style=\"width:100%;height:600px\" aria-label=\"Contenu embarqu\u00e9 ELIA-Witrant.\"><\/object><a id=\"wp-block-file--media-19aecd59-e184-482b-9907-d6431925359b\" href=\"https:\/\/ent2d.ac-bordeaux.fr\/disciplines\/italien\/wp-content\/uploads\/sites\/12\/2024\/06\/ELIA-Witrant.pdf\">ELIA-Witrant<\/a><a href=\"https:\/\/ent2d.ac-bordeaux.fr\/disciplines\/italien\/wp-content\/uploads\/sites\/12\/2024\/06\/ELIA-Witrant.pdf\" class=\"wp-block-file__button wp-element-button\" download aria-describedby=\"wp-block-file--media-19aecd59-e184-482b-9907-d6431925359b\">T\u00e9l\u00e9charger<\/a><\/div>\n\n\n\n<div data-wp-interactive=\"core\/file\" class=\"wp-block-file\"><object data-wp-bind--hidden=\"!state.hasPdfPreview\" hidden class=\"wp-block-file__embed\" data=\"https:\/\/ent2d.ac-bordeaux.fr\/disciplines\/italien\/wp-content\/uploads\/sites\/12\/2024\/06\/ENOLA-temoignage.pdf\" type=\"application\/pdf\" style=\"width:100%;height:600px\" aria-label=\"Contenu embarqu\u00e9 ENOLA-temoignage.\"><\/object><a id=\"wp-block-file--media-524069b0-a982-4859-8b8e-8685c1870b3e\" href=\"https:\/\/ent2d.ac-bordeaux.fr\/disciplines\/italien\/wp-content\/uploads\/sites\/12\/2024\/06\/ENOLA-temoignage.pdf\">ENOLA-temoignage<\/a><a href=\"https:\/\/ent2d.ac-bordeaux.fr\/disciplines\/italien\/wp-content\/uploads\/sites\/12\/2024\/06\/ENOLA-temoignage.pdf\" class=\"wp-block-file__button wp-element-button\" download aria-describedby=\"wp-block-file--media-524069b0-a982-4859-8b8e-8685c1870b3e\">T\u00e9l\u00e9charger<\/a><\/div>\n\n\n\n<div data-wp-interactive=\"core\/file\" class=\"wp-block-file\"><object data-wp-bind--hidden=\"!state.hasPdfPreview\" hidden class=\"wp-block-file__embed\" data=\"https:\/\/ent2d.ac-bordeaux.fr\/disciplines\/italien\/wp-content\/uploads\/sites\/12\/2024\/06\/Kaoutar-Housni.pdf\" type=\"application\/pdf\" style=\"width:100%;height:600px\" aria-label=\"Contenu embarqu\u00e9 Kaoutar-Housni.\"><\/object><a id=\"wp-block-file--media-27ecdcb8-31bb-4cac-aa22-7e0312e222eb\" href=\"https:\/\/ent2d.ac-bordeaux.fr\/disciplines\/italien\/wp-content\/uploads\/sites\/12\/2024\/06\/Kaoutar-Housni.pdf\">Kaoutar-Housni<\/a><a href=\"https:\/\/ent2d.ac-bordeaux.fr\/disciplines\/italien\/wp-content\/uploads\/sites\/12\/2024\/06\/Kaoutar-Housni.pdf\" class=\"wp-block-file__button wp-element-button\" download aria-describedby=\"wp-block-file--media-27ecdcb8-31bb-4cac-aa22-7e0312e222eb\">T\u00e9l\u00e9charger<\/a><\/div>\n\n\n\n<div data-wp-interactive=\"core\/file\" class=\"wp-block-file\"><object data-wp-bind--hidden=\"!state.hasPdfPreview\" hidden class=\"wp-block-file__embed\" data=\"https:\/\/ent2d.ac-bordeaux.fr\/disciplines\/italien\/wp-content\/uploads\/sites\/12\/2024\/06\/Nina-PINZIN.pdf\" type=\"application\/pdf\" style=\"width:100%;height:600px\" aria-label=\"Contenu embarqu\u00e9 Nina-PINZIN.\"><\/object><a id=\"wp-block-file--media-35872486-2a0a-4a90-b3c5-ef85ce216d4c\" href=\"https:\/\/ent2d.ac-bordeaux.fr\/disciplines\/italien\/wp-content\/uploads\/sites\/12\/2024\/06\/Nina-PINZIN.pdf\">Nina-PINZIN<\/a><a href=\"https:\/\/ent2d.ac-bordeaux.fr\/disciplines\/italien\/wp-content\/uploads\/sites\/12\/2024\/06\/Nina-PINZIN.pdf\" class=\"wp-block-file__button wp-element-button\" download aria-describedby=\"wp-block-file--media-35872486-2a0a-4a90-b3c5-ef85ce216d4c\">T\u00e9l\u00e9charger<\/a><\/div>\n\n\n\n<div data-wp-interactive=\"core\/file\" class=\"wp-block-file\"><object data-wp-bind--hidden=\"!state.hasPdfPreview\" hidden class=\"wp-block-file__embed\" data=\"https:\/\/ent2d.ac-bordeaux.fr\/disciplines\/italien\/wp-content\/uploads\/sites\/12\/2024\/06\/Temoignage-Ismene.pdf\" type=\"application\/pdf\" style=\"width:100%;height:600px\" aria-label=\"Contenu embarqu\u00e9 Temoignage-Ismene.\"><\/object><a id=\"wp-block-file--media-aa0ae972-4740-4544-a0e1-642ba261e049\" href=\"https:\/\/ent2d.ac-bordeaux.fr\/disciplines\/italien\/wp-content\/uploads\/sites\/12\/2024\/06\/Temoignage-Ismene.pdf\">Temoignage-Ismene<\/a><a href=\"https:\/\/ent2d.ac-bordeaux.fr\/disciplines\/italien\/wp-content\/uploads\/sites\/12\/2024\/06\/Temoignage-Ismene.pdf\" class=\"wp-block-file__button wp-element-button\" download aria-describedby=\"wp-block-file--media-aa0ae972-4740-4544-a0e1-642ba261e049\">T\u00e9l\u00e9charger<\/a><\/div>\n\n\n\n<div data-wp-interactive=\"core\/file\" class=\"wp-block-file\"><object data-wp-bind--hidden=\"!state.hasPdfPreview\" hidden class=\"wp-block-file__embed\" data=\"https:\/\/ent2d.ac-bordeaux.fr\/disciplines\/italien\/wp-content\/uploads\/sites\/12\/2024\/06\/temoignage-Marion.pdf\" type=\"application\/pdf\" style=\"width:100%;height:600px\" aria-label=\"Contenu embarqu\u00e9 temoignage-Marion.\"><\/object><a id=\"wp-block-file--media-b0365fe5-dff3-41d7-8541-d1ebb276e802\" href=\"https:\/\/ent2d.ac-bordeaux.fr\/disciplines\/italien\/wp-content\/uploads\/sites\/12\/2024\/06\/temoignage-Marion.pdf\">temoignage-Marion<\/a><a href=\"https:\/\/ent2d.ac-bordeaux.fr\/disciplines\/italien\/wp-content\/uploads\/sites\/12\/2024\/06\/temoignage-Marion.pdf\" class=\"wp-block-file__button wp-element-button\" download aria-describedby=\"wp-block-file--media-b0365fe5-dff3-41d7-8541-d1ebb276e802\">T\u00e9l\u00e9charger<\/a><\/div>\n","protected":false},"excerpt":{"rendered":"<p>Des \u00e9changes et des voyages scolaires. Des retours d&rsquo;exp\u00e9rience. Des \u00e9motions et sensations partag\u00e9es par les \u00e9l\u00e8ves en section EsaBAC de M. Romeo qui enseigne l&rsquo;italien au lyc\u00e9e Lyc\u00e9e Lot-et-Bastides &#8230;<\/p>\n","protected":false},"author":42,"featured_media":0,"parent":0,"menu_order":0,"comment_status":"closed","ping_status":"closed","template":"","meta":{"footnotes":""},"class_list":["post-1551","page","type-page","status-publish","hentry"],"_links":{"self":[{"href":"https:\/\/ent2d.ac-bordeaux.fr\/disciplines\/italien\/wp-json\/wp\/v2\/pages\/1551","targetHints":{"allow":["GET"]}}],"collection":[{"href":"https:\/\/ent2d.ac-bordeaux.fr\/disciplines\/italien\/wp-json\/wp\/v2\/pages"}],"about":[{"href":"https:\/\/ent2d.ac-bordeaux.fr\/disciplines\/italien\/wp-json\/wp\/v2\/types\/page"}],"author":[{"embeddable":true,"href":"https:\/\/ent2d.ac-bordeaux.fr\/disciplines\/italien\/wp-json\/wp\/v2\/users\/42"}],"replies":[{"embeddable":true,"href":"https:\/\/ent2d.ac-bordeaux.fr\/disciplines\/italien\/wp-json\/wp\/v2\/comments?post=1551"}],"version-history":[{"count":1,"href":"https:\/\/ent2d.ac-bordeaux.fr\/disciplines\/italien\/wp-json\/wp\/v2\/pages\/1551\/revisions"}],"predecessor-version":[{"id":1559,"href":"https:\/\/ent2d.ac-bordeaux.fr\/disciplines\/italien\/wp-json\/wp\/v2\/pages\/1551\/revisions\/1559"}],"wp:attachment":[{"href":"https:\/\/ent2d.ac-bordeaux.fr\/disciplines\/italien\/wp-json\/wp\/v2\/media?parent=1551"}],"curies":[{"name":"wp","href":"https:\/\/api.w.org\/{rel}","templated":true}]}}