{"id":1516,"date":"2024-05-24T14:47:34","date_gmt":"2024-05-24T12:47:34","guid":{"rendered":"https:\/\/ent2d.ac-bordeaux.fr\/disciplines\/italien\/?page_id=1516"},"modified":"2024-06-07T16:31:45","modified_gmt":"2024-06-07T14:31:45","slug":"echange-avec-massa-toscane","status":"publish","type":"page","link":"https:\/\/ent2d.ac-bordeaux.fr\/disciplines\/italien\/mobilite\/echange-avec-massa-toscane\/","title":{"rendered":"Echange avec Massa (Toscane)"},"content":{"rendered":"\n<p class=\"has-vivid-green-cyan-color has-text-color has-link-color has-medium-font-size wp-elements-d19ba450bbd2ea9ebfc56bdb5cf89127\"><strong>Les \u00e9l\u00e8ves italianistes volontaires du coll\u00e8ge Henri Brisson de Talence de Mme Damecour ont eu la possibilit\u00e9 de participer \u00e0 un \u00e9change scolaire avec la ville de Massa (non loin de Pise).<\/strong><\/p>\n\n\n\n<p class=\"has-black-color has-text-color has-link-color has-medium-font-size wp-elements-b2dc3c3cb93d2d1f2bf088095ee817fa\"><strong>Ils ont rencontr\u00e9 leurs correspondants italiens en f\u00e9vrier 2024 et les Italiens sont venus en mai. <\/strong><\/p>\n\n\n\n<p class=\"has-vivid-red-color has-text-color has-link-color has-medium-font-size wp-elements-301da038bd222a038ac1e01fd736a552\"><strong>Deux diaporamas rappellent les bons moments pass\u00e9s ensemble. Nous souhaitons renouveler cette belle exp\u00e9rience l&rsquo;an prochain !<\/strong><\/p>\n\n\n\n<div data-wp-interactive=\"core\/file\" class=\"wp-block-file\"><object data-wp-bind--hidden=\"!state.hasPdfPreview\" hidden class=\"wp-block-file__embed\" data=\"https:\/\/ent2d.ac-bordeaux.fr\/disciplines\/italien\/wp-content\/uploads\/sites\/12\/2024\/05\/TALENCE-avec-compression.pdf\" type=\"application\/pdf\" style=\"width:100%;height:600px\" aria-label=\"Contenu embarqu\u00e9 TALENCE.\"><\/object><a id=\"wp-block-file--media-fb6764b5-d56d-496c-acdb-20a364e03aa3\" href=\"https:\/\/ent2d.ac-bordeaux.fr\/disciplines\/italien\/wp-content\/uploads\/sites\/12\/2024\/05\/TALENCE-avec-compression.pdf\">TALENCE<\/a><a href=\"https:\/\/ent2d.ac-bordeaux.fr\/disciplines\/italien\/wp-content\/uploads\/sites\/12\/2024\/05\/TALENCE-avec-compression.pdf\" class=\"wp-block-file__button wp-element-button\" download aria-describedby=\"wp-block-file--media-fb6764b5-d56d-496c-acdb-20a364e03aa3\">T\u00e9l\u00e9charger<\/a><\/div>\n\n\n\n<div data-wp-interactive=\"core\/file\" class=\"wp-block-file\"><object data-wp-bind--hidden=\"!state.hasPdfPreview\" hidden class=\"wp-block-file__embed\" data=\"https:\/\/ent2d.ac-bordeaux.fr\/disciplines\/italien\/wp-content\/uploads\/sites\/12\/2024\/06\/Massa.pdf\" type=\"application\/pdf\" style=\"width:100%;height:600px\" aria-label=\"Contenu embarqu\u00e9 Massa.\"><\/object><a id=\"wp-block-file--media-ecf20095-1631-4e01-9560-fa081d70ba34\" href=\"https:\/\/ent2d.ac-bordeaux.fr\/disciplines\/italien\/wp-content\/uploads\/sites\/12\/2024\/06\/Massa.pdf\">Massa<\/a><a href=\"https:\/\/ent2d.ac-bordeaux.fr\/disciplines\/italien\/wp-content\/uploads\/sites\/12\/2024\/06\/Massa.pdf\" class=\"wp-block-file__button wp-element-button\" download aria-describedby=\"wp-block-file--media-ecf20095-1631-4e01-9560-fa081d70ba34\">T\u00e9l\u00e9charger<\/a><\/div>\n","protected":false},"excerpt":{"rendered":"<p>Les \u00e9l\u00e8ves italianistes volontaires du coll\u00e8ge Henri Brisson de Talence de Mme Damecour ont eu la possibilit\u00e9 de participer \u00e0 un \u00e9change scolaire avec la ville de Massa (non loin &#8230;<\/p>\n","protected":false},"author":42,"featured_media":0,"parent":39,"menu_order":2,"comment_status":"closed","ping_status":"closed","template":"","meta":{"footnotes":""},"class_list":["post-1516","page","type-page","status-publish","hentry"],"_links":{"self":[{"href":"https:\/\/ent2d.ac-bordeaux.fr\/disciplines\/italien\/wp-json\/wp\/v2\/pages\/1516","targetHints":{"allow":["GET"]}}],"collection":[{"href":"https:\/\/ent2d.ac-bordeaux.fr\/disciplines\/italien\/wp-json\/wp\/v2\/pages"}],"about":[{"href":"https:\/\/ent2d.ac-bordeaux.fr\/disciplines\/italien\/wp-json\/wp\/v2\/types\/page"}],"author":[{"embeddable":true,"href":"https:\/\/ent2d.ac-bordeaux.fr\/disciplines\/italien\/wp-json\/wp\/v2\/users\/42"}],"replies":[{"embeddable":true,"href":"https:\/\/ent2d.ac-bordeaux.fr\/disciplines\/italien\/wp-json\/wp\/v2\/comments?post=1516"}],"version-history":[{"count":4,"href":"https:\/\/ent2d.ac-bordeaux.fr\/disciplines\/italien\/wp-json\/wp\/v2\/pages\/1516\/revisions"}],"predecessor-version":[{"id":1550,"href":"https:\/\/ent2d.ac-bordeaux.fr\/disciplines\/italien\/wp-json\/wp\/v2\/pages\/1516\/revisions\/1550"}],"up":[{"embeddable":true,"href":"https:\/\/ent2d.ac-bordeaux.fr\/disciplines\/italien\/wp-json\/wp\/v2\/pages\/39"}],"wp:attachment":[{"href":"https:\/\/ent2d.ac-bordeaux.fr\/disciplines\/italien\/wp-json\/wp\/v2\/media?parent=1516"}],"curies":[{"name":"wp","href":"https:\/\/api.w.org\/{rel}","templated":true}]}}