{"id":1287,"date":"2023-04-01T12:07:48","date_gmt":"2023-04-01T10:07:48","guid":{"rendered":"https:\/\/ent2d.ac-bordeaux.fr\/disciplines\/italien\/?page_id=1287"},"modified":"2024-05-12T10:38:04","modified_gmt":"2024-05-12T08:38:04","slug":"echange-avec-verone-venetie","status":"publish","type":"page","link":"https:\/\/ent2d.ac-bordeaux.fr\/disciplines\/italien\/mobilite\/echange-avec-verone-venetie\/","title":{"rendered":"Echange avec V\u00e9rone (V\u00e9n\u00e9tie)"},"content":{"rendered":"\n<h2 class=\"wp-block-heading has-text-align-center has-vivid-green-cyan-background-color has-background\">\u00c9change Langon-V\u00e9rone \u2013 2024<\/h2>\n\n\n\n<h3 class=\"wp-block-heading has-text-align-center has-vivid-green-cyan-color has-text-color\"><strong>Second \u00e9change r\u00e9ussi entre le lyc\u00e9e Jean Moulin de Langon <\/strong><\/h3>\n\n\n\n<h3 class=\"wp-block-heading has-text-align-center has-vivid-green-cyan-color has-text-color\"><strong>et le lyc\u00e9e Scipione Maffei du centre-ville de V\u00e9rone en Italie.<\/strong><\/h3>\n\n\n\n<p class=\"has-black-color has-text-color has-link-color wp-elements-d8ff40d89c391e2c436ae320d8b49437\"><strong><em>Squadra che vince non si cambia! <\/em>En d\u00e9pit d\u2019un voyage d\u2019aller quelque peu remuant l\u2019\u00e9change entre le lyc\u00e9e Jean Moulin et le lyc\u00e9e Scipione Maffei de V\u00e9rone en Italie s\u2019est tr\u00e8s bien pass\u00e9 cette ann\u00e9e aussi. Avec une nouveaut\u00e9&nbsp;: le soleil \u00e9tait au rendez-vous tant en Italie qu\u2019en France&nbsp;!<\/strong><\/p>\n\n\n\n<p class=\"has-black-color has-text-color has-link-color wp-elements-1ce0c35c72bc1fd35b9954ff5e7056b3\"><strong>Ainsi, du 10 au 17 mars 2024, 26 \u00e9l\u00e8ves de notre lyc\u00e9e ont pu partir \u00e0 la d\u00e9couverte (et pour certains c\u2019\u00e9taient plus des retrouvailles) de la splendide ville de V\u00e9rone et des apr\u00e8s-midi libres de leurs homologues italiens. Outre les c\u00e9l\u00e8bres monuments de la ville de Rom\u00e9o et Juliette (Ar\u00e8nes, th\u00e9\u00e2tre romain, basilique de Saint Z\u00e9no), nos \u00e9l\u00e8ves ont pu visiter deux bijoux de la Renaissance italienne&nbsp;: Padoue avec ses places et Mantoue avec son magnifique Palais ducal. Et pour conclure les familles italiennes ont lou\u00e9 pour nous une des forteresses des remparts autrichiens afin d\u2019y passer une belle soir\u00e9e de fin de s\u00e9jour (avec pizzas et musique).<\/strong><\/p>\n\n\n\n<p class=\"has-black-color has-text-color has-link-color wp-elements-1687ba6b9e9409cd88c5d22c79b002fe\"><strong>Le match de retour s\u2019est jou\u00e9 du 6 au 13 avril&nbsp;: les 25 correspondants v\u00e9ronais ont pu ainsi d\u00e9couvrir les beaut\u00e9s de notre r\u00e9gion (la dune du Pyla, le centre-ville de Bordeaux, Saint-\u00c9milion et Cadillac) et exp\u00e9rimenter une journ\u00e9e de cours de 8h \u00e0 18h&nbsp;!<\/strong><\/p>\n\n\n\n<div class=\"wp-block-media-text is-stacked-on-mobile\" style=\"grid-template-columns:69% auto\"><figure class=\"wp-block-media-text__media\"><img loading=\"lazy\" decoding=\"async\" width=\"1024\" height=\"656\" src=\"https:\/\/ent2d.ac-bordeaux.fr\/disciplines\/italien\/wp-content\/uploads\/sites\/12\/2024\/05\/sc-vr-1-1.jpg\" alt=\"\" class=\"wp-image-1447 size-full\" srcset=\"https:\/\/ent2d.ac-bordeaux.fr\/disciplines\/italien\/wp-content\/uploads\/sites\/12\/2024\/05\/sc-vr-1-1.jpg 1024w, https:\/\/ent2d.ac-bordeaux.fr\/disciplines\/italien\/wp-content\/uploads\/sites\/12\/2024\/05\/sc-vr-1-1-300x192.jpg 300w, https:\/\/ent2d.ac-bordeaux.fr\/disciplines\/italien\/wp-content\/uploads\/sites\/12\/2024\/05\/sc-vr-1-1-768x492.jpg 768w\" sizes=\"auto, (max-width: 1024px) 100vw, 1024px\" \/><\/figure><div class=\"wp-block-media-text__content\">\n<p><em><strong>Le groupe au complet devant Palazzo Barbieri, la mairie de V\u00e9rone<\/strong><\/em><\/p>\n<\/div><\/div>\n\n\n\n<div class=\"wp-block-media-text is-stacked-on-mobile\" style=\"grid-template-columns:69% auto\"><figure class=\"wp-block-media-text__media\"><img loading=\"lazy\" decoding=\"async\" width=\"1011\" height=\"759\" src=\"https:\/\/ent2d.ac-bordeaux.fr\/disciplines\/italien\/wp-content\/uploads\/sites\/12\/2024\/05\/sc-vr-2.jpg\" alt=\"\" class=\"wp-image-1448 size-full\" srcset=\"https:\/\/ent2d.ac-bordeaux.fr\/disciplines\/italien\/wp-content\/uploads\/sites\/12\/2024\/05\/sc-vr-2.jpg 1011w, https:\/\/ent2d.ac-bordeaux.fr\/disciplines\/italien\/wp-content\/uploads\/sites\/12\/2024\/05\/sc-vr-2-300x225.jpg 300w, https:\/\/ent2d.ac-bordeaux.fr\/disciplines\/italien\/wp-content\/uploads\/sites\/12\/2024\/05\/sc-vr-2-768x577.jpg 768w\" sizes=\"auto, (max-width: 1011px) 100vw, 1011px\" \/><\/figure><div class=\"wp-block-media-text__content\">\n<p><em><strong>Les \u00e9l\u00e8ves fran\u00e7ais en visite au th\u00e9\u00e2tre romain de V\u00e9rone<\/strong><\/em><\/p>\n<\/div><\/div>\n\n\n\n<div class=\"wp-block-media-text is-stacked-on-mobile\" style=\"grid-template-columns:69% auto\"><figure class=\"wp-block-media-text__media\"><img loading=\"lazy\" decoding=\"async\" width=\"768\" height=\"1024\" src=\"https:\/\/ent2d.ac-bordeaux.fr\/disciplines\/italien\/wp-content\/uploads\/sites\/12\/2024\/05\/sc-vr-3.jpg\" alt=\"\" class=\"wp-image-1449 size-full\" srcset=\"https:\/\/ent2d.ac-bordeaux.fr\/disciplines\/italien\/wp-content\/uploads\/sites\/12\/2024\/05\/sc-vr-3.jpg 768w, https:\/\/ent2d.ac-bordeaux.fr\/disciplines\/italien\/wp-content\/uploads\/sites\/12\/2024\/05\/sc-vr-3-225x300.jpg 225w\" sizes=\"auto, (max-width: 768px) 100vw, 768px\" \/><\/figure><div class=\"wp-block-media-text__content\">\n<p><em><strong>Le groupe au complet devant l<\/strong><\/em><strong><em>a <\/em><\/strong><em><strong>basilique San Zeno<\/strong><\/em><\/p>\n<\/div><\/div>\n\n\n\n<div class=\"wp-block-media-text is-stacked-on-mobile\" style=\"grid-template-columns:69% auto\"><figure class=\"wp-block-media-text__media\"><img loading=\"lazy\" decoding=\"async\" width=\"1024\" height=\"770\" src=\"https:\/\/ent2d.ac-bordeaux.fr\/disciplines\/italien\/wp-content\/uploads\/sites\/12\/2024\/05\/sc-vr-4.jpg\" alt=\"\" class=\"wp-image-1450 size-full\" srcset=\"https:\/\/ent2d.ac-bordeaux.fr\/disciplines\/italien\/wp-content\/uploads\/sites\/12\/2024\/05\/sc-vr-4.jpg 1024w, https:\/\/ent2d.ac-bordeaux.fr\/disciplines\/italien\/wp-content\/uploads\/sites\/12\/2024\/05\/sc-vr-4-300x226.jpg 300w, https:\/\/ent2d.ac-bordeaux.fr\/disciplines\/italien\/wp-content\/uploads\/sites\/12\/2024\/05\/sc-vr-4-768x577.jpg 768w\" sizes=\"auto, (max-width: 1024px) 100vw, 1024px\" \/><\/figure><div class=\"wp-block-media-text__content\">\n<p><em><strong>Devant la mairie d\u2019Arcachon, apr\u00e8s avoir arpent\u00e9 la dune du Pyla et juste avant un go\u00fbter bien m\u00e9rit\u00e9&nbsp;!<\/strong><\/em><\/p>\n<\/div><\/div>\n\n\n\n<div class=\"wp-block-media-text is-stacked-on-mobile\" style=\"grid-template-columns:69% auto\"><figure class=\"wp-block-media-text__media\"><img loading=\"lazy\" decoding=\"async\" width=\"1024\" height=\"768\" src=\"https:\/\/ent2d.ac-bordeaux.fr\/disciplines\/italien\/wp-content\/uploads\/sites\/12\/2024\/05\/sc-vr-5.jpg\" alt=\"\" class=\"wp-image-1451 size-full\" srcset=\"https:\/\/ent2d.ac-bordeaux.fr\/disciplines\/italien\/wp-content\/uploads\/sites\/12\/2024\/05\/sc-vr-5.jpg 1024w, https:\/\/ent2d.ac-bordeaux.fr\/disciplines\/italien\/wp-content\/uploads\/sites\/12\/2024\/05\/sc-vr-5-300x225.jpg 300w, https:\/\/ent2d.ac-bordeaux.fr\/disciplines\/italien\/wp-content\/uploads\/sites\/12\/2024\/05\/sc-vr-5-768x576.jpg 768w\" sizes=\"auto, (max-width: 1024px) 100vw, 1024px\" \/><\/figure><div class=\"wp-block-media-text__content\">\n<p><em><strong>Trois \u00e9l\u00e8ves de Seconde pr\u00e9sentent la place de la Com\u00e9die de Bordeaux avant le jeu de piste dans le centre-ville<\/strong><\/em><\/p>\n<\/div><\/div>\n\n\n\n<div class=\"wp-block-media-text is-stacked-on-mobile\" style=\"grid-template-columns:69% auto\"><figure class=\"wp-block-media-text__media\"><img loading=\"lazy\" decoding=\"async\" width=\"1024\" height=\"767\" src=\"https:\/\/ent2d.ac-bordeaux.fr\/disciplines\/italien\/wp-content\/uploads\/sites\/12\/2024\/05\/sc-vr-6.jpg\" alt=\"\" class=\"wp-image-1452 size-full\" srcset=\"https:\/\/ent2d.ac-bordeaux.fr\/disciplines\/italien\/wp-content\/uploads\/sites\/12\/2024\/05\/sc-vr-6.jpg 1024w, https:\/\/ent2d.ac-bordeaux.fr\/disciplines\/italien\/wp-content\/uploads\/sites\/12\/2024\/05\/sc-vr-6-300x225.jpg 300w, https:\/\/ent2d.ac-bordeaux.fr\/disciplines\/italien\/wp-content\/uploads\/sites\/12\/2024\/05\/sc-vr-6-768x575.jpg 768w\" sizes=\"auto, (max-width: 1024px) 100vw, 1024px\" \/><\/figure><div class=\"wp-block-media-text__content\">\n<p><em><strong>Derni\u00e8re journ\u00e9e&nbsp;: Saint-\u00c9milion sous un ciel limpide&nbsp;!<\/strong><\/em><\/p>\n<\/div><\/div>\n\n\n\n<p><\/p>\n\n\n\n<h2 class=\"wp-block-heading has-text-align-center has-black-color has-vivid-red-background-color has-text-color has-background has-link-color wp-elements-fa84dfd0c82e4b99a87b0edb7bbc0c62\">\u00c9change Langon-V\u00e9rone \u2013 2023<\/h2>\n\n\n\n<h3 class=\"wp-block-heading has-text-align-center has-vivid-red-color has-text-color\"><strong>Premier \u00e9change r\u00e9ussi entre le lyc\u00e9e Jean Moulin de Langon <\/strong><\/h3>\n\n\n\n<h3 class=\"wp-block-heading has-text-align-center has-vivid-red-color has-text-color\">et le lyc\u00e9e Scipione Maffei du centre-ville de V\u00e9rone en Italie.<\/h3>\n\n\n\n<p class=\"has-black-color has-text-color\"><strong>Les \u00e9l\u00e8ves italiens se sont rendus dans notre lyc\u00e9e du 5 au 11 mars 2023 et ont pu d\u00e9couvrir la vari\u00e9t\u00e9 des paysages de notre r\u00e9gion ainsi que les diff\u00e9rences entre les syst\u00e8mes scolaires des deux pays.<\/strong><\/p>\n\n\n\n<p><strong>Visites \u00e0 la Dune du Pyla, Arcachon, Bordeaux (guid\u00e9e par les \u00e9l\u00e8ves italianistes de Seconde), Saint-\u00c9milion et le lyc\u00e9e viticole de la Tour Blanche.<\/strong><\/p>\n\n\n\n<p><strong>D\u00e9couverte de l\u2019exposition <em>Ciao Italia! <\/em>guid\u00e9e par les \u00e9l\u00e8ves italianistes de Premi\u00e8re.<\/strong><\/p>\n\n\n\n<p><strong>La plus grande d\u00e9couverte pour les \u00e9l\u00e8ves italiens a \u00e9t\u00e9 la caf\u00e9t\u00e9ria des \u00e9l\u00e8ves de notre lyc\u00e9e ! Un espace d\u2019\u00e9change et de d\u00e9tente qui n\u2019existe pas en Italie et que les jeunes Italiens aimeraient bien pouvoir cr\u00e9er dans leur lyc\u00e9e.<\/strong><\/p>\n\n\n\n<p><strong>Ils n\u2019oublieront pas non plus le mot fran\u00e7ais \u00abgr\u00e8ve\u00bb qui les a oblig\u00e9s \u00e0 rester deux jours de plus chez leurs correspondants !<\/strong><\/p>\n\n\n<div class=\"wp-block-image\">\n<figure class=\"aligncenter size-full is-resized\"><img loading=\"lazy\" decoding=\"async\" width=\"1024\" height=\"768\" src=\"https:\/\/ent2d.ac-bordeaux.fr\/disciplines\/italien\/wp-content\/uploads\/sites\/12\/2023\/04\/scambio-verona.jpg\" alt=\"\" class=\"wp-image-1288\" style=\"width:622px;height:467px\" srcset=\"https:\/\/ent2d.ac-bordeaux.fr\/disciplines\/italien\/wp-content\/uploads\/sites\/12\/2023\/04\/scambio-verona.jpg 1024w, https:\/\/ent2d.ac-bordeaux.fr\/disciplines\/italien\/wp-content\/uploads\/sites\/12\/2023\/04\/scambio-verona-300x225.jpg 300w, https:\/\/ent2d.ac-bordeaux.fr\/disciplines\/italien\/wp-content\/uploads\/sites\/12\/2023\/04\/scambio-verona-768x576.jpg 768w\" sizes=\"auto, (max-width: 1024px) 100vw, 1024px\" \/><figcaption class=\"wp-element-caption\"><em>Les \u00e9l\u00e8ves italiens et les \u00e9l\u00e8ves italianistes<\/em> <em>de Seconde face au Grand Th\u00e9\u00e2tre de Bordeau<\/em>x.<\/figcaption><\/figure>\n<\/div>\n\n<div class=\"wp-block-image\">\n<figure class=\"aligncenter size-full is-resized\"><img loading=\"lazy\" decoding=\"async\" width=\"1024\" height=\"768\" src=\"https:\/\/ent2d.ac-bordeaux.fr\/disciplines\/italien\/wp-content\/uploads\/sites\/12\/2023\/04\/sc-verona-2.jpg\" alt=\"\" class=\"wp-image-1289\" style=\"width:623px;height:468px\" srcset=\"https:\/\/ent2d.ac-bordeaux.fr\/disciplines\/italien\/wp-content\/uploads\/sites\/12\/2023\/04\/sc-verona-2.jpg 1024w, https:\/\/ent2d.ac-bordeaux.fr\/disciplines\/italien\/wp-content\/uploads\/sites\/12\/2023\/04\/sc-verona-2-300x225.jpg 300w, https:\/\/ent2d.ac-bordeaux.fr\/disciplines\/italien\/wp-content\/uploads\/sites\/12\/2023\/04\/sc-verona-2-768x576.jpg 768w\" sizes=\"auto, (max-width: 1024px) 100vw, 1024px\" \/><figcaption class=\"wp-element-caption\"><em>Les \u00e9l\u00e8ves italiens et leurs correspondant<\/em>s <em>fran\u00e7ais devant la mairie d\u2019Arcachon<\/em>.<\/figcaption><\/figure>\n<\/div>\n\n\n<p class=\"has-vivid-red-color has-text-color\"><strong>Deux semaines plus tard (du 19 au 25 mars) 18 \u00e9l\u00e8ves italianistes du lyc\u00e9e de Langon sont partis retrouver leurs correspondants et d\u00e9couvrir les joies de la <em>dolce vita <\/em>en V\u00e9n\u00e9tie.<\/strong><\/p>\n\n\n\n<p><strong>Au programme : visites guid\u00e9es par les \u00e9l\u00e8ves italiens des principaux monuments du centre-ville de V\u00e9rone dont l\u2019Arena a \u00e9merveill\u00e9 tout particuli\u00e8rement, d\u00e9couverte de Venise et du lac de Garde, notamment de la ville de Sirmione.<\/strong><\/p>\n\n\n\n<p><strong>Les \u00e9l\u00e8ves ont \u00e9galement \u00e9t\u00e9 convi\u00e9s par la mairie de V\u00e9rone \u00e0 une discussion sur la place des jeunes dans la politique des villes de leur pays (des \u00e9l\u00e8ves espagnols \u00e9taient \u00e9galement pr\u00e9sents). Ce moment a \u00e9t\u00e9 l\u2019occasion d\u2019un \u00e9change fructueux et int\u00e9ressant.<\/strong><\/p>\n\n\n\n<p><strong>Un accord d\u2019appariement entre les deux lyc\u00e9es est en cours de discussion afin de pouvoir r\u00e9p\u00e9ter cette exp\u00e9rience dans les ann\u00e9es suivantes.<\/strong><\/p>\n\n\n<div class=\"wp-block-image\">\n<figure class=\"aligncenter size-full is-resized\"><img loading=\"lazy\" decoding=\"async\" width=\"917\" height=\"688\" src=\"https:\/\/ent2d.ac-bordeaux.fr\/disciplines\/italien\/wp-content\/uploads\/sites\/12\/2023\/04\/sc-verona-3.jpg\" alt=\"\" class=\"wp-image-1290\" style=\"width:606px;height:455px\" srcset=\"https:\/\/ent2d.ac-bordeaux.fr\/disciplines\/italien\/wp-content\/uploads\/sites\/12\/2023\/04\/sc-verona-3.jpg 917w, https:\/\/ent2d.ac-bordeaux.fr\/disciplines\/italien\/wp-content\/uploads\/sites\/12\/2023\/04\/sc-verona-3-300x225.jpg 300w, https:\/\/ent2d.ac-bordeaux.fr\/disciplines\/italien\/wp-content\/uploads\/sites\/12\/2023\/04\/sc-verona-3-768x576.jpg 768w\" sizes=\"auto, (max-width: 917px) 100vw, 917px\" \/><figcaption class=\"wp-element-caption\"><em>Visite guid\u00e9e du Castelvecchio de V\u00e9rone<\/em> <em>de la part d\u2019\u00e9l\u00e8ves italiennes bien pr\u00e9par\u00e9es<\/em>.<\/figcaption><\/figure>\n<\/div>\n\n<div class=\"wp-block-image\">\n<figure class=\"aligncenter size-full is-resized\"><img loading=\"lazy\" decoding=\"async\" width=\"1024\" height=\"768\" src=\"https:\/\/ent2d.ac-bordeaux.fr\/disciplines\/italien\/wp-content\/uploads\/sites\/12\/2023\/04\/sc-verona-4.jpg\" alt=\"\" class=\"wp-image-1291\" style=\"width:617px;height:463px\" srcset=\"https:\/\/ent2d.ac-bordeaux.fr\/disciplines\/italien\/wp-content\/uploads\/sites\/12\/2023\/04\/sc-verona-4.jpg 1024w, https:\/\/ent2d.ac-bordeaux.fr\/disciplines\/italien\/wp-content\/uploads\/sites\/12\/2023\/04\/sc-verona-4-300x225.jpg 300w, https:\/\/ent2d.ac-bordeaux.fr\/disciplines\/italien\/wp-content\/uploads\/sites\/12\/2023\/04\/sc-verona-4-768x576.jpg 768w\" sizes=\"auto, (max-width: 1024px) 100vw, 1024px\" \/><figcaption class=\"wp-element-caption\"><em>Le groupe au complet devant la mairie de V\u00e9rone.<\/em><\/figcaption><\/figure>\n<\/div>","protected":false},"excerpt":{"rendered":"<p>\u00c9change Langon-V\u00e9rone \u2013 2024 Second \u00e9change r\u00e9ussi entre le lyc\u00e9e Jean Moulin de Langon et le lyc\u00e9e Scipione Maffei du centre-ville de V\u00e9rone en Italie. Squadra che vince non si &#8230;<\/p>\n","protected":false},"author":42,"featured_media":0,"parent":39,"menu_order":1,"comment_status":"closed","ping_status":"closed","template":"","meta":{"footnotes":""},"class_list":["post-1287","page","type-page","status-publish","hentry"],"_links":{"self":[{"href":"https:\/\/ent2d.ac-bordeaux.fr\/disciplines\/italien\/wp-json\/wp\/v2\/pages\/1287","targetHints":{"allow":["GET"]}}],"collection":[{"href":"https:\/\/ent2d.ac-bordeaux.fr\/disciplines\/italien\/wp-json\/wp\/v2\/pages"}],"about":[{"href":"https:\/\/ent2d.ac-bordeaux.fr\/disciplines\/italien\/wp-json\/wp\/v2\/types\/page"}],"author":[{"embeddable":true,"href":"https:\/\/ent2d.ac-bordeaux.fr\/disciplines\/italien\/wp-json\/wp\/v2\/users\/42"}],"replies":[{"embeddable":true,"href":"https:\/\/ent2d.ac-bordeaux.fr\/disciplines\/italien\/wp-json\/wp\/v2\/comments?post=1287"}],"version-history":[{"count":6,"href":"https:\/\/ent2d.ac-bordeaux.fr\/disciplines\/italien\/wp-json\/wp\/v2\/pages\/1287\/revisions"}],"predecessor-version":[{"id":1457,"href":"https:\/\/ent2d.ac-bordeaux.fr\/disciplines\/italien\/wp-json\/wp\/v2\/pages\/1287\/revisions\/1457"}],"up":[{"embeddable":true,"href":"https:\/\/ent2d.ac-bordeaux.fr\/disciplines\/italien\/wp-json\/wp\/v2\/pages\/39"}],"wp:attachment":[{"href":"https:\/\/ent2d.ac-bordeaux.fr\/disciplines\/italien\/wp-json\/wp\/v2\/media?parent=1287"}],"curies":[{"name":"wp","href":"https:\/\/api.w.org\/{rel}","templated":true}]}}