{"id":1202,"date":"2022-11-09T18:56:19","date_gmt":"2022-11-09T17:56:19","guid":{"rendered":"https:\/\/ent2d.ac-bordeaux.fr\/disciplines\/italien\/?page_id=1202"},"modified":"2025-05-29T11:54:01","modified_gmt":"2025-05-29T09:54:01","slug":"echange-avec-florence-toscane","status":"publish","type":"page","link":"https:\/\/ent2d.ac-bordeaux.fr\/disciplines\/italien\/mobilite\/echange-avec-florence-toscane\/","title":{"rendered":"Echange avec Florence (Toscane)"},"content":{"rendered":"\n<p class=\"has-black-color has-white-background-color has-text-color has-background has-link-color wp-elements-ede35b52f97cf0d3572e1af68de92587\"><strong>A partir de l&rsquo;ann\u00e9e scolaire 2022\/2023, le lyc\u00e9e de Borda de Dax met en place un partenariat avec le Liceo Machiavelli de Florence.<\/strong><\/p>\n\n\n\n<p class=\"has-text-align-center has-black-color has-vivid-red-background-color has-text-color has-background has-link-color has-medium-font-size wp-elements-0b56af7657a9b58d5867b205ebf6283e\"><strong>SCAMBIO CULTURALE E LINGUISTICO &#8211; Ann\u00e9e scolaire 2024\/2025<\/strong><\/p>\n\n\n\n<p class=\"has-text-align-center\"><strong>Pour cette ann\u00e9e scolaire 2024\/2025, le partenariat avec le Lyc\u00e9e Machiavel de Florence se poursuit<\/strong>.<\/p>\n\n\n\n<p class=\"has-text-align-center has-light-green-cyan-background-color has-background has-medium-font-size\"><strong>Projet <em>\u00ab\u00a0Croc&rsquo;art &#8211; Arte e Umanesimo in Toscana\u00a0\u00bb<\/em><\/strong><br><strong>D\u00e9couvrez-le en ouvrant ce fichier :<\/strong><\/p>\n\n\n\n<div data-wp-interactive=\"core\/file\" class=\"wp-block-file\"><object data-wp-bind--hidden=\"!state.hasPdfPreview\" hidden class=\"wp-block-file__embed\" data=\"https:\/\/ent2d.ac-bordeaux.fr\/disciplines\/italien\/wp-content\/uploads\/sites\/12\/2025\/05\/article-echange-Borda-et-crocart.pdf\" type=\"application\/pdf\" style=\"width:100%;height:600px\" aria-label=\"Contenu embarqu\u00e9 article-echange-Borda-et-crocart.\"><\/object><a id=\"wp-block-file--media-7d0aaab7-8c7b-4ab8-935b-6acdb81dc8bd\" href=\"https:\/\/ent2d.ac-bordeaux.fr\/disciplines\/italien\/wp-content\/uploads\/sites\/12\/2025\/05\/article-echange-Borda-et-crocart.pdf\">article-echange-Borda-et-crocart<\/a><a href=\"https:\/\/ent2d.ac-bordeaux.fr\/disciplines\/italien\/wp-content\/uploads\/sites\/12\/2025\/05\/article-echange-Borda-et-crocart.pdf\" class=\"wp-block-file__button wp-element-button\" download aria-describedby=\"wp-block-file--media-7d0aaab7-8c7b-4ab8-935b-6acdb81dc8bd\">T\u00e9l\u00e9charger<\/a><\/div>\n\n\n\n<p>Le projet <em>\u00ab&nbsp;Scambio culturale e linguistico&nbsp;: Rinascimento e Umanesimo&nbsp;\u00bb<\/em> s\u2019organise en deux temps&nbsp;:<\/p>\n\n\n\n<ul class=\"wp-block-list\">\n<li><strong><u>Accueil des mobilit\u00e9s individuelles<\/u><\/strong> du 2 au 28 septembre 2024 pour quatre semaines avec deux correspondantes italiennes et r\u00e9ciprocit\u00e9 au mois d\u2019octobre pour les \u00e9l\u00e8ves fran\u00e7aises.<\/li>\n<\/ul>\n\n\n\n<p>Durant cette p\u00e9riode, les italiennes suivent l\u2019emploi du temps de leur correspondante et participent \u00e0 diff\u00e9rentes activit\u00e9s&nbsp;: week-end d\u2019int\u00e9gration avec session surf et Festival Toro y Salsa, sortie g\u00e9ologie dans les Pyr\u00e9n\u00e9es, Festival latino-am\u00e9ricain \u00e0 Biarritz entre autres. Elles sont en immersion compl\u00e8te dans les familles.<\/p>\n\n\n\n<p><strong><em>A la fin de cette p\u00e9riode, une certification CECRL<\/em><\/strong> leur sera d\u00e9livr\u00e9e le jeudi 27 septembre pour attester de leur niveau de fran\u00e7ais.<\/p>\n\n\n\n<ul class=\"wp-block-list\">\n<li><strong><u>Dans un second temps, \u00e9change scolaire<\/u><\/strong> avec la classe de 2<sup>nde<\/sup>5 et de 1G5, et de 1<sup>\u00e8re<\/sup> technologique qui \u00e9tudient l\u2019italien les 1T6, en mars 2025, \u00e0 Florence, au Lyc\u00e9e Machiavel.<\/li>\n<\/ul>\n\n\n<div class=\"wp-block-image\">\n<figure class=\"aligncenter size-full is-resized\"><img loading=\"lazy\" decoding=\"async\" width=\"1024\" height=\"768\" src=\"https:\/\/ent2d.ac-bordeaux.fr\/disciplines\/italien\/wp-content\/uploads\/sites\/12\/2024\/11\/sc-FI-1.jpg\" alt=\"\" class=\"wp-image-1635\" style=\"width:287px;height:auto\" srcset=\"https:\/\/ent2d.ac-bordeaux.fr\/disciplines\/italien\/wp-content\/uploads\/sites\/12\/2024\/11\/sc-FI-1.jpg 1024w, https:\/\/ent2d.ac-bordeaux.fr\/disciplines\/italien\/wp-content\/uploads\/sites\/12\/2024\/11\/sc-FI-1-300x225.jpg 300w, https:\/\/ent2d.ac-bordeaux.fr\/disciplines\/italien\/wp-content\/uploads\/sites\/12\/2024\/11\/sc-FI-1-768x576.jpg 768w\" sizes=\"auto, (max-width: 1024px) 100vw, 1024px\" \/><\/figure>\n<\/div>\n\n\n<p class=\"has-text-align-center\"><em><strong><u>POT D\u2019ACCUEIL<\/u><\/strong>&nbsp;: avec M. Dubreuil proviseur, M. Br\u00e9mond et Mme Ath\u00e9nol proviseurs adjoints, Mme Munos gestionnaire, M. Loth, Mme D\u2019Anastasi et les \u00e9l\u00e8ves fran\u00e7ais de TG4 et leurs correspondantes italiennes&nbsp;: Ad\u00e8le Pillet, Rebecca Romeo, Na\u00e9lia Bossu Paris et Sophie Landerberger.<\/em><\/p>\n\n\n\n<p><strong>Un week-end d\u2019int\u00e9gration<\/strong>, le samedi 7 et dimanche 8 septembre a \u00e9t\u00e9 organis\u00e9 pour permettre une meilleure coh\u00e9sion de groupe.<\/p>\n\n\n<div class=\"wp-block-image\">\n<figure class=\"aligncenter size-full is-resized\"><img loading=\"lazy\" decoding=\"async\" width=\"666\" height=\"889\" src=\"https:\/\/ent2d.ac-bordeaux.fr\/disciplines\/italien\/wp-content\/uploads\/sites\/12\/2024\/11\/sc-FI2b.jpg\" alt=\"\" class=\"wp-image-1636\" style=\"width:267px;height:auto\" srcset=\"https:\/\/ent2d.ac-bordeaux.fr\/disciplines\/italien\/wp-content\/uploads\/sites\/12\/2024\/11\/sc-FI2b.jpg 666w, https:\/\/ent2d.ac-bordeaux.fr\/disciplines\/italien\/wp-content\/uploads\/sites\/12\/2024\/11\/sc-FI2b-225x300.jpg 225w\" sizes=\"auto, (max-width: 666px) 100vw, 666px\" \/><\/figure>\n<\/div>\n\n\n<p class=\"has-text-align-center\"><em><strong>Le samedi&nbsp;<\/strong>: session surf \u00e0 Vieux Boucau les Bains<\/em><\/p>\n\n\n<div class=\"wp-block-image\">\n<figure class=\"aligncenter size-full is-resized\"><img loading=\"lazy\" decoding=\"async\" width=\"632\" height=\"843\" src=\"https:\/\/ent2d.ac-bordeaux.fr\/disciplines\/italien\/wp-content\/uploads\/sites\/12\/2024\/11\/sc-FI-rotated.jpg\" alt=\"\" class=\"wp-image-1637\" style=\"width:270px;height:auto\" srcset=\"https:\/\/ent2d.ac-bordeaux.fr\/disciplines\/italien\/wp-content\/uploads\/sites\/12\/2024\/11\/sc-FI-rotated.jpg 632w, https:\/\/ent2d.ac-bordeaux.fr\/disciplines\/italien\/wp-content\/uploads\/sites\/12\/2024\/11\/sc-FI-225x300.jpg 225w\" sizes=\"auto, (max-width: 632px) 100vw, 632px\" \/><\/figure>\n<\/div>\n\n\n<p class=\"has-text-align-center\"><em><strong>Le dimanche<\/strong>&nbsp;: \u00ab&nbsp;Festival Toros y salsa&nbsp;\u00bb \u00e0 Dax&nbsp;: invitation \u00e0 la finale des cocardes.<\/em><\/p>\n\n\n\n<p><strong><u>Remise des certifications, jeudi 26 septembre<\/u><\/strong>, avec M. Dubreuil le proviseur entour\u00e9 des proviseurs adjoints Mme Ath\u00e9nol et M. Br\u00e9mond, apr\u00e8s une pr\u00e9sentation orale de tr\u00e8s grande qualit\u00e9.<\/p>\n\n\n<div class=\"wp-block-image\">\n<figure class=\"aligncenter size-full is-resized\"><img loading=\"lazy\" decoding=\"async\" width=\"703\" height=\"937\" src=\"https:\/\/ent2d.ac-bordeaux.fr\/disciplines\/italien\/wp-content\/uploads\/sites\/12\/2024\/11\/sc-FI3.jpg\" alt=\"\" class=\"wp-image-1638\" style=\"width:264px;height:auto\" srcset=\"https:\/\/ent2d.ac-bordeaux.fr\/disciplines\/italien\/wp-content\/uploads\/sites\/12\/2024\/11\/sc-FI3.jpg 703w, https:\/\/ent2d.ac-bordeaux.fr\/disciplines\/italien\/wp-content\/uploads\/sites\/12\/2024\/11\/sc-FI3-225x300.jpg 225w\" sizes=\"auto, (max-width: 703px) 100vw, 703px\" \/><\/figure>\n<\/div>\n\n\n<p class=\"has-text-align-center\"><strong>Un grand merci \u00e0 tous pour la r\u00e9ussite de ce beau projet&nbsp;!<\/strong><\/p>\n\n\n\n<p class=\"has-text-align-center has-black-color has-vivid-green-cyan-background-color has-text-color has-background has-link-color wp-elements-3db73acf5623bff759b46dc941d030fd\"><strong>SCAMBIO CULTURALE E LINGUISTICO<\/strong> &#8211; <strong>Ann\u00e9e scolaire 2023\/2024<\/strong><\/p>\n\n\n\n<p><strong>Pour cette ann\u00e9e scolaire 2023\/2024, le partenariat avec le Lyc\u00e9e Machiavel de Florence se poursuit.<\/strong><\/p>\n\n\n\n<p><strong>Le projet <em>\u00ab Scambio culturale e linguistico: Rinascimento e Umanesimo \u00bb<\/em> s\u2019organise en deux temps :<\/strong><\/p>\n\n\n\n<p><strong>&#8211; <u>Accueil des mobilit\u00e9s individuelles<\/u> du 4 au 29 septembre 2023 pour quatre semaines avec quatre correspondants italiens et r\u00e9ciprocit\u00e9 au mois d\u2019octobre pour les \u00e9l\u00e8ves fran\u00e7ais.<\/strong><\/p>\n\n\n\n<p><strong>Durant cette p\u00e9riode, les italiens suivent l\u2019emploi du temps de leur correspondant et participent \u00e0 diff\u00e9rentes activit\u00e9s : sortie g\u00e9ologie dans les Pyr\u00e9n\u00e9es, Festival latino- am\u00e9ricain \u00e0 Biarritz entre autre. Ils sont en immersion compl\u00e8te dans les familles.<\/strong><\/p>\n\n\n\n<p><strong><em>A la fin de cette p\u00e9riode, une certification CECRL<\/em> leur sera d\u00e9livr\u00e9e le jeudi 28 septembre pour attester de leur niveau de fran\u00e7ais. <\/strong><\/p>\n\n\n\n<p><strong>&#8211; Dans un second temps, \u00e9change scolaire avec la classe de 2<sup>nde<\/sup>5 et de 1G6, mais aussi quelques \u00e9l\u00e8ves de 1<sup>\u00e8re<\/sup> technologique qui \u00e9tudient l\u2019italien, en mars 2024, \u00e0 Florence, au Lyc\u00e9e Machiavel.<\/strong><\/p>\n\n\n\n<div class=\"wp-block-media-text is-stacked-on-mobile\" style=\"grid-template-columns:55% auto\"><figure class=\"wp-block-media-text__media\"><img loading=\"lazy\" decoding=\"async\" width=\"1024\" height=\"694\" src=\"https:\/\/ent2d.ac-bordeaux.fr\/disciplines\/italien\/wp-content\/uploads\/sites\/12\/2024\/05\/sc-fi-1.jpg\" alt=\"\" class=\"wp-image-1524 size-full\" srcset=\"https:\/\/ent2d.ac-bordeaux.fr\/disciplines\/italien\/wp-content\/uploads\/sites\/12\/2024\/05\/sc-fi-1.jpg 1024w, https:\/\/ent2d.ac-bordeaux.fr\/disciplines\/italien\/wp-content\/uploads\/sites\/12\/2024\/05\/sc-fi-1-300x203.jpg 300w, https:\/\/ent2d.ac-bordeaux.fr\/disciplines\/italien\/wp-content\/uploads\/sites\/12\/2024\/05\/sc-fi-1-768x521.jpg 768w\" sizes=\"auto, (max-width: 1024px) 100vw, 1024px\" \/><\/figure><div class=\"wp-block-media-text__content\">\n<p><em><strong><u>POT D\u2019ACCUEIL<\/u><\/strong> : avec M\/ Dubreuil, le proviseur, M Br\u00e9mond, le proviseur adjoint, M. Daguinos DDFPT, M Loth, Mme D\u2019Anastasi et les \u00e9l\u00e8ves fran\u00e7ais et leurs correspondants italiens : Giulia Duranti, Clara Khettou-Peyre<\/em>, Alice Bianchi, Chlo\u00e9 Marie, Isabel Perego, Saofia Gingali, Manfredi Bianco et Suzanne Hoyrup.<\/p>\n<\/div><\/div>\n\n\n\n<p><strong><u>Un week-end d\u2019int\u00e9gration<\/u><\/strong> le samedi 9 et dimanche 10 septembre a \u00e9t\u00e9 organis\u00e9 pour permettre une meilleure coh\u00e9sion de groupe.<\/p>\n\n\n\n<div class=\"wp-block-media-text is-stacked-on-mobile\" style=\"grid-template-columns:52% auto\"><figure class=\"wp-block-media-text__media\"><img loading=\"lazy\" decoding=\"async\" width=\"878\" height=\"658\" src=\"https:\/\/ent2d.ac-bordeaux.fr\/disciplines\/italien\/wp-content\/uploads\/sites\/12\/2024\/05\/sc-fi-2.jpg\" alt=\"\" class=\"wp-image-1525 size-full\" srcset=\"https:\/\/ent2d.ac-bordeaux.fr\/disciplines\/italien\/wp-content\/uploads\/sites\/12\/2024\/05\/sc-fi-2.jpg 878w, https:\/\/ent2d.ac-bordeaux.fr\/disciplines\/italien\/wp-content\/uploads\/sites\/12\/2024\/05\/sc-fi-2-300x225.jpg 300w, https:\/\/ent2d.ac-bordeaux.fr\/disciplines\/italien\/wp-content\/uploads\/sites\/12\/2024\/05\/sc-fi-2-768x576.jpg 768w\" sizes=\"auto, (max-width: 878px) 100vw, 878px\" \/><\/figure><div class=\"wp-block-media-text__content\">\n<p><strong><em>Le samedi : session surf \u00e0 Vieux Boucau les Bains<\/em><\/strong><\/p>\n<\/div><\/div>\n\n\n\n<div class=\"wp-block-media-text is-stacked-on-mobile\" style=\"grid-template-columns:37% auto\"><figure class=\"wp-block-media-text__media\"><img loading=\"lazy\" decoding=\"async\" width=\"663\" height=\"519\" src=\"https:\/\/ent2d.ac-bordeaux.fr\/disciplines\/italien\/wp-content\/uploads\/sites\/12\/2024\/05\/sc-fi-4-rotated.jpg\" alt=\"\" class=\"wp-image-1527 size-full\" srcset=\"https:\/\/ent2d.ac-bordeaux.fr\/disciplines\/italien\/wp-content\/uploads\/sites\/12\/2024\/05\/sc-fi-4-rotated.jpg 663w, https:\/\/ent2d.ac-bordeaux.fr\/disciplines\/italien\/wp-content\/uploads\/sites\/12\/2024\/05\/sc-fi-4-300x235.jpg 300w\" sizes=\"auto, (max-width: 663px) 100vw, 663px\" \/><\/figure><div class=\"wp-block-media-text__content\">\n<p><em><strong>Le dimanche : \u00ab Festival Toros y salsa \u00bb \u00e0 Dax : invitation \u00e0 la finale des cocardes.<\/strong><\/em><\/p>\n<\/div><\/div>\n\n\n\n<p class=\"has-text-align-center\"><strong>Un grand merci \u00e0 chacun pour l\u2019engagement et le travail rendant ce beau projet possible.<\/strong><\/p>\n\n\n\n<p class=\"has-text-align-center has-black-color has-vivid-red-background-color has-text-color has-background has-link-color wp-elements-3f5409b9f02dbf7ef0c87f2309b3c5f4\"><strong>IMMERSION LINGUISTIQUE<\/strong><\/p>\n\n\n\n<p class=\"has-black-color has-text-color has-link-color wp-elements-6b1f4a7d76c535308f9110d1f139cfa7\"><strong>Dans le cadre de notre partenariat avec le lyc\u00e9e Machiavel de Florence, de jeunes italiens sont venus passer un mois dans notre lyc\u00e9e : suivre les diff\u00e9rents cours avec leurs correspondants, participer au week-end d\u2019int\u00e9gration organis\u00e9 par le lyc\u00e9e et d\u00e9couvrir le patrimoine local en famille. &nbsp;<\/strong><\/p>\n\n\n\n<p class=\"has-black-color has-text-color has-link-color wp-elements-81f4948db965442985b5e247f68e5c9d\"><strong>C\u2019est une exp\u00e9rience tr\u00e8s enrichissante et formatrice qui permet \u00e0 nos \u00e9l\u00e8ves de d\u00e9velopper une plus grande autonomie et d\u2019avoir une approche diff\u00e9rente de la langue.<\/strong><\/p>\n\n\n\n<p class=\"has-black-color has-text-color has-link-color wp-elements-48626f4805bd046059e89e5b197a0980\"><strong>\u00c0 l\u2019issue de ces quatre semaines d\u2019immersion linguistique, les \u00e9l\u00e8ves italiens ont pu&nbsp; passer une certification europ\u00e9enne pour attester de leur niveau en langue fran\u00e7aise. Le jury \u00e9tait compos\u00e9 de Mme D\u2019Anastasi et de M Loth.<\/strong><\/p>\n\n\n<div class=\"wp-block-image\">\n<figure class=\"aligncenter size-full is-resized\"><img loading=\"lazy\" decoding=\"async\" width=\"1024\" height=\"682\" src=\"https:\/\/ent2d.ac-bordeaux.fr\/disciplines\/italien\/wp-content\/uploads\/sites\/12\/2024\/06\/sc-fi-5.jpg\" alt=\"\" class=\"wp-image-1564\" style=\"width:480px;height:auto\" srcset=\"https:\/\/ent2d.ac-bordeaux.fr\/disciplines\/italien\/wp-content\/uploads\/sites\/12\/2024\/06\/sc-fi-5.jpg 1024w, https:\/\/ent2d.ac-bordeaux.fr\/disciplines\/italien\/wp-content\/uploads\/sites\/12\/2024\/06\/sc-fi-5-300x200.jpg 300w, https:\/\/ent2d.ac-bordeaux.fr\/disciplines\/italien\/wp-content\/uploads\/sites\/12\/2024\/06\/sc-fi-5-768x512.jpg 768w\" sizes=\"auto, (max-width: 1024px) 100vw, 1024px\" \/><\/figure>\n<\/div>\n\n\n<p class=\"has-text-align-center has-black-color has-vivid-green-cyan-background-color has-text-color has-background has-link-color wp-elements-bdb549ab44bc7e87418abddceac24510\"><strong>CERTIFICATION EUROP\u00c9ENNE<\/strong><\/p>\n\n\n\n<p class=\"has-black-color has-text-color has-link-color wp-elements-62c1494baba9f529ee86aff419755028\"><strong>Les \u00e9l\u00e8ves italiens : Alice Bianchi, Isabel Perego, Manfredi Bianco et Giulia Duranti ont pass\u00e9 leur oral le jeudi 28 septembre 2023 et ont tous obtenu des r\u00e9sultats tr\u00e8s brillants.<\/strong><\/p>\n\n\n\n<p class=\"has-black-color has-text-color has-link-color wp-elements-df6fcf3849a40edde2bc85b2ca2108bf\"><strong>Maintenant c\u2019est au tour de nos \u00e9l\u00e8ves fran\u00e7ais (Clara Khettou-Peyre, Chlo\u00e9 Marie, Sofia Gingali et Suzanne Hoyrup) de vivre cette belle exp\u00e9rience d\u2019un mois complet en immersion \u00e0 Florence (du 2 au 27 octobre 2023) dans les familles de leurs correspondants. Elles auront \u00e9galement la possibilit\u00e9 de passer une certification en langue italienne \u00e0 l\u2019issue de cette immersion.<\/strong><\/p>\n\n\n<div class=\"wp-block-image\">\n<figure class=\"aligncenter size-full is-resized\"><img loading=\"lazy\" decoding=\"async\" width=\"768\" height=\"1024\" src=\"https:\/\/ent2d.ac-bordeaux.fr\/disciplines\/italien\/wp-content\/uploads\/sites\/12\/2024\/06\/sc-fi-6-1-rotated.jpg\" alt=\"\" class=\"wp-image-1563\" style=\"width:327px;height:auto\" srcset=\"https:\/\/ent2d.ac-bordeaux.fr\/disciplines\/italien\/wp-content\/uploads\/sites\/12\/2024\/06\/sc-fi-6-1-rotated.jpg 768w, https:\/\/ent2d.ac-bordeaux.fr\/disciplines\/italien\/wp-content\/uploads\/sites\/12\/2024\/06\/sc-fi-6-1-225x300.jpg 225w\" sizes=\"auto, (max-width: 768px) 100vw, 768px\" \/><\/figure>\n<\/div>\n\n\n<p class=\"has-text-align-center has-black-color has-vivid-red-background-color has-text-color has-background has-link-color wp-elements-9ccd1c4cd1afd8fc2ef92650eb104322\"><strong>Quel \u00e9v\u00e8nement aujourd&rsquo;hui, en ce jeudi 7 mars 2024 !<\/strong><\/p>\n\n\n\n<p class=\"has-black-color has-text-color has-link-color wp-elements-a5e47390a5cc5dc380da34e547e149d9\"><strong>41 \u00e9l\u00e8ves du lyc\u00e9e de Borda viennent d&rsquo;\u00eatre accueillis par M. Nardella, maire de Florence, dans la somptueuse salle des 500, au <em>Palazzo vecchio<\/em>. En pr\u00e9sence des professeurs du s\u00e9jour florentin con\u00e7u par la professeure d&rsquo;italien Sarah d&rsquo;Anastasi, en partenariat avec le prestigieux lyc\u00e9e Machiavel, le maire de Florence a re\u00e7u avec tous les&nbsp; honneurs les jeunes dacquois, pour donner en direct une heureuse et chaleureuse pr\u00e9sentation de l&rsquo;histoire du lieu puis ouvrant les portes de son bureau. Un tr\u00e8s bel accueil qui fera date !<\/strong><\/p>\n\n\n<div class=\"wp-block-image\">\n<figure class=\"aligncenter size-full is-resized\"><img loading=\"lazy\" decoding=\"async\" width=\"818\" height=\"1024\" src=\"https:\/\/ent2d.ac-bordeaux.fr\/disciplines\/italien\/wp-content\/uploads\/sites\/12\/2024\/06\/sc-fi-7.jpg\" alt=\"\" class=\"wp-image-1560\" style=\"width:304px;height:auto\" srcset=\"https:\/\/ent2d.ac-bordeaux.fr\/disciplines\/italien\/wp-content\/uploads\/sites\/12\/2024\/06\/sc-fi-7.jpg 818w, https:\/\/ent2d.ac-bordeaux.fr\/disciplines\/italien\/wp-content\/uploads\/sites\/12\/2024\/06\/sc-fi-7-240x300.jpg 240w, https:\/\/ent2d.ac-bordeaux.fr\/disciplines\/italien\/wp-content\/uploads\/sites\/12\/2024\/06\/sc-fi-7-768x961.jpg 768w\" sizes=\"auto, (max-width: 818px) 100vw, 818px\" \/><\/figure>\n<\/div>\n\n\n<p class=\"has-text-align-center has-black-color has-vivid-green-cyan-background-color has-text-color has-background has-link-color wp-elements-34b18596cd63e682f7a39fea395d29e0\"><strong>SCAMBIO CULTURALE E LINGUISTICO<\/strong> &#8211; <strong>Ann\u00e9e scolaire 2022\/2023<\/strong><\/p>\n\n\n\n<p><strong><em>Le projet \u00ab Scambio culturale e linguistico <\/em>\u00bb pilot\u00e9 par Mme D\u2019Anastasi, la professeure d&rsquo;italien, s\u2019organise en deux temps :<\/strong><\/p>\n\n\n\n<ul class=\"wp-block-list\">\n<li><strong>Accueil des mobilit\u00e9s individuelles du 5 au 30 septembre pour quatre semaines avec huit correspondants italiens et r\u00e9ciprocit\u00e9 au mois d\u2019octobre pour les \u00e9l\u00e8ves fran\u00e7ais.<\/strong><\/li>\n<\/ul>\n\n\n\n<p><strong>Durant cette p\u00e9riode , les Italiens suivent l\u2019emploi du temps de leur correspondant et participent \u00e0 diff\u00e9rentes activit\u00e9s : sortie g\u00e9ologie dans les Pyr\u00e9n\u00e9es, Festival latino-am\u00e9ricain \u00e0 Biarritz entre autres. Ils sont en immersion compl\u00e8te dans les familles.<\/strong><\/p>\n\n\n\n<p>A la fin de <strong>cette p\u00e9riode, une certification CECRL leur sera d\u00e9livr\u00e9e pour attester de leur niveau de langue en fran\u00e7ais.<\/strong><\/p>\n\n\n\n<ul class=\"wp-block-list\">\n<li><strong>Dans un second temps, \u00e9change scolaire avec la classe de 1\u00e8re G4 en mars 2023.<\/strong><\/li>\n<\/ul>\n\n\n<div class=\"wp-block-image\">\n<figure class=\"aligncenter size-full is-resized\"><img loading=\"lazy\" decoding=\"async\" width=\"1024\" height=\"592\" src=\"https:\/\/ent2d.ac-bordeaux.fr\/disciplines\/italien\/wp-content\/uploads\/sites\/12\/2022\/11\/pot.jpg\" alt=\"\" class=\"wp-image-1203\" style=\"width:490px;height:auto\" srcset=\"https:\/\/ent2d.ac-bordeaux.fr\/disciplines\/italien\/wp-content\/uploads\/sites\/12\/2022\/11\/pot.jpg 1024w, https:\/\/ent2d.ac-bordeaux.fr\/disciplines\/italien\/wp-content\/uploads\/sites\/12\/2022\/11\/pot-300x174.jpg 300w, https:\/\/ent2d.ac-bordeaux.fr\/disciplines\/italien\/wp-content\/uploads\/sites\/12\/2022\/11\/pot-768x444.jpg 768w\" sizes=\"auto, (max-width: 1024px) 100vw, 1024px\" \/><figcaption class=\"wp-element-caption\"><strong>Accueil <\/strong>avec Monsieur R\u00e9tali, le proviseur, et les coll\u00e8gues li\u00e9s au projet franco-italien : M. Loth, M. Deffrennes, M. Roy\u00e9, les \u00e9l\u00e8ves fran\u00e7ais et les correspondants italiens : Cosimo Bianchi, M\u00e9lina Jouguet, Gemma Breschi, Jeanne Duprat, Costanza Cola, Juliette Testarode, Ludovica Noferini, Thais Parsat, Giulia Tombini, Alysson Martinez, Angela Golemi, Sarah Gimeno, Teresa Livi, Ad\u00e8le M&rsquo;Rica, Thomas Amadei, Matthieu Riani.<\/figcaption><\/figure>\n<\/div>\n\n<div class=\"wp-block-image\">\n<figure class=\"aligncenter size-full is-resized\"><img loading=\"lazy\" decoding=\"async\" width=\"1012\" height=\"787\" src=\"https:\/\/ent2d.ac-bordeaux.fr\/disciplines\/italien\/wp-content\/uploads\/sites\/12\/2022\/11\/integration.jpg\" alt=\"\" class=\"wp-image-1204\" style=\"width:442px;height:auto\" srcset=\"https:\/\/ent2d.ac-bordeaux.fr\/disciplines\/italien\/wp-content\/uploads\/sites\/12\/2022\/11\/integration.jpg 1012w, https:\/\/ent2d.ac-bordeaux.fr\/disciplines\/italien\/wp-content\/uploads\/sites\/12\/2022\/11\/integration-300x233.jpg 300w, https:\/\/ent2d.ac-bordeaux.fr\/disciplines\/italien\/wp-content\/uploads\/sites\/12\/2022\/11\/integration-768x597.jpg 768w\" sizes=\"auto, (max-width: 1012px) 100vw, 1012px\" \/><figcaption class=\"wp-element-caption\">Un week-end d\u2019int\u00e9gration les samedi 10 et dimanche 11 septembre a \u00e9t\u00e9 organis\u00e9 pour permettre une meilleure coh\u00e9sion de groupe. Le samedi : session de surf le matin \u00e0 Vieux Boucau et l&rsquo;apr\u00e8s-midi \u00e0 v\u00e9lo \u00e0 Hossegor.<\/figcaption><\/figure>\n<\/div>\n\n<div class=\"wp-block-image\">\n<figure class=\"aligncenter size-full is-resized\"><img loading=\"lazy\" decoding=\"async\" width=\"1024\" height=\"684\" src=\"https:\/\/ent2d.ac-bordeaux.fr\/disciplines\/italien\/wp-content\/uploads\/sites\/12\/2022\/11\/Festival.jpg\" alt=\"\" class=\"wp-image-1205\" style=\"width:435px;height:auto\" srcset=\"https:\/\/ent2d.ac-bordeaux.fr\/disciplines\/italien\/wp-content\/uploads\/sites\/12\/2022\/11\/Festival.jpg 1024w, https:\/\/ent2d.ac-bordeaux.fr\/disciplines\/italien\/wp-content\/uploads\/sites\/12\/2022\/11\/Festival-300x200.jpg 300w, https:\/\/ent2d.ac-bordeaux.fr\/disciplines\/italien\/wp-content\/uploads\/sites\/12\/2022\/11\/Festival-768x513.jpg 768w\" sizes=\"auto, (max-width: 1024px) 100vw, 1024px\" \/><figcaption class=\"wp-element-caption\">Le dimanche \u00ab Festival Toros y Salsa \u00bb : invitation \u00e0 la finale des cocardes (merci \u00e0 M. Daguinos).<\/figcaption><\/figure>\n<\/div>\n\n\n<p class=\"has-text-align-center\"><strong><span class=\"has-inline-color has-vivid-green-cyan-color\">Un grand merci \u00e0 chacun pour l\u2019engagement et le travail rendant ce beau projet possible.<\/span><\/strong><\/p>\n","protected":false},"excerpt":{"rendered":"<p>A partir de l&rsquo;ann\u00e9e scolaire 2022\/2023, le lyc\u00e9e de Borda de Dax met en place un partenariat avec le Liceo Machiavelli de Florence. SCAMBIO CULTURALE E LINGUISTICO &#8211; Ann\u00e9e scolaire &#8230;<\/p>\n","protected":false},"author":42,"featured_media":0,"parent":39,"menu_order":0,"comment_status":"closed","ping_status":"closed","template":"","meta":{"footnotes":""},"class_list":["post-1202","page","type-page","status-publish","hentry"],"_links":{"self":[{"href":"https:\/\/ent2d.ac-bordeaux.fr\/disciplines\/italien\/wp-json\/wp\/v2\/pages\/1202","targetHints":{"allow":["GET"]}}],"collection":[{"href":"https:\/\/ent2d.ac-bordeaux.fr\/disciplines\/italien\/wp-json\/wp\/v2\/pages"}],"about":[{"href":"https:\/\/ent2d.ac-bordeaux.fr\/disciplines\/italien\/wp-json\/wp\/v2\/types\/page"}],"author":[{"embeddable":true,"href":"https:\/\/ent2d.ac-bordeaux.fr\/disciplines\/italien\/wp-json\/wp\/v2\/users\/42"}],"replies":[{"embeddable":true,"href":"https:\/\/ent2d.ac-bordeaux.fr\/disciplines\/italien\/wp-json\/wp\/v2\/comments?post=1202"}],"version-history":[{"count":13,"href":"https:\/\/ent2d.ac-bordeaux.fr\/disciplines\/italien\/wp-json\/wp\/v2\/pages\/1202\/revisions"}],"predecessor-version":[{"id":1757,"href":"https:\/\/ent2d.ac-bordeaux.fr\/disciplines\/italien\/wp-json\/wp\/v2\/pages\/1202\/revisions\/1757"}],"up":[{"embeddable":true,"href":"https:\/\/ent2d.ac-bordeaux.fr\/disciplines\/italien\/wp-json\/wp\/v2\/pages\/39"}],"wp:attachment":[{"href":"https:\/\/ent2d.ac-bordeaux.fr\/disciplines\/italien\/wp-json\/wp\/v2\/media?parent=1202"}],"curies":[{"name":"wp","href":"https:\/\/api.w.org\/{rel}","templated":true}]}}