{"id":94,"date":"2017-03-24T16:13:38","date_gmt":"2017-03-24T15:13:38","guid":{"rendered":"https:\/\/ent2d.ac-bordeaux.fr\/disciplines\/hotellerie\/?page_id=94"},"modified":"2017-09-06T17:11:25","modified_gmt":"2017-09-06T15:11:25","slug":"notions-de-didactiques","status":"publish","type":"page","link":"https:\/\/ent2d.ac-bordeaux.fr\/disciplines\/hotellerie\/enseigner-en-hr-dans-lacademie\/notions-de-didactiques\/","title":{"rendered":"Notions de didactiques"},"content":{"rendered":"<h4><span style=\"color: #000080\"><img loading=\"lazy\" decoding=\"async\" class=\"size-medium wp-image-1874 alignleft\" src=\"https:\/\/ent2d.ac-bordeaux.fr\/disciplines\/hotellerie\/wp-content\/uploads\/sites\/46\/2017\/03\/Capture-d\u2019e\u0301cran-2017-07-11-a\u0300-17.12.13-300x218.png\" alt=\"\" width=\"300\" height=\"218\" srcset=\"https:\/\/ent2d.ac-bordeaux.fr\/disciplines\/hotellerie\/wp-content\/uploads\/sites\/46\/2017\/03\/Capture-d\u2019e\u0301cran-2017-07-11-a\u0300-17.12.13-300x218.png 300w, https:\/\/ent2d.ac-bordeaux.fr\/disciplines\/hotellerie\/wp-content\/uploads\/sites\/46\/2017\/03\/Capture-d\u2019e\u0301cran-2017-07-11-a\u0300-17.12.13-768x559.png 768w, https:\/\/ent2d.ac-bordeaux.fr\/disciplines\/hotellerie\/wp-content\/uploads\/sites\/46\/2017\/03\/Capture-d\u2019e\u0301cran-2017-07-11-a\u0300-17.12.13.png 816w\" sizes=\"auto, (max-width: 300px) 100vw, 300px\" \/><\/span><strong><span style=\"color: #000080\">Quelques notions de didactique bien utiles&#8230;<\/span><\/strong><\/h4>\n<h6><strong><span style=\"color: #000080\">\u2666Propos liminaires<\/span><\/strong><\/h6>\n<p>Faire un cours ce n\u2019est pas administrer de mani\u00e8re descendante un contenu \u00e0 un public captif. C\u2019est bien au-del\u00e0 : concevoir, organiser, mettre en \u0153uvre, analyser et r\u00e9guler des situations d\u2019apprentissage, g\u00e9rer un groupe et des individualit\u00e9s, exercer une autorit\u00e9 et transmettre des valeurs, \u00e9tablir une relation p\u00e9dagogique et \u00e9ducative donnant du sens aux apprentissages engag\u00e9s, prendre en compte les besoins des \u00e9l\u00e8ves pour leur permettre de franchir les obstacles maintenant et demain. Pour un enseignant du domaine professionnel c\u2019est transmettre des valeurs et des codes, un vocabulaire, une histoire, <strong><em>faire grandir, faire r\u00e9fl\u00e9chir, faire comprendre, <\/em><\/strong><strong><em>donner envie d\u2019apprendre, de fabriquer et de ressembler et identifier<\/em><\/strong> <strong><em>un projet d\u2019insertion<\/em><\/strong> porteur d\u2019envie et de r\u00e9ussites et d\u2019\u00e9panouissement.<\/p>\n<table style=\"height: 126px\" width=\"859\">\n<tbody>\n<tr style=\"height: 27px\">\n<td style=\"width: 849px;background-color: #3476c2;height: 27px\"><span style=\"font-size: 14pt\"><strong><span style=\"color: #ffffff\">=&gt; lire aussi les articles sur les sciences de l&#8217;\u00e9ducation<\/span><\/strong><\/span><\/td>\n<\/tr>\n<tr style=\"height: 4px\">\n<td style=\"width: 849px;height: 4px\"><span style=\"font-size: 10pt\"><a href=\"https:\/\/ent2d.ac-bordeaux.fr\/disciplines\/hotellerie\/2017\/09\/06\/expose-du-neuro-scientifique-du-college-de-france-stanislas-dehaene\/?preview_id=2253&amp;preview_nonce=1961eeefdd&amp;post_format=standard&amp;_thumbnail_id=-1&amp;preview=true\"><strong>Expos\u00e9 du neuro scientifique du coll\u00e8ge de France Stanislas DEHAENE<\/strong><\/a><\/span><\/td>\n<\/tr>\n<tr style=\"height: 24px\">\n<td style=\"width: 849px;height: 24px\"><span style=\"font-size: 10pt\"><a href=\"https:\/\/ent2d.ac-bordeaux.fr\/disciplines\/hotellerie\/2017\/09\/06\/des-sciences-cognitives-a-la-classe-entretien-avec-olivier-houde\/\"><strong>Des sciences cognitives \u00e0 la classe : entretien avec Olivier HOUDE<\/strong><\/a><\/span><\/td>\n<\/tr>\n<tr style=\"height: 24px\">\n<td style=\"width: 849px;height: 24px\"><span style=\"font-size: 10pt\"><strong><a href=\"https:\/\/ent2d.ac-bordeaux.fr\/disciplines\/hotellerie\/2017\/09\/06\/une-revolution-dans-leducation\/\">Une r\u00e9volution dans l&#8217;\u00e9ducation ? Emission France Culture (article et podcast)<\/a><\/strong><\/span><\/td>\n<\/tr>\n<tr style=\"height: 24px\">\n<td style=\"width: 849px;height: 24px\"><span style=\"font-size: 10pt\"><a href=\"https:\/\/ent2d.ac-bordeaux.fr\/disciplines\/hotellerie\/2017\/09\/06\/bruno-della-chiesa-teachers-make-a-difference\/\"><strong>Bruno DELLA CHIELSA Teatchers make difference<\/strong><\/a><\/span><\/td>\n<\/tr>\n<tr style=\"height: 24px\">\n<td style=\"width: 849px;height: 24px\"><span style=\"font-size: 10pt\"><a href=\"https:\/\/ent2d.ac-bordeaux.fr\/disciplines\/hotellerie\/2017\/09\/06\/bruno-della-chielsa-neurosciences-les-neuromythes\/\"><strong>Bruno DELLA CHIELSA Neurosciences : les neuromythes ?<\/strong><\/a><\/span><\/td>\n<\/tr>\n<tr style=\"height: 24px\">\n<td style=\"width: 849px;height: 24px\"><span style=\"font-size: 10pt\"><a href=\"https:\/\/ent2d.ac-bordeaux.fr\/disciplines\/hotellerie\/2017\/09\/06\/lionnel-naccache-plaidoyer-pour-le-neuroeducation\/\"><strong>Lionnel NACCACHE : playdoyer pour la neuro\u00e9ducation<\/strong><\/a><\/span><\/td>\n<\/tr>\n<\/tbody>\n<\/table>\n<blockquote><p>Enseigner aujourd\u2019hui, c\u2019est \u00e9galement maitriser des technologies, savoir travailler en \u00e9quipe, prendre en compte son environnement en pleine mutation et s\u2019adapter aux attentes institutionnelles et soci\u00e9tales.<\/p><\/blockquote>\n<p>Ces lignes donnent quelques pistes de r\u00e9flexion quant \u00e0 la mani\u00e8re de mettre en \u0153uvre son enseignement, elles pr\u00e9cisent les missions et comp\u00e9tences du professeur exer\u00e7ant en lyc\u00e9e professionnel et propose quelques outils.<\/p>\n<p><strong>La didactique d&#8217;une discipline est la science qui \u00e9tudie, pour un domaine particulier, les ph\u00e9nom\u00e8nes d&#8217;enseignement, les conditions de la transmission de la culture propre \u00e0 une institution et les conditions de l&#8217;acquisition de connaissances par un apprenant.<\/strong><\/p>\n<p>Son objet est de d\u00e9limiter la nature du savoir en jeu, des relations entre le savoir, le professeur et les \u00e9l\u00e8ves, de g\u00e9rer l&#8217;\u00e9volution de ces savoirs au cours de l&#8217;enseignement.<\/p>\n<p>La didactique articule trois famille de variables\u00a0: celles relatives \u00e0 la discipline scolaire, celles relatives \u00e0 l\u2019apprenant et celles relatives \u00e0 l\u2019enseignant. Elles sont articul\u00e9es entre elles par de multiples processus.<a href=\"http:\/\/disciplines.ac-bordeaux.fr\/ecogestion\/hotellerie\/?id_category=3&amp;id_rubrique=90#_1__Cornu__L._et_Vergnioux__A.__1992__La_didactique_en_question\" name=\"_ftnref1\">[1]<\/a><\/p>\n<p>Comment diff\u00e9rencier p\u00e9dagogie et didactique\u00a0? C\u2019est la prise en compte syst\u00e9matique des savoirs dans la notion de didactique, ce que ne fait pas la p\u00e9dagogie et par sa dimension \u00e9pist\u00e9mologique (la nature des connaissances \u00e0 enseigner).<\/p>\n<p>La DP permet d\u2019apporter des \u00e9l\u00e9ments de r\u00e9ponse \u00e0\u00a0 \u00ab\u00a0<em>Comment forme-t-on aux comp\u00e9tences\u00a0? Comment les \u00e9valuer\u00a0?<\/em>\u00a0\u00bb.<\/p>\n<h6><span style=\"color: #000080\">\u2666Pour un mod\u00e8le socio-constructivisme\u00a0<\/span><\/h6>\n<p>En premier lieu il importe de tenir compte de ce que l&#8217;esprit de l&#8217;\u00e9l\u00e8ve n&#8217;est pas vierge et n&#8217;est pas un r\u00e9cepteur passif d&#8217;un savoir qui serait donn\u00e9 par l&#8217;enseignant. Il est n\u00e9cessaire de prendre en compte ses conceptions (repr\u00e9sentations) personnelles qui constituent autant d&#8217;obstacles \u00e0 l&#8217;\u00e9laboration de nouvelles connaissances. Cette \u00e9laboration doit passer par des remises en question et des constructions de ces conceptions. Ces phases de mise en question et de reconstruction constituent autant de possibles ruptures dans la construction des connaissances.<\/p>\n<h6><span style=\"color: #000080\">\u2666Le behaviorisme<\/span><\/h6>\n<table style=\"height: 208px\" width=\"631\">\n<tbody>\n<tr>\n<td width=\"493\">Postulat mod\u00e8le b\u00e9havioriste\u00a0: l\u2019on ne peut pas savoir ce qui se passe dans la t\u00eate de l\u2019\u00e9l\u00e8ve qui est assimil\u00e9 \u00e0 une bo\u00eete noire. L\u2019enseignant doit alors se baser sur les comportements observables du sujet, c\u2019est-\u00e0-dire les r\u00e9ponses qu\u2019il fournit aux questions pos\u00e9es ou les d\u00e9marches utilis\u00e9es pour r\u00e9soudre un probl\u00e8me.<\/td>\n<td width=\"392\">\u00a0<img loading=\"lazy\" decoding=\"async\" class=\"alignnone wp-image-95\" src=\"https:\/\/ent2d.ac-bordeaux.fr\/disciplines\/hotellerie\/wp-content\/uploads\/sites\/46\/2017\/03\/behaviorisme-300x120.png\" alt=\"\" width=\"237\" height=\"95\" srcset=\"https:\/\/ent2d.ac-bordeaux.fr\/disciplines\/hotellerie\/wp-content\/uploads\/sites\/46\/2017\/03\/behaviorisme-300x120.png 300w, https:\/\/ent2d.ac-bordeaux.fr\/disciplines\/hotellerie\/wp-content\/uploads\/sites\/46\/2017\/03\/behaviorisme.png 374w\" sizes=\"auto, (max-width: 237px) 100vw, 237px\" \/><\/td>\n<\/tr>\n<tr>\n<td colspan=\"2\" width=\"886\">L\u2019objectif d\u2019apprentissage est d\u00e9compos\u00e9 en sous-objectifs formul\u00e9s en termes de comportements observables (l\u2019\u00e9l\u00e8ve est capable de \u2026 plut\u00f4t que l\u2019\u00e9l\u00e8ve conna\u00eet \u2026). L\u2019\u00e9l\u00e8ve passe ainsi tr\u00e8s graduellement, sous la conduite de l\u2019enseignant, de la connaissance initiale \u00e0 la connaissance finale par petites marches.<\/td>\n<\/tr>\n<\/tbody>\n<\/table>\n<h6><span style=\"color: #000080\">\u2666Le constructivisme<\/span><\/h6>\n<table style=\"height: 217px\" width=\"635\">\n<tbody>\n<tr>\n<td width=\"466\">Contrairement aux mod\u00e8les transmissif et b\u00e9havioriste, le <strong>constructivisme et le socio-constructiviste<\/strong> reposent sur les trois pr\u00e9suppos\u00e9s suivants\u00a0:<\/td>\n<td rowspan=\"3\" width=\"426\">\u00a0<img loading=\"lazy\" decoding=\"async\" class=\"alignnone wp-image-96\" src=\"https:\/\/ent2d.ac-bordeaux.fr\/disciplines\/hotellerie\/wp-content\/uploads\/sites\/46\/2017\/03\/constructivisme-300x132.png\" alt=\"\" width=\"225\" height=\"99\" srcset=\"https:\/\/ent2d.ac-bordeaux.fr\/disciplines\/hotellerie\/wp-content\/uploads\/sites\/46\/2017\/03\/constructivisme-300x132.png 300w, https:\/\/ent2d.ac-bordeaux.fr\/disciplines\/hotellerie\/wp-content\/uploads\/sites\/46\/2017\/03\/constructivisme.png 473w\" sizes=\"auto, (max-width: 225px) 100vw, 225px\" \/><\/td>\n<\/tr>\n<tr>\n<td width=\"466\">\n<ul>\n<li>C\u2019est en agissant (en r\u00e9solvant des probl\u00e8mes) que l\u2019on apprend.<\/li>\n<\/ul>\n<\/td>\n<\/tr>\n<tr>\n<td width=\"466\">\n<ul>\n<li>\u00ab\u00a0<em>Quel que soit son \u00e2ge, l\u2019esprit n\u2019est jamais vierge, table rase ou cire sans empreinte<\/em>\u00a0\u00bb<a href=\"http:\/\/disciplines.ac-bordeaux.fr\/ecogestion\/hotellerie\/?id_category=3&amp;id_rubrique=90#_2__Bachelard__La_formation_de_l_esprit_scientifique.\" name=\"_ftnref2\">[2]<\/a>. Les repr\u00e9sentations initiales s\u2019\u00e9rigent souvent en obstacle aux nouvelles connaissances.<\/li>\n<\/ul>\n<\/td>\n<\/tr>\n<tr>\n<td colspan=\"2\" width=\"892\">\n<ul>\n<li>La connaissance ne s\u2019acquiert pas par simple empilement\u00a0; elle passe d\u2019un \u00e9tat d\u2019\u00e9quilibre \u00e0 un autre par des phases transitoires au cours desquelles les connaissances ant\u00e9rieures sont mises en d\u00e9faut.<\/li>\n<\/ul>\n<\/td>\n<\/tr>\n<\/tbody>\n<\/table>\n<p>Selon ces mod\u00e8les, l\u2019acquisition de connaissances passe par la transformation des informations re\u00e7ues par l\u2019apprenant \u00e0 travers ses exp\u00e9riences et ses connaissances pr\u00e9alables. Pour acc\u00e9der \u00e0 un \u00e9tat de connaissance sup\u00e9rieur, il faut donc remettre en cause et r\u00e9organiser ses conceptions initiales en y int\u00e9grant les nouvelles donn\u00e9es.<\/p>\n<p>Contrairement aux b\u00e9havioristes pour lesquels l\u2019individu est \u00ab\u00a0model\u00e9 par son environnement, Piaget<a href=\"http:\/\/disciplines.ac-bordeaux.fr\/ecogestion\/hotellerie\/?id_category=3&amp;id_rubrique=90#_3__Jean_William_Fritz_Piaget_\" name=\"_ftnref3\">[3]<\/a> consid\u00e8re, dans le mod\u00e8le constructiviste, que l\u2019apprentissage est le r\u00e9sultat d\u2019une interaction entre le sujet (l\u2019\u00e9l\u00e8ve) et son environnement. Le sujet apprend en s\u2019adaptant \u00e0 un milieu, c\u2019est en agissant sur le monde qu\u2019il apprend.<\/p>\n<ul>\n<li>Le sujet construit ses connaissances \u00e0 travers sa propre activit\u00e9\u00a0;<\/li>\n<li>L\u2019objet manipul\u00e9 au cours de cette activit\u00e9 n\u2019est autre que sa propre connaissance<\/li>\n<\/ul>\n<p>Ce double postulat suppose donc de la part du sujet qui construit ses connaissances, une activit\u00e9 r\u00e9flexive sur ces propres connaissances.<\/p>\n<p>Le mod\u00e8le socio-constructiviste d\u00e9velopp\u00e9 par Vygotsky<a href=\"http:\/\/disciplines.ac-bordeaux.fr\/ecogestion\/hotellerie\/?id_category=3&amp;id_rubrique=90#_ftn1\">[4]<\/a> consid\u00e8re lui que les apprentissages sont \u00e9troitement li\u00e9s \u00e0 l\u2019environnement social et humain et au r\u00f4le des interactions. Chaque sujet \u00e0 la possibilit\u00e9 d\u2019agir sur l\u2019autre et r\u00e9ciproquement. Il y a interd\u00e9pendance de l\u2019apprentissage et de son contexte. L&#8217;acquisition de connaissances d\u00e9pend du contexte p\u00e9dagogique, c&#8217;est \u00e0 dire de la situation d&#8217;enseignement et d&#8217;apprentissage et des activit\u00e9s connexes.<\/p>\n<p>Pour Vygostky, il existe deux situations d\u2019apprentissage possibles\u00a0:<\/p>\n<ul>\n<li>celles ou l\u2019\u00e9l\u00e8ve peut apprendre et faire seuls certaines activit\u00e9s,<\/li>\n<li>celles ou l\u2019\u00e9l\u00e8ve ne peut apprendre et faire une activit\u00e9 qu\u2019avec l\u2019aide d\u2019une autre adulte ou d\u2019un pair.<\/li>\n<\/ul>\n<p>C\u2019est \u00e0 partir de ces deux situations qu\u2019il d\u00e9finit la notion de zone proximale de d\u00e9veloppement (voir titre 10).<\/p>\n<p>L&#8217;apprenant r\u00e9sout la \u00absituation probl\u00e8me\u00bb en surmontant le conflit socio-cognitif (sujet &lt;\u2013&gt; repr\u00e9sentations des autres). Il donne un sens \u00e0 une connaissance que si elle appara\u00eet comme un outil indispensable pour r\u00e9soudre un probl\u00e8me.<\/p>\n<p>Dans le contexte scolaire, les interactions sociales constituent une composante essentielle de l\u2019apprentissage. \u00ab\u00a0<em>il s\u2019agit l\u00e0 d\u2019un des paradoxes du processus d\u2019apprentissage scolaire, puisque l&#8217;apprentissage est un processus individuel de construction et d\u2019adaptation des connaissances) qui se vit en classe, donc \u00e0 travers les interactions avec les autres<\/em>\u00a0\u00bb<a href=\"http:\/\/disciplines.ac-bordeaux.fr\/ecogestion\/hotellerie\/?id_category=3&amp;id_rubrique=90#_5__Cr_er_des_conditions_d_apprentissage\" name=\"_ftnref1\">[5]<\/a>. Il s\u2019agit des interactions entre pairs et avec l\u2019enseignant et des interactions avec le milieu\u00a0: la situation d\u2019apprentissage.<\/p>\n<h6><span style=\"color: #000080\"><strong>\u2666Apprendre c\u2019est abandonner une repr\u00e9sentation pour en adopter une plus prometteuse<\/strong><strong><a style=\"color: #000080\" href=\"http:\/\/disciplines.ac-bordeaux.fr\/ecogestion\/hotellerie\/?id_category=3&amp;id_rubrique=90#_6__G_rard_FOUREZ_1992\" name=\"_ftnref2\">[6]<\/a><\/strong><\/span><\/h6>\n<p>Les diff\u00e9rents mod\u00e8les ainsi que l\u2019apport constant des sciences de l\u2019\u00e9ducation nous permettent de proposer un cadre g\u00e9n\u00e9ral de travail en didactique\u00a0:<\/p>\n<ul>\n<li>L\u2019acquisition des connaissances passe par une interaction entre l\u2019\u00e9l\u00e8ve et l\u2019objet d\u2019\u00e9tudes, par le biais de r\u00e9solutions de probl\u00e8mes\u00a0;<\/li>\n<li>La t\u00eate de l\u2019\u00e9l\u00e8ve n\u2019est jamais vide de connaissances (conceptions)\u00a0;<\/li>\n<li>L\u2019apprentissage ne se fait pas par empilement de connaissances, ni de mani\u00e8re lin\u00e9aire\u00a0;<\/li>\n<li>L\u2019\u00e9l\u00e8ve donne un sens \u00e0 une connaissance que si elle apparait comme un outil indispensable pour r\u00e9soudre un probl\u00e8me\u00a0;<\/li>\n<li>Les interactions sociales entre \u00e9l\u00e8ves et adultes r\u00e9f\u00e9rents sont sources d\u2019apprentissage.<\/li>\n<\/ul>\n<h6><strong><span style=\"color: #000080\">\u2666Le conflit socio-cognitif<\/span><\/strong><\/h6>\n<p>Dans le cadre des interactions sociales li\u00e9es \u00e0 la classe une confrontation entre les conceptions divergentes des apprenants est provoqu\u00e9e\u00a0par la situation didactique. Il est ainsi amen\u00e9 \u00e0 reconsid\u00e9rer, simultan\u00e9ment, ses propres repr\u00e9sentations et celles des autres pour reconstruire un nouveau savoir.<\/p>\n<p>Doise et Mugny<a href=\"http:\/\/disciplines.ac-bordeaux.fr\/ecogestion\/hotellerie\/?id_category=3&amp;id_rubrique=90#_7__Willem_Doise_et_Gabriel_Mugny\" name=\"_ftnref1\">[7]<\/a> prolongent les travaux de Piaget et Vygotsky. Ils pr\u00e9sentent les interactions entre pairs comme source de d\u00e9veloppement cognitif \u00e0 condition qu&#8217;elles suscitent des conflits sociocognitifs. Selon ces deux auteurs, \u00ab\u00a0<em>l&#8217;interaction sociale est constructive dans la mesure o\u00f9 elle introduit une confrontation entre les conceptions divergentes. Un premier d\u00e9s\u00e9quilibre interindividuel appara\u00eet au sein du groupe puisque chaque \u00e9l\u00e8ve est confront\u00e9 \u00e0 des points de vue divergents. Il prend ainsi conscience de sa propre pens\u00e9e par rapport \u00e0 celle des autres. Ce qui provoque un deuxi\u00e8me d\u00e9s\u00e9quilibre de nature intra-individuelle : l&#8217;apprenant est amen\u00e9 \u00e0 reconsid\u00e9rer, en m\u00ea<\/em><em>me temps, ses propres repr\u00e9sentations et celles des autres pour reconstruire un nouveau savoir<\/em>\u00a0\u00bb.<\/p>\n<p style=\"text-align: right\"><strong>J. MUZARD &#8211; IEN 2016<\/strong><\/p>\n<p><em><strong>[1]<\/strong><\/em><em> Cornu, L. et Vergnioux, A. (1992) La didactique en question<br \/>\n<\/em><\/p>\n<p><em><strong>[2]<\/strong> Bachelard, La formation de l\u2019esprit scientifique.<\/em><\/p>\n<p><em><strong>[3]<\/strong><\/em><em> <strong>Jean William Fritz Piaget <\/strong>(1896-1980), psychologue, biologiste, logicien et \u00e9pist\u00e9mologue suisse connu pour ses travaux en psychologie du d\u00e9veloppement<\/em><\/p>\n<p><em><strong>[4]<\/strong> <strong>Lev Semionovitch Vygotski<\/strong> (1896-\u00a01934), psychologue bielorusse puis sovi\u00e9tique, connu pour ses recherches en psychologie du d\u00e9veloppement et sa th\u00e9orie historico-culturelle du psychisme.<br \/>\n<\/em><\/p>\n<p>&nbsp;<\/p>\n<p><em><strong>[5]<\/strong> Cr\u00e9er des conditions d\u2019apprentissage Ph. JONNAERT &amp; C\u00e9cile VANDER BORGHT ed. DE BOECK<\/em><\/p>\n<p><em><strong>[6]<\/strong><\/em><em> G\u00e9rard FOUREZ 1992<\/em><\/p>\n<p><em><strong>[7]<\/strong><\/em><em> Willem Doise et Gabriel Mugny, Psychologie sociale et d\u00e9veloppement cognitif, Paris, Armand Colin, \u00ab\u00a0U\u00a0\u00bb, 1997.<\/em><\/p>\n<p>&nbsp;<\/p>\n<p>&nbsp;<\/p>\n<p>&nbsp;<\/p>\n","protected":false},"excerpt":{"rendered":"<p>Quelques notions de didactique bien utiles&#8230; \u2666Propos liminaires Faire un cours ce n\u2019est pas administrer de mani\u00e8re descendante un contenu<\/p>\n","protected":false},"author":166,"featured_media":0,"parent":90,"menu_order":0,"comment_status":"closed","ping_status":"closed","template":"","meta":{"footnotes":""},"class_list":["post-94","page","type-page","status-publish","hentry"],"_links":{"self":[{"href":"https:\/\/ent2d.ac-bordeaux.fr\/disciplines\/hotellerie\/wp-json\/wp\/v2\/pages\/94","targetHints":{"allow":["GET"]}}],"collection":[{"href":"https:\/\/ent2d.ac-bordeaux.fr\/disciplines\/hotellerie\/wp-json\/wp\/v2\/pages"}],"about":[{"href":"https:\/\/ent2d.ac-bordeaux.fr\/disciplines\/hotellerie\/wp-json\/wp\/v2\/types\/page"}],"author":[{"embeddable":true,"href":"https:\/\/ent2d.ac-bordeaux.fr\/disciplines\/hotellerie\/wp-json\/wp\/v2\/users\/166"}],"replies":[{"embeddable":true,"href":"https:\/\/ent2d.ac-bordeaux.fr\/disciplines\/hotellerie\/wp-json\/wp\/v2\/comments?post=94"}],"version-history":[{"count":9,"href":"https:\/\/ent2d.ac-bordeaux.fr\/disciplines\/hotellerie\/wp-json\/wp\/v2\/pages\/94\/revisions"}],"predecessor-version":[{"id":2258,"href":"https:\/\/ent2d.ac-bordeaux.fr\/disciplines\/hotellerie\/wp-json\/wp\/v2\/pages\/94\/revisions\/2258"}],"up":[{"embeddable":true,"href":"https:\/\/ent2d.ac-bordeaux.fr\/disciplines\/hotellerie\/wp-json\/wp\/v2\/pages\/90"}],"wp:attachment":[{"href":"https:\/\/ent2d.ac-bordeaux.fr\/disciplines\/hotellerie\/wp-json\/wp\/v2\/media?parent=94"}],"curies":[{"name":"wp","href":"https:\/\/api.w.org\/{rel}","templated":true}]}}