{"id":772,"date":"2017-05-22T12:34:22","date_gmt":"2017-05-22T10:34:22","guid":{"rendered":"http:\/\/blog1-test.in.ac-bordeaux.fr\/testdisci01\/hotellerie\/?page_id=772"},"modified":"2017-07-11T17:26:04","modified_gmt":"2017-07-11T15:26:04","slug":"utilisation-des-tice-dans-la-filiere-hr","status":"publish","type":"page","link":"https:\/\/ent2d.ac-bordeaux.fr\/disciplines\/hotellerie\/enseigner-en-hr-dans-lacademie\/utilisation-des-tice-dans-la-filiere-hr\/","title":{"rendered":"Utilisation des TICE dans la fili\u00e8re HR"},"content":{"rendered":"<p><img loading=\"lazy\" decoding=\"async\" class=\"aligncenter wp-image-961\" src=\"https:\/\/ent2d.ac-bordeaux.fr\/disciplines\/hotellerie\/wp-content\/uploads\/sites\/46\/2014\/10\/TICE.png\" alt=\"\" width=\"84\" height=\"59\" \/><img loading=\"lazy\" decoding=\"async\" class=\" wp-image-1876 alignleft\" src=\"https:\/\/ent2d.ac-bordeaux.fr\/disciplines\/hotellerie\/wp-content\/uploads\/sites\/46\/2017\/05\/Capture-d\u2019e\u0301cran-2017-07-11-a\u0300-17.15.02-300x226.png\" alt=\"\" width=\"199\" height=\"150\" srcset=\"https:\/\/ent2d.ac-bordeaux.fr\/disciplines\/hotellerie\/wp-content\/uploads\/sites\/46\/2017\/05\/Capture-d\u2019e\u0301cran-2017-07-11-a\u0300-17.15.02-300x226.png 300w, https:\/\/ent2d.ac-bordeaux.fr\/disciplines\/hotellerie\/wp-content\/uploads\/sites\/46\/2017\/05\/Capture-d\u2019e\u0301cran-2017-07-11-a\u0300-17.15.02-768x579.png 768w, https:\/\/ent2d.ac-bordeaux.fr\/disciplines\/hotellerie\/wp-content\/uploads\/sites\/46\/2017\/05\/Capture-d\u2019e\u0301cran-2017-07-11-a\u0300-17.15.02.png 844w\" sizes=\"auto, (max-width: 199px) 100vw, 199px\" \/>Les <strong>Technologies de l&#8217;Information et de la Communication pour l&#8217;\u00c9ducation<\/strong> (TICE) recouvrent les outils et les produits num\u00e9riques pouvant \u00eatre utilis\u00e9s dans le cadre de l&#8217;\u00e9ducation et de l&#8217;enseignement.<\/p>\n<p>Les TICE regroupent un ensemble d&#8217;outils con\u00e7us et utilis\u00e9s pour produire, traiter, entreposer, \u00e9changer, classer, retrouver et lire des documents num\u00e9riques \u00e0 des fins d&#8217;enseignement et d&#8217;apprentissage.<\/p>\n<p>Vous trouverez ci-dessous diff\u00e9rents liens permettant l&#8217;utilisation de ces technologies \u00e0 des fins p\u00e9dagogiques.<\/p>\n<ul>\n<li><a href=\"https:\/\/ent2d.ac-bordeaux.fr\/disciplines\/hotellerie\/wp-content\/uploads\/sites\/46\/2017\/04\/PORTFOLIO20de20FORMATION20TICE20en20date20du20420avril202012.doc\">T\u00e9l\u00e9chargez le portfolio de formation TICE (mise \u00e0 jour le 4 avril 2012)<\/a><\/li>\n<\/ul>\n<p>Utiliser QUESTY dans une s\u00e9ance (en ligne).<br \/>\nJe t\u00e9l\u00e9charge le logiciel QUESTY<br \/>\nJe consulte le tutoriel vid\u00e9o de l&#8217;\u00e9diteur Questy<\/p>\n<ol>\n<li><a href=\"http:\/\/get.adobe.com\/fr\/reader\/\">Lire des documents en PDF: A<\/a><a href=\"http:\/\/get.adobe.com\/fr\/reader\/\">dobe Reader<\/a><\/li>\n<li><a href=\"http:\/\/picasa.google.com\/#utm_medium=embed&amp;utm_source=pwalogin\">R\u00e9aliser un album photos: Picasa<\/a><\/li>\n<li><a href=\"http:\/\/france.real.com\/realplayer\/\">Capturer des vid\u00e9os: Real Player<\/a><\/li>\n<\/ol>\n<p><span style=\"color: #ff6600\"><strong>\u2666Outil bureautique<\/strong><\/span> : <a href=\"http:\/\/fr.openoffice.org\/\">OpenOffice<\/a><\/p>\n<p><span style=\"color: #ff6600\"><strong>\u2666Compresser des images<\/strong><\/span><\/p>\n<p>Light Image Resizer propose de compresser vos images num\u00e9riques rapidement gr\u00e2ce \u00e0 l&#8217;insertion d&#8217;outils dans le menu contextuel de Windows.<br \/>\nJe t\u00e9l\u00e9charge le logiciel Light Image Resizer.<\/p>\n<p>Le fichier est compress\u00e9, utiliser 7zip.<\/p>\n<ul>\n<li><a href=\"http:\/\/www.mozilla.org\/fr\/firefox\/features\/\">Je t\u00e9l\u00e9charge le navigateur FIREFOX et je dois installer l&#8217;extension &#8220;Download helper&#8221;<\/a><\/li>\n<\/ul>\n<p><span style=\"color: #ff6600\"><strong>\u2666R\u00e9aliser une carte heuristique<\/strong><\/span><\/p>\n<p>Notre partenaire MATCHWARE :<\/p>\n<p><img loading=\"lazy\" decoding=\"async\" class=\"size-medium wp-image-1880 alignleft\" src=\"https:\/\/ent2d.ac-bordeaux.fr\/disciplines\/hotellerie\/wp-content\/uploads\/sites\/46\/2017\/05\/Capture-d\u2019e\u0301cran-2017-07-11-a\u0300-17.22.34-300x106.png\" alt=\"\" width=\"300\" height=\"106\" srcset=\"https:\/\/ent2d.ac-bordeaux.fr\/disciplines\/hotellerie\/wp-content\/uploads\/sites\/46\/2017\/05\/Capture-d\u2019e\u0301cran-2017-07-11-a\u0300-17.22.34-300x106.png 300w, https:\/\/ent2d.ac-bordeaux.fr\/disciplines\/hotellerie\/wp-content\/uploads\/sites\/46\/2017\/05\/Capture-d\u2019e\u0301cran-2017-07-11-a\u0300-17.22.34-768x271.png 768w, https:\/\/ent2d.ac-bordeaux.fr\/disciplines\/hotellerie\/wp-content\/uploads\/sites\/46\/2017\/05\/Capture-d\u2019e\u0301cran-2017-07-11-a\u0300-17.22.34-1024x361.png 1024w, https:\/\/ent2d.ac-bordeaux.fr\/disciplines\/hotellerie\/wp-content\/uploads\/sites\/46\/2017\/05\/Capture-d\u2019e\u0301cran-2017-07-11-a\u0300-17.22.34.png 1310w\" sizes=\"auto, (max-width: 300px) 100vw, 300px\" \/><\/p>\n<p>&nbsp;<\/p>\n<p><a href=\"https:\/\/www.matchware.com\/fr\/\">Utiliser le logiciel Mindview<\/a><\/p>\n<p><a href=\"http:\/\/www.matchware.com\/fr\/products\/mindview\/mindview_viewer.htm\">T\u00e9l\u00e9charger le lecteur MindView gratuit<\/a><\/p>\n<p><iframe loading=\"lazy\" width=\"800\" height=\"450\" src=\"https:\/\/www.youtube.com\/embed\/RHabx1nQoss?feature=oembed\" frameborder=\"0\" allowfullscreen><\/iframe><\/p>\n<p>&nbsp;<\/p>\n<p><a href=\"http:\/\/xmind.softonic.fr\/\">Je t\u00e9l\u00e9charge le logiciel XMIND<\/a><br \/>\n<a href=\"https:\/\/www.youtube.com\/watch?v=rlBqgEEYLy4\">Je consulte le tutoriel vid\u00e9o de l&#8217;utilisation de XMIND<\/a><\/p>\n<p><iframe loading=\"lazy\" width=\"800\" height=\"600\" src=\"https:\/\/www.youtube.com\/embed\/rlBqgEEYLy4?feature=oembed\" frameborder=\"0\" allowfullscreen><\/iframe><\/p>\n<p>\u00c9diteur de carte heuristique: <a href=\"http:\/\/sourceforge.net\/projects\/freeplane\/files\/freeplane%20stable\/1.1.3\/\">gratuitiel FREEPLANE<\/a> et <a href=\"https:\/\/ent2d.ac-bordeaux.fr\/disciplines\/hotellerie\/wp-content\/uploads\/sites\/46\/2017\/04\/Tutoriel20Freeplane.pdf\">son tutoriel.<\/a><\/p>\n<ul>\n<li><a href=\"http:\/\/disciplines.ac-bordeaux.fr\/ecogestion\/hotellerie\/?id_category=3&amp;id_rubrique=16&amp;id_page=97\">Construire une carte heuristique (en ligne).<\/a><\/li>\n<\/ul>\n<ul>\n<li><a href=\"http:\/\/disciplines.ac-bordeaux.fr\/ecogestion\/hotellerie\/?id_category=3&amp;id_rubrique=16&amp;id_page=86\">T\u00e9l\u00e9charger une vid\u00e9o sur internet. (en ligne).<\/a><\/li>\n<li><a href=\"https:\/\/ent2d.ac-bordeaux.fr\/disciplines\/hotellerie\/wp-content\/uploads\/sites\/46\/2017\/04\/LIVRET20TBI202011.pdf\">Utiliser un tableau blanc de fa\u00e7on interactive.<\/a><\/li>\n<\/ul>\n<p><span style=\"color: #ff6600\"><strong>\u2666Tutoriel utilisation logiciel Active Inspire TBI &#8211; J\u00e9r\u00e9my FORT<\/strong><\/span><\/p>\n<ul>\n<li><a href=\"https:\/\/ent2d.ac-bordeaux.fr\/disciplines\/hotellerie\/wp-content\/uploads\/sites\/46\/2017\/04\/TUTO_Bas_Active_Inspire_TBI_JFORT.pdf\">TUTO Base Active Inspire TBI<\/a><\/li>\n<li><a href=\"https:\/\/ent2d.ac-bordeaux.fr\/disciplines\/hotellerie\/wp-content\/uploads\/sites\/46\/2017\/04\/TUTO_Active_Inspire_niveau_AvancC3A9_JFORT.pdf\">TUTO Active Inspire niveau Avanc\u00e9<\/a><\/li>\n<\/ul>\n<p><span style=\"color: #ff6600\"><strong>\u2666Images Actives Bank<\/strong><\/span><\/p>\n<p>Qu\u2019est-ce qu\u2019une image active\u00a0?<br \/>\nUne \u00ab\u00a0image active\u00a0\u00bb est une image enrichie par vos commentaires. En naviguant sur l\u2019image, vous faites appara\u00eetre ces commentaires en fonction des d\u00e9tails que vous avez choisi de mettre en valeur.<br \/>\nPour qui\u00a0? Pour quoi\u00a0?<br \/>\nSciences, histoire, g\u00e9ographie, math\u00e9matiques, langues, arts&#8230; toutes les disciplines ont recours \u00e0 des visuels, sch\u00e9mas, photos appelant des commentaires.<\/p>\n<p>Vous choisissez l\u2019image \u00e0 commenter (une carte de g\u00e9o, une coupe d\u2019un organisme vivant, un graphique de statistiques, une photo de paysage, une \u0153uvre d\u2019art&#8230;) et gr\u00e2ce au logiciel, vous d\u00e9limitez les zones que vous souhaitez mettre en avant et vous y attachez votre texte.<br \/>\nPas besoin d\u2019\u00eatre professionnel dans le traitement d\u2019image, Images actives est un logiciel simple d\u2019utilisation et chaque image est enti\u00e8rement personnalisable. Vous pouvez utiliser le logiciel chez vous, en pr\u00e9paration de cours ou m\u00eame en classe avec les \u00e9l\u00e8ves\u00a0!<\/p>\n<p>Source : <a href=\"http:\/\/images-actives.crdp-versailles.fr\/spip.php?article3\">http:\/\/images-actives.crdp-versailles.fr\/spip.php?article<\/a><\/p>\n","protected":false},"excerpt":{"rendered":"<p>Les Technologies de l&#8217;Information et de la Communication pour l&#8217;\u00c9ducation (TICE) recouvrent les outils et les produits num\u00e9riques pouvant \u00eatre<\/p>\n","protected":false},"author":166,"featured_media":0,"parent":90,"menu_order":0,"comment_status":"closed","ping_status":"closed","template":"","meta":{"footnotes":""},"class_list":["post-772","page","type-page","status-publish","hentry"],"_links":{"self":[{"href":"https:\/\/ent2d.ac-bordeaux.fr\/disciplines\/hotellerie\/wp-json\/wp\/v2\/pages\/772","targetHints":{"allow":["GET"]}}],"collection":[{"href":"https:\/\/ent2d.ac-bordeaux.fr\/disciplines\/hotellerie\/wp-json\/wp\/v2\/pages"}],"about":[{"href":"https:\/\/ent2d.ac-bordeaux.fr\/disciplines\/hotellerie\/wp-json\/wp\/v2\/types\/page"}],"author":[{"embeddable":true,"href":"https:\/\/ent2d.ac-bordeaux.fr\/disciplines\/hotellerie\/wp-json\/wp\/v2\/users\/166"}],"replies":[{"embeddable":true,"href":"https:\/\/ent2d.ac-bordeaux.fr\/disciplines\/hotellerie\/wp-json\/wp\/v2\/comments?post=772"}],"version-history":[{"count":7,"href":"https:\/\/ent2d.ac-bordeaux.fr\/disciplines\/hotellerie\/wp-json\/wp\/v2\/pages\/772\/revisions"}],"predecessor-version":[{"id":1882,"href":"https:\/\/ent2d.ac-bordeaux.fr\/disciplines\/hotellerie\/wp-json\/wp\/v2\/pages\/772\/revisions\/1882"}],"up":[{"embeddable":true,"href":"https:\/\/ent2d.ac-bordeaux.fr\/disciplines\/hotellerie\/wp-json\/wp\/v2\/pages\/90"}],"wp:attachment":[{"href":"https:\/\/ent2d.ac-bordeaux.fr\/disciplines\/hotellerie\/wp-json\/wp\/v2\/media?parent=772"}],"curies":[{"name":"wp","href":"https:\/\/api.w.org\/{rel}","templated":true}]}}