{"id":5235,"date":"2025-07-07T09:01:59","date_gmt":"2025-07-07T07:01:59","guid":{"rendered":"https:\/\/ent2d.ac-bordeaux.fr\/disciplines\/hotellerie\/?page_id=5235"},"modified":"2025-07-07T09:12:29","modified_gmt":"2025-07-07T07:12:29","slug":"cs-metiers-du-bar","status":"publish","type":"page","link":"https:\/\/ent2d.ac-bordeaux.fr\/disciplines\/hotellerie\/enseigner-en-hr-dans-lacademie\/certificats-specialisation\/cs-metiers-du-bar\/","title":{"rendered":"Certificat Sp\u00e9cialisation &#8211; M\u00e9tiers du BAR"},"content":{"rendered":"<p><a href=\"https:\/\/ent2d.ac-bordeaux.fr\/disciplines\/hotellerie\/wp-content\/uploads\/sites\/46\/2025\/07\/Bandeau-page-garde.jpeg\"><img loading=\"lazy\" decoding=\"async\" class=\"alignleft wp-image-5256\" src=\"https:\/\/ent2d.ac-bordeaux.fr\/disciplines\/hotellerie\/wp-content\/uploads\/sites\/46\/2025\/07\/Bandeau-page-garde.jpeg\" alt=\"\" width=\"502\" height=\"139\" srcset=\"https:\/\/ent2d.ac-bordeaux.fr\/disciplines\/hotellerie\/wp-content\/uploads\/sites\/46\/2025\/07\/Bandeau-page-garde.jpeg 902w, https:\/\/ent2d.ac-bordeaux.fr\/disciplines\/hotellerie\/wp-content\/uploads\/sites\/46\/2025\/07\/Bandeau-page-garde-300x83.jpeg 300w, https:\/\/ent2d.ac-bordeaux.fr\/disciplines\/hotellerie\/wp-content\/uploads\/sites\/46\/2025\/07\/Bandeau-page-garde-768x213.jpeg 768w\" sizes=\"auto, (max-width: 502px) 100vw, 502px\" \/><\/a>La r\u00e9novation de la \u00ab mention compl\u00e9mentaire Employ\u00e9 Barman \u00bb a \u00e9t\u00e9 op\u00e9r\u00e9e durant l\u2019ann\u00e9e scolaire 2023-2024, la mise en application du nouveau \u00ab <strong><span style=\"color: #333399\">Certificat de Sp\u00e9cialisation M\u00e9tiers du BAR<\/span><\/strong> \u00bb intervient \u00e0 la <span style=\"color: #ff0000\"><strong>rentr\u00e9e 2025<\/strong><\/span>.<\/p>\n<p>Cette r\u00e9novation est mise en \u0153uvre en r\u00e9ponse \u00e0 un besoin existant et prospectif en comp\u00e9tences, exprim\u00e9 par les acteurs professionnels des M\u00e9tiers du Bar et av\u00e9r\u00e9 sur le march\u00e9 du travail. Ce besoin d\u2019\u00e9volution s\u2019est notamment exprim\u00e9 au travers d\u2019un rapport d\u2019opportunit\u00e9 port\u00e9 par l\u2019Association des Barmen de France, sous l\u2019impulsion de son pr\u00e9sident Ren\u00e9 DELVINCOURT. Cette r\u00e9novation du dipl\u00f4me vise \u00e0 r\u00e9pondre \u00e0 l\u2019ad\u00e9quation n\u00e9cessaire de la formation \u00e0 l\u2019emploi, \u00e0 la prise en consid\u00e9ration de l\u2019\u00e9volution du m\u00e9tier (prise en compte des nouvelles techniques, des nouveaux mat\u00e9riels, de l\u2019\u00e9volution des produits, du vocabulaire et des habitus constituant la culture professionnelle du m\u00e9tier).<\/p>\n<p>Ce travail de r\u00e9novation r\u00e9pond en outre \u00e0 la n\u00e9cessaire mise en conformit\u00e9 institutionnelle des dipl\u00f4mes sous l\u2019impulsion de France Comp\u00e9tences, notamment la pr\u00e9sentation par blocs de comp\u00e9tences ind\u00e9pendants.<\/p>\n<p>Chaque dipl\u00f4me r\u00e9nov\u00e9 se doit aussi, bien \u00e9videmment, de mieux prendre en consid\u00e9ration les enjeux de l\u2019alimentation et du d\u00e9veloppement durable (saisonnalit\u00e9 des produits, la lutte contre toutes formes de gaspillages, la place du sans alcool, <em>etc<\/em>.).<\/p>\n<h1>Le r\u00e9f\u00e9rentiel<\/h1>\n<ul>\n<li><a href=\"https:\/\/ent2d.ac-bordeaux.fr\/disciplines\/hotellerie\/wp-content\/uploads\/sites\/46\/2025\/07\/REF-CS-MDBAR-DEC2024.pdf\">T\u00e9l\u00e9charger le r\u00e9f\u00e9rentiel du CS-MDB<\/a><\/li>\n<\/ul>\n<h1>Le Guide d&#8217;Accompagnement P\u00e9dagogique<\/h1>\n<ul>\n<li><a href=\"https:\/\/ent2d.ac-bordeaux.fr\/disciplines\/hotellerie\/wp-content\/uploads\/sites\/46\/2025\/07\/GUIDE-PEDA-Certificat-Spe\u0301cialisation-MDB-2-sept-24.pdf\">T\u00e9l\u00e9charger le GUIDE d&#8217;Accompagnement P\u00e9dagogique du CS-MDB<\/a><\/li>\n<\/ul>\n<h1>Le Socle des Cocktails de R\u00e9f\u00e9rence<\/h1>\n<ul>\n<li><a href=\"https:\/\/ent2d.ac-bordeaux.fr\/disciplines\/hotellerie\/wp-content\/uploads\/sites\/46\/2025\/07\/Socle-des-Cocktails-de-Re\u0301ference-Version-Finale-12-2024-1.pdf\">T\u00e9l\u00e9charger =&gt; Socle des Cocktails de Re\u0301ference &#8211; Version Finale &#8211; 12-2024<\/a><\/li>\n<li><a href=\"https:\/\/ent2d.ac-bordeaux.fr\/disciplines\/hotellerie\/wp-content\/uploads\/sites\/46\/2025\/07\/ANNEXE-Mercuriale-Socle-des-cocktail-s-de-re\u0301fe\u0301rence.pdf\">ANNEXE Mercuriale Socle des cocktail s de re\u0301fe\u0301rence<\/a><\/li>\n<\/ul>\n<h1>Le LIVRET de SUIVI et d\u2019\u00c9VALUATION des comp\u00e9tences<\/h1>\n<ul>\n<li><a href=\"https:\/\/ent2d.ac-bordeaux.fr\/disciplines\/hotellerie\/wp-content\/uploads\/sites\/46\/2025\/07\/Livret-competences-CS-Metiers-du-BAR-MAI25-VMac-sans-macro.xlsx\">Livret de Suivi et d&#8217;Evaluation des Comp\u00e9tences version Mac-IOS\u00ae sans macro<\/a><\/li>\n<li><a href=\"https:\/\/ent2d.ac-bordeaux.fr\/disciplines\/hotellerie\/wp-content\/uploads\/sites\/46\/2025\/07\/Livret-competences-CS-Metiers-du-BAR-MAI25-VMac.xlsm.zip\">Livret de Suivi et d&#8217;Evaluation des Comp\u00e9tences version Mac-IOS\u00ae avec macro<\/a><\/li>\n<li><a href=\"https:\/\/ent2d.ac-bordeaux.fr\/disciplines\/hotellerie\/wp-content\/uploads\/sites\/46\/2025\/07\/Livret-competences-CS-Metiers-du-BAR-MAI25-VWin-sans-macro.xlsx\">Livret de Suivi et d&#8217;Evaluation des Comp\u00e9tences version Microsoft\u00ae sans macro<\/a><\/li>\n<li><a href=\"https:\/\/ent2d.ac-bordeaux.fr\/disciplines\/hotellerie\/wp-content\/uploads\/sites\/46\/2025\/07\/Livret-competences-CS-Metiers-du-BAR-MAI25-VWin.xlsm.zip\">Livret de Suivi et d&#8217;Evaluation des Comp\u00e9tences version Microsoft\u00ae avec macro<\/a><\/li>\n<\/ul>\n<div style=\"width: 800px;\" class=\"wp-video\"><video class=\"wp-video-shortcode\" id=\"video-5235-1\" width=\"800\" height=\"450\" preload=\"metadata\" controls=\"controls\"><source type=\"video\/mp4\" src=\"https:\/\/ent2d.ac-bordeaux.fr\/disciplines\/hotellerie\/wp-content\/uploads\/sites\/46\/2025\/07\/TUTO-Livret-CS-MDB.mp4?_=1\" \/><a href=\"https:\/\/ent2d.ac-bordeaux.fr\/disciplines\/hotellerie\/wp-content\/uploads\/sites\/46\/2025\/07\/TUTO-Livret-CS-MDB.mp4\">https:\/\/ent2d.ac-bordeaux.fr\/disciplines\/hotellerie\/wp-content\/uploads\/sites\/46\/2025\/07\/TUTO-Livret-CS-MDB.mp4<\/a><\/video><\/div>\n<h1><a name=\"_Toc185598457\"><\/a>L\u2019ing\u00e9nierie de formation<\/h1>\n<p><a href=\"https:\/\/ent2d.ac-bordeaux.fr\/disciplines\/hotellerie\/wp-content\/uploads\/sites\/46\/2025\/07\/Capture-de\u0301cran-2025-07-07-a\u0300-08.49.03.png\"><img loading=\"lazy\" decoding=\"async\" class=\"alignleft size-full wp-image-5237\" src=\"https:\/\/ent2d.ac-bordeaux.fr\/disciplines\/hotellerie\/wp-content\/uploads\/sites\/46\/2025\/07\/Capture-de\u0301cran-2025-07-07-a\u0300-08.49.03.png\" alt=\"\" width=\"1024\" height=\"435\" srcset=\"https:\/\/ent2d.ac-bordeaux.fr\/disciplines\/hotellerie\/wp-content\/uploads\/sites\/46\/2025\/07\/Capture-de\u0301cran-2025-07-07-a\u0300-08.49.03.png 1024w, https:\/\/ent2d.ac-bordeaux.fr\/disciplines\/hotellerie\/wp-content\/uploads\/sites\/46\/2025\/07\/Capture-de\u0301cran-2025-07-07-a\u0300-08.49.03-300x127.png 300w, https:\/\/ent2d.ac-bordeaux.fr\/disciplines\/hotellerie\/wp-content\/uploads\/sites\/46\/2025\/07\/Capture-de\u0301cran-2025-07-07-a\u0300-08.49.03-768x326.png 768w\" sizes=\"auto, (max-width: 1024px) 100vw, 1024px\" \/><\/a><\/p>\n<h1>Blocs de comp\u00e9tences du r\u00e9f\u00e9rentiel<a href=\"https:\/\/ent2d.ac-bordeaux.fr\/disciplines\/hotellerie\/wp-content\/uploads\/sites\/46\/2025\/07\/Capture-de\u0301cran-2025-07-07-a\u0300-08.59.13.png\"><img loading=\"lazy\" decoding=\"async\" class=\"alignleft size-full wp-image-5248\" src=\"https:\/\/ent2d.ac-bordeaux.fr\/disciplines\/hotellerie\/wp-content\/uploads\/sites\/46\/2025\/07\/Capture-de\u0301cran-2025-07-07-a\u0300-08.59.13.png\" alt=\"\" width=\"1024\" height=\"937\" srcset=\"https:\/\/ent2d.ac-bordeaux.fr\/disciplines\/hotellerie\/wp-content\/uploads\/sites\/46\/2025\/07\/Capture-de\u0301cran-2025-07-07-a\u0300-08.59.13.png 1024w, https:\/\/ent2d.ac-bordeaux.fr\/disciplines\/hotellerie\/wp-content\/uploads\/sites\/46\/2025\/07\/Capture-de\u0301cran-2025-07-07-a\u0300-08.59.13-300x274.png 300w, https:\/\/ent2d.ac-bordeaux.fr\/disciplines\/hotellerie\/wp-content\/uploads\/sites\/46\/2025\/07\/Capture-de\u0301cran-2025-07-07-a\u0300-08.59.13-768x703.png 768w\" sizes=\"auto, (max-width: 1024px) 100vw, 1024px\" \/><\/a><\/h1>\n<h1>L\u2019approche par comp\u00e9tence<\/h1>\n<p>Le r\u00e9f\u00e9rentiel est structur\u00e9 en deux p\u00f4les de comp\u00e9tences distincts, qui pr\u00e9sentent respectivement les grandes <strong>activit\u00e9s<\/strong> du r\u00e9f\u00e9rentiel d\u2019activit\u00e9s professionnelles constituant le m\u00e9tier de barman. Pour chacune des activit\u00e9s embl\u00e9matiques du m\u00e9tier, le groupe de travail s\u2019est attach\u00e9 \u00e0 d\u00e9finir les <strong>comp\u00e9tences globales<\/strong> correspondantes, les <strong>comp\u00e9tences op\u00e9rationnelles<\/strong> qui en d\u00e9coulent et leur niveau de performance attendu (r\u00e9sultats attendus, appel\u00e9 \u00e9galement parfois crit\u00e8res et indicateur de performance) ainsi que les th\u00e8mes des savoirs associ\u00e9s \u00e0 chaque comp\u00e9tence globale, structurant ainsi \u00ab\u00a0la culture professionnelle\u00a0\u00bb prot\u00e9iforme du dipl\u00f4me et donc du m\u00e9tier.<\/p>\n<h1><a href=\"https:\/\/ent2d.ac-bordeaux.fr\/disciplines\/hotellerie\/wp-content\/uploads\/sites\/46\/2025\/07\/Capture-de\u0301cran-2025-07-07-a\u0300-08.50.17.png\"><img loading=\"lazy\" decoding=\"async\" class=\"alignleft size-full wp-image-5240\" src=\"https:\/\/ent2d.ac-bordeaux.fr\/disciplines\/hotellerie\/wp-content\/uploads\/sites\/46\/2025\/07\/Capture-de\u0301cran-2025-07-07-a\u0300-08.50.17.png\" alt=\"\" width=\"1024\" height=\"523\" srcset=\"https:\/\/ent2d.ac-bordeaux.fr\/disciplines\/hotellerie\/wp-content\/uploads\/sites\/46\/2025\/07\/Capture-de\u0301cran-2025-07-07-a\u0300-08.50.17.png 1024w, https:\/\/ent2d.ac-bordeaux.fr\/disciplines\/hotellerie\/wp-content\/uploads\/sites\/46\/2025\/07\/Capture-de\u0301cran-2025-07-07-a\u0300-08.50.17-300x153.png 300w, https:\/\/ent2d.ac-bordeaux.fr\/disciplines\/hotellerie\/wp-content\/uploads\/sites\/46\/2025\/07\/Capture-de\u0301cran-2025-07-07-a\u0300-08.50.17-768x392.png 768w\" sizes=\"auto, (max-width: 1024px) 100vw, 1024px\" \/><\/a><\/h1>\n<p>Fort de cette architecture, le professeur\/formateur peut envisager d\u2019entrer dans la formation par l\u2019activit\u00e9 professionnelle, la comp\u00e9tence globale et\/ou par les comp\u00e9tences op\u00e9rationnelles.<\/p>\n<ul>\n<li><\/li>\n<\/ul>\n","protected":false},"excerpt":{"rendered":"<p>La r\u00e9novation de la \u00ab mention compl\u00e9mentaire Employ\u00e9 Barman \u00bb a \u00e9t\u00e9 op\u00e9r\u00e9e durant l\u2019ann\u00e9e scolaire 2023-2024, la mise en<\/p>\n","protected":false},"author":166,"featured_media":0,"parent":2956,"menu_order":0,"comment_status":"closed","ping_status":"closed","template":"","meta":{"footnotes":""},"class_list":["post-5235","page","type-page","status-publish","hentry"],"_links":{"self":[{"href":"https:\/\/ent2d.ac-bordeaux.fr\/disciplines\/hotellerie\/wp-json\/wp\/v2\/pages\/5235","targetHints":{"allow":["GET"]}}],"collection":[{"href":"https:\/\/ent2d.ac-bordeaux.fr\/disciplines\/hotellerie\/wp-json\/wp\/v2\/pages"}],"about":[{"href":"https:\/\/ent2d.ac-bordeaux.fr\/disciplines\/hotellerie\/wp-json\/wp\/v2\/types\/page"}],"author":[{"embeddable":true,"href":"https:\/\/ent2d.ac-bordeaux.fr\/disciplines\/hotellerie\/wp-json\/wp\/v2\/users\/166"}],"replies":[{"embeddable":true,"href":"https:\/\/ent2d.ac-bordeaux.fr\/disciplines\/hotellerie\/wp-json\/wp\/v2\/comments?post=5235"}],"version-history":[{"count":8,"href":"https:\/\/ent2d.ac-bordeaux.fr\/disciplines\/hotellerie\/wp-json\/wp\/v2\/pages\/5235\/revisions"}],"predecessor-version":[{"id":5252,"href":"https:\/\/ent2d.ac-bordeaux.fr\/disciplines\/hotellerie\/wp-json\/wp\/v2\/pages\/5235\/revisions\/5252"}],"up":[{"embeddable":true,"href":"https:\/\/ent2d.ac-bordeaux.fr\/disciplines\/hotellerie\/wp-json\/wp\/v2\/pages\/2956"}],"wp:attachment":[{"href":"https:\/\/ent2d.ac-bordeaux.fr\/disciplines\/hotellerie\/wp-json\/wp\/v2\/media?parent=5235"}],"curies":[{"name":"wp","href":"https:\/\/api.w.org\/{rel}","templated":true}]}}