{"id":5027,"date":"2024-04-03T18:10:15","date_gmt":"2024-04-03T16:10:15","guid":{"rendered":"https:\/\/ent2d.ac-bordeaux.fr\/disciplines\/hotellerie\/?page_id=5027"},"modified":"2024-05-23T11:49:00","modified_gmt":"2024-05-23T09:49:00","slug":"annexe-au-gap-cap-et-brevets-professionnels","status":"publish","type":"page","link":"https:\/\/ent2d.ac-bordeaux.fr\/disciplines\/hotellerie\/enseigner-en-hr-dans-lacademie\/annexe-au-gap-cap-et-brevets-professionnels\/","title":{"rendered":"Annexe aux GAP CAP et Brevets professionnels"},"content":{"rendered":"<p><strong>De nouveaux r\u00e9f\u00e9rentiels de CAP et de BP (2024)<\/strong><\/p>\n<p>Les r\u00e9f\u00e9rentiels de CAP Cuisine, Commercialisation et Services en H\u00f4tel-Caf\u00e9-Restaurant et les Brevets professionnels Arts de la Cuisine et Arts du Service et de la Commercialisation ont \u00e9t\u00e9 modifi\u00e9s durant l&#8217;ann\u00e9e scolaire 2023 pour entrer en application \u00e0 la rentr\u00e9e 2024. Les acad\u00e9mies de Clermont-Ferrand et de Bordeaux ont \u00e9t\u00e9 sollicit\u00e9es dans le cadre du pilotage de cette r\u00e9\u00e9criture.<\/p>\n<p>Des enjeux notamment li\u00e9s au respect d&#8217;une Alimentation saine et durable on \u00e9t\u00e9 moteurs de ce travail.<\/p>\n<blockquote><p><strong>L\u2019alimentation durable<\/strong>, c\u2019est l\u2019ensemble des pratiques alimentaires qui visent \u00e0 nourrir les \u00eatres humains en qualit\u00e9 et en quantit\u00e9 suffisante, aujourd\u2019hui et demain, dans le respect de l\u2019environnement, en \u00e9tant accessible \u00e9conomiquement et r\u00e9mun\u00e9ratrice sur l\u2019ensemble de la cha\u00eene alimentaire.<\/p><\/blockquote>\n<p>L\u2019objectif est de faire \u00e9voluer la formation initiale du personnel de cuisine et de restaurant face aux \u00e9volutions l\u00e9gislatives, aux tendances globales de march\u00e9s et aux attentes des consommateurs, en sensibilisant les acteurs de la formation et en leur proposant des intitul\u00e9s de comp\u00e9tences op\u00e9rationnelles et des th\u00e8mes de culture professionnelle (savoirs associ\u00e9s) plus en ad\u00e9quation avec ces enjeux.<\/p>\n<p>Cette \u00e9volution souhait\u00e9e n\u2019a pas la pr\u00e9tention de r\u00e9volutionner les m\u00e9thodes p\u00e9dagogiques, mais elle porte en elle la vocation d\u2019une meilleure connaissance de la palette des aliments durables et de toutes les formes de prot\u00e9ines, de leurs circuits d\u2019approvisionnement, de leur juste transformation culinaire, de la limitation des d\u00e9chets et de leur commercialisation dans des contextes de restauration commerciale, sociale et collective respectueuses de l\u2019environnement, pour une alimentation durable et favorable \u00e0 la sant\u00e9. Elle porte en outre la volont\u00e9 d\u2019une meilleure prise en compte des attentes, des envies et d\u2019une meilleure information de la client\u00e8le, du respect de la saisonnalit\u00e9.<\/p>\n<p>Une demande croissante des consommateurs porte pr\u00e9cis\u00e9ment sur la cuisine v\u00e9g\u00e9tarienne, les habitudes alimentaires et des tendances de march\u00e9 \u00e9voluent, le nombre de r\u00e9gimes sp\u00e9cifiques est \u00e9galement en hausse, l\u2019usage des prot\u00e9ines v\u00e9g\u00e9tales se d\u00e9veloppe, notamment au sein des diff\u00e9rents concepts de restauration.<\/p>\n<p>Ce travail de r\u00e9novation de dipl\u00f4mes s\u2019inscrit dans le sillage de la publication en juillet 2022, du Guide P\u00e9dagogique National \u00ab\u00a0<a href=\"https:\/\/ent2d.ac-bordeaux.fr\/disciplines\/hotellerie\/enseigner-en-hr-dans-lacademie\/gap-former-les-cuisiniers-de-demain-alimentation-durable\/\"><em>Former les cuisiniers de demain aux enjeux d\u2019une alimentation durable<\/em><\/a>\u00a0\u00bb, qui s\u2019accompagne de plusieurs exemples de s\u00e9ances p\u00e9dagogiques autour de ces enjeux.<\/p>\n<p>L&#8217;<strong>ANNEXE<\/strong> aux Guides d&#8217;Accompagnement P\u00e9dagogiques<\/p>\n<blockquote><p><strong><span style=\"color: #ffffff\">Cette annexe ne se substitue pas aux Guides d\u2019Accompagnement P\u00e9dagogiques existants, elle pr\u00e9sente ce qui peut faire nouveaut\u00e9 dans les 4 dipl\u00f4mes qui ont fait l\u2019objet d\u2019une r\u00e9\u00e9criture partielle, l\u2019esprit dans lequel ils ont \u00e9t\u00e9 retravaill\u00e9s, elle donne quelques pistes de r\u00e9flexion et propose des outils pour \u00e9valuer.<\/span><\/strong><\/p><\/blockquote>\n<p><a href=\"https:\/\/ent2d.ac-bordeaux.fr\/disciplines\/hotellerie\/wp-content\/uploads\/sites\/46\/2024\/05\/ANNEXE-GAP-CAP-BP-HR-VTEULADE-JMUZARD-2024.pdf\">ANNEXE GAP CAP-BP HR VTEULADE-JMUZARD-2024<\/a><\/p>\n<p>R\u00e9daction V-Teulade IEN Clermont-Ferrand &amp; J-MUZARD IEN Bordeaux<\/p>\n<h3><strong>\u2022 Les outils de suivi &amp; d&#8217;\u00e9valuation<\/strong><\/h3>\n<p><strong>-Livret <\/strong><span style=\"color: #ff00ff\">(nouveau)<\/span><strong> de suivi et d&#8217;\u00e9valuation par comp\u00e9tences EXCEL <\/strong><span style=\"color: #ff00ff\">=&gt; r\u00e9serv\u00e9 aux membres de la Plateforme TRIBU acad\u00e9mie de Bordeaux<\/span><\/p>\n<p>Document Formation nouveaux CAP 11 avril &#8211; CAPBRETON <span style=\"color: #ff00ff\">=&gt; r\u00e9serv\u00e9 aux membres de la Plateforme TRIBU acad\u00e9mie de Bordeaux<\/span><\/p>\n<p><strong>-Grille de positionnement par comp\u00e9tences (J-MUZARD Ac-Bordeaux) :<\/strong><\/p>\n<ul>\n<li><a href=\"https:\/\/ent2d.ac-bordeaux.fr\/disciplines\/hotellerie\/wp-content\/uploads\/sites\/46\/2024\/04\/Grille-positionnement-Epreuve-en-CCF-CAP-CUIS-2025.pdf\">Grille positionnement par comp\u00e9tences &#8211; CAP cuisine<\/a><\/li>\n<li><a href=\"https:\/\/ent2d.ac-bordeaux.fr\/disciplines\/hotellerie\/wp-content\/uploads\/sites\/46\/2024\/04\/Grille-positionnement-Epreuve-en-CCF-CAP-CS-HCR-2025.pdf\">Grille positionnement par comp\u00e9tences &#8211; CAP Commercialisation et Services en H\u00f4tel-Caf\u00e9-Restaurant<\/a><\/li>\n<li><a href=\"https:\/\/ent2d.ac-bordeaux.fr\/disciplines\/hotellerie\/wp-content\/uploads\/sites\/46\/2024\/04\/Grille-positionnement-Epreuve-en-CCF-BP-ADCUIS-2025.pdf\">Grille positionnement par comp\u00e9tences &#8211; Brevet Professionnel &#8211; ARTS de la CUISINE<\/a><\/li>\n<li><a href=\"https:\/\/ent2d.ac-bordeaux.fr\/disciplines\/hotellerie\/wp-content\/uploads\/sites\/46\/2024\/04\/Grille-positionnement-Epreuve-en-CCF-BP-ADSCR-2025.pdf\">Grille positionnement par comp\u00e9tences &#8211; Brevet Professionnel &#8211; ARTS du SERVICE et de la COMMERCIALISATION<\/a><\/li>\n<\/ul>\n<p><strong>-Grille d&#8217;\u00e9valuation examen sous forme ponctuelle (Val\u00e9rie TEULADE Ac-Clermont-Ferrand) :<\/strong><\/p>\n<ul>\n<li><a href=\"https:\/\/ent2d.ac-bordeaux.fr\/disciplines\/hotellerie\/wp-content\/uploads\/sites\/46\/2024\/04\/CAP-Cuisine-EP1-et-EP2-Ponctuel.pdf\">Grilles d&#8217;\u00e9valuation &#8211; CAP Cuisine &#8211; EP1 et EP2 &#8211; Ponctuel<\/a><\/li>\n<li><a href=\"https:\/\/ent2d.ac-bordeaux.fr\/disciplines\/hotellerie\/wp-content\/uploads\/sites\/46\/2024\/04\/CAP-CS-EP1-et-EP2-Ponctuel.pdf\">Grilles d&#8217;\u00e9valuation &#8211; CAP C&amp;S en HCR &#8211; EP1 et EP2 &#8211; Ponctuel<\/a><\/li>\n<li><a href=\"https:\/\/ent2d.ac-bordeaux.fr\/disciplines\/hotellerie\/wp-content\/uploads\/sites\/46\/2024\/04\/BP-AC-E1-E2-et-E3-Ponctuel-.pdf\">Grilles d&#8217;\u00e9valuation &#8211; BP AC &#8211; E1, E2 et E3 &#8211; Ponctuel<\/a><\/li>\n<li><a href=\"https:\/\/ent2d.ac-bordeaux.fr\/disciplines\/hotellerie\/wp-content\/uploads\/sites\/46\/2024\/04\/BP-ASCR-E1-E2-et-E3-Ponctuel.pdf\">Grilles d&#8217;\u00e9valuation &#8211; BP ASCR &#8211; E1, E2 et E3 &#8211; Ponctuel<\/a><\/li>\n<\/ul>\n<p><a href=\"https:\/\/ent2d.ac-bordeaux.fr\/disciplines\/hotellerie\/wp-content\/uploads\/sites\/46\/2024\/05\/Matrice-sujet-EP1-CAP-cuisine-GR-Pilotage-2024.docx\">Matrice (simplifi\u00e9e) \u00c9valuation significative Cuisine 2024<\/a><\/p>\n<p><a href=\"https:\/\/ent2d.ac-bordeaux.fr\/disciplines\/hotellerie\/wp-content\/uploads\/sites\/46\/2024\/05\/Matrice-sujet-EP1-CAP-CS-HCR-GR-Pilotage-2024.docx\">Matrice (simplifi\u00e9e) \u00c9valuation significative CS en HCR 2024<\/a><\/p>\n<p>Liens sur le site national<\/p>\n<p><a class=\"spip_in\" href=\"https:\/\/www.hotellerie-restauration.ac-versailles.fr\/spip.php?article3995\">R\u00e9f\u00e9rentiel CAP commercialisation et services en HCR &#8211; 2024<\/a><br class=\"autobr\" \/><a class=\"spip_in\" href=\"https:\/\/www.hotellerie-restauration.ac-versailles.fr\/spip.php?article3993\">R\u00e9f\u00e9rentiel CAP Cuisine &#8211; 2024<\/a><br class=\"autobr\" \/><a class=\"spip_in\" href=\"https:\/\/www.hotellerie-restauration.ac-versailles.fr\/spip.php?article3997\">R\u00e9f\u00e9rentiel Brevet Professionnel &#8211; Arts du service et commercialisation en restauration &#8211; 2024<\/a><br class=\"autobr\" \/><a class=\"spip_in\" href=\"https:\/\/www.hotellerie-restauration.ac-versailles.fr\/spip.php?article3996\">R\u00e9f\u00e9rentiel Brevet Professionnel &#8211; Arts de la cuisine &#8211; 2024<\/a><br class=\"autobr\" \/><a class=\"spip_in\" href=\"https:\/\/www.hotellerie-restauration.ac-versailles.fr\/spip.php?article3719\">Formons les Cuisiniers de demain aux enjeux d\u2019une Alimentation Durable<\/a><\/p>\n","protected":false},"excerpt":{"rendered":"<p>De nouveaux r\u00e9f\u00e9rentiels de CAP et de BP (2024) Les r\u00e9f\u00e9rentiels de CAP Cuisine, Commercialisation et Services en H\u00f4tel-Caf\u00e9-Restaurant et<\/p>\n","protected":false},"author":166,"featured_media":0,"parent":90,"menu_order":0,"comment_status":"closed","ping_status":"closed","template":"","meta":{"footnotes":""},"class_list":["post-5027","page","type-page","status-publish","hentry"],"_links":{"self":[{"href":"https:\/\/ent2d.ac-bordeaux.fr\/disciplines\/hotellerie\/wp-json\/wp\/v2\/pages\/5027","targetHints":{"allow":["GET"]}}],"collection":[{"href":"https:\/\/ent2d.ac-bordeaux.fr\/disciplines\/hotellerie\/wp-json\/wp\/v2\/pages"}],"about":[{"href":"https:\/\/ent2d.ac-bordeaux.fr\/disciplines\/hotellerie\/wp-json\/wp\/v2\/types\/page"}],"author":[{"embeddable":true,"href":"https:\/\/ent2d.ac-bordeaux.fr\/disciplines\/hotellerie\/wp-json\/wp\/v2\/users\/166"}],"replies":[{"embeddable":true,"href":"https:\/\/ent2d.ac-bordeaux.fr\/disciplines\/hotellerie\/wp-json\/wp\/v2\/comments?post=5027"}],"version-history":[{"count":18,"href":"https:\/\/ent2d.ac-bordeaux.fr\/disciplines\/hotellerie\/wp-json\/wp\/v2\/pages\/5027\/revisions"}],"predecessor-version":[{"id":5073,"href":"https:\/\/ent2d.ac-bordeaux.fr\/disciplines\/hotellerie\/wp-json\/wp\/v2\/pages\/5027\/revisions\/5073"}],"up":[{"embeddable":true,"href":"https:\/\/ent2d.ac-bordeaux.fr\/disciplines\/hotellerie\/wp-json\/wp\/v2\/pages\/90"}],"wp:attachment":[{"href":"https:\/\/ent2d.ac-bordeaux.fr\/disciplines\/hotellerie\/wp-json\/wp\/v2\/media?parent=5027"}],"curies":[{"name":"wp","href":"https:\/\/api.w.org\/{rel}","templated":true}]}}