{"id":495,"date":"2014-05-12T00:00:00","date_gmt":"2014-05-11T22:00:00","guid":{"rendered":"http:\/\/blog1-test.in.ac-bordeaux.fr\/testdisci01\/hotellerie\/?page_id=495"},"modified":"2021-09-01T16:30:41","modified_gmt":"2021-09-01T14:30:41","slug":"epreuve-e22-dossier-professionnel","status":"publish","type":"page","link":"https:\/\/ent2d.ac-bordeaux.fr\/disciplines\/hotellerie\/documents-reglementaires\/epreuve-e22-dossier-professionnel\/","title":{"rendered":"Epreuve E22 dossier professionnel"},"content":{"rendered":"<p>&nbsp;<\/p>\n<table style=\"width: 101.159%\" border=\"0\" cellspacing=\"1\" cellpadding=\"0\" align=\"center\">\n<tbody>\n<tr>\n<td style=\"width: 100%\"><span style=\"font-family: arial, helvetica, sans-serif\"><img loading=\"lazy\" decoding=\"async\" class=\"aligncenter size-medium wp-image-1744\" src=\"https:\/\/ent2d.ac-bordeaux.fr\/disciplines\/hotellerie\/wp-content\/uploads\/sites\/46\/2014\/05\/Capture-d\u2019e\u0301cran-2017-07-11-a\u0300-11.50.44-300x220.png\" alt=\"\" width=\"300\" height=\"220\" srcset=\"https:\/\/ent2d.ac-bordeaux.fr\/disciplines\/hotellerie\/wp-content\/uploads\/sites\/46\/2014\/05\/Capture-d\u2019e\u0301cran-2017-07-11-a\u0300-11.50.44-300x220.png 300w, https:\/\/ent2d.ac-bordeaux.fr\/disciplines\/hotellerie\/wp-content\/uploads\/sites\/46\/2014\/05\/Capture-d\u2019e\u0301cran-2017-07-11-a\u0300-11.50.44-768x564.png 768w, https:\/\/ent2d.ac-bordeaux.fr\/disciplines\/hotellerie\/wp-content\/uploads\/sites\/46\/2014\/05\/Capture-d\u2019e\u0301cran-2017-07-11-a\u0300-11.50.44-1024x752.png 1024w, https:\/\/ent2d.ac-bordeaux.fr\/disciplines\/hotellerie\/wp-content\/uploads\/sites\/46\/2014\/05\/Capture-d\u2019e\u0301cran-2017-07-11-a\u0300-11.50.44.png 1348w\" sizes=\"auto, (max-width: 300px) 100vw, 300px\" \/>Cette \u00e9preuve orale vise \u00e0 \u00e9valuer, par sondage, les comp\u00e9tences figurant dans le tableau page 59 (r\u00e9f\u00e9rentiel bac pro cuisine) ou page 64 (r\u00e9f\u00e9rentiel bac pro CSR).<\/span><br \/>\n<span style=\"font-family: arial, helvetica, sans-serif\">Le candidat construit un dossier tout au long de sa formation ou de son exp\u00e9rience professionnelle (12 pages max hors annexes) \u00e9labor\u00e9 \u00e0 l\u2019aide de l\u2019outil informatique. Le dossier compile un bilan de cinq comp\u00e9tences op\u00e9rationnelles.L&#8217;\u00c9valuation porte sur 3 comp\u00e9tences op\u00e9rationnelles choisies \/ jury (parmi les 5 du dossier). Seule la prestation orale du candidat est \u00e9valu\u00e9e.Il s&#8217;agit d&#8217;un <a href=\"https:\/\/ent2d.ac-bordeaux.fr\/disciplines\/hotellerie\/wp-content\/uploads\/sites\/46\/2017\/07\/Entretien_explicitation20JM-5.pdf\">entretien d&#8217;explicitation<\/a> (voir la fiche de lecture de <a href=\"https:\/\/ent2d.ac-bordeaux.fr\/disciplines\/hotellerie\/wp-content\/uploads\/sites\/46\/2017\/07\/Entretien_explicitation20JM-5.pdf\">l&#8217;ouvrage \u00ab\u00a0L\u2019ENTRETIEN D\u2019EXPLICITATION\u00a0\u00bb<\/a> de Pierre Vermersch) ou le jury demande au candidat de donner des indices suffisants de sa comp\u00e9tence (\u00e0 l&#8217;instar de la d\u00e9marche de VAE), on ne peut pas s&#8217;autoproclamer comp\u00e9tent, encore faut-il le d\u00e9montrer&#8230;<img loading=\"lazy\" decoding=\"async\" class=\"aligncenter wp-image-2030\" src=\"https:\/\/ent2d.ac-bordeaux.fr\/disciplines\/hotellerie\/wp-content\/uploads\/sites\/46\/2014\/05\/Capture-d\u2019e\u0301cran-2017-07-13-a\u0300-14.51.27.png\" alt=\"\" width=\"732\" height=\"217\" srcset=\"https:\/\/ent2d.ac-bordeaux.fr\/disciplines\/hotellerie\/wp-content\/uploads\/sites\/46\/2014\/05\/Capture-d\u2019e\u0301cran-2017-07-13-a\u0300-14.51.27.png 1286w, https:\/\/ent2d.ac-bordeaux.fr\/disciplines\/hotellerie\/wp-content\/uploads\/sites\/46\/2014\/05\/Capture-d\u2019e\u0301cran-2017-07-13-a\u0300-14.51.27-300x89.png 300w, https:\/\/ent2d.ac-bordeaux.fr\/disciplines\/hotellerie\/wp-content\/uploads\/sites\/46\/2014\/05\/Capture-d\u2019e\u0301cran-2017-07-13-a\u0300-14.51.27-768x228.png 768w, https:\/\/ent2d.ac-bordeaux.fr\/disciplines\/hotellerie\/wp-content\/uploads\/sites\/46\/2014\/05\/Capture-d\u2019e\u0301cran-2017-07-13-a\u0300-14.51.27-1024x304.png 1024w\" sizes=\"auto, (max-width: 732px) 100vw, 732px\" \/>Afin d&#8217;accompagner au mieux les candidats d\u00e8s l&#8217;ann\u00e9e de seconde professionnelle, le groupe de pilotage propose une d\u00e9marche fond\u00e9e sur l&#8217;analyse de la situation de travail dans un premier temps, puis la r\u00e9daction de fiche bilan de comp\u00e9tences (FBC).Le processus\u00a0:\u00b7 le point de d\u00e9part est l\u2019activit\u00e9 concr\u00e8te r\u00e9alis\u00e9e lors d\u2019une situation professionnelle ,<\/span><span style=\"font-family: arial, helvetica, sans-serif\">\u00b7 le candidat d\u00e9crit les situations qui servent \u00e0 la validation d\u2019une ou des comp\u00e9tences,<\/span><span style=\"font-family: arial, helvetica, sans-serif\">\u00b7 on est dans une logique d\u2019apport de preuves puis\u00e9es dans des \u00e9l\u00e9ments de la vie en entreprise,<\/span><span style=\"font-family: arial, helvetica, sans-serif\">les situations doivent s\u2019appuyer sur le r\u00e9f\u00e9rentiel pour en d\u00e9duire les connaissances, aptitudes et comp\u00e9tences ma\u00eetris\u00e9es par le candidat.<\/span><\/td>\n<\/tr>\n<tr>\n<td style=\"width: 100%\">\n<ol>\n<li><span style=\"font-family: arial, helvetica, sans-serif\"><a href=\"https:\/\/ent2d.ac-bordeaux.fr\/disciplines\/hotellerie\/wp-content\/uploads\/sites\/46\/2014\/05\/Note-e\u0301quipe-pe\u0301dagogique-et-candidat-\u2013-E\u0301preuve-E22-dossier-professionnel.pdf\">Note e\u0301quipe pe\u0301dagogique et candidat \u2013 E\u0301preuve E22 dossier professionnel<\/a><\/span><\/li>\n<li><span style=\"font-family: arial, helvetica, sans-serif\"><a href=\"#demarche-E22\">D\u00e9marche de travail<\/a><\/span><\/li>\n<li><span style=\"font-family: arial, helvetica, sans-serif\"><a href=\"https:\/\/ent2d.ac-bordeaux.fr\/disciplines\/hotellerie\/wp-content\/uploads\/sites\/46\/2017\/07\/Dossier-E22-composition1-2.jpg\">Composition du dossier professionnel<\/a><\/span><\/li>\n<li><span style=\"font-family: arial, helvetica, sans-serif\"><a href=\"https:\/\/ent2d.ac-bordeaux.fr\/disciplines\/hotellerie\/documents-reglementaires\/epreuve-e22-dossier-professionnel\/structure-du-dossier-e22-2\/\" rel=\"attachment wp-att-4373\">Structure du dossier professionnel Epreuve E22<\/a> <span style=\"font-size: 8pt;color: #ff00ff\">&#8211; Maddy RIBOULLET Juillet 2021 <\/span><em><span style=\"font-size: 8pt\">(document au format libre sous WORD sur notre plateforme TRIBU)<\/span><\/em><\/span><\/li>\n<li><span style=\"font-family: arial, helvetica, sans-serif\"><a href=\"https:\/\/ent2d.ac-bordeaux.fr\/disciplines\/hotellerie\/wp-content\/uploads\/sites\/46\/2017\/07\/Grille20dE28099auto-analyse20et20dE28099aide20C3A020la20rC3A9daction20dE28099une20FBC20JMUZARD-5.pdf\">Grille d\u2019auto-analyse et d\u2019aide \u00e0 la r\u00e9daction d\u2019une FBC<\/a><\/span><\/li>\n<li><span style=\"font-family: arial, helvetica, sans-serif\"><a href=\"https:\/\/ent2d.ac-bordeaux.fr\/disciplines\/hotellerie\/wp-content\/uploads\/sites\/46\/2017\/07\/FBC20Fiche20bilan20compC3A9tence20E2220J20MUZARD-5.pdf\">FBC Fiche bilan comp\u00e9tence E22 mod\u00e8le<\/a><\/span><\/li>\n<li><span style=\"font-family: arial, helvetica, sans-serif\"><a style=\"font-size: inherit\" href=\"https:\/\/ent2d.ac-bordeaux.fr\/disciplines\/hotellerie\/wp-content\/uploads\/sites\/46\/2017\/07\/FBC20Fiche20bilan20compC3A9tence20E2220J20MUZARD20vierge-5.doc\">FBC Fiche bilan comp\u00e9tence E22 matrice word<\/a><\/span><\/li>\n<li><span style=\"font-family: arial, helvetica, sans-serif\"><a href=\"https:\/\/ent2d.ac-bordeaux.fr\/disciplines\/hotellerie\/wp-content\/uploads\/sites\/46\/2014\/05\/Le-dossier-professionnel-Prof-Harmonisation.doc\">Exemple de document d&#8217;information &#8211; Equipe p\u00e9dagogique LP BLAYE<\/a> <span style=\"font-size: 8pt;color: #333399\">(L. METERREAU)<\/span><\/span><\/li>\n<li><span style=\"font-family: arial, helvetica, sans-serif\"><a href=\"https:\/\/ent2d.ac-bordeaux.fr\/disciplines\/hotellerie\/wp-content\/uploads\/sites\/46\/2014\/05\/Le-dossier-professionnel.ppt\">Le dossier professionnel &#8211; Diaporama &#8211; Equipe p\u00e9dagogique LP BLAYE<\/a> <span style=\"color: #333399;font-size: 8pt\">(L. METERREAU)<\/span><\/span><\/li>\n<li><span style=\"font-family: arial, helvetica, sans-serif\"><a href=\"https:\/\/tribu.phm.education.gouv.fr\/portal\/auth\/pagemarker\/107\/cms\/default-domain\/workspaces\/espace-pedagogique-filiere-hotellerie-restauration-academie-de-bordeaux?scope=__nocache&amp;addToBreadcrumb=0&amp;displayLiveVersion=1&amp;pagePath=%252Ffoad%252Fhome-member&amp;pageParams=\">Document d&#8217;aide \u00e9l\u00e8ve pour l&#8217;\u00e9preuve E22<\/a> <span style=\"font-size: 8pt;color: #3366ff\">M-RIBOULLET 2021 =&gt; Espace s\u00e9curis\u00e9 TRIBU<\/span><\/span><\/li>\n<li><span style=\"font-family: arial, helvetica, sans-serif\"><a href=\"https:\/\/tribu.phm.education.gouv.fr\/portal\/auth\/pagemarker\/107\/cms\/default-domain\/workspaces\/espace-pedagogique-filiere-hotellerie-restauration-academie-de-bordeaux?scope=__nocache&amp;addToBreadcrumb=0&amp;displayLiveVersion=1&amp;pagePath=%252Ffoad%252Fhome-member&amp;pageParams=\">Matrice Word pour le dossier professionnel <span style=\"font-size: 8pt;color: #3366ff\">M-RIBOULLET 2021 =&gt; Espace s\u00e9curis\u00e9 TRIBU<\/span><\/a><\/span><\/li>\n<\/ol>\n<\/td>\n<\/tr>\n<tr>\n<td style=\"width: 100%\"><span style=\"font-family: arial, helvetica, sans-serif\">Composition du dossier professionnel <a href=\"https:\/\/ent2d.ac-bordeaux.fr\/disciplines\/hotellerie\/wp-content\/uploads\/sites\/46\/2017\/07\/Dossier20E2220composition1-2.jpg\">cliquer pour agrandir l&#8217;image<\/a><\/span><\/p>\n<p><span style=\"font-family: arial, helvetica, sans-serif\"><a href=\"https:\/\/ent2d.ac-bordeaux.fr\/disciplines\/hotellerie\/wp-content\/uploads\/sites\/46\/2017\/07\/Dossier20E2220composition1-2.jpg\"><img loading=\"lazy\" decoding=\"async\" class=\"aligncenter\" src=\"https:\/\/ent2d.ac-bordeaux.fr\/disciplines\/hotellerie\/wp-content\/uploads\/sites\/46\/2017\/07\/Dossier-E22-composition-5.jpg\" alt=\"\" width=\"614\" height=\"261\" \/><\/a><\/span><\/td>\n<\/tr>\n<tr>\n<td style=\"width: 100%\"><span style=\"font-family: arial, helvetica, sans-serif\">\u00a0D\u00e9marche de travail <a href=\"https:\/\/ent2d.ac-bordeaux.fr\/disciplines\/hotellerie\/wp-content\/uploads\/sites\/46\/2017\/07\/Dossier20E2220dC3A9marche1-4.jpg\">cliquer pour agrandir l&#8217;image<\/a><\/span><\/td>\n<\/tr>\n<tr>\n<td style=\"width: 100%\"><a id=\"demarche-E22\"><\/a><span style=\"font-family: arial, helvetica, sans-serif\"><img loading=\"lazy\" decoding=\"async\" class=\"aligncenter size-full wp-image-2031\" src=\"https:\/\/ent2d.ac-bordeaux.fr\/disciplines\/hotellerie\/wp-content\/uploads\/sites\/46\/2014\/05\/Capture-d\u2019e\u0301cran-2017-07-13-a\u0300-14.52.44.png\" alt=\"\" width=\"2078\" height=\"956\" srcset=\"https:\/\/ent2d.ac-bordeaux.fr\/disciplines\/hotellerie\/wp-content\/uploads\/sites\/46\/2014\/05\/Capture-d\u2019e\u0301cran-2017-07-13-a\u0300-14.52.44.png 2078w, https:\/\/ent2d.ac-bordeaux.fr\/disciplines\/hotellerie\/wp-content\/uploads\/sites\/46\/2014\/05\/Capture-d\u2019e\u0301cran-2017-07-13-a\u0300-14.52.44-300x138.png 300w, https:\/\/ent2d.ac-bordeaux.fr\/disciplines\/hotellerie\/wp-content\/uploads\/sites\/46\/2014\/05\/Capture-d\u2019e\u0301cran-2017-07-13-a\u0300-14.52.44-768x353.png 768w, https:\/\/ent2d.ac-bordeaux.fr\/disciplines\/hotellerie\/wp-content\/uploads\/sites\/46\/2014\/05\/Capture-d\u2019e\u0301cran-2017-07-13-a\u0300-14.52.44-1024x471.png 1024w\" sizes=\"auto, (max-width: 2078px) 100vw, 2078px\" \/><\/span><\/td>\n<\/tr>\n<\/tbody>\n<\/table>\n","protected":false},"excerpt":{"rendered":"<p>&nbsp; Cette \u00e9preuve orale vise \u00e0 \u00e9valuer, par sondage, les comp\u00e9tences figurant dans le tableau page 59 (r\u00e9f\u00e9rentiel bac pro<\/p>\n","protected":false},"author":166,"featured_media":0,"parent":518,"menu_order":0,"comment_status":"closed","ping_status":"closed","template":"","meta":{"footnotes":""},"class_list":["post-495","page","type-page","status-publish","hentry"],"_links":{"self":[{"href":"https:\/\/ent2d.ac-bordeaux.fr\/disciplines\/hotellerie\/wp-json\/wp\/v2\/pages\/495","targetHints":{"allow":["GET"]}}],"collection":[{"href":"https:\/\/ent2d.ac-bordeaux.fr\/disciplines\/hotellerie\/wp-json\/wp\/v2\/pages"}],"about":[{"href":"https:\/\/ent2d.ac-bordeaux.fr\/disciplines\/hotellerie\/wp-json\/wp\/v2\/types\/page"}],"author":[{"embeddable":true,"href":"https:\/\/ent2d.ac-bordeaux.fr\/disciplines\/hotellerie\/wp-json\/wp\/v2\/users\/166"}],"replies":[{"embeddable":true,"href":"https:\/\/ent2d.ac-bordeaux.fr\/disciplines\/hotellerie\/wp-json\/wp\/v2\/comments?post=495"}],"version-history":[{"count":17,"href":"https:\/\/ent2d.ac-bordeaux.fr\/disciplines\/hotellerie\/wp-json\/wp\/v2\/pages\/495\/revisions"}],"predecessor-version":[{"id":4376,"href":"https:\/\/ent2d.ac-bordeaux.fr\/disciplines\/hotellerie\/wp-json\/wp\/v2\/pages\/495\/revisions\/4376"}],"up":[{"embeddable":true,"href":"https:\/\/ent2d.ac-bordeaux.fr\/disciplines\/hotellerie\/wp-json\/wp\/v2\/pages\/518"}],"wp:attachment":[{"href":"https:\/\/ent2d.ac-bordeaux.fr\/disciplines\/hotellerie\/wp-json\/wp\/v2\/media?parent=495"}],"curies":[{"name":"wp","href":"https:\/\/api.w.org\/{rel}","templated":true}]}}