{"id":4845,"date":"2023-03-10T15:07:20","date_gmt":"2023-03-10T14:07:20","guid":{"rendered":"https:\/\/ent2d.ac-bordeaux.fr\/disciplines\/hotellerie\/?page_id=4845"},"modified":"2023-03-23T09:26:26","modified_gmt":"2023-03-23T08:26:26","slug":"enseigner-en-travaux-pratiques-dans-la-filiere-hoteliere","status":"publish","type":"page","link":"https:\/\/ent2d.ac-bordeaux.fr\/disciplines\/hotellerie\/enseigner-en-hr-dans-lacademie\/enseigner-en-travaux-pratiques-dans-la-filiere-hoteliere\/","title":{"rendered":"Enseigner en travaux pratiques dans la Fili\u00e8re H\u00f4teli\u00e8re"},"content":{"rendered":"<p><a href=\"https:\/\/ent2d.ac-bordeaux.fr\/disciplines\/hotellerie\/wp-content\/uploads\/sites\/46\/2023\/03\/Capture-de\u0301cran-2023-03-13-a\u0300-09.52.45.png\"><img loading=\"lazy\" decoding=\"async\" class=\"wp-image-4891 aligncenter\" src=\"https:\/\/ent2d.ac-bordeaux.fr\/disciplines\/hotellerie\/wp-content\/uploads\/sites\/46\/2023\/03\/Capture-de\u0301cran-2023-03-13-a\u0300-09.52.45.png\" alt=\"\" width=\"585\" height=\"75\" srcset=\"https:\/\/ent2d.ac-bordeaux.fr\/disciplines\/hotellerie\/wp-content\/uploads\/sites\/46\/2023\/03\/Capture-de\u0301cran-2023-03-13-a\u0300-09.52.45.png 998w, https:\/\/ent2d.ac-bordeaux.fr\/disciplines\/hotellerie\/wp-content\/uploads\/sites\/46\/2023\/03\/Capture-de\u0301cran-2023-03-13-a\u0300-09.52.45-300x38.png 300w, https:\/\/ent2d.ac-bordeaux.fr\/disciplines\/hotellerie\/wp-content\/uploads\/sites\/46\/2023\/03\/Capture-de\u0301cran-2023-03-13-a\u0300-09.52.45-768x99.png 768w\" sizes=\"auto, (max-width: 585px) 100vw, 585px\" \/><\/a><\/p>\n<p style=\"text-align: justify\"><span style=\"font-family: arial, helvetica, sans-serif;color: #333399\"><b>Ce cahier des charges a \u00e9t\u00e9 r\u00e9dig\u00e9 suite aux consensus trouv\u00e9s par les enseignants lors d\u2019un module de formation (2 jours) sous la forme \u00ab <em>d\u2019un atelier de pratique accompagn\u00e9e<\/em> \u00bb s\u2019inspirant de la pratique d\u2019un laboratoire p\u00e9dagogique.<\/b><\/span><\/p>\n<p style=\"text-align: justify\"><span style=\"font-family: arial, helvetica, sans-serif;color: #333399\"><strong>Ce cahier des charges <u>ne constitue en rien une norme absolue<\/u> qui s\u2019impose \u00e0 tous, mais propose des \u00e9l\u00e9ments d\u2019informations d\u00e9di\u00e9es aux enseignants d\u00e9butants, tout en permettant \u00e0 ceux qui b\u00e9n\u00e9ficient d\u2019une exp\u00e9rience certaine, de mettre en questionnement leur propre pratique, face aux enjeux de la formation professionnelle de demain.<\/strong><\/span><\/p>\n<p style=\"text-align: justify\"><span style=\"font-family: arial, helvetica, sans-serif;color: #333399\"><strong>Merci \u00e0 l\u2019ensemble des contributeurs !<\/strong><\/span><\/p>\n<p><span style=\"font-size: 10pt;color: #333399;font-family: arial, helvetica, sans-serif\"><strong>J\u00e9r\u00f4me MUZARD &#8211; IEN \u00e9conomie-gestion Fili\u00e8re HR Ac-Bordeaux<\/strong><\/span><\/p>\n<p style=\"text-align: justify\"><span style=\"font-family: arial, helvetica, sans-serif\">La s\u00e9ance de travaux pratiques permet \u00e0 l\u2019apprenant d\u2019acqu\u00e9rir des codes et usages professionnels, des gestes et techniques, des comp\u00e9tences techniques, sociales et comportementales (<em>c<\/em><em>ommuniquer a\u0300 l\u2019oral dans le monde professionnel, <\/em><em>a<\/em><em>pprendre \u00e0 se situer et \u00e0 se former tout au long de la vie, des soft-skills (<\/em><em>g\u00e9rer son <\/em><em>intelligence \u00e9motionnelle, son stress, d\u00e9velopper son envie d\u2019entreprendre, faire preuve d\u2019empathie, d\u2019audace, de solidarit\u00e9, g\u00e9rer ses relations interpersonnelles..<\/em>.). Elle met en lumi\u00e8re une partie des savoirs associ\u00e9s abord\u00e9s dans les autres temps d\u2019apprentissage en proposant des transferts en situation professionnelle r\u00e9elle ou simul\u00e9e.<\/span><\/p>\n<p><span style=\"font-family: arial, helvetica, sans-serif\">Elle permet en outre \u00e0 l\u2019apprenant de montrer les comp\u00e9tences d\u00e9velopp\u00e9es en entreprise.<\/span><\/p>\n<p><span style=\"color: #000080\"><strong><span style=\"font-family: arial, helvetica, sans-serif\">La s\u00e9ance de travaux pratiques s&#8217;inscrit dans un sch\u00e9ma logique de diffrentes modalit\u00e9s p\u00e9dagogiques<\/span><\/strong><\/span><\/p>\n<p><span style=\"font-family: arial, helvetica, sans-serif\"><strong><span style=\"color: #000080\"><a href=\"https:\/\/ent2d.ac-bordeaux.fr\/disciplines\/hotellerie\/wp-content\/uploads\/sites\/46\/2023\/03\/schema-modalites-peda.png\"><img loading=\"lazy\" decoding=\"async\" class=\"alignleft size-full wp-image-4857\" src=\"https:\/\/ent2d.ac-bordeaux.fr\/disciplines\/hotellerie\/wp-content\/uploads\/sites\/46\/2023\/03\/schema-modalites-peda.png\" alt=\"\" width=\"806\" height=\"620\" srcset=\"https:\/\/ent2d.ac-bordeaux.fr\/disciplines\/hotellerie\/wp-content\/uploads\/sites\/46\/2023\/03\/schema-modalites-peda.png 806w, https:\/\/ent2d.ac-bordeaux.fr\/disciplines\/hotellerie\/wp-content\/uploads\/sites\/46\/2023\/03\/schema-modalites-peda-300x231.png 300w, https:\/\/ent2d.ac-bordeaux.fr\/disciplines\/hotellerie\/wp-content\/uploads\/sites\/46\/2023\/03\/schema-modalites-peda-768x591.png 768w\" sizes=\"auto, (max-width: 806px) 100vw, 806px\" \/><\/a><\/span><\/strong><span style=\"color: #008000\"><span style=\"font-size: 8pt\">Source : J-MUZARD Ac-Bordeaux<\/span><\/span><\/span><\/p>\n<p><span style=\"font-family: arial, helvetica, sans-serif\"><strong><span style=\"color: #000080\">Les ressources propos\u00e9es en compl\u00e9ment du cahier des charges :<\/span><\/strong><\/span><\/p>\n<table style=\"height: 294px;width: 714px\" cellspacing=\"0\" cellpadding=\"0\">\n<tbody>\n<tr style=\"height: 48px\">\n<td style=\"width: 33.625px;height: 48px\"><span style=\"font-family: arial, helvetica, sans-serif\"><img loading=\"lazy\" decoding=\"async\" class=\"alignnone wp-image-4850 size-full\" src=\"https:\/\/ent2d.ac-bordeaux.fr\/disciplines\/hotellerie\/wp-content\/uploads\/sites\/46\/2023\/03\/Capture-de\u0301cran-2023-03-10-a\u0300-15.29.19.png\" alt=\"\" width=\"166\" height=\"168\" \/><\/span><\/td>\n<td style=\"width: 664.375px;height: 48px\"><span style=\"font-family: arial, helvetica, sans-serif\">Le <strong><a href=\"https:\/\/ent2d.ac-bordeaux.fr\/disciplines\/hotellerie\/wp-content\/uploads\/sites\/46\/2023\/03\/CDC-Enseigner-en-TP-Filiere-HR-Ac-Bordeaux.pdf\">Cahier des Charges acad\u00e9mique<\/a><\/strong>\u00a0: &#8220;<em>Comment pr\u00e9parer, Lancer, Animer et Evaluer une s\u00e9ance de travaux pratiques dans la fili\u00e8re h\u00f4teli\u00e8re ?<\/em> &#8221; <span style=\"color: #ff6600;font-size: 8pt\">&#8211; Groupe de r\u00e9flexion &amp; J-MUZARD 2023<\/span><\/span><\/td>\n<\/tr>\n<tr style=\"height: 16.9375px\">\n<td style=\"width: 33.625px;height: 16.9375px\"><span style=\"font-family: arial, helvetica, sans-serif\"><a href=\"https:\/\/ent2d.ac-bordeaux.fr\/disciplines\/hotellerie\/wp-content\/uploads\/sites\/46\/2023\/03\/Capture-de\u0301cran-2023-03-10-a\u0300-15.30.18.png\"><img loading=\"lazy\" decoding=\"async\" class=\"alignnone wp-image-4852 size-full\" src=\"https:\/\/ent2d.ac-bordeaux.fr\/disciplines\/hotellerie\/wp-content\/uploads\/sites\/46\/2023\/03\/Capture-de\u0301cran-2023-03-10-a\u0300-15.30.18.png\" alt=\"\" width=\"178\" height=\"156\" \/><b><\/b><\/a><b><a href=\"https:\/\/ent2d.ac-bordeaux.fr\/disciplines\/hotellerie\/wp-content\/uploads\/sites\/46\/2023\/03\/Capture-de\u0301cran-2023-03-10-a\u0300-16.20.40.png\"><img loading=\"lazy\" decoding=\"async\" class=\"alignnone wp-image-4884 size-full\" src=\"https:\/\/ent2d.ac-bordeaux.fr\/disciplines\/hotellerie\/wp-content\/uploads\/sites\/46\/2023\/03\/Capture-de\u0301cran-2023-03-10-a\u0300-16.20.40.png\" alt=\"\" width=\"158\" height=\"68\" \/><\/a><\/b><\/span><\/td>\n<td style=\"width: 664.375px;height: 16.9375px\"><span style=\"font-family: arial, helvetica, sans-serif\"><a href=\"https:\/\/ent2d.ac-bordeaux.fr\/disciplines\/hotellerie\/wp-content\/uploads\/sites\/46\/2023\/03\/Annexe-6-LANCEMENT-DE-TP-JM-TV-exemple.pdf\"><strong>Diaporama d&#8217;animation<\/strong><\/a> d&#8217;une s\u00e9ance de travaux pratiques en <strong>Cuisine<\/strong> &#8211; Exemple d&#8217;une s\u00e9ance de TP <span style=\"color: #ff6600;font-size: 8pt\">&#8211; Thibault VANEL &amp; J. MUZARD 2023<\/span><\/span><\/td>\n<\/tr>\n<tr style=\"height: 72px\">\n<td style=\"width: 33.625px;height: 72px\"><span style=\"font-family: arial, helvetica, sans-serif\"><a href=\"https:\/\/ent2d.ac-bordeaux.fr\/disciplines\/hotellerie\/wp-content\/uploads\/sites\/46\/2023\/03\/Capture-de\u0301cran-2023-03-10-a\u0300-15.30.18.png\"><img loading=\"lazy\" decoding=\"async\" class=\"alignnone wp-image-4852 size-full\" src=\"https:\/\/ent2d.ac-bordeaux.fr\/disciplines\/hotellerie\/wp-content\/uploads\/sites\/46\/2023\/03\/Capture-de\u0301cran-2023-03-10-a\u0300-15.30.18.png\" alt=\"\" width=\"178\" height=\"156\" \/><b><\/b><\/a><b><a href=\"https:\/\/ent2d.ac-bordeaux.fr\/disciplines\/hotellerie\/wp-content\/uploads\/sites\/46\/2023\/03\/Capture-de\u0301cran-2023-03-10-a\u0300-16.20.40.png\"><img loading=\"lazy\" decoding=\"async\" class=\"alignnone wp-image-4884 size-full\" src=\"https:\/\/ent2d.ac-bordeaux.fr\/disciplines\/hotellerie\/wp-content\/uploads\/sites\/46\/2023\/03\/Capture-de\u0301cran-2023-03-10-a\u0300-16.20.40.png\" alt=\"\" width=\"158\" height=\"68\" \/><\/a><\/b><\/span><\/td>\n<td style=\"width: 664.375px;height: 72px\"><span style=\"font-family: arial, helvetica, sans-serif\"><strong><a href=\"https:\/\/ent2d.ac-bordeaux.fr\/disciplines\/hotellerie\/wp-content\/uploads\/sites\/46\/2023\/03\/Annexe-6-LANCEMENT-DE-TP-Cuisine-JM-TV-Modele.pdf\">Diaporama d&#8217;animation<\/a><\/strong> Modele d&#8217;une s\u00e9ance de travaux pratiques en <strong>Cuisine<\/strong> &#8211; Matrice vierge \u00e0 utiliser (r\u00e9serv\u00e9e aux enseignant de l&#8217;acad\u00e9mie de Bordeaux =&gt; plateforme TRIBU) <span style=\"color: #ff6600;font-size: 8pt\">&#8211; Thibault VANEL &amp; J. MUZARD 2023<\/span><\/span><\/td>\n<\/tr>\n<tr style=\"height: 48px\">\n<td style=\"width: 33.625px;height: 48px\"><span style=\"font-family: arial, helvetica, sans-serif\"><a href=\"https:\/\/ent2d.ac-bordeaux.fr\/disciplines\/hotellerie\/wp-content\/uploads\/sites\/46\/2023\/03\/Capture-de\u0301cran-2023-03-10-a\u0300-15.31.12.png\"><img loading=\"lazy\" decoding=\"async\" class=\"alignnone wp-image-4853 size-full\" src=\"https:\/\/ent2d.ac-bordeaux.fr\/disciplines\/hotellerie\/wp-content\/uploads\/sites\/46\/2023\/03\/Capture-de\u0301cran-2023-03-10-a\u0300-15.31.12.png\" alt=\"\" width=\"168\" height=\"178\" \/><\/a><\/span><\/td>\n<td style=\"width: 664.375px;height: 48px\"><span style=\"font-family: arial, helvetica, sans-serif\"><strong><a href=\"https:\/\/ent2d.ac-bordeaux.fr\/disciplines\/hotellerie\/wp-content\/uploads\/sites\/46\/2023\/03\/Annexe-6-LANCEMENT-DE-TP-CSR-M-RIBOULLET-JM.pdf\">Diaporama d&#8217;animation<\/a><\/strong> d&#8217;une s\u00e9ance de travaux pratiques en <strong>Restaurant<\/strong> &#8211; Exemple d&#8217;une s\u00e9ance de TP <span style=\"color: #ff6600;font-size: 8pt\">&#8211; Maddy RIBOULLET 2023<\/span><\/span><\/td>\n<\/tr>\n<tr style=\"height: 72px\">\n<td style=\"width: 33.625px;height: 72px\"><span style=\"font-family: arial, helvetica, sans-serif\"><a href=\"https:\/\/ent2d.ac-bordeaux.fr\/disciplines\/hotellerie\/wp-content\/uploads\/sites\/46\/2023\/03\/Capture-de\u0301cran-2023-03-10-a\u0300-15.31.12.png\"><img loading=\"lazy\" decoding=\"async\" class=\"alignnone wp-image-4853 size-full\" src=\"https:\/\/ent2d.ac-bordeaux.fr\/disciplines\/hotellerie\/wp-content\/uploads\/sites\/46\/2023\/03\/Capture-de\u0301cran-2023-03-10-a\u0300-15.31.12.png\" alt=\"\" width=\"168\" height=\"178\" \/><\/a><\/span><\/td>\n<td style=\"width: 664.375px;height: 72px\"><span style=\"font-family: arial, helvetica, sans-serif\"><a href=\"https:\/\/tribu.phm.education.gouv.fr\/portal_v2\/tribu-app\/document?id=Mge5NA\"><strong>Diaporama d&#8217;animation<\/strong><\/a> d&#8217;une s\u00e9ance de travaux pratiques en <strong>Restaurant<\/strong> &#8211; Matrice vierge \u00e0 utiliser (r\u00e9serv\u00e9e aux enseignant de l&#8217;acad\u00e9mie de Bordeaux =&gt; plateforme TRIBU) <span style=\"color: #ff6600;font-size: 8pt\">&#8211; Maddy RIBOULLET 2023<\/span><\/span><\/td>\n<\/tr>\n<tr style=\"height: 24px\">\n<td style=\"width: 33.625px;height: 24px\"><span style=\"font-family: arial, helvetica, sans-serif\"><a href=\"https:\/\/ent2d.ac-bordeaux.fr\/disciplines\/hotellerie\/wp-content\/uploads\/sites\/46\/2023\/03\/Capture-de\u0301cran-2023-03-10-a\u0300-15.30.18.png\"><img loading=\"lazy\" decoding=\"async\" class=\"alignnone wp-image-4852 size-full\" src=\"https:\/\/ent2d.ac-bordeaux.fr\/disciplines\/hotellerie\/wp-content\/uploads\/sites\/46\/2023\/03\/Capture-de\u0301cran-2023-03-10-a\u0300-15.30.18.png\" alt=\"\" width=\"178\" height=\"156\" \/><\/a><\/span><\/td>\n<td style=\"width: 664.375px;height: 24px\"><span style=\"font-family: arial, helvetica, sans-serif\">Exemple d&#8217;un <strong><a href=\"https:\/\/ent2d.ac-bordeaux.fr\/disciplines\/hotellerie\/wp-content\/uploads\/sites\/46\/2023\/03\/Corpus-livret-1-2e\u0300me-anne\u0301e-de-formation-CAP-cuisine-Ne\u0301rac-2022-23..pdf\">Carnet de Bord de TP Cuisine<\/a>\u00a0<span style=\"color: #ff6600;font-size: 8pt\">&#8211; David CHASSAGNE 2023<\/span><\/strong><\/span><\/td>\n<\/tr>\n<tr style=\"height: 24px\">\n<td style=\"width: 33.625px;height: 24px\"><span style=\"font-family: arial, helvetica, sans-serif\"><a href=\"https:\/\/ent2d.ac-bordeaux.fr\/disciplines\/hotellerie\/wp-content\/uploads\/sites\/46\/2023\/03\/Capture-de\u0301cran-2023-03-10-a\u0300-15.31.12.png\"><img loading=\"lazy\" decoding=\"async\" class=\"alignnone wp-image-4853 size-full\" src=\"https:\/\/ent2d.ac-bordeaux.fr\/disciplines\/hotellerie\/wp-content\/uploads\/sites\/46\/2023\/03\/Capture-de\u0301cran-2023-03-10-a\u0300-15.31.12.png\" alt=\"\" width=\"168\" height=\"178\" \/><\/a><\/span><\/td>\n<td style=\"width: 664.375px;height: 24px\"><span style=\"font-family: arial, helvetica, sans-serif\">Exemple d&#8217;un <strong><a href=\"https:\/\/ent2d.ac-bordeaux.fr\/disciplines\/hotellerie\/wp-content\/uploads\/sites\/46\/2023\/03\/CAHIER-DE-TP.pdf\">Carnet de Bord de TP restaurant <\/a><span style=\"color: #ff6600;font-size: 8pt\">&#8211; Olivier COMBE 2023<\/span><\/strong><\/span><\/td>\n<\/tr>\n<tr style=\"height: 30px\">\n<td style=\"width: 33.625px;height: 30px\"><span style=\"font-family: arial, helvetica, sans-serif;color: #000080\"><span style=\"color: #000080\"><b><a href=\"https:\/\/ent2d.ac-bordeaux.fr\/disciplines\/hotellerie\/wp-content\/uploads\/sites\/46\/2023\/03\/Capture-de\u0301cran-2023-03-10-a\u0300-16.20.40.png\"><img loading=\"lazy\" decoding=\"async\" class=\"alignnone wp-image-4884 size-full\" src=\"https:\/\/ent2d.ac-bordeaux.fr\/disciplines\/hotellerie\/wp-content\/uploads\/sites\/46\/2023\/03\/Capture-de\u0301cran-2023-03-10-a\u0300-16.20.40.png\" alt=\"\" width=\"158\" height=\"68\" \/><\/a><\/b><\/span><\/span><\/td>\n<td style=\"width: 664.375px;height: 30px\"><span style=\"font-family: arial, helvetica, sans-serif\">Matrice vierge <a href=\"https:\/\/tribu.phm.education.gouv.fr\/portal_v2\/tribu-app\/document?id=Mge5NA\"><strong>Fiche d&#8217;intention et de Sc\u00e9nario P\u00e9dagogique<\/strong><\/a> FISP =&gt; TRIBU<\/span><\/td>\n<\/tr>\n<tr style=\"height: 24px\">\n<td style=\"width: 33.625px;height: 24px\"><span style=\"font-family: arial, helvetica, sans-serif\"><a href=\"https:\/\/ent2d.ac-bordeaux.fr\/disciplines\/hotellerie\/wp-content\/uploads\/sites\/46\/2023\/03\/Capture-de\u0301cran-2023-03-10-a\u0300-15.30.18.png\"><img loading=\"lazy\" decoding=\"async\" class=\"alignnone wp-image-4852 size-full\" src=\"https:\/\/ent2d.ac-bordeaux.fr\/disciplines\/hotellerie\/wp-content\/uploads\/sites\/46\/2023\/03\/Capture-de\u0301cran-2023-03-10-a\u0300-15.30.18.png\" alt=\"\" width=\"178\" height=\"156\" \/><\/a><\/span><\/td>\n<td style=\"width: 664.375px;height: 24px\"><span style=\"font-family: arial, helvetica, sans-serif\">Exemple de <strong><a href=\"https:\/\/ent2d.ac-bordeaux.fr\/disciplines\/hotellerie\/wp-content\/uploads\/sites\/46\/2023\/03\/ANNEXE-3-FISP-TP-APS.pdf\">Fiche d&#8217;intention et de Sc\u00e9nario P\u00e9dagogique<\/a><\/strong>\u00a0FISP &#8211; <span style=\"color: #ff6600;font-size: 8pt\">St\u00e9phane MARCH 2023<\/span><\/span><\/td>\n<\/tr>\n<tr style=\"height: 48px\">\n<td style=\"width: 33.625px;height: 48px\"><\/td>\n<td style=\"width: 664.375px;height: 48px\"><span style=\"font-family: arial, helvetica, sans-serif\"><strong><a href=\"https:\/\/ent2d.ac-bordeaux.fr\/disciplines\/hotellerie\/wp-content\/uploads\/sites\/46\/2023\/03\/Annnexe-7-Exemple-Matrice-Eval-BCP-CUIS-JM-TP-Cuisine.pdf\">Matrice d&#8217;\u00e9valuation par comp\u00e9tences<\/a><\/strong> (automatis\u00e9e sur Excel) <span style=\"font-size: 10pt\">=&gt; version \u00e0 personnaliser =&gt; TRIBU &#8211;<span style=\"color: #ff6600;font-size: 8pt\">J. -MUZARD 2023<\/span><\/span><\/span><\/td>\n<\/tr>\n<tr style=\"height: 24px\">\n<td style=\"width: 33.625px;height: 24px\"><span style=\"font-family: arial, helvetica, sans-serif\"><a href=\"https:\/\/ent2d.ac-bordeaux.fr\/disciplines\/hotellerie\/wp-content\/uploads\/sites\/46\/2023\/03\/Capture-de\u0301cran-2023-03-10-a\u0300-15.30.18.png\"><img loading=\"lazy\" decoding=\"async\" class=\"alignnone wp-image-4852 size-full\" src=\"https:\/\/ent2d.ac-bordeaux.fr\/disciplines\/hotellerie\/wp-content\/uploads\/sites\/46\/2023\/03\/Capture-de\u0301cran-2023-03-10-a\u0300-15.30.18.png\" alt=\"\" width=\"178\" height=\"156\" \/><\/a><\/span><\/td>\n<td style=\"width: 664.375px;height: 24px\"><span style=\"font-family: arial, helvetica, sans-serif\">Exemple d&#8217;un <strong><a href=\"https:\/\/ent2d.ac-bordeaux.fr\/disciplines\/hotellerie\/wp-content\/uploads\/sites\/46\/2023\/03\/Contrat-de-formation-Bilan-de-se\u0301ance.pdf\">Contrat de formation <\/a><\/strong>avec bilan d&#8217;auto-positionnement par l&#8217;\u00e9l\u00e8ve <strong><span style=\"color: #ff6600;font-size: 8pt\">&#8211; David CHASSAGNE 2023<\/span><\/strong><\/span><\/td>\n<\/tr>\n<\/tbody>\n<\/table>\n<p><strong><span style=\"font-family: arial, helvetica, sans-serif;color: #333399\">Comment mettre en place une \u00e9valuation positive en TP ?<\/span><\/strong><\/p>\n<p><span style=\"font-family: arial, helvetica, sans-serif\"><span style=\"color: #008000\"><span style=\"font-size: 8pt\"><a href=\"https:\/\/ent2d.ac-bordeaux.fr\/disciplines\/hotellerie\/wp-content\/uploads\/sites\/46\/2023\/03\/evaluation-positive.png\"><img loading=\"lazy\" decoding=\"async\" class=\"alignleft size-full wp-image-4855\" src=\"https:\/\/ent2d.ac-bordeaux.fr\/disciplines\/hotellerie\/wp-content\/uploads\/sites\/46\/2023\/03\/evaluation-positive.png\" alt=\"\" width=\"1024\" height=\"581\" srcset=\"https:\/\/ent2d.ac-bordeaux.fr\/disciplines\/hotellerie\/wp-content\/uploads\/sites\/46\/2023\/03\/evaluation-positive.png 1024w, https:\/\/ent2d.ac-bordeaux.fr\/disciplines\/hotellerie\/wp-content\/uploads\/sites\/46\/2023\/03\/evaluation-positive-300x170.png 300w, https:\/\/ent2d.ac-bordeaux.fr\/disciplines\/hotellerie\/wp-content\/uploads\/sites\/46\/2023\/03\/evaluation-positive-768x436.png 768w\" sizes=\"auto, (max-width: 1024px) 100vw, 1024px\" \/><\/a>Source : J-MUZARD Ac-Bordeaux<\/span><\/span><\/span><\/p>\n<p><strong><span style=\"font-family: arial, helvetica, sans-serif;color: #000080\">Exemple de tableau de lancement TP (temps de focalisation)<\/span><\/strong><a href=\"https:\/\/ent2d.ac-bordeaux.fr\/disciplines\/hotellerie\/wp-content\/uploads\/sites\/46\/2023\/03\/Exemp-Tableau-lancement-TP-J-MUZARD.jpeg\"><img loading=\"lazy\" decoding=\"async\" class=\"alignleft size-full wp-image-4901\" src=\"https:\/\/ent2d.ac-bordeaux.fr\/disciplines\/hotellerie\/wp-content\/uploads\/sites\/46\/2023\/03\/Exemp-Tableau-lancement-TP-J-MUZARD.jpeg\" alt=\"\" width=\"1024\" height=\"579\" srcset=\"https:\/\/ent2d.ac-bordeaux.fr\/disciplines\/hotellerie\/wp-content\/uploads\/sites\/46\/2023\/03\/Exemp-Tableau-lancement-TP-J-MUZARD.jpeg 1024w, https:\/\/ent2d.ac-bordeaux.fr\/disciplines\/hotellerie\/wp-content\/uploads\/sites\/46\/2023\/03\/Exemp-Tableau-lancement-TP-J-MUZARD-300x170.jpeg 300w, https:\/\/ent2d.ac-bordeaux.fr\/disciplines\/hotellerie\/wp-content\/uploads\/sites\/46\/2023\/03\/Exemp-Tableau-lancement-TP-J-MUZARD-768x434.jpeg 768w\" sizes=\"auto, (max-width: 1024px) 100vw, 1024px\" \/><\/a><\/p>\n<p>&nbsp;<\/p>\n<p>&nbsp;<\/p>\n<p>&nbsp;<\/p>\n<p><span style=\"font-family: arial, helvetica, sans-serif;color: #000080\"><span style=\"font-family: arial, helvetica, sans-serif\"><span style=\"color: #008000\"><span style=\"font-size: 8pt\">Source : J-MUZARD Ac-Bordeaux<\/span><\/span><\/span><\/span><\/p>\n<p><strong><span style=\"font-family: arial, helvetica, sans-serif;color: #000080\">Exemple de Carnet d&#8217;\u00e9valuation par comp\u00e9tence (Ac-Bordeaux)<a href=\"https:\/\/ent2d.ac-bordeaux.fr\/disciplines\/hotellerie\/wp-content\/uploads\/sites\/46\/2023\/03\/Ex-Matrice-Evaluation-TP-1.jpeg\"><img loading=\"lazy\" decoding=\"async\" class=\"alignleft size-full wp-image-4905\" src=\"https:\/\/ent2d.ac-bordeaux.fr\/disciplines\/hotellerie\/wp-content\/uploads\/sites\/46\/2023\/03\/Ex-Matrice-Evaluation-TP-1.jpeg\" alt=\"\" width=\"1024\" height=\"724\" srcset=\"https:\/\/ent2d.ac-bordeaux.fr\/disciplines\/hotellerie\/wp-content\/uploads\/sites\/46\/2023\/03\/Ex-Matrice-Evaluation-TP-1.jpeg 1024w, https:\/\/ent2d.ac-bordeaux.fr\/disciplines\/hotellerie\/wp-content\/uploads\/sites\/46\/2023\/03\/Ex-Matrice-Evaluation-TP-1-300x212.jpeg 300w, https:\/\/ent2d.ac-bordeaux.fr\/disciplines\/hotellerie\/wp-content\/uploads\/sites\/46\/2023\/03\/Ex-Matrice-Evaluation-TP-1-768x543.jpeg 768w, https:\/\/ent2d.ac-bordeaux.fr\/disciplines\/hotellerie\/wp-content\/uploads\/sites\/46\/2023\/03\/Ex-Matrice-Evaluation-TP-1-1536x1086.jpeg 1536w, https:\/\/ent2d.ac-bordeaux.fr\/disciplines\/hotellerie\/wp-content\/uploads\/sites\/46\/2023\/03\/Ex-Matrice-Evaluation-TP-1-2048x1448.jpeg 2048w\" sizes=\"auto, (max-width: 1024px) 100vw, 1024px\" \/><\/a><\/span><\/strong><\/p>\n<p>&nbsp;<\/p>\n<p>&nbsp;<\/p>\n<p>&nbsp;<\/p>\n<p>&nbsp;<\/p>\n<p>&nbsp;<\/p>\n<p>&nbsp;<\/p>\n<p>&nbsp;<\/p>\n<p>&nbsp;<\/p>\n<p><span style=\"font-family: arial, helvetica, sans-serif\"><span style=\"color: #008000\"><span style=\"font-size: 8pt\">Source : J-MUZARD Ac-Bordeaux<\/span><\/span><\/span><\/p>\n","protected":false},"excerpt":{"rendered":"<p>Ce cahier des charges a \u00e9t\u00e9 r\u00e9dig\u00e9 suite aux consensus trouv\u00e9s par les enseignants lors d\u2019un module de formation (2<\/p>\n","protected":false},"author":166,"featured_media":0,"parent":90,"menu_order":0,"comment_status":"closed","ping_status":"closed","template":"","meta":{"footnotes":""},"class_list":["post-4845","page","type-page","status-publish","hentry"],"_links":{"self":[{"href":"https:\/\/ent2d.ac-bordeaux.fr\/disciplines\/hotellerie\/wp-json\/wp\/v2\/pages\/4845","targetHints":{"allow":["GET"]}}],"collection":[{"href":"https:\/\/ent2d.ac-bordeaux.fr\/disciplines\/hotellerie\/wp-json\/wp\/v2\/pages"}],"about":[{"href":"https:\/\/ent2d.ac-bordeaux.fr\/disciplines\/hotellerie\/wp-json\/wp\/v2\/types\/page"}],"author":[{"embeddable":true,"href":"https:\/\/ent2d.ac-bordeaux.fr\/disciplines\/hotellerie\/wp-json\/wp\/v2\/users\/166"}],"replies":[{"embeddable":true,"href":"https:\/\/ent2d.ac-bordeaux.fr\/disciplines\/hotellerie\/wp-json\/wp\/v2\/comments?post=4845"}],"version-history":[{"count":43,"href":"https:\/\/ent2d.ac-bordeaux.fr\/disciplines\/hotellerie\/wp-json\/wp\/v2\/pages\/4845\/revisions"}],"predecessor-version":[{"id":4890,"href":"https:\/\/ent2d.ac-bordeaux.fr\/disciplines\/hotellerie\/wp-json\/wp\/v2\/pages\/4845\/revisions\/4890"}],"up":[{"embeddable":true,"href":"https:\/\/ent2d.ac-bordeaux.fr\/disciplines\/hotellerie\/wp-json\/wp\/v2\/pages\/90"}],"wp:attachment":[{"href":"https:\/\/ent2d.ac-bordeaux.fr\/disciplines\/hotellerie\/wp-json\/wp\/v2\/media?parent=4845"}],"curies":[{"name":"wp","href":"https:\/\/api.w.org\/{rel}","templated":true}]}}