{"id":347,"date":"2017-07-06T21:33:06","date_gmt":"2017-07-06T19:33:06","guid":{"rendered":"http:\/\/blog1-test.in.ac-bordeaux.fr\/testdisci01\/hotellerie\/?page_id=347"},"modified":"2017-07-15T19:14:04","modified_gmt":"2017-07-15T17:14:04","slug":"formation-carriere-du-professeur-de-lp","status":"publish","type":"page","link":"https:\/\/ent2d.ac-bordeaux.fr\/disciplines\/hotellerie\/la-filiere\/formation-carriere-du-professeur-de-lp\/","title":{"rendered":"Formation, Carri\u00e8re du professeur de LP"},"content":{"rendered":"<p><img loading=\"lazy\" decoding=\"async\" class=\" wp-image-1895 alignleft\" src=\"https:\/\/ent2d.ac-bordeaux.fr\/disciplines\/hotellerie\/wp-content\/uploads\/sites\/46\/2017\/07\/Capture-d\u2019e\u0301cran-2017-07-11-a\u0300-17.43.31-300x213.png\" alt=\"\" width=\"201\" height=\"143\" srcset=\"https:\/\/ent2d.ac-bordeaux.fr\/disciplines\/hotellerie\/wp-content\/uploads\/sites\/46\/2017\/07\/Capture-d\u2019e\u0301cran-2017-07-11-a\u0300-17.43.31-300x213.png 300w, https:\/\/ent2d.ac-bordeaux.fr\/disciplines\/hotellerie\/wp-content\/uploads\/sites\/46\/2017\/07\/Capture-d\u2019e\u0301cran-2017-07-11-a\u0300-17.43.31-768x546.png 768w, https:\/\/ent2d.ac-bordeaux.fr\/disciplines\/hotellerie\/wp-content\/uploads\/sites\/46\/2017\/07\/Capture-d\u2019e\u0301cran-2017-07-11-a\u0300-17.43.31.png 822w\" sizes=\"auto, (max-width: 201px) 100vw, 201px\" \/><\/p>\n<p>&nbsp;<\/p>\n<p>&nbsp;<\/p>\n<p>&nbsp;<\/p>\n<p>&nbsp;<\/p>\n<p>&nbsp;<\/p>\n<ul>\n<li><span style=\"color: #ff6600\"><a href=\"https:\/\/ent2d.ac-bordeaux.fr\/disciplines\/hotellerie\/wp-content\/uploads\/sites\/46\/2017\/07\/Guide-du-TZR-2010-version-juin-5.pdf\">Guide du TZR<\/a><\/span><\/li>\n<li><a href=\"https:\/\/ent2d.ac-bordeaux.fr\/disciplines\/hotellerie\/wp-content\/uploads\/sites\/46\/2017\/07\/ANNEXES-guide-TZR-2010-2011-5.pdf\">Annexes Guide du TZR<\/a><\/li>\n<li><a href=\"https:\/\/ent2d.ac-bordeaux.fr\/disciplines\/hotellerie\/wp-content\/uploads\/sites\/46\/2017\/07\/Master-Professeurs-de-Lycees-Hoteliers-IEHCA-5.pdf\">Masterisation IEHCA<\/a><\/li>\n<li><a href=\"https:\/\/ent2d.ac-bordeaux.fr\/disciplines\/hotellerie\/wp-content\/uploads\/sites\/46\/2017\/07\/Devenir-Enseignant-Master-EFHR-1-5.pdf\">Master Toulouse Le Mirail<\/a><\/li>\n<li><a href=\"https:\/\/ent2d.ac-bordeaux.fr\/disciplines\/hotellerie\/wp-content\/uploads\/sites\/46\/2017\/07\/LES_OBLIGATIONS_DES_FONCTIONNAIRES-5.pdf\">Obligations du fonctionnaire<\/a><\/li>\n<li><a href=\"https:\/\/ent2d.ac-bordeaux.fr\/disciplines\/hotellerie\/wp-content\/uploads\/sites\/46\/2017\/07\/guide_tuteur_ce-5.pdf\">Guide du tuteur (accompagner un professeur stagiaire)<\/a><\/li>\n<li><a href=\"https:\/\/ent2d.ac-bordeaux.fr\/disciplines\/hotellerie\/wp-content\/uploads\/sites\/46\/2017\/07\/Rapport-conseiller-pe\u0301dagogique.doc\">Rapport de visite-conseil du tuteur p\u00e9dagogique <\/a><span style=\"font-size: 10pt\">(accompagnement d\u2019un professeur contractuel) <\/span><\/li>\n<li><a href=\"https:\/\/ent2d.ac-bordeaux.fr\/disciplines\/hotellerie\/wp-content\/uploads\/sites\/46\/2017\/07\/GRILLE-D\u2019ANALYSE-D\u2019UNE-SEQUENCE-D\u2019APPRENTISSAGE-Philippe-Meirieu.jpeg\">Grille d&#8217;observation d&#8217;une s\u00e9ance p\u00e9dagogique Meirieu Ph.<\/a><\/li>\n<li><a href=\"https:\/\/ent2d.ac-bordeaux.fr\/disciplines\/hotellerie\/wp-content\/uploads\/sites\/46\/2017\/07\/GRILLE-D\u2019ANALYSE-D\u2019UNE-SEQUENCE-D\u2019APPRENTISSAGE-Philippe-Meirieu.jpeg\">Voir le sch\u00e9ma d\u2019analyse d\u2019une s\u00e9ance p\u00e9dagogique<\/a><\/li>\n<\/ul>\n<h6><\/h6>\n<h6><span style=\"color: #ff6600\">\u2666Devenir Directeur D\u00e9l\u00e9gu\u00e9 aux Formations Professionnelles et Technologiques<\/span><\/h6>\n<ul>\n<li><a href=\"https:\/\/ent2d.ac-bordeaux.fr\/disciplines\/hotellerie\/wp-content\/uploads\/sites\/46\/2015\/06\/RAPPEL-CANDIDATURE-CHEF-DE-TRAVAUX-2014-2015.pdf\">RAPPEL CANDIDATURE CHEF DE TRAVAUX 2014-2015<\/a><\/li>\n<li><a href=\"https:\/\/ent2d.ac-bordeaux.fr\/disciplines\/hotellerie\/wp-content\/uploads\/sites\/46\/2017\/07\/CURRICULUM-VITAE1-2.doc\">CV type candidature CDTx<\/a><\/li>\n<li><a href=\"https:\/\/ent2d.ac-bordeaux.fr\/disciplines\/hotellerie\/wp-content\/uploads\/sites\/46\/2017\/07\/CIRCULAIRE-N\u00b0-2011-215-DU-1er-DECEMBRE-2011.pdf\">CIRCULAIRE Mission DDFPT N\u00b0 2011-215 DU 1er DECEMBRE 2011<\/a><\/li>\n<\/ul>\n<h6><span style=\"color: #ff6600\">\u2666Quelques supports de formation<\/span><\/h6>\n<ul>\n<li><a href=\"https:\/\/ent2d.ac-bordeaux.fr\/disciplines\/hotellerie\/wp-content\/uploads\/sites\/46\/2017\/07\/Patisfrance-2015-5.pdf\">Formation p\u00e2tisserie &#8211; desserts de restaurant<\/a> &#8211; Partenariat PATISFRANCE<br \/>\nUn grand merci \u00e0 Gr\u00e9gory GEFFARD (Patisfrance) pour sa gentillesse et son professionnalisme, merci \u00e0 J\u00e9r\u00e9my FORT sans lequel la formation n\u2019aurait pas pu avoir lieu, merci \u00e0 touete l\u2019\u00e9quipe du LP de Romas<\/li>\n<li><a href=\"https:\/\/ent2d.ac-bordeaux.fr\/disciplines\/hotellerie\/wp-content\/uploads\/sites\/46\/2017\/07\/Enfant_et_les_ecrans_Serge_Tisseron.pdf\">Enfant_et_les_\u00e9crans_Serge_Tisseron<\/a><\/li>\n<li><a href=\"https:\/\/ent2d.ac-bordeaux.fr\/disciplines\/hotellerie\/wp-content\/uploads\/sites\/46\/2017\/07\/DIAPO-Accompagner-projet-perso-e\u0301le\u0300ve.pdf\">DIAPO Accompagner projet perso e\u0301le\u0300ve<\/a><\/li>\n<\/ul>\n<p>&nbsp;<\/p>\n<table border=\"0\" cellspacing=\"1\" cellpadding=\"1\">\n<tbody>\n<tr>\n<td><\/td>\n<td><img loading=\"lazy\" decoding=\"async\" class=\"\" src=\"https:\/\/ent2d.ac-bordeaux.fr\/disciplines\/hotellerie\/wp-content\/uploads\/sites\/46\/2017\/07\/Capture-5.jpg\" alt=\"\" width=\"527\" height=\"545\" \/><\/td>\n<\/tr>\n<tr>\n<td><\/td>\n<td><img decoding=\"async\" src=\"https:\/\/ent2d.ac-bordeaux.fr\/disciplines\/hotellerie\/wp-content\/uploads\/sites\/46\/2017\/07\/Capture2-5.jpg\" alt=\"\" height=\"215\" \/><\/td>\n<\/tr>\n<tr>\n<td><\/td>\n<td><img loading=\"lazy\" decoding=\"async\" class=\"\" src=\"https:\/\/ent2d.ac-bordeaux.fr\/disciplines\/hotellerie\/wp-content\/uploads\/sites\/46\/2017\/07\/Capture3-5.jpg\" alt=\"\" width=\"525\" height=\"525\" \/><\/td>\n<\/tr>\n<tr>\n<td><\/td>\n<td>\u00a0<img loading=\"lazy\" decoding=\"async\" class=\"\" src=\"https:\/\/ent2d.ac-bordeaux.fr\/disciplines\/hotellerie\/wp-content\/uploads\/sites\/46\/2017\/07\/Capture4-5.jpg\" alt=\"\" width=\"522\" height=\"541\" \/><\/td>\n<\/tr>\n<tr>\n<td><\/td>\n<td>\u00a0<img loading=\"lazy\" decoding=\"async\" class=\"\" src=\"https:\/\/ent2d.ac-bordeaux.fr\/disciplines\/hotellerie\/wp-content\/uploads\/sites\/46\/2017\/07\/Capture5-5.jpg\" alt=\"\" width=\"511\" height=\"546\" \/>\u00a0<img decoding=\"async\" src=\"https:\/\/ent2d.ac-bordeaux.fr\/disciplines\/hotellerie\/wp-content\/uploads\/sites\/46\/2017\/07\/Capture6-5.jpg\" alt=\"\" height=\"231\" \/><\/td>\n<\/tr>\n<tr>\n<td><\/td>\n<td>\u00a0<em>Merci \u00e0 St\u00e9phanie BERNHARD (professeur de cuisine) pour les photos<\/em><\/td>\n<\/tr>\n<tr>\n<td><\/td>\n<td><\/td>\n<\/tr>\n<\/tbody>\n<\/table>\n","protected":false},"excerpt":{"rendered":"<p>&nbsp; &nbsp; &nbsp; &nbsp; &nbsp; Guide du TZR Annexes Guide du TZR Masterisation IEHCA Master Toulouse Le Mirail Obligations du<\/p>\n","protected":false},"author":166,"featured_media":0,"parent":59,"menu_order":0,"comment_status":"closed","ping_status":"closed","template":"","meta":{"footnotes":""},"class_list":["post-347","page","type-page","status-publish","hentry"],"_links":{"self":[{"href":"https:\/\/ent2d.ac-bordeaux.fr\/disciplines\/hotellerie\/wp-json\/wp\/v2\/pages\/347","targetHints":{"allow":["GET"]}}],"collection":[{"href":"https:\/\/ent2d.ac-bordeaux.fr\/disciplines\/hotellerie\/wp-json\/wp\/v2\/pages"}],"about":[{"href":"https:\/\/ent2d.ac-bordeaux.fr\/disciplines\/hotellerie\/wp-json\/wp\/v2\/types\/page"}],"author":[{"embeddable":true,"href":"https:\/\/ent2d.ac-bordeaux.fr\/disciplines\/hotellerie\/wp-json\/wp\/v2\/users\/166"}],"replies":[{"embeddable":true,"href":"https:\/\/ent2d.ac-bordeaux.fr\/disciplines\/hotellerie\/wp-json\/wp\/v2\/comments?post=347"}],"version-history":[{"count":11,"href":"https:\/\/ent2d.ac-bordeaux.fr\/disciplines\/hotellerie\/wp-json\/wp\/v2\/pages\/347\/revisions"}],"predecessor-version":[{"id":2105,"href":"https:\/\/ent2d.ac-bordeaux.fr\/disciplines\/hotellerie\/wp-json\/wp\/v2\/pages\/347\/revisions\/2105"}],"up":[{"embeddable":true,"href":"https:\/\/ent2d.ac-bordeaux.fr\/disciplines\/hotellerie\/wp-json\/wp\/v2\/pages\/59"}],"wp:attachment":[{"href":"https:\/\/ent2d.ac-bordeaux.fr\/disciplines\/hotellerie\/wp-json\/wp\/v2\/media?parent=347"}],"curies":[{"name":"wp","href":"https:\/\/api.w.org\/{rel}","templated":true}]}}