{"id":33,"date":"2017-03-24T09:42:05","date_gmt":"2017-03-24T08:42:05","guid":{"rendered":"https:\/\/ent2d.ac-bordeaux.fr\/disciplines\/hotellerie\/?page_id=33"},"modified":"2024-07-18T11:25:23","modified_gmt":"2024-07-18T09:25:23","slug":"accueil","status":"publish","type":"page","link":"https:\/\/ent2d.ac-bordeaux.fr\/disciplines\/hotellerie\/","title":{"rendered":"Bonjour !"},"content":{"rendered":"<p style=\"text-align: justify\"><span style=\"font-family: arial, helvetica, sans-serif\"><img loading=\"lazy\" decoding=\"async\" class=\"wp-image-1904 alignleft\" src=\"https:\/\/ent2d.ac-bordeaux.fr\/disciplines\/hotellerie\/wp-content\/uploads\/sites\/46\/2017\/07\/Capture-d\u2019e\u0301cran-2017-07-11-a\u0300-21.05.08.png\" alt=\"\" width=\"267\" height=\"175\" srcset=\"https:\/\/ent2d.ac-bordeaux.fr\/disciplines\/hotellerie\/wp-content\/uploads\/sites\/46\/2017\/07\/Capture-d\u2019e\u0301cran-2017-07-11-a\u0300-21.05.08.png 1530w, https:\/\/ent2d.ac-bordeaux.fr\/disciplines\/hotellerie\/wp-content\/uploads\/sites\/46\/2017\/07\/Capture-d\u2019e\u0301cran-2017-07-11-a\u0300-21.05.08-300x197.png 300w, https:\/\/ent2d.ac-bordeaux.fr\/disciplines\/hotellerie\/wp-content\/uploads\/sites\/46\/2017\/07\/Capture-d\u2019e\u0301cran-2017-07-11-a\u0300-21.05.08-768x505.png 768w, https:\/\/ent2d.ac-bordeaux.fr\/disciplines\/hotellerie\/wp-content\/uploads\/sites\/46\/2017\/07\/Capture-d\u2019e\u0301cran-2017-07-11-a\u0300-21.05.08-1024x673.png 1024w\" sizes=\"auto, (max-width: 267px) 100vw, 267px\" \/>Bienvenue dans cet espace de travail, qui est avant tout un lieu de mutualisation de ressources et de pratiques p\u00e9dagogiques \u00e0 destination des enseignants de la fili\u00e8re h\u00f4tellerie restauration. Les diff\u00e9rentes rubriques apportent de l&#8217;information sur les formations, les m\u00e9tiers, les partenariats et les projets existants dans notre secteur professionnel.<\/span><\/p>\n<p style=\"text-align: justify\"><span style=\"font-family: arial, helvetica, sans-serif\"><img loading=\"lazy\" decoding=\"async\" class=\"aligncenter wp-image-1943\" src=\"https:\/\/ent2d.ac-bordeaux.fr\/disciplines\/hotellerie\/wp-content\/uploads\/sites\/46\/2017\/07\/vague-bleue-300x78.jpg\" alt=\"\" width=\"111\" height=\"29\" srcset=\"https:\/\/ent2d.ac-bordeaux.fr\/disciplines\/hotellerie\/wp-content\/uploads\/sites\/46\/2017\/07\/vague-bleue-300x78.jpg 300w, https:\/\/ent2d.ac-bordeaux.fr\/disciplines\/hotellerie\/wp-content\/uploads\/sites\/46\/2017\/07\/vague-bleue-768x199.jpg 768w, https:\/\/ent2d.ac-bordeaux.fr\/disciplines\/hotellerie\/wp-content\/uploads\/sites\/46\/2017\/07\/vague-bleue-1024x265.jpg 1024w\" sizes=\"auto, (max-width: 111px) 100vw, 111px\" \/>Cette plateforme se veut \u00e9galement un lieu d\u2019interactivit\u00e9, notamment en lien avec la r\u00e9novation des dipl\u00f4mes, l&#8217;organisation des enseignements, les nouvelles modalit\u00e9s p\u00e9dagogiques, les exp\u00e9rimentations et innovations. Elle est donc \u00e9volutive et chacun peut contribuer \u00e0 l&#8217;enrichir en proposant des contenus.<\/span><\/p>\n<p><span style=\"font-family: arial, helvetica, sans-serif\">Merci de votre participation !<\/span><\/p>\n<p style=\"text-align: right\"><span style=\"font-family: arial, helvetica, sans-serif\"><a href=\"mailto:jerome.muzard@ac-bordeaux.fr?subject=Message%20site%20HR\">J\u00e9r\u00f4me MUZARD<br \/>\n<\/a><span style=\"font-size: 8pt;color: #000080\">inspecteur \u00e9ducation nationale &#8211; \u00e9conomie &amp; gestion<\/span> &#8211; Fili\u00e8re HR<\/span><\/p>\n<p>&nbsp;<\/p>\n<hr \/>\n<div class=\"badge-base LI-profile-badge\" data-locale=\"fr_FR\" data-size=\"medium\" data-theme=\"dark\" data-type=\"VERTICAL\" data-vanity=\"j\u00e9r\u00f4me-muzard-60ba33290\" data-version=\"v1\"><a class=\"badge-base__link LI-simple-link\" href=\"https:\/\/fr.linkedin.com\/in\/j%C3%A9r%C3%B4me-muzard-60ba33290?trk=profile-badge\">J\u00e9r\u00f4me Muzard<\/a><\/div>\n<div class=\"badge-base LI-profile-badge\" data-locale=\"fr_FR\" data-size=\"medium\" data-theme=\"dark\" data-type=\"VERTICAL\" data-vanity=\"j\u00e9r\u00f4me-muzard-60ba33290\" data-version=\"v1\"><a class=\"badge-base__link LI-simple-link\" href=\"https:\/\/fr.linkedin.com\/in\/j%C3%A9r%C3%B4me-muzard-60ba33290?trk=profile-badge\">J\u00e9r\u00f4me Muzard<\/a><\/div>\n<p><span style=\"color: #ff00ff;font-family: arial, helvetica, sans-serif\"><b><span id=\"ctl00_cC_ucResPM_rEO_ctl02_lblSourceText\" class=\"ellipsis_text\" lang=\"1033\"><a href=\"https:\/\/www.metiers-hotel-resto.fr\/d%C3%A9couvrez-les-m%C3%A9tiers\"><img loading=\"lazy\" decoding=\"async\" class=\"wp-image-2209 alignleft\" src=\"https:\/\/ent2d.ac-bordeaux.fr\/disciplines\/hotellerie\/wp-content\/uploads\/sites\/46\/2017\/03\/Capture-d\u2019e\u0301cran-2017-09-04-a\u0300-11.04.23.png\" alt=\"\" width=\"413\" height=\"203\" srcset=\"https:\/\/ent2d.ac-bordeaux.fr\/disciplines\/hotellerie\/wp-content\/uploads\/sites\/46\/2017\/03\/Capture-d\u2019e\u0301cran-2017-09-04-a\u0300-11.04.23.png 1906w, https:\/\/ent2d.ac-bordeaux.fr\/disciplines\/hotellerie\/wp-content\/uploads\/sites\/46\/2017\/03\/Capture-d\u2019e\u0301cran-2017-09-04-a\u0300-11.04.23-300x148.png 300w, https:\/\/ent2d.ac-bordeaux.fr\/disciplines\/hotellerie\/wp-content\/uploads\/sites\/46\/2017\/03\/Capture-d\u2019e\u0301cran-2017-09-04-a\u0300-11.04.23-768x378.png 768w, https:\/\/ent2d.ac-bordeaux.fr\/disciplines\/hotellerie\/wp-content\/uploads\/sites\/46\/2017\/03\/Capture-d\u2019e\u0301cran-2017-09-04-a\u0300-11.04.23-1024x504.png 1024w\" sizes=\"auto, (max-width: 413px) 100vw, 413px\" \/><\/a><\/span><\/b><\/span><\/p>\n<p>&nbsp;<\/p>\n<p>&nbsp;<\/p>\n<p>&nbsp;<\/p>\n<p>&nbsp;<\/p>\n<p>&nbsp;<\/p>\n<p>&nbsp;<\/p>\n<iframe loading=\"lazy\" src=\"https:\/\/www.youtube.com\/embed\/AhPDQCiznnI\" title=\"\" width=\"100%\" height=\"450\" scrolling=\"yes\" frameborder=\"0\" marginheight=\"0\" allowFullScreen=\"true\"><a href=\"https:\/\/www.youtube.com\/embed\/AhPDQCiznnI\" target=\"_blank\">https:\/\/www.youtube.com\/embed\/AhPDQCiznnI<\/a><\/iframe>\n<p><span style=\"font-size: 8pt\">Reportage : TVBA est une web TV de proximit\u00e9 : <a href=\"https:\/\/tvba.fr\">https:\/\/tvba.fr<\/a>\/<\/span><\/p>\n<p><iframe loading=\"lazy\" title=\"Les arts de la table au moyen-\u00e2ge, par les \u00e9l\u00e8ves du lyc\u00e9e h\u00f4telier de Talence VC\" width=\"800\" height=\"600\" src=\"https:\/\/www.youtube.com\/embed\/wdTnDP5I62Q?feature=oembed\" frameborder=\"0\" allow=\"accelerometer; autoplay; clipboard-write; encrypted-media; gyroscope; picture-in-picture\" allowfullscreen><\/iframe><\/p>\n<p><span style=\"font-family: arial, helvetica, sans-serif\"><span id=\"ctl00_cC_ucResPM_rEO_ctl02_lblSourceText\" class=\"ellipsis_text\" lang=\"1033\"><span style=\"font-size: 10pt;color: #000000\">Projet\/chef d&#8217;oeuvre CAP Commercialisation et Services en H\u00f4tel-Caf\u00e9-Restaurant au Lyc\u00e9e H\u00f4telier de Gascogne-Talence sous la houlette de Monsieur COMBE Professeur de services et commercialisation<\/span><\/span><\/span><\/p>\n<p><strong><span style=\"font-family: arial, helvetica, sans-serif;font-size: 10pt\">\u2022\u2022\u2022\u2022\u2022\u2022\u2022\u2022\u2022\u2022\u2022\u2022\u2022\u2022\u2022\u2022\u2022\u2022\u2022\u2022\u2022\u2022\u2022\u2022\u2022\u2022\u2022\u2022\u2022\u2022\u2022\u2022\u2022\u2022\u2022\u2022\u2022\u2022\u2022\u2022\u2022\u2022\u2022\u2022\u2022\u2022\u2022\u2022\u2022\u2022\u2022\u2022\u2022\u2022\u2022\u2022\u2022\u2022\u2022\u2022\u2022\u2022\u2022\u2022\u2022\u2022\u2022\u2022\u2022\u2022\u2022\u2022\u2022\u2022\u2022\u2022\u2022\u2022\u2022\u2022\u2022\u2022\u2022\u2022\u2022\u2022\u2022\u2022\u2022\u2022\u2022\u2022\u2022\u2022\u2022\u2022\u2022\u2022\u2022\u2022\u2022\u2022\u2022\u2022\u2022\u2022\u2022\u2022\u2022\u2022\u2022\u2022\u2022\u2022\u2022\u2022\u2022\u2022\u2022\u2022\u2022\u2022\u2022\u2022\u2022\u2022\u2022\u2022\u2022\u2022\u2022\u2022\u2022<\/span><\/strong><\/p>\n<p><span style=\"font-family: arial, helvetica, sans-serif;font-size: 10pt\">Pr\u00e9sentation du p\u00f4le h\u00f4tellerie-restauration au sein du Lyc\u00e9e des M\u00e9tiers Condorcet d&#8217;Arcachon<\/span><\/p>\n<p><iframe loading=\"lazy\" title=\"Capsules vid\u00e9os des Journ\u00e9es portes ouvertes du Lyc\u00e9e Condorcet d&#039;Arcachon\" width=\"800\" height=\"450\" src=\"https:\/\/www.youtube.com\/embed\/videoseries?list=PLWNN435oZBrlkfP4XLCh5xUJjzWhslAYD\" frameborder=\"0\" allow=\"accelerometer; autoplay; clipboard-write; encrypted-media; gyroscope; picture-in-picture\" allowfullscreen><\/iframe><\/p>\n<p><span style=\"font-family: arial, helvetica, sans-serif\"><strong><span style=\"font-size: 10pt\">\u2022\u2022\u2022\u2022\u2022\u2022\u2022\u2022\u2022\u2022\u2022\u2022\u2022\u2022\u2022\u2022\u2022\u2022\u2022\u2022\u2022\u2022\u2022\u2022\u2022\u2022\u2022\u2022\u2022\u2022\u2022\u2022\u2022\u2022\u2022\u2022\u2022\u2022\u2022\u2022\u2022\u2022\u2022\u2022\u2022\u2022\u2022\u2022\u2022\u2022\u2022\u2022\u2022\u2022\u2022\u2022\u2022\u2022\u2022\u2022\u2022\u2022\u2022\u2022\u2022\u2022\u2022\u2022\u2022\u2022\u2022\u2022\u2022\u2022\u2022\u2022\u2022\u2022\u2022\u2022\u2022\u2022\u2022\u2022\u2022\u2022\u2022\u2022\u2022\u2022\u2022\u2022\u2022\u2022\u2022\u2022\u2022\u2022\u2022\u2022\u2022\u2022\u2022\u2022\u2022\u2022\u2022\u2022\u2022\u2022\u2022\u2022\u2022\u2022\u2022\u2022\u2022\u2022\u2022\u2022\u2022\u2022\u2022\u2022\u2022\u2022\u2022\u2022\u2022\u2022\u2022\u2022\u2022<\/span><\/strong><\/span><\/p>\n<p><span style=\"font-family: arial, helvetica, sans-serif\"><span id=\"ctl00_cC_ucResPM_rEO_ctl02_lblSourceText\" class=\"ellipsis_text\" lang=\"1033\"><b style=\"color: #ff00ff\"><span style=\"font-size: 10pt;color: #000000\">Une formation sp\u00e9cialisante : <span style=\"color: #ff00ff\">l<\/span><\/span><\/b><\/span><\/span><span style=\"font-family: arial, helvetica, sans-serif;font-size: 10pt\"><span id=\"ctl00_cC_ucResPM_rEO_ctl02_lblSourceText\" class=\"ellipsis_text\" lang=\"1033\"><b style=\"color: #ff00ff\"><span style=\"color: #ff00ff\">a<\/span> mention Compl\u00e9mentaire <a href=\"https:\/\/www.onisep.fr\/Ressources\/Univers-Formation\/Formations\/Post-bac\/mc-organisateur-de-receptions\" target=\"_blank\" rel=\"noopener noreferrer\"><span style=\"color: #333399\">Organisateurs de R\u00e9ceptions<\/span> <\/a>au Lyc\u00e9e <\/b><span style=\"color: #ff00ff\"><b>des M\u00e9tiers<\/b><\/span><b style=\"color: #ff00ff\"> d&#8217;Arcachon\u00a0<\/b><\/span><\/span><em><span style=\"font-size: 10pt\"><span style=\"font-size: 10pt\">(=&gt;merci \u00e0 Val\u00e9rie De Gordon, Mme Laurent, Monsieur Fouillet, sans oublier bien entendu la participation active de tous les \u00e9l\u00e8ves de la promotion 2022. Merci aussi \u00e0 tous les partenaires <\/span><span style=\"font-size: 13.3333px\">professionnels<\/span><span style=\"font-size: 10pt\">)<\/span><\/span><\/em><\/p>\n<iframe loading=\"lazy\" src=\"https:\/\/www.youtube.com\/embed\/fEnxiaPNxh4?si=vE4TtqrGqyb32ItC\" title=\"\" width=\"100%\" height=\"450\" scrolling=\"yes\" frameborder=\"0\" marginheight=\"0\" allowFullScreen=\"true\"><a href=\"https:\/\/www.youtube.com\/embed\/fEnxiaPNxh4?si=vE4TtqrGqyb32ItC\" target=\"_blank\">https:\/\/www.youtube.com\/embed\/fEnxiaPNxh4?si=vE4TtqrGqyb32ItC<\/a><\/iframe>\n<p><strong><span style=\"font-family: arial, helvetica, sans-serif;font-size: 10pt\">\u2022\u2022\u2022\u2022\u2022\u2022\u2022\u2022\u2022\u2022\u2022\u2022\u2022\u2022\u2022\u2022\u2022\u2022\u2022\u2022\u2022\u2022\u2022\u2022\u2022\u2022\u2022\u2022\u2022\u2022\u2022\u2022\u2022\u2022\u2022\u2022\u2022\u2022\u2022\u2022\u2022\u2022\u2022\u2022\u2022\u2022\u2022\u2022\u2022\u2022\u2022\u2022\u2022\u2022\u2022\u2022\u2022\u2022\u2022\u2022\u2022\u2022\u2022\u2022\u2022\u2022\u2022\u2022\u2022\u2022\u2022\u2022\u2022\u2022\u2022\u2022\u2022\u2022\u2022\u2022\u2022\u2022\u2022\u2022\u2022\u2022\u2022\u2022\u2022\u2022\u2022\u2022\u2022\u2022\u2022\u2022\u2022\u2022\u2022\u2022\u2022\u2022\u2022\u2022\u2022\u2022\u2022\u2022\u2022\u2022\u2022\u2022\u2022\u2022\u2022\u2022\u2022\u2022\u2022\u2022\u2022\u2022\u2022\u2022\u2022\u2022\u2022\u2022\u2022\u2022\u2022\u2022\u2022<\/span><\/strong><\/p>\n<p><span style=\"color: #ff00ff;font-family: arial, helvetica, sans-serif;font-size: 10pt\"><b><span id=\"ctl00_cC_ucResPM_rEO_ctl02_lblSourceText\" class=\"ellipsis_text\" lang=\"1033\">my own <\/span><\/b><b><span id=\"ctl00_cC_ucResPM_rEO_ctl02_lblSourceText\" class=\"ellipsis_text\" lang=\"1033\"><span class=\"sel\">development<\/span>&#8230;<\/span><\/b><b><i><span id=\"ctl00_cC_ucResPM_rEO_ctl02_lblSourceText\" class=\"ellipsis_text\" lang=\"1033\"><br \/>\n<\/span>Une fili\u00e8re porteuse de rencontres, de bien-\u00eatre et de belles r\u00e9ussites&#8230;<\/i><\/b><\/span><br \/>\n<span style=\"font-size: 8pt;font-family: arial, helvetica, sans-serif\"><i>Une classe de bac pro CSR* Lyc\u00e9e H\u00f4telier\u00a0de Talence (professeur de service et commercialisation Didier JEANJEAN)<\/i><\/span><\/p>\n<p><iframe loading=\"lazy\" title=\"BAC PRO CSR Commercialisation &amp;amp; Services en Restauration\" src=\"https:\/\/player.vimeo.com\/video\/93353220?dnt=1&amp;app_id=122963\" width=\"800\" height=\"450\" frameborder=\"0\" allow=\"autoplay; fullscreen; picture-in-picture\" allowfullscreen><\/iframe><\/p>\n","protected":false},"excerpt":{"rendered":"<p>Bienvenue dans cet espace de travail, qui est avant tout un lieu de mutualisation de ressources et de pratiques p\u00e9dagogiques<\/p>\n","protected":false},"author":166,"featured_media":0,"parent":0,"menu_order":0,"comment_status":"closed","ping_status":"closed","template":"","meta":{"footnotes":""},"class_list":["post-33","page","type-page","status-publish","hentry"],"_links":{"self":[{"href":"https:\/\/ent2d.ac-bordeaux.fr\/disciplines\/hotellerie\/wp-json\/wp\/v2\/pages\/33","targetHints":{"allow":["GET"]}}],"collection":[{"href":"https:\/\/ent2d.ac-bordeaux.fr\/disciplines\/hotellerie\/wp-json\/wp\/v2\/pages"}],"about":[{"href":"https:\/\/ent2d.ac-bordeaux.fr\/disciplines\/hotellerie\/wp-json\/wp\/v2\/types\/page"}],"author":[{"embeddable":true,"href":"https:\/\/ent2d.ac-bordeaux.fr\/disciplines\/hotellerie\/wp-json\/wp\/v2\/users\/166"}],"replies":[{"embeddable":true,"href":"https:\/\/ent2d.ac-bordeaux.fr\/disciplines\/hotellerie\/wp-json\/wp\/v2\/comments?post=33"}],"version-history":[{"count":87,"href":"https:\/\/ent2d.ac-bordeaux.fr\/disciplines\/hotellerie\/wp-json\/wp\/v2\/pages\/33\/revisions"}],"predecessor-version":[{"id":5025,"href":"https:\/\/ent2d.ac-bordeaux.fr\/disciplines\/hotellerie\/wp-json\/wp\/v2\/pages\/33\/revisions\/5025"}],"wp:attachment":[{"href":"https:\/\/ent2d.ac-bordeaux.fr\/disciplines\/hotellerie\/wp-json\/wp\/v2\/media?parent=33"}],"curies":[{"name":"wp","href":"https:\/\/api.w.org\/{rel}","templated":true}]}}