{"id":3011,"date":"2018-06-25T19:47:08","date_gmt":"2018-06-25T17:47:08","guid":{"rendered":"https:\/\/ent2d.ac-bordeaux.fr\/disciplines\/hotellerie\/?page_id=3011"},"modified":"2022-11-08T16:58:11","modified_gmt":"2022-11-08T15:58:11","slug":"infos-institutionnelles","status":"publish","type":"page","link":"https:\/\/ent2d.ac-bordeaux.fr\/disciplines\/hotellerie\/enseigner-en-hr-dans-lacademie\/infos-institutionnelles\/","title":{"rendered":"Concours de recrutement Fili\u00e8re H\u00f4tellerie-restauration"},"content":{"rendered":"<p><span style=\"font-family: arial, helvetica, sans-serif\">Toutes les informations sont mises \u00e0 disposition sur le site officiel \u00ab\u00a0<a class=\"spip_out\" href=\"https:\/\/www.devenirenseignant.gouv.fr\/\" target=\"_blank\" rel=\"external noopener\">www.devenirenseignant.gouv.fr<\/a>\u00a0\u00bb.<\/span><\/p>\n<p><span style=\"font-family: arial, helvetica, sans-serif\">Les paragraphes ci-dessous concernent exclusivement la fili\u00e8re h\u00f4teli\u00e8re.<\/span><\/p>\n<h4 id=\"Agregation-externe-economie-et-gestion-2023\"><span style=\"font-family: arial, helvetica, sans-serif\">Agr\u00e9gation externe \u00e9conomie et gestion 2023<\/span><\/h4>\n<ul class=\"spip\">\n<li><span style=\"font-family: arial, helvetica, sans-serif\"><strong><a class=\"spip_out\" href=\"https:\/\/www.devenirenseignant.gouv.fr\/cid101656\/les-epreuves-de-l-agregation-externe-section-economie-et-gestion.html\" target=\"_blank\" rel=\"external noopener\">Descriptif des \u00e9preuves de l\u2019agr\u00e9gation externe section \u00e9conomie et gestion<\/a><\/strong><\/span><\/li>\n<li><span style=\"font-family: arial, helvetica, sans-serif\"><a class=\"spip_out\" href=\"https:\/\/media.devenirenseignant.gouv.fr\/file\/agreg_externe\/81\/0\/p2023_agreg_ext_eco_gestion_1425810.pdf\" target=\"_blank\" rel=\"external noopener\">Programme de l\u2019agr\u00e9gation externe d\u2019\u00e9conomie et gestion<\/a>\u00a0(Le programme a \u00e9t\u00e9 publi\u00e9 le 08 avril 2022)<\/span><\/li>\n<\/ul>\n<h4 id=\"Agregation-interne-economie-et-gestion-2023\"><span style=\"font-family: arial, helvetica, sans-serif\">Agr\u00e9gation interne \u00e9conomie et gestion 2023<\/span><\/h4>\n<ul class=\"spip\">\n<li><span style=\"font-family: arial, helvetica, sans-serif\"><strong><a class=\"spip_out\" href=\"https:\/\/www.devenirenseignant.gouv.fr\/cid98740\/les-epreuves-de-l-agregation-interne-et-du-caerpa-section-economie-et-gestion.html\" target=\"_blank\" rel=\"external noopener\">Descriptif des \u00e9preuves de l\u2019agr\u00e9gation interne et du concours d\u2019acc\u00e8s \u00e0 l\u2019\u00e9chelle de r\u00e9mun\u00e9ration des professeurs agr\u00e9g\u00e9s de l\u2019enseignement priv\u00e9 sous contrat (CAERPA) section \u00e9conomie et gestion<\/a><\/strong><\/span><\/li>\n<li><span style=\"font-family: arial, helvetica, sans-serif\"><a class=\"spip_out\" href=\"https:\/\/media.devenirenseignant.gouv.fr\/file\/agreg_interne\/46\/0\/p2023_agreg_int_eco_gestion_1425460.pdf\" target=\"_blank\" rel=\"external noopener\">Programme de l\u2019agr\u00e9gation interne d\u2019\u00e9conomie et gestion<\/a>\u00a0(Le programme a \u00e9t\u00e9 publi\u00e9 le 22 mars 2022)<\/span><\/li>\n<\/ul>\n<h4 id=\"Capet-et-Cafep-externes-hotellerie-restauration-2023\"><span style=\"font-family: arial, helvetica, sans-serif\">Capet et Cafep externes h\u00f4tellerie &#8211; restauration 2023<\/span><\/h4>\n<ul class=\"spip\">\n<li><span style=\"font-family: arial, helvetica, sans-serif\"><a class=\"spip_out\" href=\"https:\/\/www.devenirenseignant.gouv.fr\/cid98595\/les-epreuves-du-capet-externe-et-du-cafep-capet-section-hotellerie-restauration.html\" target=\"_blank\" rel=\"external noopener\"><strong>Descriptif des \u00e9preuves du Capet externe et du certificat d\u2019aptitude au professorat de l\u2019enseignement priv\u00e9 (Cafep) correspondant, section h\u00f4tellerie &#8211; restauration<\/strong><\/a><\/span><\/li>\n<li><span style=\"font-family: arial, helvetica, sans-serif\"><a class=\"spip_out\" href=\"https:\/\/media.devenirenseignant.gouv.fr\/file\/capet_externe\/27\/5\/p2023_capet_ext_hotellerie_restauration_1426275.pdf\" target=\"_blank\" rel=\"external noopener\">Programme du Capet externe d\u2019h\u00f4tellerie et restauration<\/a>\u00a0(Le programme a \u00e9t\u00e9 publi\u00e9 le 3 mai 2022)<\/span><\/li>\n<\/ul>\n<h4 id=\"Les-epreuves-du-Capet-interne-et-du-Caer-Capet-de-la-section-nbsp\"><span style=\"font-family: arial, helvetica, sans-serif\">Les \u00e9preuves du Capet interne et du Caer-Capet de la section h\u00f4tellerie-restauration option sciences et technologies culinaire et option sciences et technologies des services en h\u00f4tellerie et restauration 2023<\/span><\/h4>\n<ul class=\"spip\">\n<li><span style=\"font-family: arial, helvetica, sans-serif\"><a class=\"spip_out\" title=\"Sur le site \u00ab L\u00e9gifrance \u00bb, le service public de la diffusion du droit\" href=\"https:\/\/www.legifrance.gouv.fr\/loda\/id\/JORFTEXT000027361617\/2022-11-03\/\" target=\"_blank\" rel=\"external noopener\">Arr\u00eat\u00e9 du 19 avril 2013 fixant les sections et les modalit\u00e9s d\u2019organisation des concours du certificat d\u2019aptitude au professorat de lyc\u00e9e professionnel<\/a><\/span><\/li>\n<\/ul>\n<ul class=\"spip\">\n<li><span style=\"font-family: arial, helvetica, sans-serif\"><a class=\"spip_out\" href=\"https:\/\/www.devenirenseignant.gouv.fr\/cid98593\/les-epreuves-du-capet-interne-et-du-caer-capet-section-hotellerie-restauration.html\" target=\"_blank\" rel=\"external noopener\"><strong>Descriptif des \u00e9preuves du Capet interne et du concours d\u2019acc\u00e8s \u00e0 l\u2019\u00e9chelle de r\u00e9mun\u00e9ration (CAER) correspondant, section h\u00f4tellerie &#8211; restauration option production et ing\u00e9nierie culinaires, option service et accueil en h\u00f4tellerie et restauration<\/strong><\/a><\/span><\/li>\n<\/ul>\n<blockquote class=\"spip\"><p><span style=\"font-family: arial, helvetica, sans-serif\">Les programmes sont, sauf mention contraire, ceux des brevets de technicien sup\u00e9rieur et dipl\u00f4mes universitaires de technologie correspondants, \u00e9ventuellement ceux des classes de second cycle du second degr\u00e9 correspondantes, trait\u00e9s au niveau M1 du cycle master.<\/span><br class=\"autobr\" \/><span style=\"font-family: arial, helvetica, sans-serif\">Les programmes seront publi\u00e9s ult\u00e9rieurement.<\/span><\/p><\/blockquote>\n<h4 id=\"Caplp-et-Cafep-externes-hotellerie-restauration-2023\"><span style=\"font-family: arial, helvetica, sans-serif\">Caplp et Cafep externes h\u00f4tellerie &#8211; restauration 2023<\/span><\/h4>\n<ul class=\"spip\">\n<li><span style=\"font-family: arial, helvetica, sans-serif\"><a class=\"spip_out\" href=\"https:\/\/www.legifrance.gouv.fr\/loda\/id\/JORFTEXT000027361617\/2022-11-03\/\" target=\"_blank\" rel=\"external noopener\">Arr\u00eat\u00e9 du 19 avril 2013 fixant les sections et les modalit\u00e9s d\u2019organisation des concours du certificat d\u2019aptitude au professorat de lyc\u00e9e professionnel<\/a><\/span><\/li>\n<\/ul>\n<ul class=\"spip\">\n<li><span style=\"font-family: arial, helvetica, sans-serif\"><a class=\"spip_out\" href=\"https:\/\/www.devenirenseignant.gouv.fr\/cid98815\/les-epreuves-caplp-externe-cafep-caplp-section-hotellerie-restauration.html\" target=\"_blank\" rel=\"external noopener\"><strong>Descriptif des \u00e9preuves du CAPLP externe et du certificat d\u2019aptitude au professorat de l\u2019enseignement priv\u00e9 (CAFEP-CAPLP) de la section h\u00f4tellerie-restauration option organisation et production culinaire, option service et commercialisation<\/strong><\/a><\/span><\/li>\n<\/ul>\n<blockquote class=\"spip\"><p><span style=\"font-family: arial, helvetica, sans-serif\">Les programmes sont, sauf mention contraire, ceux des brevets de technicien sup\u00e9rieur et dipl\u00f4mes universitaires de technologie correspondants, \u00e9ventuellement ceux des classes de second cycle du second degr\u00e9 correspondantes, trait\u00e9s au niveau M1 du cycle master.<\/span><\/p><\/blockquote>\n<h4 id=\"CAPLP-interne-et-du-CAER-CAPLP-hotellerie-restauration-2023\"><span style=\"font-family: arial, helvetica, sans-serif\">CAPLP interne et du CAER-CAPLP h\u00f4tellerie &#8211; restauration 2023<\/span><\/h4>\n<ul class=\"spip\">\n<li><span style=\"font-family: arial, helvetica, sans-serif\"><a class=\"spip_out\" href=\"https:\/\/www.legifrance.gouv.fr\/loda\/id\/JORFTEXT000027361617\/2022-11-03\/\" target=\"_blank\" rel=\"external noopener\">Arr\u00eat\u00e9 du 19 avril 2013 fixant les sections et les modalit\u00e9s d\u2019organisation des concours du certificat d\u2019aptitude au professorat de lyc\u00e9e professionnel<\/a><\/span><\/li>\n<\/ul>\n<ul class=\"spip\">\n<li><span style=\"font-family: arial, helvetica, sans-serif\"><strong><a class=\"spip_out\" href=\"https:\/\/www.devenirenseignant.gouv.fr\/cid99840\/les-epreuves-caplp-interne-caer-caplp-section-hotellerie-restauration.html\" target=\"_blank\" rel=\"external noopener\">Descriptif des \u00e9preuves du CAPLP interne et du concours d\u2019acc\u00e8s \u00e0 l\u2019\u00e9chelle de r\u00e9mun\u00e9ration (CAER) correspondant, section h\u00f4tellerie &#8211; restauration<\/a><\/strong><\/span><\/li>\n<\/ul>\n<blockquote class=\"spip\"><p><span style=\"font-family: arial, helvetica, sans-serif\">Les programmes sont, sauf mention contraire, ceux des brevets de technicien sup\u00e9rieur et dipl\u00f4mes universitaires de technologie correspondants, \u00e9ventuellement ceux des classes de second cycle du second degr\u00e9 correspondantes, trait\u00e9s au niveau M1 du cycle master.<\/span><\/p><\/blockquote>\n<h3 id=\"Liens\" class=\"spip\"><span style=\"font-family: arial, helvetica, sans-serif\">Liens<\/span><\/h3>\n<ul class=\"spip\">\n<li><span style=\"font-family: arial, helvetica, sans-serif\"><a class=\"spip_out\" href=\"https:\/\/www.devenirenseignant.gouv.fr\/\" target=\"_blank\" rel=\"external noopener\">www.devenirenseignant.gouv.fr<\/a><\/span><br \/>\n<span style=\"font-family: arial, helvetica, sans-serif\"><img loading=\"lazy\" decoding=\"async\" class=\"puce\" src=\"https:\/\/www.hotellerie-restauration.ac-versailles.fr\/squelettes\/puce.gif\" alt=\"-\" width=\"10\" height=\"10\" \/>\u00a0Page d\u00e9di\u00e9e \u00ab\u00a0<strong><a class=\"spip_out\" href=\"https:\/\/www.devenirenseignant.gouv.fr\/cid101605\/les-epreuves-des-concours-de-recrutement-d-enseignants-du-second-degre.html\" target=\"_blank\" rel=\"external noopener\">Les \u00e9preuves des concours de recrutement d\u2019enseignants du second degr\u00e9<\/a><\/strong>\u00a0\u00bb<\/span><br \/>\n<span style=\"font-family: arial, helvetica, sans-serif\"><img loading=\"lazy\" decoding=\"async\" class=\"puce\" src=\"https:\/\/www.hotellerie-restauration.ac-versailles.fr\/squelettes\/puce.gif\" alt=\"-\" width=\"10\" height=\"10\" \/>\u00a0Page d\u00e9di\u00e9e \u00ab\u00a0<strong><a class=\"spip_out\" href=\"https:\/\/www.devenirenseignant.gouv.fr\/cid100820\/les-programmes-des-concours-enseignants-second-degre-session-2021.html\" target=\"_blank\" rel=\"external noopener\">Les programmes des concours d\u2019enseignants du second degr\u00e9 de la session 2023<\/a><\/strong>\u00a0\u00bb<\/span><br \/>\n<span style=\"font-family: arial, helvetica, sans-serif\"><img loading=\"lazy\" decoding=\"async\" class=\"puce\" src=\"https:\/\/www.hotellerie-restauration.ac-versailles.fr\/squelettes\/puce.gif\" alt=\"-\" width=\"10\" height=\"10\" \/>\u00a0Page d\u00e9di\u00e9e \u00ab\u00a0<a class=\"spip_out\" href=\"https:\/\/www.devenirenseignant.gouv.fr\/cid105920\/sections-et-options-ouvertes.html\" target=\"_blank\" rel=\"external noopener\">Sections et options des concours de recrutement d\u2019enseignants du second degr\u00e9 ouvertes en 2023<\/a>\u00a0\u00bb<\/span><\/li>\n<\/ul>\n<p><em><span style=\"font-size: 8pt;font-family: arial, helvetica, sans-serif\">Sources : site national de ressources en HR : https:\/\/www.hotellerie-restauration.ac-versailles.fr\/ (Laurent NADIRAS)<\/span><\/em><\/p>\n","protected":false},"excerpt":{"rendered":"<p>Toutes les informations sont mises \u00e0 disposition sur le site officiel \u00ab\u00a0www.devenirenseignant.gouv.fr\u00a0\u00bb. Les paragraphes ci-dessous concernent exclusivement la fili\u00e8re h\u00f4teli\u00e8re.<\/p>\n","protected":false},"author":166,"featured_media":0,"parent":90,"menu_order":0,"comment_status":"closed","ping_status":"closed","template":"","meta":{"footnotes":""},"class_list":["post-3011","page","type-page","status-publish","hentry"],"_links":{"self":[{"href":"https:\/\/ent2d.ac-bordeaux.fr\/disciplines\/hotellerie\/wp-json\/wp\/v2\/pages\/3011","targetHints":{"allow":["GET"]}}],"collection":[{"href":"https:\/\/ent2d.ac-bordeaux.fr\/disciplines\/hotellerie\/wp-json\/wp\/v2\/pages"}],"about":[{"href":"https:\/\/ent2d.ac-bordeaux.fr\/disciplines\/hotellerie\/wp-json\/wp\/v2\/types\/page"}],"author":[{"embeddable":true,"href":"https:\/\/ent2d.ac-bordeaux.fr\/disciplines\/hotellerie\/wp-json\/wp\/v2\/users\/166"}],"replies":[{"embeddable":true,"href":"https:\/\/ent2d.ac-bordeaux.fr\/disciplines\/hotellerie\/wp-json\/wp\/v2\/comments?post=3011"}],"version-history":[{"count":5,"href":"https:\/\/ent2d.ac-bordeaux.fr\/disciplines\/hotellerie\/wp-json\/wp\/v2\/pages\/3011\/revisions"}],"predecessor-version":[{"id":4352,"href":"https:\/\/ent2d.ac-bordeaux.fr\/disciplines\/hotellerie\/wp-json\/wp\/v2\/pages\/3011\/revisions\/4352"}],"up":[{"embeddable":true,"href":"https:\/\/ent2d.ac-bordeaux.fr\/disciplines\/hotellerie\/wp-json\/wp\/v2\/pages\/90"}],"wp:attachment":[{"href":"https:\/\/ent2d.ac-bordeaux.fr\/disciplines\/hotellerie\/wp-json\/wp\/v2\/media?parent=3011"}],"curies":[{"name":"wp","href":"https:\/\/api.w.org\/{rel}","templated":true}]}}