{"id":1452,"date":"2017-07-06T23:20:41","date_gmt":"2017-07-06T21:20:41","guid":{"rendered":"http:\/\/blog1-test.in.ac-bordeaux.fr\/testdisci01\/hotellerie\/?page_id=364"},"modified":"2021-07-01T15:59:43","modified_gmt":"2021-07-01T13:59:43","slug":"guide-daccompagnement-pedagogique-hr","status":"publish","type":"page","link":"https:\/\/ent2d.ac-bordeaux.fr\/disciplines\/hotellerie\/documents-reglementaires\/guide-daccompagnement-pedagogique-hr\/","title":{"rendered":"Guide d&#8217;Accompagnement P\u00e9dagogique HR"},"content":{"rendered":"<p><span style=\"font-family: arial, helvetica, sans-serif\"><img loading=\"lazy\" decoding=\"async\" class=\"aligncenter\" src=\"https:\/\/ent2d.ac-bordeaux.fr\/disciplines\/hotellerie\/wp-content\/uploads\/sites\/46\/2017\/07\/page_garde_GAP_HR-5.jpg\" alt=\"\" width=\"173\" height=\"247\" \/><\/span><\/p>\n<p style=\"text-align: justify\"><span style=\"color: #ff00ff\"><em><span style=\"font-family: arial, helvetica, sans-serif;font-size: 8pt\">NOTA : Ce Guide a \u00e9t\u00e9 con\u00e7u en 2014 avant les modalit\u00e9s r\u00e8glementaires de la TVP (Transformation de la Voie Professionnelle), il ne tient donc compte des nouvelles modalit\u00e9s de la Famille des M\u00e9tiers, consolidation, chef d&#8217;oeuvre, enseignement en co-intervention&#8230;). Il reste pour autant d&#8217;actualit\u00e9 pour la plupart des pr\u00e9conisations formul\u00e9es.<\/span><\/em><\/span><\/p>\n<p style=\"text-align: justify\"><span style=\"font-family: arial, helvetica, sans-serif\">Les enseignants de l\u2019acad\u00e9mie de Bordeaux ont travaill\u00e9 durant trois ann\u00e9es pour concevoir un panel d\u2019outils utiles \u00e0 la mise en \u0153uvre des deux nouveaux baccalaur\u00e9ats professionnels de la fili\u00e8re h\u00f4tellerie-restauration. Ce groupe de pilotage constitu\u00e9 de 24 enseignants de gestion, cuisine et services et commercialisation, renouvel\u00e9 (30%) en partie chaque ann\u00e9e, a \u00e9t\u00e9 ponctuellement enrichi de la participation de coll\u00e8gues de sciences appliqu\u00e9es et de vente que nous remercions vivement. Le groupe de pilotage HR de l\u2019acad\u00e9mie de Bordeaux est heureux de vous proposer son guide d\u2019accompagnement p\u00e9dagogique HR.<img loading=\"lazy\" decoding=\"async\" class=\"aligncenter wp-image-1754\" src=\"https:\/\/ent2d.ac-bordeaux.fr\/disciplines\/hotellerie\/wp-content\/uploads\/sites\/46\/2017\/07\/Capture-d\u2019e\u0301cran-2017-07-11-a\u0300-12.06.32-300x220.png\" alt=\"\" width=\"82\" height=\"60\" srcset=\"https:\/\/ent2d.ac-bordeaux.fr\/disciplines\/hotellerie\/wp-content\/uploads\/sites\/46\/2017\/07\/Capture-d\u2019e\u0301cran-2017-07-11-a\u0300-12.06.32-300x220.png 300w, https:\/\/ent2d.ac-bordeaux.fr\/disciplines\/hotellerie\/wp-content\/uploads\/sites\/46\/2017\/07\/Capture-d\u2019e\u0301cran-2017-07-11-a\u0300-12.06.32-768x563.png 768w, https:\/\/ent2d.ac-bordeaux.fr\/disciplines\/hotellerie\/wp-content\/uploads\/sites\/46\/2017\/07\/Capture-d\u2019e\u0301cran-2017-07-11-a\u0300-12.06.32.png 886w\" sizes=\"auto, (max-width: 82px) 100vw, 82px\" \/><\/span><\/p>\n<p style=\"text-align: justify\"><span style=\"font-family: arial, helvetica, sans-serif\">Destin\u00e9 en priorit\u00e9 aux enseignants d\u00e9butants dans cette fili\u00e8re, il s&#8217;adresse \u00e0 tous et nous esp\u00e9rons que chacun trouve, au travers de ces pages, mati\u00e8re \u00e0 nourrir sa r\u00e9flexion et ses pratiques professionnelles d\u2019enseignement.<\/span><\/p>\n<p style=\"text-align: justify\"><span style=\"font-family: arial, helvetica, sans-serif\">Les outils propos\u00e9s ne sont pas des mod\u00e8les, car il n\u2019en existe pas en mati\u00e8re de didactique, mais ils peuvent certainement contribuer \u00e0 vous aider \u00e0 appr\u00e9hender cette r\u00e9novation et \u00e0 concevoir une strat\u00e9gie de formation d\u2019\u00e9quipe coh\u00e9rente. Ils sont \u00e9volutifs et la r\u00e9flexion de tous les acteurs de la fili\u00e8re est n\u00e9cessaire afin de poursuivre ce travail.<\/span><\/p>\n<p style=\"text-align: justify\"><span style=\"font-family: arial, helvetica, sans-serif\">Cet outil pourra \u00eatre utile dans le cadre de la pr\u00e9paration de la rentr\u00e9e scolaire. Il se veut \u00e9volutif, alors n\u2019h\u00e9sitez pas \u00e0 nous faire part de vos remarques ou \u00e0 proposer vos ressources.<\/span><\/p>\n<p style=\"text-align: justify\"><span style=\"font-family: arial, helvetica, sans-serif\">Je remercie tr\u00e8s sinc\u00e8rement tous les enseignants ayant contribu\u00e9 durant ces trois ann\u00e9es aux \u00e9changes du groupe de pilotage, et je tiens \u00e0 leur t\u00e9moigner le plaisir que j\u2019ai eu \u00e0 partager cette entreprise. Je f\u00e9licite et remercie tout particuli\u00e8rement les six enseignants engag\u00e9s \u00e0 mes c\u00f4t\u00e9s dans la r\u00e9alisation de ce guide.<\/span><\/p>\n<p><span style=\"font-family: arial, helvetica, sans-serif\">Je vous souhaite bonne lecture.<\/span><\/p>\n<p><span style=\"color: #3b62d9;font-family: arial, helvetica, sans-serif\"><strong>J. MUZARD &#8211; IEN \u00e9conomie gestion<\/strong><\/span><\/p>\n<hr \/>\n<p><span style=\"font-family: arial, helvetica, sans-serif\"><strong>T\u00e9l\u00e9charger l&#8217;ensemble du GAP HR (12.50 MO)<\/strong><\/span><\/p>\n<ul>\n<li><span style=\"font-family: arial, helvetica, sans-serif\"><a href=\"https:\/\/ent2d.ac-bordeaux.fr\/disciplines\/hotellerie\/wp-content\/uploads\/sites\/46\/2017\/07\/GUIDE_ACCOMPAGNEMENT_PEDA_Ac_BX_version_soft-5.pdf\">GAP HR GUIDE ACCOMPAGNEMENT PEDA Ac BX<\/a><\/span><\/li>\n<\/ul>\n<h6><span style=\"font-family: arial, helvetica, sans-serif\"><strong>T\u00e9l\u00e9charger par chapitre<\/strong><\/span><\/h6>\n<ul>\n<li><span style=\"font-family: arial, helvetica, sans-serif\"><a href=\"https:\/\/ent2d.ac-bordeaux.fr\/disciplines\/hotellerie\/wp-content\/uploads\/sites\/46\/2017\/07\/GAP_HR_Page_garde_Sommaire-5.pdf\">GAP HR La page de garde et le Sommaire<\/a> (0.76)<\/span><\/li>\n<li><span style=\"font-family: arial, helvetica, sans-serif\"><a href=\"https:\/\/ent2d.ac-bordeaux.fr\/disciplines\/hotellerie\/wp-content\/uploads\/sites\/46\/2017\/07\/GAP_HR_CHAPITRE_1_Preconisations_pedagogiqueses_corps_inspection-5.pdf\">CHAPITRE 1 Pr\u00e9conisations p\u00e9dagogiques du corps d&#8217;inspection<\/a> (0.82 MO)<\/span><\/li>\n<li><span style=\"font-family: arial, helvetica, sans-serif\"><a href=\"https:\/\/ent2d.ac-bordeaux.fr\/disciplines\/hotellerie\/wp-content\/uploads\/sites\/46\/2017\/07\/GAP_HR_CHAPITRE_2_Quelques_notions_essentielles_de_didactique-5.pdf\">CHAPITRE 2\u00a0 Quelques notions essentielles de didactique<\/a> (2.10 MO)<\/span><\/li>\n<li><span style=\"font-family: arial, helvetica, sans-serif\"><a href=\"https:\/\/ent2d.ac-bordeaux.fr\/disciplines\/hotellerie\/wp-content\/uploads\/sites\/46\/2017\/07\/GAP_HR_CHAPITRE_3_Competences_et_evaluation_par_competences-5.pdf\">CHAPITRE 3 Comp\u00e9tences et \u00e9valuation par comp\u00e9tences<\/a> (0.41 MO)<\/span><\/li>\n<li><span style=\"font-family: arial, helvetica, sans-serif\"><a href=\"https:\/\/ent2d.ac-bordeaux.fr\/disciplines\/hotellerie\/wp-content\/uploads\/sites\/46\/2017\/07\/GAP_HR_CHAPITRE_4_Preparer_rentree-5.pdf\">CHAPITRE 4 Pr\u00e9parer la rentr\u00e9e<\/a> (5.8 MO)<\/span><\/li>\n<li><span style=\"font-family: arial, helvetica, sans-serif\"><a href=\"https:\/\/ent2d.ac-bordeaux.fr\/disciplines\/hotellerie\/wp-content\/uploads\/sites\/46\/2017\/07\/GAP_HR_CHAPITRE_5_Les_PFMP-5.pdf\">CHAPITRE 5 Les PFMP<\/a> (0.98 MO)<\/span><\/li>\n<li><span style=\"font-family: arial, helvetica, sans-serif\"><a href=\"https:\/\/ent2d.ac-bordeaux.fr\/disciplines\/hotellerie\/wp-content\/uploads\/sites\/46\/2017\/07\/GAP_HR_CHAPITRE_6_Les_outils_T.I.C.E-5.pdf\">CHAPITRE 6 Les outils T.I.C.E<\/a> (0.58 MO)<\/span><\/li>\n<li><span style=\"font-family: arial, helvetica, sans-serif\"><a href=\"https:\/\/ent2d.ac-bordeaux.fr\/disciplines\/hotellerie\/wp-content\/uploads\/sites\/46\/2017\/07\/GAP_HR_CHAPITRE_7_Le_Controle_en_Cours_de_Formation-5.pdf\">CHAPITRE 7 Le Contr\u00f4le en Cours de Formation<\/a> (3.8 MO)<\/span><\/li>\n<li><span style=\"font-family: arial, helvetica, sans-serif\"><a href=\"https:\/\/ent2d.ac-bordeaux.fr\/disciplines\/hotellerie\/wp-content\/uploads\/sites\/46\/2017\/07\/GAP_HR_CHAPITRE_8_Le_travail_de_l_eleve-5.pdf\">CHAPITRE 8 Le travail de l&#8217;\u00e9l\u00e8ve <\/a>(0.49 MO)<\/span><\/li>\n<li><span style=\"font-family: arial, helvetica, sans-serif\"><a href=\"https:\/\/ent2d.ac-bordeaux.fr\/disciplines\/hotellerie\/wp-content\/uploads\/sites\/46\/2017\/07\/GAP_HR_CHAPITRE_9_Orientation_et_poursuite_etudes-5.pdf\">CHAPITRE 9 Orientation et poursuite d&#8217;\u00e9tudes<\/a> (0.17 MO)<\/span><\/li>\n<li><span style=\"font-family: arial, helvetica, sans-serif\"><a href=\"https:\/\/ent2d.ac-bordeaux.fr\/disciplines\/hotellerie\/wp-content\/uploads\/sites\/46\/2017\/07\/GAP_HR_LES_ANNEXES_partie_1-5.pdf\">GAP HR LES ANNEXES Partie 1 annexes 1 \u00e0 22<\/a> (12.7 MO)<\/span><\/li>\n<li><span style=\"font-family: arial, helvetica, sans-serif\"><a href=\"https:\/\/ent2d.ac-bordeaux.fr\/disciplines\/hotellerie\/wp-content\/uploads\/sites\/46\/2017\/07\/GAP_HR_LES_ANNEXES_partie_2-5.pdf\">GAP HR LES ANNEXES Partie 2 annexes 12 \u00e0 23<\/a> (8.10 MO)<\/span><\/li>\n<\/ul>\n<table style=\"height: 239px\" width=\"900\">\n<tbody>\n<tr>\n<td width=\"121\"><span style=\"font-family: arial, helvetica, sans-serif\"><img loading=\"lazy\" decoding=\"async\" class=\"aligncenter size-medium wp-image-1626\" src=\"https:\/\/ent2d.ac-bordeaux.fr\/disciplines\/hotellerie\/wp-content\/uploads\/sites\/46\/2017\/07\/te\u0301le\u0301chargement-1-243x300.png\" alt=\"\" width=\"243\" height=\"300\" srcset=\"https:\/\/ent2d.ac-bordeaux.fr\/disciplines\/hotellerie\/wp-content\/uploads\/sites\/46\/2017\/07\/te\u0301le\u0301chargement-1-243x300.png 243w, https:\/\/ent2d.ac-bordeaux.fr\/disciplines\/hotellerie\/wp-content\/uploads\/sites\/46\/2017\/07\/te\u0301le\u0301chargement-1.png 395w\" sizes=\"auto, (max-width: 243px) 100vw, 243px\" \/><\/span><\/td>\n<td style=\"text-align: justify\" width=\"332\"><span style=\"font-family: arial, helvetica, sans-serif\">Pour prosp\u00e9rer et durer, un restaurant doit avoir \u00e0 sa t\u00eate un gestionnaire comp\u00e9tent, capable d\u2019exploiter et de rentabiliser son entreprise. Le bachelier professionnel se pr\u00e9destine \u00e0 une insertion professionnelle ou une poursuite d\u2019\u00e9tudes et pourquoi pas, \u00e0 plus ou moins long terme, \u00e0 la reprise d\u2019une entreprise de restauration. Il est donc de toute \u00e9vidence primordial de d\u00e9velopper un portefeuille de comp\u00e9tences en lien avec la gestion appliqu\u00e9e et l\u2019exploitation de l\u2019entreprise de restauration. Plus les enseignements de gestion seront \u00ab\u00a0appliqu\u00e9s\u00a0\u00bb, plus les \u00e9l\u00e8ves trouveront du sens \u00e0 ces \u00ab\u00a0savoirs associ\u00e9s\u00a0\u00bb.<\/span><\/td>\n<\/tr>\n<\/tbody>\n<\/table>\n<ul>\n<li><span style=\"font-family: arial, helvetica, sans-serif\"><a href=\"https:\/\/ent2d.ac-bordeaux.fr\/disciplines\/hotellerie\/wp-content\/uploads\/sites\/46\/2017\/07\/GAP_Gestion_Appliquee_Ac_BX-5.pdf\">GAP Gestion appliqu\u00e9e (1.4 MO)<\/a><\/span><\/li>\n<\/ul>\n<p>&nbsp;<\/p>\n","protected":false},"excerpt":{"rendered":"<p>NOTA : Ce Guide a \u00e9t\u00e9 con\u00e7u en 2014 avant les modalit\u00e9s r\u00e8glementaires de la TVP (Transformation de la Voie<\/p>\n","protected":false},"author":2,"featured_media":0,"parent":518,"menu_order":0,"comment_status":"closed","ping_status":"closed","template":"","meta":{"footnotes":""},"class_list":["post-1452","page","type-page","status-publish","hentry"],"_links":{"self":[{"href":"https:\/\/ent2d.ac-bordeaux.fr\/disciplines\/hotellerie\/wp-json\/wp\/v2\/pages\/1452","targetHints":{"allow":["GET"]}}],"collection":[{"href":"https:\/\/ent2d.ac-bordeaux.fr\/disciplines\/hotellerie\/wp-json\/wp\/v2\/pages"}],"about":[{"href":"https:\/\/ent2d.ac-bordeaux.fr\/disciplines\/hotellerie\/wp-json\/wp\/v2\/types\/page"}],"author":[{"embeddable":true,"href":"https:\/\/ent2d.ac-bordeaux.fr\/disciplines\/hotellerie\/wp-json\/wp\/v2\/users\/2"}],"replies":[{"embeddable":true,"href":"https:\/\/ent2d.ac-bordeaux.fr\/disciplines\/hotellerie\/wp-json\/wp\/v2\/comments?post=1452"}],"version-history":[{"count":19,"href":"https:\/\/ent2d.ac-bordeaux.fr\/disciplines\/hotellerie\/wp-json\/wp\/v2\/pages\/1452\/revisions"}],"predecessor-version":[{"id":4350,"href":"https:\/\/ent2d.ac-bordeaux.fr\/disciplines\/hotellerie\/wp-json\/wp\/v2\/pages\/1452\/revisions\/4350"}],"up":[{"embeddable":true,"href":"https:\/\/ent2d.ac-bordeaux.fr\/disciplines\/hotellerie\/wp-json\/wp\/v2\/pages\/518"}],"wp:attachment":[{"href":"https:\/\/ent2d.ac-bordeaux.fr\/disciplines\/hotellerie\/wp-json\/wp\/v2\/media?parent=1452"}],"curies":[{"name":"wp","href":"https:\/\/api.w.org\/{rel}","templated":true}]}}