{"id":1450,"date":"2017-07-06T08:48:42","date_gmt":"2017-07-06T06:48:42","guid":{"rendered":"http:\/\/blog1-test.in.ac-bordeaux.fr\/testdisci01\/hotellerie\/?page_id=320"},"modified":"2021-09-01T16:17:35","modified_gmt":"2021-09-01T14:17:35","slug":"accompagnement-personnalise-en-lp","status":"publish","type":"page","link":"https:\/\/ent2d.ac-bordeaux.fr\/disciplines\/hotellerie\/enseigner-en-hr-dans-lacademie\/accompagnement-personnalise-en-lp\/","title":{"rendered":"CAPCO &#8211; Consolidation &#8211; AP &#8211; Orientation"},"content":{"rendered":"<p>&nbsp;<\/p>\n<p><img loading=\"lazy\" decoding=\"async\" class=\"alignleft wp-image-4359\" src=\"https:\/\/ent2d.ac-bordeaux.fr\/disciplines\/hotellerie\/wp-content\/uploads\/sites\/46\/2021\/09\/Capture-d\u2019e\u0301cran-2021-09-01-a\u0300-16.03.44.png\" alt=\"\" width=\"156\" height=\"116\" srcset=\"https:\/\/ent2d.ac-bordeaux.fr\/disciplines\/hotellerie\/wp-content\/uploads\/sites\/46\/2021\/09\/Capture-d\u2019e\u0301cran-2021-09-01-a\u0300-16.03.44.png 618w, https:\/\/ent2d.ac-bordeaux.fr\/disciplines\/hotellerie\/wp-content\/uploads\/sites\/46\/2021\/09\/Capture-d\u2019e\u0301cran-2021-09-01-a\u0300-16.03.44-300x222.png 300w\" sizes=\"auto, (max-width: 156px) 100vw, 156px\" \/><\/p>\n<p style=\"text-align: justify\"><span style=\"font-family: arial, helvetica, sans-serif\">Afin de faire de la voie professionnelle une fili\u00e8re d\u2019excellence, chaque \u00e9l\u00e8ve doit pouvoir construire le parcours personnalis\u00e9 qui r\u00e9ponde le mieux \u00e0 ses\u00a0<\/span><\/p>\n<p style=\"text-align: justify\"><span style=\"font-family: arial, helvetica, sans-serif\">besoins et \u00e0 ses aspirations. Pour l\u2019y aider, sont mis en \u0153uvre :<\/span><\/p>\n<p>&nbsp;<\/p>\n<p style=\"text-align: justify\"><span style=\"font-family: arial, helvetica, sans-serif\">&#8211; des enseignements de consolidation ; <\/span><\/p>\n<p style=\"text-align: justify\"><span style=\"font-family: arial, helvetica, sans-serif\">&#8211; un accompagnement personnalis\u00e9 ; <\/span><\/p>\n<p style=\"text-align: justify\"><span style=\"font-family: arial, helvetica, sans-serif\">&#8211; une pr\u00e9paration aux choix d\u2019orientation. <\/span><\/p>\n<p style=\"text-align: justify\"><span style=\"font-family: arial, helvetica, sans-serif\">Ce dispositif d\u2019accompagnement fait partie intrins\u00e8que du temps scolaire de l\u2019\u00e9l\u00e8ve, de la seconde \u00e0 la terminale, mais ses enjeux finaux s\u2019inscrivent r\u00e9solument dans son parcours professionnel ou d\u2019\u00e9tudes \u00e0 moyen et long terme. <\/span><\/p>\n<ul>\n<li><span style=\"font-family: arial, helvetica, sans-serif\"><a href=\"https:\/\/ent2d.ac-bordeaux.fr\/disciplines\/hotellerie\/enseigner-en-hr-dans-lacademie\/accompagnement-personnalise-en-lp\/vade-mecum-consolidation-et-ap\/\" rel=\"attachment wp-att-4356\">Vade-mecum consolidation et AP<\/a><\/span><\/li>\n<li><span style=\"font-family: arial, helvetica, sans-serif\"><a href=\"https:\/\/ent2d.ac-bordeaux.fr\/disciplines\/hotellerie\/enseigner-en-hr-dans-lacademie\/accompagnement-personnalise-en-lp\/vademecum_accompagnement-orientation_lyceepro\/\" rel=\"attachment wp-att-4364\">Vademecum_accompagnement-orientation_LyceePro<\/a><\/span><\/li>\n<li><span style=\"font-family: arial, helvetica, sans-serif\"><a href=\"https:\/\/ent2d.ac-bordeaux.fr\/disciplines\/hotellerie\/enseigner-en-hr-dans-lacademie\/accompagnement-personnalise-en-lp\/vm-module-insertion-professionnelle\/\" rel=\"attachment wp-att-4365\">vm-module-insertion-professionnelle<\/a><\/span><\/li>\n<li><span style=\"font-family: arial, helvetica, sans-serif\"><a href=\"https:\/\/ent2d.ac-bordeaux.fr\/disciplines\/hotellerie\/wp-content\/uploads\/sites\/46\/2017\/07\/Guide_Aide_Au_pilotage_COPIL_AP_2014.xlsx\">Guide d&#8217;Aide au pilotage dispositif AP<\/a><\/span><\/li>\n<li><span style=\"font-family: arial, helvetica, sans-serif\"><a href=\"https:\/\/ent2d.ac-bordeaux.fr\/disciplines\/hotellerie\/wp-content\/uploads\/sites\/46\/2017\/07\/Vademcum_AP_Gr_Pilotage_AcBx_2013-5.pdf\">Le Vade Mecum du Groupe de pilotage AP (GAPAP<\/a> )<\/span><\/li>\n<li><span style=\"font-family: arial, helvetica, sans-serif\"><a href=\"https:\/\/ent2d.ac-bordeaux.fr\/disciplines\/hotellerie\/wp-content\/uploads\/sites\/46\/2017\/07\/Notice20explicative20-20Guide20aide20pilotage20AP-4.pdf\">La notice d&#8217;utilisation du Guide d&#8217;Aide au Pilotage pour les EPLE<\/a><\/span><\/li>\n<li><span style=\"font-family: arial, helvetica, sans-serif\"><a href=\"https:\/\/ent2d.ac-bordeaux.fr\/disciplines\/hotellerie\/wp-content\/uploads\/sites\/46\/2017\/07\/Recueil20prC3A9conisations20AP20mars202013-4.pdf\">Le recueil de pr\u00e9conisations \u00a0<\/a>(\u00e9l\u00e9ments de synth\u00e8se)<\/span><\/li>\n<li><span style=\"font-family: arial, helvetica, sans-serif\"><a href=\"https:\/\/ent2d.ac-bordeaux.fr\/disciplines\/hotellerie\/wp-content\/uploads\/sites\/46\/2017\/07\/SynthC3A8se20AP20Banque20outils-5.pdf\">Banque d&#8217;outils pour \u00a0l&#8217;accompagnement personnalis\u00e9<\/a><\/span><\/li>\n<\/ul>\n<p><span style=\"color: #000000;font-family: arial, helvetica, sans-serif\"><strong>Exemples de ressources en accompagnement personnalis\u00e9<\/strong> (LP Condorcet Arcachon J. GRIVAUD &amp; P. GERMAIN)<\/span><\/p>\n<ul>\n<li><span style=\"font-family: arial, helvetica, sans-serif\"><a href=\"https:\/\/ent2d.ac-bordeaux.fr\/disciplines\/hotellerie\/wp-content\/uploads\/sites\/46\/2017\/07\/LIVRET_AP_Condorcet_SECONDE-5.doc\">Livret AP LP Condorcet &#8211; seconde professionnelle<\/a><\/span><\/li>\n<li><span style=\"font-family: arial, helvetica, sans-serif\"><a href=\"https:\/\/ent2d.ac-bordeaux.fr\/disciplines\/hotellerie\/wp-content\/uploads\/sites\/46\/2017\/07\/LIVRET_AP_Condorcet_PREMIERE-5.doc\">Livret AP LP Condorcet &#8211; premi\u00e8re professionnelle<\/a><\/span><\/li>\n<li><span style=\"font-family: arial, helvetica, sans-serif\"><a href=\"https:\/\/ent2d.ac-bordeaux.fr\/disciplines\/hotellerie\/wp-content\/uploads\/sites\/46\/2017\/07\/LIVRET_AP_Condorcet_TERMINALE-5.doc\">Livret AP LP Condorcet &#8211; terminale professionnelle<\/a><\/span><br \/>\n<span style=\"font-family: arial, helvetica, sans-serif\"><a href=\"https:\/\/ent2d.ac-bordeaux.fr\/disciplines\/hotellerie\/wp-content\/uploads\/sites\/46\/2017\/07\/CALENDRIER_SECONDE_TERMINALE-5.doc\">Exemple de calendrier<\/a><\/span><\/li>\n<li><span style=\"font-family: arial, helvetica, sans-serif\"><a href=\"https:\/\/ent2d.ac-bordeaux.fr\/disciplines\/hotellerie\/wp-content\/uploads\/sites\/46\/2017\/07\/Utiliser_1_plannificateur_evenement1-2.doc\">Utiliser un planificateur d&#8217;\u00e9v\u00e8nements pour programmer les ateliers<\/a><\/span><\/li>\n<\/ul>\n<p><span style=\"font-family: arial, helvetica, sans-serif\"><strong>Autres exemples de ressources<\/strong><\/span><\/p>\n<ul>\n<li><span style=\"font-family: arial, helvetica, sans-serif\"><a href=\"https:\/\/ent2d.ac-bordeaux.fr\/disciplines\/hotellerie\/wp-content\/uploads\/sites\/46\/2017\/07\/Guide20AP20FiliC3A8re20hC3B4teliC3A8re20-JMUZARD-5.pdf\">Guide AP Fili\u00e8re h\u00f4teli\u00e8re<\/a> &#8211; rentr\u00e9e 2010<\/span><\/li>\n<\/ul>\n<p>&nbsp;<\/p>\n<p>&nbsp;<\/p>\n","protected":false},"excerpt":{"rendered":"<p>&nbsp; Afin de faire de la voie professionnelle une fili\u00e8re d\u2019excellence, chaque \u00e9l\u00e8ve doit pouvoir construire le parcours personnalis\u00e9 qui<\/p>\n","protected":false},"author":166,"featured_media":0,"parent":90,"menu_order":0,"comment_status":"closed","ping_status":"closed","template":"","meta":{"footnotes":""},"class_list":["post-1450","page","type-page","status-publish","hentry"],"_links":{"self":[{"href":"https:\/\/ent2d.ac-bordeaux.fr\/disciplines\/hotellerie\/wp-json\/wp\/v2\/pages\/1450","targetHints":{"allow":["GET"]}}],"collection":[{"href":"https:\/\/ent2d.ac-bordeaux.fr\/disciplines\/hotellerie\/wp-json\/wp\/v2\/pages"}],"about":[{"href":"https:\/\/ent2d.ac-bordeaux.fr\/disciplines\/hotellerie\/wp-json\/wp\/v2\/types\/page"}],"author":[{"embeddable":true,"href":"https:\/\/ent2d.ac-bordeaux.fr\/disciplines\/hotellerie\/wp-json\/wp\/v2\/users\/166"}],"replies":[{"embeddable":true,"href":"https:\/\/ent2d.ac-bordeaux.fr\/disciplines\/hotellerie\/wp-json\/wp\/v2\/comments?post=1450"}],"version-history":[{"count":19,"href":"https:\/\/ent2d.ac-bordeaux.fr\/disciplines\/hotellerie\/wp-json\/wp\/v2\/pages\/1450\/revisions"}],"predecessor-version":[{"id":4367,"href":"https:\/\/ent2d.ac-bordeaux.fr\/disciplines\/hotellerie\/wp-json\/wp\/v2\/pages\/1450\/revisions\/4367"}],"up":[{"embeddable":true,"href":"https:\/\/ent2d.ac-bordeaux.fr\/disciplines\/hotellerie\/wp-json\/wp\/v2\/pages\/90"}],"wp:attachment":[{"href":"https:\/\/ent2d.ac-bordeaux.fr\/disciplines\/hotellerie\/wp-json\/wp\/v2\/media?parent=1450"}],"curies":[{"name":"wp","href":"https:\/\/api.w.org\/{rel}","templated":true}]}}