{"id":1447,"date":"2017-07-06T17:57:31","date_gmt":"2017-07-06T15:57:31","guid":{"rendered":"http:\/\/blog1-test.in.ac-bordeaux.fr\/testdisci01\/hotellerie\/?page_id=149"},"modified":"2017-07-12T18:13:48","modified_gmt":"2017-07-12T16:13:48","slug":"baccalaureats-professionnels-csr-et-cuisine-jmz","status":"publish","type":"page","link":"https:\/\/ent2d.ac-bordeaux.fr\/disciplines\/hotellerie\/enseigner-en-hr-dans-lacademie\/baccalaureats-professionnels-csr-et-cuisine-jmz\/","title":{"rendered":"Baccalaur\u00e9ats professionnels CSR et Cuisine"},"content":{"rendered":"<table style=\"height: 1729px\" border=\"0\" width=\"875\" cellspacing=\"1\" cellpadding=\"0\">\n<tbody>\n<tr>\n<td colspan=\"2\"><img loading=\"lazy\" decoding=\"async\" class=\"wp-image-1913 alignleft\" src=\"https:\/\/ent2d.ac-bordeaux.fr\/disciplines\/hotellerie\/wp-content\/uploads\/sites\/46\/2017\/07\/Capture-d\u2019e\u0301cran-2017-07-11-a\u0300-21.19.19-300x213.png\" alt=\"\" width=\"201\" height=\"143\" srcset=\"https:\/\/ent2d.ac-bordeaux.fr\/disciplines\/hotellerie\/wp-content\/uploads\/sites\/46\/2017\/07\/Capture-d\u2019e\u0301cran-2017-07-11-a\u0300-21.19.19-300x213.png 300w, https:\/\/ent2d.ac-bordeaux.fr\/disciplines\/hotellerie\/wp-content\/uploads\/sites\/46\/2017\/07\/Capture-d\u2019e\u0301cran-2017-07-11-a\u0300-21.19.19-768x546.png 768w, https:\/\/ent2d.ac-bordeaux.fr\/disciplines\/hotellerie\/wp-content\/uploads\/sites\/46\/2017\/07\/Capture-d\u2019e\u0301cran-2017-07-11-a\u0300-21.19.19-1024x728.png 1024w, https:\/\/ent2d.ac-bordeaux.fr\/disciplines\/hotellerie\/wp-content\/uploads\/sites\/46\/2017\/07\/Capture-d\u2019e\u0301cran-2017-07-11-a\u0300-21.19.19.png 1154w\" sizes=\"auto, (max-width: 201px) 100vw, 201px\" \/><img loading=\"lazy\" decoding=\"async\" class=\"alignleft\" src=\"https:\/\/ent2d.ac-bordeaux.fr\/disciplines\/hotellerie\/wp-content\/uploads\/sites\/46\/2017\/07\/Logo_GrPilotage2-5.jpg\" alt=\"\" width=\"444\" height=\"85\" \/><\/td>\n<\/tr>\n<tr>\n<td colspan=\"2\">\n<h4><span style=\"color: #ff6600\"><strong>\u2666Les Ressources du Groupe de Pilotage Acad\u00e9mique<\/strong><\/span><\/h4>\n<\/td>\n<\/tr>\n<tr>\n<td style=\"text-align: justify\" colspan=\"2\">24 enseignants de l&#8217;acad\u00e9mie (gestion appliqu\u00e9e, cuisine et CSR) ont travaill\u00e9 durant trois ann\u00e9es. Le groupe, renouvel\u00e9 en partie chaque ann\u00e9e, a produit un ensemble de ressources, d&#8217;outils et de documents afin d&#8217;appr\u00e9hender ces nouveaux dipl\u00f4mes et proposer une d\u00e9marche globale de travail. Ponctuellement enrichi de l&#8217;aide de chefs des travaux et de professionnels, ce groupe a r\u00e9alis\u00e9 un travail important en pr\u00e9sentiel et \u00e0 distance. Merci \u00e0 tous les participants pour la qualit\u00e9 des \u00e9changes et du travail fourni.<\/td>\n<\/tr>\n<tr>\n<td>\u00a0<img loading=\"lazy\" decoding=\"async\" class=\"aligncenter wp-image-1714\" src=\"https:\/\/ent2d.ac-bordeaux.fr\/disciplines\/hotellerie\/wp-content\/uploads\/sites\/46\/2017\/07\/Capture-d\u2019e\u0301cran-2017-07-11-a\u0300-10.52.09-300x192.png\" alt=\"\" width=\"159\" height=\"102\" srcset=\"https:\/\/ent2d.ac-bordeaux.fr\/disciplines\/hotellerie\/wp-content\/uploads\/sites\/46\/2017\/07\/Capture-d\u2019e\u0301cran-2017-07-11-a\u0300-10.52.09-300x192.png 300w, https:\/\/ent2d.ac-bordeaux.fr\/disciplines\/hotellerie\/wp-content\/uploads\/sites\/46\/2017\/07\/Capture-d\u2019e\u0301cran-2017-07-11-a\u0300-10.52.09-768x492.png 768w, https:\/\/ent2d.ac-bordeaux.fr\/disciplines\/hotellerie\/wp-content\/uploads\/sites\/46\/2017\/07\/Capture-d\u2019e\u0301cran-2017-07-11-a\u0300-10.52.09-1024x656.png 1024w, https:\/\/ent2d.ac-bordeaux.fr\/disciplines\/hotellerie\/wp-content\/uploads\/sites\/46\/2017\/07\/Capture-d\u2019e\u0301cran-2017-07-11-a\u0300-10.52.09.png 1510w\" sizes=\"auto, (max-width: 159px) 100vw, 159px\" \/><\/td>\n<td>\u00a0<a name=\"GR_Pilotage\"><\/a><span style=\"color: #ff6600\"><strong>Ces 60 ressources sont class\u00e9es en quatre cat\u00e9gories<\/strong><\/span><\/p>\n<ul>\n<li><a href=\"http:\/\/ent2d.ac-bordeaux.fr\/disciplines\/hotellerie\/enseigner-en-hr-dans-lacademie\/bac-pro-csr-cuisine\/construire-une-strategie-de-formation-globale-en-bac-pro-csr-et-cuisine\/\">CONSTRUIRE une strat\u00e9gie de formation globale<\/a><\/li>\n<li><a href=\"http:\/\/ent2d.ac-bordeaux.fr\/disciplines\/hotellerie\/enseigner-en-hr-dans-lacademie\/bac-pro-csr-cuisine\/exemples-de-supports-didactiques-bac-pro-csr-et-cuisine\/\">ENSEIGNER &#8211; exemples de supports et documents p\u00e9dagogiques en Cuisine et CSR<\/a><\/li>\n<li><a href=\"https:\/\/ent2d.ac-bordeaux.fr\/disciplines\/hotellerie\/enseigner-en-hr-dans-lacademie\/baccalaureats-professionnels-csr-et-cuisine-jmz\/ressources-pedagogiques-en-ga-et-com\/\">ENSEIGNER &#8211; exemples de supports et documents p\u00e9dagogiques en gestion appliqu\u00e9e<\/a><\/li>\n<li><a href=\"https:\/\/ent2d.ac-bordeaux.fr\/disciplines\/hotellerie\/suivre-lapprenant\/\">SUIVRE l&#8217;apprenant<\/a><\/li>\n<li><a href=\"http:\/\/ent2d.ac-bordeaux.fr\/disciplines\/hotellerie\/?page_id=717&amp;preview=true\">CERTIFIER &#8211; d\u00e9marche, outils &amp; documents<\/a><\/li>\n<\/ul>\n<\/td>\n<\/tr>\n<tr>\n<td colspan=\"2\">\n<h4><span style=\"color: #ff6600\"><strong>\u2666Des documents institutionnels<\/strong><\/span><\/h4>\n<ul>\n<li><a href=\"https:\/\/ent2d.ac-bordeaux.fr\/disciplines\/hotellerie\/wp-content\/uploads\/sites\/46\/2017\/07\/Referentiel_Bac_Pro_Cuisine_CNDP-5.pdf\">R\u00e9f\u00e9rentiel baccalaur\u00e9at professionnel cuisine<\/a><\/li>\n<li><a href=\"https:\/\/ent2d.ac-bordeaux.fr\/disciplines\/hotellerie\/wp-content\/uploads\/sites\/46\/2017\/07\/Referentiel_Bac_Pro_CSR_CNDP-5.pdf\">R\u00e9f\u00e9rentiel baccalaur\u00e9at professionnel CSR<\/a><\/li>\n<li><a href=\"https:\/\/ent2d.ac-bordeaux.fr\/disciplines\/hotellerie\/wp-content\/uploads\/sites\/46\/2017\/07\/REFERENTIEL_BEP_rC3A9novC3A9-5.pdf\">R\u00e9f\u00e9rentiel nouveau BEP restauration<\/a><\/li>\n<li><a href=\"https:\/\/ent2d.ac-bordeaux.fr\/disciplines\/hotellerie\/wp-content\/uploads\/sites\/46\/2017\/07\/Bac20pro20cuisine20-20arrC3AAtC3A9203120mai202011-5.pdf\">Arr\u00eat\u00e9 31 mai bac pro cuisine<\/a><\/li>\n<li><a href=\"https:\/\/ent2d.ac-bordeaux.fr\/disciplines\/hotellerie\/wp-content\/uploads\/sites\/46\/2017\/07\/Bac20pro20commercialisation20et20services20en20restauration20-20AR203120mai202011-5.pdf\">Arr\u00eat\u00e9 31 mai bac pro CSR<\/a><\/li>\n<li><a href=\"https:\/\/ent2d.ac-bordeaux.fr\/disciplines\/hotellerie\/wp-content\/uploads\/sites\/46\/2017\/07\/Guide_d_accompagnement_des_Baccalaureats_Professionnels-_Version_au_03_07_2011-5.pdf\">Le Guide d&#8217;Accompagnement P\u00e9dagogique national<\/a><\/li>\n<li><a href=\"https:\/\/ent2d.ac-bordeaux.fr\/disciplines\/hotellerie\/wp-content\/uploads\/sites\/46\/2017\/07\/Reglement_examen_CSR-5.pdf\">Le nouveau r\u00e8glement d&#8217;examen en CSR<\/a><\/li>\n<li><a href=\"https:\/\/ent2d.ac-bordeaux.fr\/disciplines\/hotellerie\/wp-content\/uploads\/sites\/46\/2017\/07\/Reglement_examen_cuisine-5.pdf\">Le nouveau r\u00e8glement d&#8217;examen en Cuisine<\/a><\/li>\n<li><a href=\"http:\/\/www2.cndp.fr\/archivage\/valid\/brochadmin\/bouton\/a043.htm\">L&#8217;ensemble des textes officiels pour les nouveaux bac pro<\/a><\/li>\n<li><a href=\"http:\/\/disciplines.ac-bordeaux.fr\/ecogestion\/hotellerie\/?id_category=2&amp;id_rubrique=77\">La page consacr\u00e9e \u00e0 l&#8217;\u00e9preuve E22 dossier professionnel<\/a><\/li>\n<li><a href=\"https:\/\/ent2d.ac-bordeaux.fr\/disciplines\/hotellerie\/wp-content\/uploads\/sites\/46\/2017\/07\/E320Bac20Pro20cuisine20Traduction20Allemand-5.pdf\">Exemple de grille d&#8217;\u00e9valuation bac pro cuisine PFMP traduite en allemand (T. RYPINSKI)<\/a><\/li>\n<li><a style=\"font-size: inherit\" href=\"https:\/\/ent2d.ac-bordeaux.fr\/disciplines\/hotellerie\/wp-content\/uploads\/sites\/46\/2017\/07\/E3220Bac20pro20service20Traduction20Allemand-5.pdf\">Exemple de grille d&#8217;\u00e9valuation bac pro CSR PFMP traduite en allemand <\/a><a style=\"font-size: inherit\" href=\"https:\/\/ent2d.ac-bordeaux.fr\/disciplines\/hotellerie\/wp-content\/uploads\/sites\/46\/2017\/07\/E320Bac20Pro20cuisine20Traduction20Allemand-5.pdf\">(T. RYPINSKI)<\/a><\/li>\n<\/ul>\n<\/td>\n<\/tr>\n<tr>\n<td colspan=\"2\">\n<h4><span style=\"color: #ff6600\"><strong>\u2666Programmation p\u00e9dagogique<\/strong><\/span><\/h4>\n<p style=\"text-align: justify\">La notion de qualification professionnelle est devenue obsol\u00e8te \u00e0 cause de l&#8217;emprise du cognitif et de l&#8217;informatif sur les syst\u00e8mes de production ; elle a \u00e9t\u00e9 remplac\u00e9e par la notion de comp\u00e9tence personnelle qui &#8220;se pr\u00e9sente comme un cocktail propre \u00e0 chaque individu, combinant la qualification au sens strict acquise par la formation technique et professionnelle, le comportement social, l&#8217;aptitude au travail en \u00e9quipe, la facult\u00e9 d&#8217;initiatives, le go\u00fbt du risque\u2026(commission internationale sur l\u2019\u00c9ducation pour le XXIe si\u00e8cle)&#8221;.<\/p>\n<p style=\"text-align: justify\">A ces exigences, on demande aujourd\u2019hui &#8220;un engagement personnel du travailleur comme agent de changement&#8221;, ce qui n\u00e9cessite de combiner trois grandes dimensions\u00a0: connaissances\u00a0(savoirs), capacit\u00e9\u00a0(savoir-faire) et attitudes (savoir-\u00eatre, qualit\u00e9s subjectives, inn\u00e9es ou acquises dont celle de communiquer, travailler avec les autres, g\u00e9rer et r\u00e9soudre les conflits).<\/p>\n<p style=\"text-align: justify\">Les deux nouveaux r\u00e9f\u00e9rentiels (tout comme l\u2019ancien d\u00e9j\u00e0) nous invitent \u00e0 pr\u00e9voir des moments de formation port\u00e9s sur l\u2019analyse de l\u2019action. Un des d\u00e9fis \u00e0 relever \u00e9galement est la reconnaissance des comp\u00e9tences acquises au-del\u00e0 de l&#8217;\u00e9ducation initiale afin que chacun soit \u00e0 m\u00eame de construire de mani\u00e8re continue ses propres qualifications (quid des comp\u00e9tences acquise dans le cadre priv\u00e9\u00a0? (utilisation d\u2019un portfolio de formation). La Commission europ\u00e9enne dans son livre blanc pr\u00e9voit la cr\u00e9ation de &#8220;cartes personnelles de comp\u00e9tences&#8221; permettant \u00e0 chacun de faire reconna\u00eetre ses connaissances et ses savoir-faire au fur et \u00e0 mesure de leur acquisition.<\/p>\n<ul>\n<li><a href=\"https:\/\/ent2d.ac-bordeaux.fr\/disciplines\/hotellerie\/wp-content\/uploads\/sites\/46\/2017\/07\/dossier20XYZep2034-5.pdf\" target=\"_blank\" rel=\"noopener\">Dossier &#8220;Travailler par comp\u00e9tences&#8221;<br \/>\nSource:\u00a0Dossier XYZep &#8211; Centre Alain-Savary \u00a0&#8211; mai 2009<\/a><\/li>\n<li><a href=\"https:\/\/ent2d.ac-bordeaux.fr\/disciplines\/hotellerie\/wp-content\/uploads\/sites\/46\/2017\/07\/Module20progression20par20compC3A9tence-5.doc\">Module progression par comp\u00e9tences (et\/ou par situation)<\/a><\/li>\n<\/ul>\n<\/td>\n<\/tr>\n<tr>\n<td colspan=\"2\"><img loading=\"lazy\" decoding=\"async\" class=\"aligncenter wp-image-1720\" src=\"https:\/\/ent2d.ac-bordeaux.fr\/disciplines\/hotellerie\/wp-content\/uploads\/sites\/46\/2017\/07\/Capture-d\u2019e\u0301cran-2017-07-11-a\u0300-11.05.53-1024x766.png\" alt=\"\" width=\"688\" height=\"515\" srcset=\"https:\/\/ent2d.ac-bordeaux.fr\/disciplines\/hotellerie\/wp-content\/uploads\/sites\/46\/2017\/07\/Capture-d\u2019e\u0301cran-2017-07-11-a\u0300-11.05.53-1024x766.png 1024w, https:\/\/ent2d.ac-bordeaux.fr\/disciplines\/hotellerie\/wp-content\/uploads\/sites\/46\/2017\/07\/Capture-d\u2019e\u0301cran-2017-07-11-a\u0300-11.05.53-300x224.png 300w, https:\/\/ent2d.ac-bordeaux.fr\/disciplines\/hotellerie\/wp-content\/uploads\/sites\/46\/2017\/07\/Capture-d\u2019e\u0301cran-2017-07-11-a\u0300-11.05.53-768x574.png 768w, https:\/\/ent2d.ac-bordeaux.fr\/disciplines\/hotellerie\/wp-content\/uploads\/sites\/46\/2017\/07\/Capture-d\u2019e\u0301cran-2017-07-11-a\u0300-11.05.53.png 2000w\" sizes=\"auto, (max-width: 688px) 100vw, 688px\" \/><\/td>\n<\/tr>\n<\/tbody>\n<\/table>\n<p>&nbsp;<\/p>\n<pre><\/pre>\n<p>&nbsp;<\/p>\n","protected":false},"excerpt":{"rendered":"<p>\u2666Les Ressources du Groupe de Pilotage Acad\u00e9mique 24 enseignants de l&#8217;acad\u00e9mie (gestion appliqu\u00e9e, cuisine et CSR) ont travaill\u00e9 durant trois<\/p>\n","protected":false},"author":166,"featured_media":0,"parent":90,"menu_order":0,"comment_status":"closed","ping_status":"closed","template":"","meta":{"footnotes":""},"class_list":["post-1447","page","type-page","status-publish","hentry"],"_links":{"self":[{"href":"https:\/\/ent2d.ac-bordeaux.fr\/disciplines\/hotellerie\/wp-json\/wp\/v2\/pages\/1447","targetHints":{"allow":["GET"]}}],"collection":[{"href":"https:\/\/ent2d.ac-bordeaux.fr\/disciplines\/hotellerie\/wp-json\/wp\/v2\/pages"}],"about":[{"href":"https:\/\/ent2d.ac-bordeaux.fr\/disciplines\/hotellerie\/wp-json\/wp\/v2\/types\/page"}],"author":[{"embeddable":true,"href":"https:\/\/ent2d.ac-bordeaux.fr\/disciplines\/hotellerie\/wp-json\/wp\/v2\/users\/166"}],"replies":[{"embeddable":true,"href":"https:\/\/ent2d.ac-bordeaux.fr\/disciplines\/hotellerie\/wp-json\/wp\/v2\/comments?post=1447"}],"version-history":[{"count":30,"href":"https:\/\/ent2d.ac-bordeaux.fr\/disciplines\/hotellerie\/wp-json\/wp\/v2\/pages\/1447\/revisions"}],"predecessor-version":[{"id":2009,"href":"https:\/\/ent2d.ac-bordeaux.fr\/disciplines\/hotellerie\/wp-json\/wp\/v2\/pages\/1447\/revisions\/2009"}],"up":[{"embeddable":true,"href":"https:\/\/ent2d.ac-bordeaux.fr\/disciplines\/hotellerie\/wp-json\/wp\/v2\/pages\/90"}],"wp:attachment":[{"href":"https:\/\/ent2d.ac-bordeaux.fr\/disciplines\/hotellerie\/wp-json\/wp\/v2\/media?parent=1447"}],"curies":[{"name":"wp","href":"https:\/\/api.w.org\/{rel}","templated":true}]}}