{"id":4876,"date":"2026-04-11T12:52:25","date_gmt":"2026-04-11T10:52:25","guid":{"rendered":"https:\/\/ent2d.ac-bordeaux.fr\/disciplines\/histoire-geographie\/?page_id=4876"},"modified":"2026-04-11T13:04:39","modified_gmt":"2026-04-11T11:04:39","slug":"traam-2","status":"publish","type":"page","link":"https:\/\/ent2d.ac-bordeaux.fr\/disciplines\/histoire-geographie\/traam-2\/","title":{"rendered":"TraAM"},"content":{"rendered":"<p>Les <strong>Tra<\/strong>vaux<strong> a<\/strong>cad\u00e9miques<strong> m<\/strong>utualis\u00e9s<strong> (TraAM)<\/strong> ont pour objectif d\u2019aider et d\u2019accompagner le d\u00e9veloppement du num\u00e9rique en mutualisant les exp\u00e9riences.<\/p>\n<p>En liaison avec le corps des inspecteurs et pilot\u00e9s par le d\u00e9partement du num\u00e9rique \u00e9ducatif (DNE) et le service r\u00e9gional acad\u00e9mique num\u00e9rique \u00e9ducatif (SRANE) de Bordeaux, les travaux acad\u00e9miques mutualis\u00e9s (TraAM) visent \u00e0 mener des r\u00e9flexions conduisant \u00e0 la production de sc\u00e9narios partag\u00e9s dans l\u2019<a href=\"https:\/\/edubase.eduscol.education.fr\/recherche?discipline%5B0%5D=Histoire%20\/%20G%C3%A9ographie\" target=\"_blank\" rel=\"noopener\">\u00c9dubase<\/a>.<\/p>\n","protected":false},"excerpt":{"rendered":"<p>Les Travaux acad\u00e9miques mutualis\u00e9s (TraAM) ont pour objectif d\u2019aider et d\u2019accompagner le d\u00e9veloppement du num\u00e9rique en mutualisant les exp\u00e9riences. En<\/p>\n","protected":false},"author":2937,"featured_media":4880,"parent":0,"menu_order":0,"comment_status":"closed","ping_status":"closed","template":"","meta":{"footnotes":""},"class_list":["post-4876","page","type-page","status-publish","has-post-thumbnail","hentry"],"_links":{"self":[{"href":"https:\/\/ent2d.ac-bordeaux.fr\/disciplines\/histoire-geographie\/wp-json\/wp\/v2\/pages\/4876","targetHints":{"allow":["GET"]}}],"collection":[{"href":"https:\/\/ent2d.ac-bordeaux.fr\/disciplines\/histoire-geographie\/wp-json\/wp\/v2\/pages"}],"about":[{"href":"https:\/\/ent2d.ac-bordeaux.fr\/disciplines\/histoire-geographie\/wp-json\/wp\/v2\/types\/page"}],"author":[{"embeddable":true,"href":"https:\/\/ent2d.ac-bordeaux.fr\/disciplines\/histoire-geographie\/wp-json\/wp\/v2\/users\/2937"}],"replies":[{"embeddable":true,"href":"https:\/\/ent2d.ac-bordeaux.fr\/disciplines\/histoire-geographie\/wp-json\/wp\/v2\/comments?post=4876"}],"version-history":[{"count":5,"href":"https:\/\/ent2d.ac-bordeaux.fr\/disciplines\/histoire-geographie\/wp-json\/wp\/v2\/pages\/4876\/revisions"}],"predecessor-version":[{"id":4879,"href":"https:\/\/ent2d.ac-bordeaux.fr\/disciplines\/histoire-geographie\/wp-json\/wp\/v2\/pages\/4876\/revisions\/4879"}],"wp:featuredmedia":[{"embeddable":true,"href":"https:\/\/ent2d.ac-bordeaux.fr\/disciplines\/histoire-geographie\/wp-json\/wp\/v2\/media\/4880"}],"wp:attachment":[{"href":"https:\/\/ent2d.ac-bordeaux.fr\/disciplines\/histoire-geographie\/wp-json\/wp\/v2\/media?parent=4876"}],"curies":[{"name":"wp","href":"https:\/\/api.w.org\/{rel}","templated":true}]}}