{"id":3974,"date":"2025-03-16T22:16:31","date_gmt":"2025-03-16T21:16:31","guid":{"rendered":"https:\/\/ent2d.ac-bordeaux.fr\/disciplines\/histoire-geographie\/?page_id=3974"},"modified":"2025-10-09T12:14:04","modified_gmt":"2025-10-09T10:14:04","slug":"plan-de-formation-2025-2026","status":"publish","type":"page","link":"https:\/\/ent2d.ac-bordeaux.fr\/disciplines\/histoire-geographie\/plan-de-formation-2025-2026\/","title":{"rendered":"Plan de formation 2025-2026"},"content":{"rendered":"<h4><strong><img loading=\"lazy\" decoding=\"async\" class=\"alignnone size-full wp-image-3975\" src=\"https:\/\/ent2d.ac-bordeaux.fr\/disciplines\/histoire-geographie\/wp-content\/uploads\/sites\/18\/2025\/03\/Capture-decran-2025-03-16-a-22.11.06.png\" alt=\"\" width=\"1024\" height=\"366\" srcset=\"https:\/\/ent2d.ac-bordeaux.fr\/disciplines\/histoire-geographie\/wp-content\/uploads\/sites\/18\/2025\/03\/Capture-decran-2025-03-16-a-22.11.06.png 1024w, https:\/\/ent2d.ac-bordeaux.fr\/disciplines\/histoire-geographie\/wp-content\/uploads\/sites\/18\/2025\/03\/Capture-decran-2025-03-16-a-22.11.06-300x107.png 300w, https:\/\/ent2d.ac-bordeaux.fr\/disciplines\/histoire-geographie\/wp-content\/uploads\/sites\/18\/2025\/03\/Capture-decran-2025-03-16-a-22.11.06-768x275.png 768w, https:\/\/ent2d.ac-bordeaux.fr\/disciplines\/histoire-geographie\/wp-content\/uploads\/sites\/18\/2025\/03\/Capture-decran-2025-03-16-a-22.11.06-1536x550.png 1536w, https:\/\/ent2d.ac-bordeaux.fr\/disciplines\/histoire-geographie\/wp-content\/uploads\/sites\/18\/2025\/03\/Capture-decran-2025-03-16-a-22.11.06-2048x733.png 2048w\" sizes=\"auto, (max-width: 1024px) 100vw, 1024px\" \/>\u00a0<\/strong><\/h4>\n<h3><a href=\"https:\/\/ent2d.ac-bordeaux.fr\/disciplines\/histoire-geographie\/wp-content\/uploads\/sites\/18\/2025\/10\/Lettre-EAFC-HG_EMC-2025.pdf\">T\u00e9l\u00e9charger la lettre de l&rsquo;EAFC du premier semestre 2025-2026<\/a><\/h3>\n<h3><\/h3>\n<h3><span style=\"color: #ff0000\"><strong>Formations du premier semestre &#8211; ATTENTION : fin des pr\u00e9-inscriptions le 15 octobre 2025<\/strong><\/span><\/h3>\n<ul>\n<li><strong>BD ET HISTOIRE-G\u00c9OGRAPHIE EMC<\/strong><\/li>\n<\/ul>\n<p>Conf\u00e9rences d\u2019experts, t\u00e9moignages d\u2019auteurs, projections documentaires pour comprendre comment la BD questionne les enjeux environnementaux\u00a0depuis les ann\u00e9es 1980.<\/p>\n<p>Vendredi 21 novembre 2025 &#8211;\u00a0<strong>PR\u00c9SENTIEL<\/strong>\u00a0&#8211; Lieu : Amphith\u00e9\u00e2tre de l&rsquo;UPPA \u00e0 Pau de 9h00 \u00e0 18h00<\/p>\n<p><a href=\"https:\/\/portailrh.ac-bordeaux.fr\/sofia-fmo-acad\/default\/session\/preregistrationadd\/globalSessionId\/88480\/tab\/trainee\/pill\/individualTrainingPlan\/infos\/70932%7C01%7CS1%7C2025-11-21_09:00:00%7C2025-11-21_17:00:00\"><strong>pr\u00e9inscription<\/strong><\/a><strong>\u00a0<\/strong><strong>(<\/strong><strong>r\u00e9serv\u00e9e aux professeurs des Pyr\u00e9n\u00e9es-Atlantiques)<\/strong><\/p>\n<p>&nbsp;<\/p>\n<p>&nbsp;<\/p>\n<ul>\n<li><strong>\u00c9VALUER EN HISTOIRE-G\u00c9OGRAPHIE ET EN EMC AU COLL\u00c8GE ET AU LYC\u00c9E<\/strong><\/li>\n<\/ul>\n<p>Consolider les d\u00e9marches d\u2019\u00e9valuation au service des apprentissages, en contr\u00f4le continu et en \u00e9preuves terminales. Apports th\u00e9oriques, didactiques et p\u00e9dagogiques.<\/p>\n<p>Mardi 25 novembre 2025 &#8211;\u00a0<strong>PR\u00c9SENTIEL<\/strong>\u00a0&#8211; Lieu : Lyc\u00e9e Robert Badinter \u00e0 Cr\u00e9on de 14h00 \u00e0 17h00<\/p>\n<p><a href=\"https:\/\/portailrh.ac-bordeaux.fr\/sofia-fmo-acad\/default\/session\/preregistrationadd\/globalSessionId\/88881\/tab\/trainee\/pill\/individualTrainingPlan\/infos\/70911%7C01%7CS1%7C2025-11-25_14:00:00%7C2025-11-25_17:00:00\"><strong>pr\u00e9inscription<\/strong><\/a><strong>\u00a0<\/strong><strong>(<\/strong><strong>r\u00e9serv\u00e9e aux professeurs de Gironde)<\/strong><\/p>\n<p>&nbsp;<\/p>\n<p>&nbsp;<\/p>\n<ul>\n<li><strong>ACTEURS ET ACTRICES DANS LES PROGRAMMES D&rsquo;HG EMCACTEURS ET ACTRICES DANS LES PROGRAMMES D&rsquo;HG EMC<\/strong><\/li>\n<\/ul>\n<p>Visioconf\u00e9rence de Djemila Zeneidi, g\u00e9ographe, directrice de recherche au CNRS qui travaille actuellement sur les exp\u00e9riences des femmes migrantes.<\/p>\n<p>Mercredi 26 novembre 2025 &#8211;\u00a0<strong>DISTANCIEL<\/strong>\u00a0de 15h30 \u00e0 17h00<\/p>\n<p><a href=\"https:\/\/portailrh.ac-bordeaux.fr\/sofia-fmo-acad\/default\/session\/preregistrationadd\/globalSessionId\/88245\/tab\/trainee\/pill\/individualTrainingPlan\/infos\/70917%7C01%7CS1%7C2025-11-26_15:30:00%7C2025-11-26_17:00:00\"><strong>pr\u00e9inscription<\/strong><\/a><\/p>\n<p>&nbsp;<\/p>\n<ul>\n<li><strong>ENSEIGNER LES R\u00c9VOLUTIONS EN HISTOIRE EN COLL\u00c8GE<\/strong><\/li>\n<\/ul>\n<p>Interroger les d\u00e9marches d\u2019enseignement autour de la notion de \u00ab r\u00e9volution \u00bb dans les programmes d\u2019histoire au coll\u00e8ge, de la 6\u00e8me \u00e0 la 3\u00e8me. Formation<\/p>\n<p><strong>R\u00e9serv\u00e9e aux professeurs de coll\u00e8ge.<\/strong><\/p>\n<p>&nbsp;<\/p>\n<p><strong>Session DORDOGNE<\/strong>\u00a0: Lundi 10 novembre 2025 \u2013\u00a0<strong>PR\u00c9SENTIEL<\/strong>\u00a0&#8211; de 9h00 \u00e0 17h00<\/p>\n<p><strong>p\u00e9riode<\/strong><strong> de pr\u00e9-inscription close<\/strong><\/p>\n<p>&nbsp;<\/p>\n<p><strong>Session LANDES<\/strong>\u00a0: Lundi 1er d\u00e9cembre 2025 \u2013\u00a0<strong>PR\u00c9SENTIEL<\/strong>\u00a0&#8211; de 9h00 \u00e0 17h00<\/p>\n<p><a href=\"https:\/\/portailrh.ac-bordeaux.fr\/sofia-fmo-acad\/default\/session\/preregistrationadd\/globalSessionId\/88482\/tab\/trainee\/pill\/individualTrainingPlan\/infos\/70928%7C02%7CS1%7C2025-12-01_09:00:00%7C2025-12-01_17:00:00\"><strong>pr\u00e9inscription<\/strong><\/a><\/p>\n<p>&nbsp;<\/p>\n<p><strong>Session GIRONDE<\/strong>\u00a0: Lundi 26 janvier 2026 \u2013\u00a0<strong>PR\u00c9SENTIEL<\/strong>\u00a0&#8211; de 9h00 \u00e0 17h00<\/p>\n<p><a href=\"https:\/\/portailrh.ac-bordeaux.fr\/sofia-fmo-acad\/default\/session\/preregistrationadd\/globalSessionId\/88483\/tab\/trainee\/pill\/individualTrainingPlan\/infos\/70928%7C03%7CS1%7C2026-01-26_09:00:00%7C2026-01-26_17:00:00\"><strong>pr\u00e9inscription<\/strong><\/a><\/p>\n<p>&nbsp;<\/p>\n<p><strong>Session PYR\u00c9N\u00c9ES-ATLANTIQUES<\/strong>\u00a0: Lundi 16 mars 2026 \u2013\u00a0<strong>PR\u00c9SENTIEL<\/strong>\u00a0&#8211; de 9h00 \u00e0 17h00<\/p>\n<p><a href=\"https:\/\/portailrh.ac-bordeaux.fr\/sofia-fmo-acad\/default\/session\/preregistrationadd\/globalSessionId\/88484\/tab\/trainee\/pill\/individualTrainingPlan\/infos\/70928%7C04%7CS1%7C2026-03-16_09:00:00%7C2026-03-16_17:00:00\"><strong>pr\u00e9inscription<\/strong><\/a><\/p>\n<p>&nbsp;<\/p>\n<p>&nbsp;<\/p>\n<ul>\n<li><strong>ARCHIVES, PATRIMOINE, HISTOIRE<\/strong><\/li>\n<\/ul>\n<p>Pr\u00e9parer le CNRD avec les archives.<\/p>\n<p>Accompagner les enseignants inscrits au CNRD par des apports scientifiques et documents sources. Formation r\u00e9serv\u00e9e aux professeurs de Gironde et des\u00a0Landes.<\/p>\n<p><strong>GIRONDE<\/strong><\/p>\n<p>Lundi 24 novembre 2025 &#8211;\u00a0<strong>PR\u00c9SENTIEL<\/strong>\u00a0&#8211; de 9h00 \u00e0 16h00 aux Archives D\u00e9partementales de la Gironde.<\/p>\n<p><a href=\"https:\/\/portailrh.ac-bordeaux.fr\/sofia-fmo-acad\/default\/session\/preregistrationadd\/globalSessionId\/88485\/tab\/trainee\/pill\/individualTrainingPlan\/infos\/70922%7C01%7CS1%7C2025-11-24_09:00:00%7C2025-11-24_16:00:00\"><strong>pr\u00e9inscription<\/strong><\/a><\/p>\n<p>&nbsp;<\/p>\n<p><strong>LANDES<\/strong><\/p>\n<p>Vendredi 28 novembre 2025 &#8211;\u00a0<strong>PR\u00c9SENTIEL<\/strong>\u00a0&#8211; de 9h00 \u00e0 16h00 aux Archives D\u00e9partementales des Landes.<\/p>\n<p><a href=\"https:\/\/portailrh.ac-bordeaux.fr\/sofia-fmo-acad\/default\/session\/preregistrationadd\/globalSessionId\/88989\/tab\/trainee\/pill\/individualTrainingPlan\/infos\/70922%7C02%7CS1%7C2025-11-28_09:00:00%7C2025-11-28_17:00:00\"><strong>pr\u00e9inscription<\/strong><\/a><\/p>\n<p>&nbsp;<\/p>\n<p>&nbsp;<\/p>\n<p>&nbsp;<\/p>\n<p>&nbsp;<\/p>\n","protected":false},"excerpt":{"rendered":"<p>\u00a0 T\u00e9l\u00e9charger la lettre de l&rsquo;EAFC du premier semestre 2025-2026 Formations du premier semestre &#8211; ATTENTION : fin des pr\u00e9-inscriptions<\/p>\n","protected":false},"author":2887,"featured_media":0,"parent":0,"menu_order":0,"comment_status":"closed","ping_status":"closed","template":"","meta":{"footnotes":""},"class_list":["post-3974","page","type-page","status-publish","hentry"],"_links":{"self":[{"href":"https:\/\/ent2d.ac-bordeaux.fr\/disciplines\/histoire-geographie\/wp-json\/wp\/v2\/pages\/3974","targetHints":{"allow":["GET"]}}],"collection":[{"href":"https:\/\/ent2d.ac-bordeaux.fr\/disciplines\/histoire-geographie\/wp-json\/wp\/v2\/pages"}],"about":[{"href":"https:\/\/ent2d.ac-bordeaux.fr\/disciplines\/histoire-geographie\/wp-json\/wp\/v2\/types\/page"}],"author":[{"embeddable":true,"href":"https:\/\/ent2d.ac-bordeaux.fr\/disciplines\/histoire-geographie\/wp-json\/wp\/v2\/users\/2887"}],"replies":[{"embeddable":true,"href":"https:\/\/ent2d.ac-bordeaux.fr\/disciplines\/histoire-geographie\/wp-json\/wp\/v2\/comments?post=3974"}],"version-history":[{"count":6,"href":"https:\/\/ent2d.ac-bordeaux.fr\/disciplines\/histoire-geographie\/wp-json\/wp\/v2\/pages\/3974\/revisions"}],"predecessor-version":[{"id":4444,"href":"https:\/\/ent2d.ac-bordeaux.fr\/disciplines\/histoire-geographie\/wp-json\/wp\/v2\/pages\/3974\/revisions\/4444"}],"wp:attachment":[{"href":"https:\/\/ent2d.ac-bordeaux.fr\/disciplines\/histoire-geographie\/wp-json\/wp\/v2\/media?parent=3974"}],"curies":[{"name":"wp","href":"https:\/\/api.w.org\/{rel}","templated":true}]}}