{"id":3459,"date":"2025-02-24T11:48:23","date_gmt":"2025-02-24T10:48:23","guid":{"rendered":"https:\/\/ent2d.ac-bordeaux.fr\/disciplines\/histoire-geographie\/?page_id=3459"},"modified":"2025-09-17T22:00:31","modified_gmt":"2025-09-17T20:00:31","slug":"ia-ipr","status":"publish","type":"page","link":"https:\/\/ent2d.ac-bordeaux.fr\/disciplines\/histoire-geographie\/ia-ipr\/","title":{"rendered":"IA-IPR"},"content":{"rendered":"<div>\n<h1 style=\"text-align: center\"><span style=\"color: #3366ff\"><b>Vos IA-IPR<\/b><\/span><\/h1>\n<h2><strong>Contacter :<\/strong><\/h2>\n<ul>\n<li><strong>Dominique BEAUPUY : <a href=\"mailto:dominique.beaupuy@ac-bordeaux.fr\">courriel<\/a> (d\u00e9partements 40 et 47)<\/strong><\/li>\n<li><strong>Clarisse GAUTHIER : <a href=\"mailto:clarisse.gauthier@ac-bordeaux.fr\">courriel<\/a> (d\u00e9partements 24 et 33)<\/strong><\/li>\n<li><strong>Virginie Carton : <a href=\"mailto:virginie.carton@ac-bordeaux.fr\">courriel<\/a> (d\u00e9partement 64)<\/strong><\/li>\n<\/ul>\n<p>Pour vos courriels, nous vous remercions <strong>de vous adresser prioritairement \u00e0 l\u2019IA-IPR indiqu\u00e9 comme r\u00e9f\u00e9rent de votre d\u00e9partement<\/strong>, <strong>en utilisant exclusivement votre messagerie acad\u00e9mique.<\/strong><\/p>\n<p>&nbsp;<\/p>\n<h3><strong>L&rsquo;\u00e9quipe des aides IA-IPR<\/strong><\/h3>\n<ul>\n<li><strong>Emmanuelle CAMPS (faisant fonction) : <a href=\"mailto:emmanuelle.camps@ac-bordeaux.fr\">courriel<\/a><\/strong><\/li>\n<li><strong>Marie-Annick VILLOT ASSANI (faisant fonction) : <a href=\"mailto:marie-annick.villot-assani@ac-bordeaux.fr\">courriel<\/a><\/strong><\/li>\n<li><strong>Philippe MALLARD (charg\u00e9 de mission d&rsquo;Inspection) : <a href=\"mailto:philippe.mallard@ac-bordeaux.fr\">courriel<\/a><\/strong><\/li>\n<li><strong>Christelle ZIMMERMANN, charg\u00e9e de mission d\u2019Inspection : <a href=\"mailto:Christelle.Zimmermann@ac-bordeaux.fr\">courriel<\/a><\/strong><\/li>\n<\/ul>\n<p><strong>Secr\u00e9tariat des IA-IPR d&rsquo;Histoire-G\u00e9ographie<\/strong> : <strong><span style=\"color: #3366ff\">05 57 57 38 19<\/span><\/strong><br \/>\nRectorat de Bordeaux &#8211; 5 rue Carayon Latour &#8211; BP 935 &#8211; 33060 Bordeaux cedex<\/p>\n<p>&nbsp;<\/p>\n<\/div>\n<p><strong>Les dossiers sont pilot\u00e9s de la fa\u00e7on suivante :<\/strong><\/p>\n<p><img loading=\"lazy\" decoding=\"async\" class=\"alignnone wp-image-4332 size-full\" src=\"https:\/\/ent2d.ac-bordeaux.fr\/disciplines\/histoire-geographie\/wp-content\/uploads\/sites\/18\/2025\/09\/dossier-ia-ipr-1.png\" alt=\"\" width=\"1024\" height=\"311\" srcset=\"https:\/\/ent2d.ac-bordeaux.fr\/disciplines\/histoire-geographie\/wp-content\/uploads\/sites\/18\/2025\/09\/dossier-ia-ipr-1.png 1024w, https:\/\/ent2d.ac-bordeaux.fr\/disciplines\/histoire-geographie\/wp-content\/uploads\/sites\/18\/2025\/09\/dossier-ia-ipr-1-300x91.png 300w, https:\/\/ent2d.ac-bordeaux.fr\/disciplines\/histoire-geographie\/wp-content\/uploads\/sites\/18\/2025\/09\/dossier-ia-ipr-1-768x233.png 768w, https:\/\/ent2d.ac-bordeaux.fr\/disciplines\/histoire-geographie\/wp-content\/uploads\/sites\/18\/2025\/09\/dossier-ia-ipr-1-1536x466.png 1536w\" sizes=\"auto, (max-width: 1024px) 100vw, 1024px\" \/><\/p>\n<p>Comme chaque ann\u00e9e, les visites d\u2019inspection s\u2019inscrivent dans le cadre du <strong>PPCR (Parcours professionnel carri\u00e8res et r\u00e9mun\u00e9rations). <\/strong>Un <strong>guide de pr\u00e9paration \u00e0 l\u2019entretien<\/strong> est \u00e0 votre disposition: <a href=\"https:\/\/www.education.gouv.fr\/rendez-vous-de-carriere-mode-d-emploi-41627\" target=\"_blank\" rel=\"noopener\"><strong>https:\/\/www.education.gouv.fr\/rendez-vous-de-carriere-mode-d-emploi-41627<\/strong><\/a><\/p>\n<p>Vous pouvez aussi solliciter une visite afin d\u2019\u00e9changer sur votre parcours professionnel et votre avancement.<br \/>\nNous pouvons, par ailleurs, accompagner vos projets et la mise en \u0153uvre de dispositifs au service des apprentissages et de la r\u00e9ussite des \u00e9l\u00e8ves.<br \/>\nNotre accompagnement s\u2019appuiera enfin sur les actions de formation que nous vous proposerons tout au long de l\u2019ann\u00e9e.<\/p>\n<p>&nbsp;<\/p>\n<div>\n<hr \/>\n<\/div>\n<div><\/div>\n<div>\n<h2><strong>Communications :<\/strong><\/h2>\n<p><a href=\"https:\/\/ent2d.ac-bordeaux.fr\/disciplines\/histoire-geographie\/wp-content\/uploads\/sites\/18\/2025\/09\/Lettre-1-25-26.pdf\"><strong>La lettre de rentr\u00e9e 2025<\/strong><\/a><\/p>\n<\/div>\n<p>&nbsp;<\/p>\n","protected":false},"excerpt":{"rendered":"<p>Vos IA-IPR Contacter : Dominique BEAUPUY : courriel (d\u00e9partements 40 et 47) Clarisse GAUTHIER : courriel (d\u00e9partements 24 et 33)<\/p>\n","protected":false},"author":2890,"featured_media":0,"parent":0,"menu_order":0,"comment_status":"closed","ping_status":"closed","template":"","meta":{"footnotes":""},"class_list":["post-3459","page","type-page","status-publish","hentry"],"_links":{"self":[{"href":"https:\/\/ent2d.ac-bordeaux.fr\/disciplines\/histoire-geographie\/wp-json\/wp\/v2\/pages\/3459","targetHints":{"allow":["GET"]}}],"collection":[{"href":"https:\/\/ent2d.ac-bordeaux.fr\/disciplines\/histoire-geographie\/wp-json\/wp\/v2\/pages"}],"about":[{"href":"https:\/\/ent2d.ac-bordeaux.fr\/disciplines\/histoire-geographie\/wp-json\/wp\/v2\/types\/page"}],"author":[{"embeddable":true,"href":"https:\/\/ent2d.ac-bordeaux.fr\/disciplines\/histoire-geographie\/wp-json\/wp\/v2\/users\/2890"}],"replies":[{"embeddable":true,"href":"https:\/\/ent2d.ac-bordeaux.fr\/disciplines\/histoire-geographie\/wp-json\/wp\/v2\/comments?post=3459"}],"version-history":[{"count":13,"href":"https:\/\/ent2d.ac-bordeaux.fr\/disciplines\/histoire-geographie\/wp-json\/wp\/v2\/pages\/3459\/revisions"}],"predecessor-version":[{"id":4334,"href":"https:\/\/ent2d.ac-bordeaux.fr\/disciplines\/histoire-geographie\/wp-json\/wp\/v2\/pages\/3459\/revisions\/4334"}],"wp:attachment":[{"href":"https:\/\/ent2d.ac-bordeaux.fr\/disciplines\/histoire-geographie\/wp-json\/wp\/v2\/media?parent=3459"}],"curies":[{"name":"wp","href":"https:\/\/api.w.org\/{rel}","templated":true}]}}