{"id":43,"date":"2023-10-13T20:36:17","date_gmt":"2023-10-13T18:36:17","guid":{"rendered":"https:\/\/ent2d.ac-bordeaux.fr\/disciplines\/hda\/?page_id=43"},"modified":"2024-01-05T15:38:50","modified_gmt":"2024-01-05T14:38:50","slug":"__trashed-2","status":"publish","type":"page","link":"https:\/\/ent2d.ac-bordeaux.fr\/disciplines\/hda\/__trashed-2\/","title":{"rendered":"Enseignement de sp\u00e9cialit\u00e9"},"content":{"rendered":"\n<p class=\"has-large-font-size\">Programme de sp\u00e9cialit\u00e9 premi\u00e8re 2023\/24:<\/p>\n\n\n\n<div data-wp-interactive=\"core\/file\" class=\"wp-block-file\"><object data-wp-bind--hidden=\"!state.hasPdfPreview\" hidden class=\"wp-block-file__embed\" data=\"https:\/\/ent2d.ac-bordeaux.fr\/disciplines\/hda\/wp-content\/uploads\/sites\/80\/2023\/10\/permie\u0300re-specialite\u0301-HDA.pdf\" type=\"application\/pdf\" style=\"width:100%;height:600px\" aria-label=\"Contenu embarqu\u00e9 permie\u0300re-specialite\u0301-HDA.\"><\/object><a id=\"wp-block-file--media-9e11861f-56bf-46f1-ae93-ed73b86f0d0d\" href=\"https:\/\/ent2d.ac-bordeaux.fr\/disciplines\/hda\/wp-content\/uploads\/sites\/80\/2023\/10\/permie\u0300re-specialite\u0301-HDA.pdf\">permie\u0300re-specialite\u0301-HDA<\/a><a href=\"https:\/\/ent2d.ac-bordeaux.fr\/disciplines\/hda\/wp-content\/uploads\/sites\/80\/2023\/10\/permie\u0300re-specialite\u0301-HDA.pdf\" class=\"wp-block-file__button wp-element-button\" download aria-describedby=\"wp-block-file--media-9e11861f-56bf-46f1-ae93-ed73b86f0d0d\">T\u00e9l\u00e9charger<\/a><\/div>\n\n\n\n<p class=\"has-large-font-size\">Programme de sp\u00e9cialit\u00e9 terminale 2023\/24:<\/p>\n\n\n\n<div data-wp-interactive=\"core\/file\" class=\"wp-block-file\"><object data-wp-bind--hidden=\"!state.hasPdfPreview\" hidden class=\"wp-block-file__embed\" data=\"https:\/\/ent2d.ac-bordeaux.fr\/disciplines\/hda\/wp-content\/uploads\/sites\/80\/2023\/10\/terminale-spe-HDA-2.pdf\" type=\"application\/pdf\" style=\"width:100%;height:600px\" aria-label=\"Contenu embarqu\u00e9 terminale-spe-HDA-2.\"><\/object><a id=\"wp-block-file--media-2b811bb1-9aa8-48fb-83d1-73eea120d99f\" href=\"https:\/\/ent2d.ac-bordeaux.fr\/disciplines\/hda\/wp-content\/uploads\/sites\/80\/2023\/10\/terminale-spe-HDA-2.pdf\">terminale-spe-HDA-2<\/a><a href=\"https:\/\/ent2d.ac-bordeaux.fr\/disciplines\/hda\/wp-content\/uploads\/sites\/80\/2023\/10\/terminale-spe-HDA-2.pdf\" class=\"wp-block-file__button wp-element-button\" download aria-describedby=\"wp-block-file--media-2b811bb1-9aa8-48fb-83d1-73eea120d99f\">T\u00e9l\u00e9charger<\/a><\/div>\n\n\n\n<p class=\"has-large-font-size\">Programme limitatif option de sp\u00e9cialit\u00e9 en terminale2023\/24: <a href=\"https:\/\/www.education.gouv.fr\/bo\/22\/Hebdo41\/MENE2209959N.htm\">https:\/\/www.education.gouv.fr\/bo\/22\/Hebdo41\/MENE2209959N.htm<\/a><\/p>\n\n\n\n<p class=\"has-large-font-size\">Programme limitatif option de sp\u00e9cialit\u00e9 en terminale2024\/25:<\/p>\n\n\n\n<p class=\"has-large-font-size\"><a href=\"https:\/\/www.education.gouv.fr\/bo\/2024\/Hebdo1\/MENE2330067N\">https:\/\/www.education.gouv.fr\/bo\/2024\/Hebdo1\/MENE2330067N<\/a><\/p>\n\n\n\n<p><\/p>\n\n\n\n<p><\/p>\n\n\n\n<p class=\"has-large-font-size\">Sujets Baccalaur\u00e9at:<\/p>\n\n\n\n<p class=\"has-regular-font-size\"><strong>Sujets baccalaur\u00e9at session 2023<\/strong><\/p>\n\n\n\n<div data-wp-interactive=\"core\/file\" class=\"wp-block-file\"><object data-wp-bind--hidden=\"!state.hasPdfPreview\" hidden class=\"wp-block-file__embed\" data=\"https:\/\/ent2d.ac-bordeaux.fr\/disciplines\/hda\/wp-content\/uploads\/sites\/80\/2023\/10\/baccalaur-at-g-n-ral-2023-histoire-des-arts-133883_0.pdf\" type=\"application\/pdf\" style=\"width:100%;height:600px\" aria-label=\"Contenu embarqu\u00e9 baccalaur-at-g-n-ral-2023-histoire-des-arts-133883_0.\"><\/object><a id=\"wp-block-file--media-74b1cb97-ae9b-4906-a47a-d13921e1ba0a\" href=\"https:\/\/ent2d.ac-bordeaux.fr\/disciplines\/hda\/wp-content\/uploads\/sites\/80\/2023\/10\/baccalaur-at-g-n-ral-2023-histoire-des-arts-133883_0.pdf\">baccalaur-at-g-n-ral-2023-histoire-des-arts-133883_0<\/a><a href=\"https:\/\/ent2d.ac-bordeaux.fr\/disciplines\/hda\/wp-content\/uploads\/sites\/80\/2023\/10\/baccalaur-at-g-n-ral-2023-histoire-des-arts-133883_0.pdf\" class=\"wp-block-file__button wp-element-button\" download aria-describedby=\"wp-block-file--media-74b1cb97-ae9b-4906-a47a-d13921e1ba0a\">T\u00e9l\u00e9charger<\/a><\/div>\n\n\n\n<p class=\"has-regular-font-size\"><strong>Sujets baccalaur\u00e9at session 2022<\/strong><\/p>\n\n\n\n<div data-wp-interactive=\"core\/file\" class=\"wp-block-file\"><object data-wp-bind--hidden=\"!state.hasPdfPreview\" hidden class=\"wp-block-file__embed\" data=\"https:\/\/ent2d.ac-bordeaux.fr\/disciplines\/hda\/wp-content\/uploads\/sites\/80\/2023\/10\/baccalaur-at-g-n-ral-2022-arts-histoire-des-arts-114221_0.pdf\" type=\"application\/pdf\" style=\"width:100%;height:600px\" aria-label=\"Contenu embarqu\u00e9 baccalaur-at-g-n-ral-2022-arts-histoire-des-arts-114221_0.\"><\/object><a id=\"wp-block-file--media-6cd1e76d-3205-4313-a4bf-475e69c9c240\" href=\"https:\/\/ent2d.ac-bordeaux.fr\/disciplines\/hda\/wp-content\/uploads\/sites\/80\/2023\/10\/baccalaur-at-g-n-ral-2022-arts-histoire-des-arts-114221_0.pdf\">baccalaur-at-g-n-ral-2022-arts-histoire-des-arts-114221_0<\/a><a href=\"https:\/\/ent2d.ac-bordeaux.fr\/disciplines\/hda\/wp-content\/uploads\/sites\/80\/2023\/10\/baccalaur-at-g-n-ral-2022-arts-histoire-des-arts-114221_0.pdf\" class=\"wp-block-file__button wp-element-button\" download aria-describedby=\"wp-block-file--media-6cd1e76d-3205-4313-a4bf-475e69c9c240\">T\u00e9l\u00e9charger<\/a><\/div>\n","protected":false},"excerpt":{"rendered":"<p>Programme de sp\u00e9cialit\u00e9 premi\u00e8re 2023\/24: Programme de sp\u00e9cialit\u00e9 terminale 2023\/24: Programme limitatif option de sp\u00e9cialit\u00e9 en terminale2023\/24: https:\/\/www.education.gouv.fr\/bo\/22\/Hebdo41\/MENE2209959N.htm Programme limitatif option de sp\u00e9cialit\u00e9 en terminale2024\/25: https:\/\/www.education.gouv.fr\/bo\/2024\/Hebdo1\/MENE2330067N Sujets Baccalaur\u00e9at: Sujets baccalaur\u00e9at session 2023 Sujets baccalaur\u00e9at session 2022<\/p>\n","protected":false},"author":2293,"featured_media":0,"parent":0,"menu_order":0,"comment_status":"closed","ping_status":"closed","template":"","meta":{"footnotes":""},"class_list":["post-43","page","type-page","status-publish","hentry","nodate","item-wrap"],"_links":{"self":[{"href":"https:\/\/ent2d.ac-bordeaux.fr\/disciplines\/hda\/wp-json\/wp\/v2\/pages\/43","targetHints":{"allow":["GET"]}}],"collection":[{"href":"https:\/\/ent2d.ac-bordeaux.fr\/disciplines\/hda\/wp-json\/wp\/v2\/pages"}],"about":[{"href":"https:\/\/ent2d.ac-bordeaux.fr\/disciplines\/hda\/wp-json\/wp\/v2\/types\/page"}],"author":[{"embeddable":true,"href":"https:\/\/ent2d.ac-bordeaux.fr\/disciplines\/hda\/wp-json\/wp\/v2\/users\/2293"}],"replies":[{"embeddable":true,"href":"https:\/\/ent2d.ac-bordeaux.fr\/disciplines\/hda\/wp-json\/wp\/v2\/comments?post=43"}],"version-history":[{"count":8,"href":"https:\/\/ent2d.ac-bordeaux.fr\/disciplines\/hda\/wp-json\/wp\/v2\/pages\/43\/revisions"}],"predecessor-version":[{"id":376,"href":"https:\/\/ent2d.ac-bordeaux.fr\/disciplines\/hda\/wp-json\/wp\/v2\/pages\/43\/revisions\/376"}],"wp:attachment":[{"href":"https:\/\/ent2d.ac-bordeaux.fr\/disciplines\/hda\/wp-json\/wp\/v2\/media?parent=43"}],"curies":[{"name":"wp","href":"https:\/\/api.w.org\/{rel}","templated":true}]}}