{"id":285,"date":"2023-10-25T15:54:00","date_gmt":"2023-10-25T13:54:00","guid":{"rendered":"https:\/\/ent2d.ac-bordeaux.fr\/disciplines\/hda\/?page_id=285"},"modified":"2023-10-25T15:54:01","modified_gmt":"2023-10-25T13:54:01","slug":"patrimoine-numerique-en-podcast","status":"publish","type":"page","link":"https:\/\/ent2d.ac-bordeaux.fr\/disciplines\/hda\/patrimoine-numerique-en-podcast\/","title":{"rendered":"Patrimoine num\u00e9rique en podcast"},"content":{"rendered":"\n<p class=\"has-regular-font-size\"><strong>Une visite du lyc\u00e9e Montesquieu \u00e0 Bordeaux<\/strong> par  les \u00e9l\u00e8ves de premi\u00e8re et terminale en enseignement optionnel histoire des arts (2022\/2023) : ils vous proposent deux points de vue sur leur lyc\u00e9e. Ils ont travaill\u00e9 \u00e0 partir de documents d&rsquo;archives num\u00e9ris\u00e9es et le livret de visite des Journ\u00e9es Europ\u00e9ennes du Patrimoine des ann\u00e9es pr\u00e9c\u00e9dentes.<\/p>\n\n\n\n<figure class=\"wp-block-audio\"><audio controls src=\"https:\/\/ent2d.ac-bordeaux.fr\/disciplines\/hda\/wp-content\/uploads\/sites\/80\/2023\/10\/Rencontre-avec-le-lycee.wav\"><\/audio><\/figure>\n\n\n\n<figure class=\"wp-block-audio\"><audio controls src=\"https:\/\/ent2d.ac-bordeaux.fr\/disciplines\/hda\/wp-content\/uploads\/sites\/80\/2023\/10\/La-phase-cachee-du-lycee.wav\"><\/audio><\/figure>\n","protected":false},"excerpt":{"rendered":"<p>Une visite du lyc\u00e9e Montesquieu \u00e0 Bordeaux par les \u00e9l\u00e8ves de premi\u00e8re et terminale en enseignement optionnel histoire des arts (2022\/2023) : ils vous proposent deux points de vue sur leur lyc\u00e9e. Ils ont travaill\u00e9 \u00e0 partir de documents d&rsquo;archives num\u00e9ris\u00e9es et le livret de visite des Journ\u00e9es Europ\u00e9ennes du Patrimoine des ann\u00e9es pr\u00e9c\u00e9dentes.<\/p>\n","protected":false},"author":2293,"featured_media":0,"parent":0,"menu_order":0,"comment_status":"closed","ping_status":"closed","template":"","meta":{"footnotes":""},"class_list":["post-285","page","type-page","status-publish","hentry","nodate","item-wrap"],"_links":{"self":[{"href":"https:\/\/ent2d.ac-bordeaux.fr\/disciplines\/hda\/wp-json\/wp\/v2\/pages\/285","targetHints":{"allow":["GET"]}}],"collection":[{"href":"https:\/\/ent2d.ac-bordeaux.fr\/disciplines\/hda\/wp-json\/wp\/v2\/pages"}],"about":[{"href":"https:\/\/ent2d.ac-bordeaux.fr\/disciplines\/hda\/wp-json\/wp\/v2\/types\/page"}],"author":[{"embeddable":true,"href":"https:\/\/ent2d.ac-bordeaux.fr\/disciplines\/hda\/wp-json\/wp\/v2\/users\/2293"}],"replies":[{"embeddable":true,"href":"https:\/\/ent2d.ac-bordeaux.fr\/disciplines\/hda\/wp-json\/wp\/v2\/comments?post=285"}],"version-history":[{"count":4,"href":"https:\/\/ent2d.ac-bordeaux.fr\/disciplines\/hda\/wp-json\/wp\/v2\/pages\/285\/revisions"}],"predecessor-version":[{"id":291,"href":"https:\/\/ent2d.ac-bordeaux.fr\/disciplines\/hda\/wp-json\/wp\/v2\/pages\/285\/revisions\/291"}],"wp:attachment":[{"href":"https:\/\/ent2d.ac-bordeaux.fr\/disciplines\/hda\/wp-json\/wp\/v2\/media?parent=285"}],"curies":[{"name":"wp","href":"https:\/\/api.w.org\/{rel}","templated":true}]}}