{"id":277,"date":"2023-10-25T15:10:44","date_gmt":"2023-10-25T13:10:44","guid":{"rendered":"https:\/\/ent2d.ac-bordeaux.fr\/disciplines\/hda\/?page_id=277"},"modified":"2023-10-26T11:56:25","modified_gmt":"2023-10-26T09:56:25","slug":"les-carnets-autour-dune-visite-patrimoniale","status":"publish","type":"page","link":"https:\/\/ent2d.ac-bordeaux.fr\/disciplines\/hda\/les-carnets-autour-dune-visite-patrimoniale\/","title":{"rendered":"Les carnets autour d&rsquo;une visite patrimoniale"},"content":{"rendered":"\n<p class=\"has-text-align-left has-black-color has-text-color has-background has-regular-font-size\" style=\"background:linear-gradient(159deg,rgba(6,147,227,1) 0%,rgb(155,81,224) 100%)\"><strong>Les \u00e9l\u00e8ves de terminale de sp\u00e9cialit\u00e9 histoire des arts du lyc\u00e9e Louis Barthou de Pau, se sont rendus sur les traces des restaurations de Viollet-le-Duc \u00e0 Carcassonne le 19 septembre 2023.<\/strong><\/p>\n\n\n\n<p class=\"has-text-align-left has-regular-font-size\">Ils ont d\u00e9couvert \u00e0 cette occasion les restaurations successives qui ont modifi\u00e9 l\u2019aspect de la cit\u00e9 au travers des \u00e9poques. Ils ont aussi pu admirer la magnifique exposition au mus\u00e9e des Beaux-Arts de la ville, \u00ab&nbsp;Viollet-le-Duc. Tr\u00e9sors d\u2019exception&nbsp;\u00bb qui propose les objets de Notre-Dame sauv\u00e9s de la catastrophe et pr\u00e9sent\u00e9s au public sous la forme d\u2019une exposition itin\u00e9rante.<\/p>\n\n\n\n<p class=\"has-text-align-left has-regular-font-size\">Les \u00e9l\u00e8ves ont ainsi b\u00e9n\u00e9fici\u00e9 de visites patrimoniales guid\u00e9es qu\u2019ils ont pu exploiter par des prises de notes et des photographies au travers d\u2019un travail d\u2019appropriation et d\u2019assimilation des connaissances n\u00e9cessaires aux \u00e9preuves du baccalaur\u00e9at 2024 pour lequel\u00a0: \u00ab\u00a0Un artiste dans son temps\u00a0: Viollet-le-Duc\u00a0\u00bb\u00a0est la nouvelle question \u00e0 l\u2019\u00e9tude.<\/p>\n\n\n\n<p class=\"has-text-align-left has-regular-font-size\">Ils ont en outre d\u00e9velopp\u00e9 \u00e0 cette occasion les comp\u00e9tences li\u00e9es \u00e0 cet enseignement&nbsp;: \u00ab&nbsp;L\u2019histoire des arts apprend aux \u00e9l\u00e8ves \u00e0 voir, \u00e0 exp\u00e9rimenter sensiblement les \u0153uvres et les formes artistiques , afin de mieux penser le monde qui les entoure et de devenir des citoyens autonomes et critiques dans une soci\u00e9t\u00e9 satur\u00e9e d\u2019images, de sons, de mouvements et de traces du pass\u00e9, dont ils seront les d\u00e9positaires&nbsp;\u00bb. B.O. 2019<\/p>\n\n\n\n<figure class=\"wp-block-gallery has-nested-images columns-default is-cropped wp-block-gallery-1 is-layout-flex wp-block-gallery-is-layout-flex\">\n<figure class=\"wp-block-image size-large\"><img loading=\"lazy\" decoding=\"async\" width=\"1024\" height=\"768\" data-id=\"279\" src=\"https:\/\/ent2d.ac-bordeaux.fr\/disciplines\/hda\/wp-content\/uploads\/sites\/80\/2023\/10\/carnet-3-scaled.jpg\" alt=\"\" class=\"wp-image-279\" srcset=\"https:\/\/ent2d.ac-bordeaux.fr\/disciplines\/hda\/wp-content\/uploads\/sites\/80\/2023\/10\/carnet-3-scaled.jpg 1024w, https:\/\/ent2d.ac-bordeaux.fr\/disciplines\/hda\/wp-content\/uploads\/sites\/80\/2023\/10\/carnet-3-300x225.jpg 300w, https:\/\/ent2d.ac-bordeaux.fr\/disciplines\/hda\/wp-content\/uploads\/sites\/80\/2023\/10\/carnet-3-768x576.jpg 768w, https:\/\/ent2d.ac-bordeaux.fr\/disciplines\/hda\/wp-content\/uploads\/sites\/80\/2023\/10\/carnet-3-1536x1152.jpg 1536w, https:\/\/ent2d.ac-bordeaux.fr\/disciplines\/hda\/wp-content\/uploads\/sites\/80\/2023\/10\/carnet-3-2048x1536.jpg 2048w, https:\/\/ent2d.ac-bordeaux.fr\/disciplines\/hda\/wp-content\/uploads\/sites\/80\/2023\/10\/carnet-3-750x563.jpg 750w\" sizes=\"auto, (max-width: 1024px) 100vw, 1024px\" \/><\/figure>\n\n\n\n<figure class=\"wp-block-image size-large\"><img loading=\"lazy\" decoding=\"async\" width=\"1024\" height=\"768\" data-id=\"280\" src=\"https:\/\/ent2d.ac-bordeaux.fr\/disciplines\/hda\/wp-content\/uploads\/sites\/80\/2023\/10\/carnets-2-scaled.jpg\" alt=\"\" class=\"wp-image-280\" srcset=\"https:\/\/ent2d.ac-bordeaux.fr\/disciplines\/hda\/wp-content\/uploads\/sites\/80\/2023\/10\/carnets-2-scaled.jpg 1024w, https:\/\/ent2d.ac-bordeaux.fr\/disciplines\/hda\/wp-content\/uploads\/sites\/80\/2023\/10\/carnets-2-300x225.jpg 300w, https:\/\/ent2d.ac-bordeaux.fr\/disciplines\/hda\/wp-content\/uploads\/sites\/80\/2023\/10\/carnets-2-768x576.jpg 768w, https:\/\/ent2d.ac-bordeaux.fr\/disciplines\/hda\/wp-content\/uploads\/sites\/80\/2023\/10\/carnets-2-1536x1152.jpg 1536w, https:\/\/ent2d.ac-bordeaux.fr\/disciplines\/hda\/wp-content\/uploads\/sites\/80\/2023\/10\/carnets-2-2048x1536.jpg 2048w, https:\/\/ent2d.ac-bordeaux.fr\/disciplines\/hda\/wp-content\/uploads\/sites\/80\/2023\/10\/carnets-2-750x563.jpg 750w\" sizes=\"auto, (max-width: 1024px) 100vw, 1024px\" \/><\/figure>\n\n\n\n<figure class=\"wp-block-image size-large\"><img loading=\"lazy\" decoding=\"async\" width=\"768\" height=\"1024\" data-id=\"281\" src=\"https:\/\/ent2d.ac-bordeaux.fr\/disciplines\/hda\/wp-content\/uploads\/sites\/80\/2023\/10\/carnets-4-scaled.jpg\" alt=\"\" class=\"wp-image-281\" srcset=\"https:\/\/ent2d.ac-bordeaux.fr\/disciplines\/hda\/wp-content\/uploads\/sites\/80\/2023\/10\/carnets-4-scaled.jpg 768w, https:\/\/ent2d.ac-bordeaux.fr\/disciplines\/hda\/wp-content\/uploads\/sites\/80\/2023\/10\/carnets-4-225x300.jpg 225w, https:\/\/ent2d.ac-bordeaux.fr\/disciplines\/hda\/wp-content\/uploads\/sites\/80\/2023\/10\/carnets-4-1152x1536.jpg 1152w, https:\/\/ent2d.ac-bordeaux.fr\/disciplines\/hda\/wp-content\/uploads\/sites\/80\/2023\/10\/carnets-4-1536x2048.jpg 1536w, https:\/\/ent2d.ac-bordeaux.fr\/disciplines\/hda\/wp-content\/uploads\/sites\/80\/2023\/10\/carnets-4-750x1000.jpg 750w\" sizes=\"auto, (max-width: 768px) 100vw, 768px\" \/><\/figure>\n<\/figure>\n","protected":false},"excerpt":{"rendered":"<p>Les \u00e9l\u00e8ves de terminale de sp\u00e9cialit\u00e9 histoire des arts du lyc\u00e9e Louis Barthou de Pau, se sont rendus sur les traces des restaurations de Viollet-le-Duc \u00e0 Carcassonne le 19 septembre 2023. Ils ont d\u00e9couvert \u00e0 cette occasion les restaurations successives qui ont modifi\u00e9 l\u2019aspect de la cit\u00e9 au travers des \u00e9poques. Ils ont aussi pu &hellip; <\/p>\n<p><a class=\"more-link btn\" href=\"https:\/\/ent2d.ac-bordeaux.fr\/disciplines\/hda\/les-carnets-autour-dune-visite-patrimoniale\/\">Lire la suite<\/a><\/p>\n","protected":false},"author":2293,"featured_media":0,"parent":0,"menu_order":0,"comment_status":"closed","ping_status":"closed","template":"","meta":{"footnotes":""},"class_list":["post-277","page","type-page","status-publish","hentry","nodate","item-wrap"],"_links":{"self":[{"href":"https:\/\/ent2d.ac-bordeaux.fr\/disciplines\/hda\/wp-json\/wp\/v2\/pages\/277","targetHints":{"allow":["GET"]}}],"collection":[{"href":"https:\/\/ent2d.ac-bordeaux.fr\/disciplines\/hda\/wp-json\/wp\/v2\/pages"}],"about":[{"href":"https:\/\/ent2d.ac-bordeaux.fr\/disciplines\/hda\/wp-json\/wp\/v2\/types\/page"}],"author":[{"embeddable":true,"href":"https:\/\/ent2d.ac-bordeaux.fr\/disciplines\/hda\/wp-json\/wp\/v2\/users\/2293"}],"replies":[{"embeddable":true,"href":"https:\/\/ent2d.ac-bordeaux.fr\/disciplines\/hda\/wp-json\/wp\/v2\/comments?post=277"}],"version-history":[{"count":4,"href":"https:\/\/ent2d.ac-bordeaux.fr\/disciplines\/hda\/wp-json\/wp\/v2\/pages\/277\/revisions"}],"predecessor-version":[{"id":310,"href":"https:\/\/ent2d.ac-bordeaux.fr\/disciplines\/hda\/wp-json\/wp\/v2\/pages\/277\/revisions\/310"}],"wp:attachment":[{"href":"https:\/\/ent2d.ac-bordeaux.fr\/disciplines\/hda\/wp-json\/wp\/v2\/media?parent=277"}],"curies":[{"name":"wp","href":"https:\/\/api.w.org\/{rel}","templated":true}]}}