{"id":271,"date":"2023-10-25T14:55:56","date_gmt":"2023-10-25T12:55:56","guid":{"rendered":"https:\/\/ent2d.ac-bordeaux.fr\/disciplines\/hda\/?page_id=271"},"modified":"2023-10-27T15:19:22","modified_gmt":"2023-10-27T13:19:22","slug":"ressources-programmes-lycee","status":"publish","type":"page","link":"https:\/\/ent2d.ac-bordeaux.fr\/disciplines\/hda\/ressources-programmes-lycee\/","title":{"rendered":"Ressources programmes lyc\u00e9e"},"content":{"rendered":"\n<div class=\"wp-block-cover\" style=\"min-height:430px;aspect-ratio:unset;\"><span aria-hidden=\"true\" class=\"wp-block-cover__background has-background-dim\"><\/span><img loading=\"lazy\" decoding=\"async\" width=\"692\" height=\"1024\" class=\"wp-block-cover__image-background wp-image-263\" alt=\"\" src=\"https:\/\/ent2d.ac-bordeaux.fr\/disciplines\/hda\/wp-content\/uploads\/sites\/80\/2023\/10\/image-4.png\" data-object-fit=\"cover\" srcset=\"https:\/\/ent2d.ac-bordeaux.fr\/disciplines\/hda\/wp-content\/uploads\/sites\/80\/2023\/10\/image-4.png 692w, https:\/\/ent2d.ac-bordeaux.fr\/disciplines\/hda\/wp-content\/uploads\/sites\/80\/2023\/10\/image-4-203x300.png 203w\" sizes=\"auto, (max-width: 692px) 100vw, 692px\" \/><div class=\"wp-block-cover__inner-container is-layout-flow wp-block-cover-is-layout-flow\">\n<p class=\"has-text-align-center\" style=\"font-size:78px\">Viollet-le-Duc<\/p>\n<\/div><\/div>\n\n\n\n<p><\/p>\n\n\n\n<p><\/p>\n\n\n\n<p class=\"has-larger-font-size\">Bibliographie non exhaustive :<\/p>\n\n\n\n<div data-wp-interactive=\"core\/file\" class=\"wp-block-file\"><object data-wp-bind--hidden=\"!state.hasPdfPreview\" hidden class=\"wp-block-file__embed\" data=\"https:\/\/ent2d.ac-bordeaux.fr\/disciplines\/hda\/wp-content\/uploads\/sites\/80\/2023\/10\/Bibliographie-1.pdf\" type=\"application\/pdf\" style=\"width:100%;height:600px\" aria-label=\"Contenu embarqu\u00e9 Bibliographie-1.\"><\/object><a id=\"wp-block-file--media-dd796ea7-7fd9-4ee3-b1b6-4201797067d8\" href=\"https:\/\/ent2d.ac-bordeaux.fr\/disciplines\/hda\/wp-content\/uploads\/sites\/80\/2023\/10\/Bibliographie-1.pdf\">Bibliographie-1<\/a><a href=\"https:\/\/ent2d.ac-bordeaux.fr\/disciplines\/hda\/wp-content\/uploads\/sites\/80\/2023\/10\/Bibliographie-1.pdf\" class=\"wp-block-file__button wp-element-button\" download aria-describedby=\"wp-block-file--media-dd796ea7-7fd9-4ee3-b1b6-4201797067d8\">T\u00e9l\u00e9charger<\/a><\/div>\n\n\n\n<p class=\"has-regular-font-size\"><strong><u>Dictionnaire raisonn\u00e9 de l\u2019architecture fran\u00e7aise du XI \u00e8me au XVI \u00e8me si\u00e8cle<\/u><\/strong> (1863-1872) Eug\u00e8ne Emmanuel Viollet-le-Duc (1814-1879)<strong> Tome 8<\/strong> 1866 page 14<\/p>\n\n\n\n<p><strong><u>\u00ab&nbsp;RESTAURATION<\/u><\/strong>, s. f. Le mot et la chose sont modernes. Restaurer un \u00e9difice, ce n&rsquo;est pas l&rsquo;entretenir, le r\u00e9parer ou le refaire, c&rsquo;est le r\u00e9tablir dans un \u00e9tat complet qui peut n&rsquo;avoir jamais exist\u00e9 \u00e0 un moment donn\u00e9. Ce n&rsquo;est qu&rsquo;\u00e0 dater du second quart de notre si\u00e8cle qu&rsquo;on a pr\u00e9tendu restaurer des \u00e9difices d&rsquo;un autre \u00e2ge, et nous ne sachions pas qu&rsquo;on ait d\u00e9fini nettement la restauration architectonique. Peut-\u00eatre est-il opportun de se rendre un compte exact de ce qu&rsquo;on entend ou de ce qu&rsquo;on doit entendre par une restauration, car il semble que des \u00e9quivoques nombreuses se sont gliss\u00e9es sur le sens que l&rsquo;on attache ou que l&rsquo;on doit attacher \u00e0 cette op\u00e9ration.&nbsp;\u00bb<\/p>\n\n\n\n<p><strong><u>Dictionnaire raisonn\u00e9 de l\u2019architecture fran\u00e7aise du XI \u00e8me au XVI \u00e8me si\u00e8cle<\/u><\/strong> (1863-1872) Eug\u00e8ne Emmanuel Viollet-le-Duc (1814-1879) <strong>Tome 8<\/strong> 1866 page<\/p>\n\n\n\n<p>\u00ab&nbsp;Il est, en fait de restauration, un principe dominant dont il ne faut jamais et sous aucun pr\u00e9texte s&rsquo;\u00e9carter, c&rsquo;est de tenir compte de toute trace indiquant une disposition. L&rsquo;architecte ne doit \u00eatre compl\u00e8tement satisfait et ne mettre les ouvriers \u00e0 l&rsquo;\u0153uvre que lorsqu&rsquo;il a trouv\u00e9 la combinaison qui s&rsquo;arrange le mieux et le plus simplement avec la trace rest\u00e9e apparente ; d\u00e9cider d&rsquo;une disposition \u00e0 priori sans s&rsquo;\u00eatre entour\u00e9 de tous les renseignements qui doivent la commander, c&rsquo;est tomber dans l&rsquo;hypoth\u00e8se, et rien n&rsquo;est, p\u00e9rilleux comme l&rsquo;hypoth\u00e8se dans les travaux de restauration.&nbsp;\u00bb<\/p>\n\n\n\n<h2 class=\"wp-block-heading\">Citations:<\/h2>\n\n\n\n<blockquote class=\"wp-block-quote is-layout-flow wp-block-quote-is-layout-flow\">\n<p><\/p>\n\n\n\n<p class=\"has-cyan-bluish-gray-background-color has-background\">\u00ab&nbsp;L\u2019exposition Universelle de Paris de 1867 marque un tournant dans les mentalit\u00e9s avec le renouvellement&nbsp; des mod\u00e8les&nbsp; architecturaux, Viollet\u2011le\u2011Duc&nbsp; a d\u00e9sormais&nbsp; plus&nbsp; d\u2019importance, c\u2019est la&nbsp; th\u00e9orie de la rationalit\u00e9&nbsp; qui triomphe.et la&nbsp; lisibilit\u00e9 envahit l\u2019architecture rendant&nbsp; d\u00e9monstrative toute&nbsp; forme de la&nbsp; silhouette \u00e0 la structure et&nbsp; de la&nbsp; structure&nbsp; au d\u00e9tail. .&nbsp;\u00bb Fran\u00e7ois Loyer, <em>Le si\u00e8cle de l\u2019industrie<\/em><strong>,<\/strong><strong> <\/strong>1983 \u00e9ditions Skira<\/p>\n\n\n\n<p><\/p>\n<\/blockquote>\n\n\n\n<blockquote class=\"wp-block-quote is-layout-flow wp-block-quote-is-layout-flow\">\n<p><strong><u>Le si\u00e8cle de l\u2019industrie<\/u><\/strong> 1983 Fran\u00e7ois Loyer<\/p>\n\n\n\n<p>\u00ab&nbsp;Le XVI \u00e8me si\u00e8cle&nbsp; avait&nbsp; \u00e9t\u00e9 l\u2019inventeur de l\u2019\u00e9clectisme alors qu\u2019avec l\u2019Art Nouveau l\u2019int\u00e9r\u00eat historique&nbsp; quitte&nbsp; le champ de l\u2019Antiquit\u00e9 pour d\u00e9couvrir une&nbsp; moisson de nouveaux pass\u00e9s comme le n\u00e9o\u2011gothique.&nbsp;\u00bb<\/p>\n<\/blockquote>\n\n\n\n<blockquote class=\"wp-block-quote is-layout-flow wp-block-quote-is-layout-flow\">\n<p>Dictionnaire raisonn\u00e9 de l\u2019architecture fran\u00e7aise du Xi\u00e8me au XVI\u00e8me si\u00e8cle 1858 Eug\u00e8ne Viollet-le-Duc (1814-1879) source INHA<\/p>\n\n\n\n<p><\/p>\n\n\n\n<p class=\"has-cyan-bluish-gray-background-color has-background\">Dictionnaire raisonn\u00e9 de l\u2019architecture fran\u00e7aise du Xi\u00e8me au XVI\u00e8me si\u00e8cle 1858 Eug\u00e8ne Viollet-le-Duc (1814-1879) source INHAPREFACE p.3<br>\u00ab&nbsp;LORSQUE nous commencions \u00e0 \u00e9tudier l&rsquo;architecture du moyen \u00e2ge (il y a de cela vingt-cinq ans), il n&rsquo;existait pas d&rsquo;ouvrages qui pussent nous montrer la voie \u00e0 suivre. Il nous souvient qu&rsquo;alors un grand nombre de ma\u00eetres en architecture admettaient \u00e0 peine l&rsquo;existence de ces monuments qui couvrent le sol de l&rsquo;Europe et de la France surtout. A peine permettait-on l&rsquo;\u00e9tude de quelques \u00e9difices de la<br>renaissance fran\u00e7aise et italienne; quant \u00e0 ceux qui avaient \u00e9t\u00e9 construits depuis le Bas-Empire jusqu&rsquo;au xv<sub><sup>e<\/sup><\/sub> si\u00e8cle, on n&rsquo;en parlait gu\u00e8re que pour les citer comme des produits de l&rsquo;ignorance et de la barbarie.&nbsp;Si nous nous sentions pris d&rsquo;une sorte d&rsquo;admiration myst\u00e9rieuse pour nos \u00e9glises et nos forteresses fran\u00e7aises du moyen<br>\u00e2ge, nous n&rsquo;osions avouer un penchant qui nous semblait une sorte de d\u00e9pravation du go\u00fbt, d&rsquo;inclination peu avouable.\u00bb<\/p>\n<\/blockquote>\n\n\n\n<blockquote class=\"wp-block-quote is-layout-flow wp-block-quote-is-layout-flow\">\n<p><\/p>\n\n\n\n<p>Dictionnaire raisonn\u00e9 de l\u2019architecture fran\u00e7aise des Xi\u00e8me au XVI \u00e8me si\u00e8cle 1858 Eug\u00e8ne Viollet-le-Duc (1814-1879) source INHA Pr\u00e9face p.4 <\/p>\n\n\n\n<p>\u00ab&nbsp;D\u00e9j\u00e0 cependant des esprits distingu\u00e9s avaient ouvert la voie ; \u00e9clair\u00e9s par les travaux et l&rsquo;admiration de nos voisins les Anglais, ils songeaient \u00e0 classer les \u00e9difices par styles et par \u00e9poques. On ne s&rsquo;en tenait plus \u00e0 des textes la plupart erron\u00e9s, on admettait un classement arch\u00e9ologique bas\u00e9 sur l&rsquo;observation des monuments eux-m\u00eames.&nbsp;\u00bb<\/p>\n\n\n\n<p><\/p>\n\n\n\n<blockquote class=\"wp-block-quote is-layout-flow wp-block-quote-is-layout-flow\">\n<p class=\"has-cyan-bluish-gray-background-color has-background\">Dictionnaire raisonn\u00e9 de l\u2019architecture fran\u00e7aise du XI \u00e8me au XVI \u00e8me si\u00e8cle<em> (1863-1872) Eug\u00e8ne Emmanuel Viollet-le-Duc (1814-1879)<\/em> Tome 8<em> 1866 \u00ab&nbsp;Restauration&nbsp;\u00bb p. 32<\/em> \u00ab&nbsp;Qu&rsquo;un architecte se refuse \u00e0 faire passer des tuyaux de gaz dans une \u00e9glise, afin d&rsquo;\u00e9viter des mutilations et des accidents, on le comprend, parce qu&rsquo;on peut \u00e9clairer l&rsquo;\u00e9difice par d&rsquo;autres moyens ; mais qu&rsquo;il ne se pr\u00eate pas \u00e0 l&rsquo;\u00e9tablissement d&rsquo;un calorif\u00e8re, par exemple, sous le pr\u00e9texte que le moyen \u00e2ge n&rsquo;avait pas adopt\u00e9 ce syst\u00e8me de chauffage dans les \u00e9difices religieux, qu&rsquo;il oblige ainsi les fid\u00e8les \u00e0 s&rsquo;enrhumer de par l&rsquo;arch\u00e9ologie, cela tombe dans le ridicule. Ces moyens de chauffage exigeant des tuyaux de chemin\u00e9e, il doit pro- c\u00e9der, comme l&rsquo;aurait fait un ma\u00eetre du moyen \u00e2ge s&rsquo;il e\u00fbt \u00e9t\u00e9 dans l&rsquo;obligation d&rsquo;en \u00ab\u00a0\u00e9tablir, et surtout ne pas chercher \u00e0 dissimuler ce nouveau membre, puisque les ma\u00eetres anciens, loin de dissimuler un besoin, cherchaient au contraire \u00e0 le rev\u00eatir de la forme qui lui convenait, en faisant m\u00eame de cette n\u00e9cessit\u00e9 mat\u00e9rielle un motif de d\u00e9coration. Qu&rsquo;ayant \u00e0 refaire \u00e0 neuf le comble d&rsquo;un \u00e9difice, l&rsquo;architecte repousse la construction en fer, parce que les ma\u00eetres du moyen \u00e2ge n&rsquo;ont pas fait de charpentes de fer, c&rsquo;est un tort, \u00e0 notre avis, puisqu&rsquo;il \u00e9viterait ainsi les terribles chances d&rsquo;incendie qui ont tant de fois \u00e9t\u00e9 fatales \u00e0 nos monuments anciens.&nbsp;\u00bb<\/p>\n\n\n\n<p><\/p>\n\n\n\n<blockquote class=\"wp-block-quote is-layout-flow wp-block-quote-is-layout-flow\">\n<p><u>Dictionnaire raisonn\u00e9 de l\u2019architecture fran\u00e7aise du XI \u00e8me au XVI \u00e8me si\u00e8cle<\/u> (1863-1872) Eug\u00e8ne Emmanuel Viollet-le-Duc (1814-1879) Tome 8 1866, Restauration p. 33<\/p>\n\n\n\n<p>\u00ab&nbsp;Dans la structure du moyen \u00e2ge, toute portion de l&rsquo;\u0153uvre remplit une fonction et poss\u00e8de une action. C&rsquo;est \u00e0 conna\u00eetre exactement la valeur de l&rsquo;une et de l&rsquo;autre que l&rsquo;architecte doit s&rsquo;attacher, avant de rien entreprendre. Il doit agir comme l&rsquo;op\u00e9rateur adroit et exp\u00e9riment\u00e9, qui ne touche \u00e0 un organe qu&rsquo;apr\u00e8s avoir acquis une enti\u00e8re connaissance de sa fonction, et qu&rsquo;apr\u00e8s avoir pr\u00e9vu les cons\u00e9quences imm\u00e9diates ou futures de son op\u00e9ration.&nbsp;\u00bb<\/p>\n\n\n\n<p>\u00ab les ma\u00eetres anciens, loin de dissimuler un besoin, cherchaient au contraire \u00e0 le rev\u00eatir de la forme qui lui convenait, en faisant m\u00eame de cette n\u00e9cessit\u00e9 mat\u00e9rielle un motif de d\u00e9coration.&nbsp;\u00bb<\/p>\n\n\n\n<p class=\"has-black-color has-text-color\"><a>\u00ab&nbsp;Il est, en fait de restauration, un principe dominant dont il ne faut jamais et sous aucun pr\u00e9texte s&rsquo;\u00e9carter, c&rsquo;est de tenir compte de toute trace indiquant une disposition. L&rsquo;architecte ne doit \u00eatre compl\u00e8tement satisfait et ne mettre les ouvriers \u00e0 l&rsquo;\u0153uvre que lorsqu&rsquo;il a trouv\u00e9 la combinaison qui s&rsquo;arrange le mieux et le plus simplement avec la trace rest\u00e9e apparente; d\u00e9cider d&rsquo;une disposition \u00e0 priori sans s&rsquo;\u00eatre entour\u00e9 de tous les renseignements qui doivent la commander, c&rsquo;est tomber dans l&rsquo;hypoth\u00e8se, et rien n&rsquo;est, p\u00e9rilleux comme l&rsquo;hypoth\u00e8se dans les travaux de restauration.<\/a> Si vous avez le malheur d&rsquo;adopter sur un point une dis- position qui s&rsquo;\u00e9carte de la v\u00e9ritable, de celle suivie primitivement, vous \u00eates entra\u00een\u00e9 par une suite de d\u00e9ductions logiques dans une voie fausse dont il ne vous sera plus possible de sortir, et mieux vous raisonnez dans ce cas, plus vous vous \u00e9loignez de la v\u00e9rit\u00e9.&nbsp;\u00bb<\/p>\n\n\n\n<p><\/p>\n<\/blockquote>\n<\/blockquote>\n<\/blockquote>\n\n\n\n<p class=\"has-cyan-bluish-gray-background-color has-background has-large-font-size\">\u00ab<strong>&nbsp;Je ne suis pas de ceux qui d\u00e9sesp\u00e8rent du pr\u00e9sent et jettent un regard de regret vers le pass\u00e9. Le pass\u00e9 est pass\u00e9, mais il faut le fouiller avec soin, avec sinc\u00e9rit\u00e9, s\u2019attacher non pas \u00e0 le revivre mais \u00e0 le conna\u00eetre pour s\u2019en servir.&nbsp;<\/strong>\u00bb in<strong><u>&nbsp;Entretiens sur l\u2019architecture<\/u><\/strong>&nbsp;1864 TI.<\/p>\n\n\n\n<p class=\"has-large-font-size\">Il faut&nbsp;: \u00ab&nbsp;&nbsp;<strong>chercher le principe qui a dirig\u00e9 nos anciens artistes du moyen \u00e2ge. Il n&rsquo;y a pas, \u00e0 proprement parler, de r\u00e8gles absolues pour l&rsquo;application de certaines formes, il n&rsquo;y a d&rsquo;autres r\u00e8gles que l&rsquo;observation rigoureuse d&rsquo;un principe, avec la facult\u00e9 pour chacun de se mouvoir dans les limites pos\u00e9es par ce principe<\/strong>.&nbsp;<strong>Or ce principe est celui-ci : rendre tout besoin et toutmoyen de construction apparents<\/strong>.&nbsp;\u00bb <strong><u>Dictionnaire raisonn\u00e9 de l\u2019architecture fran\u00e7aise du XI \u00e8me au XVI \u00e8me si\u00e8cle<\/u><\/strong>&nbsp;TI p328 1858<\/p>\n\n\n\n<p class=\"has-cyan-bluish-gray-background-color has-background has-large-font-size\">p.184&nbsp;<u>Entretien sur l\u2019architecture<\/u>&nbsp;sixi\u00e8me entretien  \u00ab&nbsp;Proc\u00e9dez comme la nature dans ses productions, et vous pourrez mettre du style dans tout ce que votre cerveau concevra.&nbsp;\u00bb 1863<\/p>\n\n\n\n<p class=\"has-large-font-size\">\u00ab&nbsp;<strong>Aussi, lorsqu&rsquo;il s&rsquo;agit, par&nbsp;exemple, de compl\u00e9ter un \u00e9difice en partie ruin\u00e9; avant de commencer, faut-il tout fouiller, tout examiner, r\u00e9unir les moindres fragments en ayant le soin de constater le point o\u00f9 ils ont \u00e9t\u00e9 d\u00e9couverts, et ne se mettre \u00e0 l&rsquo;\u0153uvre que quand tous ces d\u00e9bris ont trouv\u00e9 logiquement leur destination et leur place, comme les morceaux d&rsquo;un jeu de patience.<\/strong>&nbsp;\u00bb <strong><u>Dictionnaire raisonn\u00e9 de l\u2019architecture fran\u00e7aise du XI \u00e8me au XVI \u00e8me si\u00e8cle<\/u><\/strong>&nbsp;(1863-1872) Eug\u00e8ne Emmanuel Viollet-le-Duc (1814-1879)&nbsp;<strong>Tome 8<\/strong>&nbsp;1866, Restauration p. 34<\/p>\n\n\n\n<p class=\"has-cyan-bluish-gray-background-color has-background has-large-font-size\"> \u00ab&nbsp;<strong>La construction est une science&nbsp;: c\u2019est aussi un art<\/strong>&nbsp;[&#8230;]&nbsp;\u00bb p. 39 extrait du&nbsp;<strong><u>Dictionnaire raisonn\u00e9 de l\u2019architecture fran\u00e7aise du XI \u00e8me au XVI \u00e8me si\u00e8cle<\/u><\/strong>. 1863<\/p>\n\n\n\n<p class=\"has-large-font-size\"> \u00ab&nbsp;<strong>Il y avait sept arts lib\u00e9raux au moyen \u00e2ge&nbsp;; mais aujourd\u2019hui plusieurs d\u2019entre eux, comme l\u2019astronomie, la g\u00e9om\u00e9trie et la m\u00e9decine ont pris rang parmi les sciences [&#8230;]. Sous toutes r\u00e9serves donc, nous d\u00e9clarons ne parler ici que de la musique, de l\u2019architecture, de la sculpture et de la peinture.&nbsp;<\/strong>\u00bb&nbsp;<strong><u>Entretiens sur l\u2019architecture<\/u><\/strong>&nbsp;TI, page 11 1863 source&nbsp;:&nbsp;<a rel=\"noreferrer noopener\" href=\"http:\/\/gallica.bnf.fr\/\" target=\"_blank\">gallica.bnf.fr<\/a><\/p>\n\n\n\n<p class=\"has-cyan-bluish-gray-background-color has-background has-large-font-size\"><strong><u>Premier entretien<\/u><\/strong><strong>&nbsp;<\/strong>P 6 \u00ab<strong>&nbsp;C&rsquo;est dans ce sens que j&rsquo;entends \u00e9crire sur l&rsquo;architecture ; en cherchant la raison de toute forme, car toute forme a sa raison, en indiquant les origines des principes divers et leurs cons\u00e9quences logiques, en analysant les productions les plus compl\u00e8tes de ces principes et les montrant ainsi avec leurs qualit\u00e9s et leurs d\u00e9fauts<\/strong>&nbsp;\u00bb. 1863 (entretiens de 1 \u00e0 11 tome 1)<\/p>\n\n\n\n<p class=\"has-large-font-size\">\u00ab&nbsp;<strong>restaurer un \u00e9difice, ce n\u2019est pas l\u2019entretenir, le r\u00e9parer ou le refaire, c\u2019est le r\u00e9tablir dans un \u00e9tat complet qui peut n\u2019avoir jamais exist\u00e9 \u00e0 un moment donn\u00e9&nbsp;<\/strong>\u00bb. <strong><u>Dictionnaire raisonn\u00e9 de l\u2019architecture du XI \u00e8me si\u00e8cle au XVI \u00e8me si\u00e8cle<\/u><\/strong>, tome 9, restauration 1868<\/p>\n\n\n\n<p class=\"has-cyan-bluish-gray-background-color has-background has-large-font-size\">\u00ab&nbsp;<strong>L&rsquo;architecture serait-elle un art dont les formes sont arbitraires et dont les principes seuls sont invariables ? Aurait-on fait fausse route depuis deux si\u00e8cles, en donnant certaines formes comme invariables<\/strong>&nbsp;[&#8230;]&nbsp;\u00bb&nbsp;<strong><u>Entretiens&nbsp;<\/u><\/strong>p.150<\/p>\n\n\n\n<p class=\"has-large-font-size\">\u00ab&nbsp;<strong>Dans l\u2019architecture, on doit tenir compte d\u2019ailleurs de deux \u00e9l\u00e9ments qui sont distincts. Il y a la n\u00e9cessit\u00e9 \u00e0 laquelle il faut se soumettre, il y a le travail de l\u2019imagination de l\u2019artiste.&nbsp;<\/strong>\u00bb&nbsp;<strong><u>Entretiens sur l\u2019architecture<\/u><\/strong>&nbsp;1863-1872 p23<\/p>\n","protected":false},"excerpt":{"rendered":"<p>Bibliographie non exhaustive : Dictionnaire raisonn\u00e9 de l\u2019architecture fran\u00e7aise du XI \u00e8me au XVI \u00e8me si\u00e8cle (1863-1872) Eug\u00e8ne Emmanuel Viollet-le-Duc (1814-1879) Tome 8 1866 page 14 \u00ab&nbsp;RESTAURATION, s. f. Le mot et la chose sont modernes. Restaurer un \u00e9difice, ce n&rsquo;est pas l&rsquo;entretenir, le r\u00e9parer ou le refaire, c&rsquo;est le r\u00e9tablir dans un \u00e9tat complet &hellip; <\/p>\n<p><a class=\"more-link btn\" href=\"https:\/\/ent2d.ac-bordeaux.fr\/disciplines\/hda\/ressources-programmes-lycee\/\">Lire la suite<\/a><\/p>\n","protected":false},"author":2293,"featured_media":0,"parent":0,"menu_order":0,"comment_status":"closed","ping_status":"closed","template":"","meta":{"footnotes":""},"class_list":["post-271","page","type-page","status-publish","hentry","nodate","item-wrap"],"_links":{"self":[{"href":"https:\/\/ent2d.ac-bordeaux.fr\/disciplines\/hda\/wp-json\/wp\/v2\/pages\/271","targetHints":{"allow":["GET"]}}],"collection":[{"href":"https:\/\/ent2d.ac-bordeaux.fr\/disciplines\/hda\/wp-json\/wp\/v2\/pages"}],"about":[{"href":"https:\/\/ent2d.ac-bordeaux.fr\/disciplines\/hda\/wp-json\/wp\/v2\/types\/page"}],"author":[{"embeddable":true,"href":"https:\/\/ent2d.ac-bordeaux.fr\/disciplines\/hda\/wp-json\/wp\/v2\/users\/2293"}],"replies":[{"embeddable":true,"href":"https:\/\/ent2d.ac-bordeaux.fr\/disciplines\/hda\/wp-json\/wp\/v2\/comments?post=271"}],"version-history":[{"count":13,"href":"https:\/\/ent2d.ac-bordeaux.fr\/disciplines\/hda\/wp-json\/wp\/v2\/pages\/271\/revisions"}],"predecessor-version":[{"id":368,"href":"https:\/\/ent2d.ac-bordeaux.fr\/disciplines\/hda\/wp-json\/wp\/v2\/pages\/271\/revisions\/368"}],"wp:attachment":[{"href":"https:\/\/ent2d.ac-bordeaux.fr\/disciplines\/hda\/wp-json\/wp\/v2\/media?parent=271"}],"curies":[{"name":"wp","href":"https:\/\/api.w.org\/{rel}","templated":true}]}}