{"id":132,"date":"2023-10-13T10:39:07","date_gmt":"2023-10-13T08:39:07","guid":{"rendered":"https:\/\/ent2d.ac-bordeaux.fr\/disciplines\/hda\/?page_id=132"},"modified":"2023-10-27T13:44:28","modified_gmt":"2023-10-27T11:44:28","slug":"nationales","status":"publish","type":"page","link":"https:\/\/ent2d.ac-bordeaux.fr\/disciplines\/hda\/nationales\/","title":{"rendered":"Actualit\u00e9s nationales"},"content":{"rendered":"\n<p class=\"has-white-background-color has-background has-large-font-size\">Une liste de sites\u00a0de grande qualit\u00e9\u00a0tant d&rsquo;un point de l&rsquo;\u00e9criture sc\u00e9naristique, du contenu scientifique\u00a0que du langage visuel. Utiles en cycle4 comme\u00a0au lyc\u00e9e. Ces sites\u00a0seront int\u00e9gr\u00e9s dans des actualit\u00e9s plus anciennes sur \u00e9duscol.<\/p>\n\n\n\n<ul class=\"wp-block-list\">\n<li><strong>D\u00e9crire les techniques de la sculpture avec <mark style=\"background-color:#000000\" class=\"has-inline-color has-cyan-bluish-gray-color\">le mus\u00e9e Rodin et le mus\u00e9e Fabre<\/mark><br><\/strong>Chacune des cinq principales techniques de la sculpture pratiqu\u00e9es par Auguste Rodin (modelage, moulage, taille du marbre, fonte \u00e0 la cire perdue et fonte au sable)\u00a0<a rel=\"noreferrer noopener\" href=\"https:\/\/www.musee-rodin.fr\/ressources\/techniques\" target=\"_blank\">sont l\u2019objet d\u2019une animation<\/a>\u00a0sur le site du mus\u00e9e Rodin. La mati\u00e8re, marbre ou glaise, prend forme gr\u00e2ce au dessin d\u2019animation,\u00a0les outils sont l\u00e9gend\u00e9s, chaque \u00e9tape est nomm\u00e9e ce qui permet de suivre pas \u00e0 pas la cr\u00e9ation d\u2019une sculpture. Auguste Rodin exploite ses \u0153uvres pr\u00e9existantes, par la fragmentation, l\u2019assemblage, le changement d\u2019\u00e9chelle. <a rel=\"noreferrer noopener\" href=\"https:\/\/musee.info\/Comment-fabriquer-une-statue-en-bronze\" target=\"_blank\">Comment fabriquer une statue en bronze ?<\/a>\u00a0du mus\u00e9e Fabre peut aussi \u00eatre tr\u00e8s utile sur les techniques de la sculpture.<br><\/li>\n<\/ul>\n\n\n\n<ul class=\"wp-block-list\">\n<li><strong>Donner de la visibilit\u00e9 aux artistes femmes avec Aware et <mark style=\"background-color:#000000\" class=\"has-inline-color has-cyan-bluish-gray-color\">le mus\u00e9e des Beaux Arts de Nantes<\/mark><\/strong><br>L\u2019objectif de chaque \u00e9pisode propos\u00e9 par Aware dans la s\u00e9rie\u00a0<a rel=\"noreferrer noopener\" href=\"https:\/\/awarewomenartists.com\/decouvrir_artistes\/pour-les-jeunes\/\" target=\"_blank\"><\/a><a rel=\"noreferrer noopener\" href=\"https:\/\/awarewomenartists.com\/decouvrir_artistes\/petites-histoires-grandes-artistes\/\" target=\"_blank\">Petites histoires de grandes artistes<\/a>\u00a0est de faire d\u00e9couvrir, en moins de cinq minutes, la vie et l\u2019\u0153uvre d\u2019une artiste femme. Tout au long du XX<sup>e<\/sup>\u00a0si\u00e8cle, les \u0153uvres des artistes femmes sont peu montr\u00e9es, acquises et comment\u00e9es. Le r\u00e9cit sc\u00e9naris\u00e9 de chaque film explicite les m\u00e9canismes d\u2019invisibilisation. Le dessin rend visible\u00a0l\u2019originalit\u00e9 d\u2019une d\u00e9marche comme de\u00a0son importance au sein d\u2019un courant artistique. Les\u00a0<a rel=\"noreferrer noopener\" href=\"https:\/\/museedartsdenantes.nantesmetropole.fr\/home\/informations-actus\/actualites\/les-femmes-artistes-du-musee.html#:~:text=Marie-Genevi%C3%A8ve%20Bouliard%2C%20Tamara%20de,chacune%20de%20ces%20cinq%20femmes.\" target=\"_blank\">artistes femmes\u00a0<\/a>expos\u00e9es dans les collections du mus\u00e9e des Beaux Arts de Nantes\u00a0font l&rsquo;objet de courtes captations mises en voix et en dessin.<\/li>\n<\/ul>\n\n\n\n<ul class=\"wp-block-list\">\n<li><strong>Contextualiser les inventions technologiques avec<mark style=\"background-color:#000000\" class=\"has-inline-color has-cyan-bluish-gray-color\"> \u00c9tincel<\/mark><\/strong><br>Les\u00a0<a rel=\"noreferrer noopener\" href=\"https:\/\/www.youtube.com\/watch?v=-pANqkqTylA\" target=\"_blank\">dessins anim\u00e9s\u00a0<em>Points de passage et d\u2019ouverture<\/em><\/a>\u00a0sur la\u00a0<a rel=\"noreferrer noopener\" href=\"https:\/\/www.reseau-canope.fr\/etincel\/accueil\" target=\"_blank\">plateforme \u00c9tincel<\/a>\u00a0propos\u00e9s par R\u00e9seau Canop\u00e9 conjuguent avanc\u00e9es technologiques et modernit\u00e9 artistique\u00a0: le Paris haussmannien, les expositions universelles de 1889 et 1900 et la nouvelle typologie d\u2019habitat, le logement ouvrier au Creusot. Gr\u00e2ce au dessin, l\u2019histoire prend toute sa dimension concr\u00e8te. Chaque \u00e9pisode fait l\u2019objet d\u2019une probl\u00e9matique clairement formul\u00e9e.<\/li>\n<\/ul>\n\n\n\n<ul class=\"wp-block-list\">\n<li><strong>Cerner l\u2019esprit des avant-gardes avec <mark style=\"background-color:#000000\" class=\"has-inline-color has-cyan-bluish-gray-color\">Arte<\/mark><br><\/strong>M\u00ealant documents d\u2019archive et technique d\u2019animation traditionnelle (peinture sur verre, papiers d\u00e9coup\u00e9s, encre, gouache \u2026), la s\u00e9rie<em><a rel=\"noreferrer noopener\" href=\"https:\/\/www.youtube.com\/watch?v=eo9Pdg1RIyg\" target=\"_blank\">Les Aventuriers de l&rsquo;art moderne<\/a><\/em>\u00a0produite par Arte, disponible dans les m\u00e9diacentres des \u00e9tablissements, pr\u00e9sente sur le mode du r\u00e9cit les grandes figures de la modernit\u00e9. Son int\u00e9r\u00eat est d\u2019analyser les m\u00e9canismes du scandale ou de la c\u00e9l\u00e9bration, les \u00e9motions populaires et artistiques comme le contexte favorable \u00e0 l\u2019\u00e9closion de talents \u00e0 Paris, capitale des arts.<strong><br><\/strong><\/li>\n<\/ul>\n\n\n\n<ul class=\"wp-block-list\">\n<li><strong>Inscrire les artistes et les mouvements dans l\u2019histoire de l\u2019art avec <mark style=\"background-color:#000000\" class=\"has-inline-color has-cyan-bluish-gray-color\">le Centre Pompidou<\/mark><br><\/strong>Les\u00a0<a rel=\"noreferrer noopener\" href=\"https:\/\/www.centrepompidou.fr\/fr\/videos\/video\/pionniers-pionnieres\/sonia-delaunay-le-bal-bullier-1913\" target=\"_blank\">films d\u2019animation\u00a0<em>Pionniers, pionni\u00e8res<\/em><\/a>\u00a0du Centre Pompidou invitent \u00e0 d\u00e9couvrir les artistes pr\u00e9curseurs dans l\u2019art. Le format court, le ton dynamique, les couleurs acidul\u00e9es et s\u00e9duisantes facilitent la discussion sur la notion d\u2019avant-garde et d\u2019invention<a rel=\"noreferrer noopener\" href=\"https:\/\/www.centrepompidou.fr\/fr\/videos\/tag\/voulez-vous-un-dessin\" target=\"_blank\">.\u00a0La web s\u00e9rie\u00a0<em>Voulez-vous un dessin\u00a0<\/em><\/a><em>?<\/em>\u00a0de deux minutes pr\u00e9sente les courants majeurs de l\u2019histoire de l\u2019art du 20<sup>e<\/sup>\u00a0si\u00e8cle, du cubisme au body art, avec des dates rep\u00e8res, et ses principaux repr\u00e9sentants, un format pour initier les \u00e9l\u00e8ves aux jalons de de l\u2019histoire de l\u2019art au XX<sup>e<\/sup>\u00a0si\u00e8cle.<br><\/li>\n<\/ul>\n\n\n\n<ul class=\"wp-block-list\">\n<li><strong>Sur les pas d&rsquo;un artiste peintre lors de son Grand Tour<\/strong><br>Dans le cadre de l\u2019exposition\u00a0<em>Le voyage en Italie de Louis Gauffier<\/em>\u00a0au <mark style=\"background-color:#000000\" class=\"has-inline-color has-cyan-bluish-gray-color\">mus\u00e9e Fabre de Montpellier<\/mark>, un film d&rsquo;<em>animation<\/em>\u00a0suit\u00a0<a rel=\"noreferrer noopener\" href=\"https:\/\/musee.info\/Promenade-dans-Rome-612\" target=\"_blank\">les pas du peintre Louis Gauffier<\/a>\u00a0\u00e0 la d\u00e9couverte de Rome au XVIIIe si\u00e8cle, son itin\u00e9raire \u00e0 l\u2019aide d\u2019un plan, dans un m\u00e9lange animation 2D et gravures originales de l\u2019artiste. Le sc\u00e9nario repose sur ses d\u00e9ambulations et ses rencontres avec les chefs d\u2019\u0153uvre de la culture antique, l\u2019importance de la copie dans le cursus les m\u00e9thodes de travail de l\u2019artiste et les sources d\u2019inspiration font l\u2019objet de m\u00e9diation scientifique, le film n\u2019est pas sonoris\u00e9 mais comment\u00e9 avec un travail sur le dessin pour rendre la texture et la qualit\u00e9 de ses croquis.<\/li>\n<\/ul>\n\n\n\n<ul class=\"wp-block-list\">\n<li><strong>\u00a0L&rsquo;arch\u00e9ologie avec <mark style=\"background-color:#000000\" class=\"has-inline-color has-cyan-bluish-gray-color\">Past&amp;Curios<\/mark><br><\/strong><a rel=\"noreferrer noopener\" href=\"https:\/\/archeologie.culture.gouv.fr\/fr\/focus\/past-curious-serie-archeologie\" target=\"_blank\"><\/a><a rel=\"noreferrer noopener\" href=\"https:\/\/www.inshs.cnrs.fr\/fr\/cnrsinfo\/past-and-curious-la-serie-de-dessins-animes-darcheologie\" target=\"_blank\"><\/a><a rel=\"noreferrer noopener\" href=\"https:\/\/archeologie.culture.gouv.fr\/fr\/focus\/past-curious-serie-archeologie\" target=\"_blank\"><\/a>Les\u00a0<a rel=\"noreferrer noopener\" href=\"https:\/\/www.youtube.com\/c\/PastandCurious\" target=\"_blank\">films<\/a>\u00a0recr\u00e9ent\u00a0les modes de vie des hommes du pass\u00e9\u00a0le plus fid\u00e8lement possible, \u00e0 travers des \u00e9pisodes adapt\u00e9s et sc\u00e9naris\u00e9s par un collectif de jeunes chercheurs. Elle permet de s\u2019initier aux m\u00e9thodes et techniques de l\u2019arch\u00e9ologie, sur un terrain de fouille ou en laboratoire. Le dessin reste au service de la rigueur scientifique et donne \u00e0 voir l\u2019environnement, les objets et gestes des populations anciennes, du n\u00e9olithique au Moyen \u00c2ge, de la France jusqu\u2019aux Am\u00e9riques ou au Moyen-Orient.<\/li>\n<\/ul>\n\n\n\n<ul class=\"wp-block-list\">\n<li><strong>Patrimoine et techniques de fouille<\/strong><br>Dans le cadre de l\u2019exposition\u00a0<em>Pass\u00e9 vol\u00e9, l\u2019envers du Tr\u00e9sor<\/em>, <mark style=\"background-color:#000000\" class=\"has-inline-color has-cyan-bluish-gray-color\">le mus\u00e9e d\u2019Arch\u00e9ologie nationale \u00e0\u00a0Saint Germain en Laye,<\/mark> l\u2019INRAP et le\u00a0Minist\u00e8re de la Culture\u00a0ont coproduit\u00a0<a rel=\"noreferrer noopener\" href=\"https:\/\/www.youtube.com\/watch?v=IslEjCUWBMI\" target=\"_blank\">un court film d\u2019animation<\/a>, sensibilisant aux dangers du pillage arch\u00e9ologique\u00a0<a rel=\"noreferrer noopener\" href=\"https:\/\/www.youtube.com\/watch?v=IslEjCUWBMI\" target=\"_blank\"><\/a><a rel=\"noreferrer noopener\" href=\"https:\/\/www.youtube.com\/watch?v=IslEjCUWBMI\" target=\"_blank\"><\/a><a rel=\"noreferrer noopener\" href=\"https:\/\/www.youtube.com\/watch?v=IslEjCUWBMI\" target=\"_blank\"><\/a><strong>.<\/strong><\/li>\n<\/ul>\n\n\n\n<ul class=\"wp-block-list\">\n<li><strong><mark style=\"background-color:#000000\" class=\"has-inline-color has-cyan-bluish-gray-color\">Le Petit Louvre<\/mark>, des r\u00e9cits sc\u00e9naris\u00e9s<\/strong><br>Le mus\u00e9e du Louvre a enrichi son nouvel espace num\u00e9rique\u00a0<a rel=\"noreferrer noopener\" href=\"https:\/\/www.louvre.fr\/louvreplus\" target=\"_blank\"><\/a><a rel=\"noreferrer noopener\" href=\"https:\/\/www.louvre.fr\/louvreplus\" target=\"_blank\">Louvre+.<\/a>\u00a0Pour mettre l\u2019histoire de l\u2019art \u00e0 la port\u00e9e de chacun, une nouvelle approche \u00e9ditorialis\u00e9e permet de transmettre des savoirs et des contenus destin\u00e9s sp\u00e9cifiquement \u00e0 un jeune public, d\u00e8s le cycle 3.\u00a0<a rel=\"noreferrer noopener\" href=\"https:\/\/www.louvre.fr\/louvreplus\/jeunesse\" target=\"_blank\"><\/a><em><a rel=\"noreferrer noopener\" href=\"https:\/\/www.louvre.fr\/louvreplus\/les-histoires-de-petit-louvre\" target=\"_blank\">Les Histoires de Petit Louvre<\/a><\/em>\u00a0sont des r\u00e9cits sc\u00e9naris\u00e9s autour des chefs d\u2019\u0153uvre de la collection et leur acquisition. La dimension patrimoniale est au c\u0153ur de la narration.\u00a0<a rel=\"noreferrer noopener\" href=\"https:\/\/petitlouvre.louvre.fr\/galerie\/c\/0\" target=\"_blank\"><\/a><em><a rel=\"noreferrer noopener\" href=\"https:\/\/www.louvre.fr\/louvreplus\/la-galerie-d-oeuvres-de-petit-louvre\" target=\"_blank\">La galerie d\u2019\u0153uvres de Petit Louvre<\/a><\/em>\u00a0est une s\u00e9rie de tr\u00e8s courts dessins anim\u00e9s, moins d&rsquo;1 minute sur une anecdote d\u2019un chef d\u2019\u0153uvre.\u00a0\u00a0<\/li>\n<\/ul>\n\n\n\n<ul class=\"wp-block-list\">\n<li><strong>Un outil de m\u00e9diation pour l&rsquo;exposition Des Lions et des Hommes : mythes f\u00e9lins, 400 si\u00e8cles de fascination<\/strong>. <mark style=\"background-color:#000000\" class=\"has-inline-color has-cyan-bluish-gray-color\">L&rsquo;agence\u00a0R\u00e9ciproque<\/mark> a con\u00e7u des\u00a0<a rel=\"noreferrer noopener\" href=\"https:\/\/www.reciproque.com\/projet\/des-lions-et-des-hommes\" target=\"_blank\">films<\/a>\u00a0dans le cadre de la m\u00e9diation des Lions et des Hommes.<\/li>\n<\/ul>\n","protected":false},"excerpt":{"rendered":"<p>Une liste de sites\u00a0de grande qualit\u00e9\u00a0tant d&rsquo;un point de l&rsquo;\u00e9criture sc\u00e9naristique, du contenu scientifique\u00a0que du langage visuel. Utiles en cycle4 comme\u00a0au lyc\u00e9e. Ces sites\u00a0seront int\u00e9gr\u00e9s dans des actualit\u00e9s plus anciennes sur \u00e9duscol.<\/p>\n","protected":false},"author":2293,"featured_media":0,"parent":0,"menu_order":0,"comment_status":"closed","ping_status":"closed","template":"","meta":{"footnotes":""},"class_list":["post-132","page","type-page","status-publish","hentry","nodate","item-wrap"],"_links":{"self":[{"href":"https:\/\/ent2d.ac-bordeaux.fr\/disciplines\/hda\/wp-json\/wp\/v2\/pages\/132","targetHints":{"allow":["GET"]}}],"collection":[{"href":"https:\/\/ent2d.ac-bordeaux.fr\/disciplines\/hda\/wp-json\/wp\/v2\/pages"}],"about":[{"href":"https:\/\/ent2d.ac-bordeaux.fr\/disciplines\/hda\/wp-json\/wp\/v2\/types\/page"}],"author":[{"embeddable":true,"href":"https:\/\/ent2d.ac-bordeaux.fr\/disciplines\/hda\/wp-json\/wp\/v2\/users\/2293"}],"replies":[{"embeddable":true,"href":"https:\/\/ent2d.ac-bordeaux.fr\/disciplines\/hda\/wp-json\/wp\/v2\/comments?post=132"}],"version-history":[{"count":7,"href":"https:\/\/ent2d.ac-bordeaux.fr\/disciplines\/hda\/wp-json\/wp\/v2\/pages\/132\/revisions"}],"predecessor-version":[{"id":360,"href":"https:\/\/ent2d.ac-bordeaux.fr\/disciplines\/hda\/wp-json\/wp\/v2\/pages\/132\/revisions\/360"}],"wp:attachment":[{"href":"https:\/\/ent2d.ac-bordeaux.fr\/disciplines\/hda\/wp-json\/wp\/v2\/media?parent=132"}],"curies":[{"name":"wp","href":"https:\/\/api.w.org\/{rel}","templated":true}]}}