{"id":129,"date":"2023-10-13T10:38:06","date_gmt":"2023-10-13T08:38:06","guid":{"rendered":"https:\/\/ent2d.ac-bordeaux.fr\/disciplines\/hda\/?page_id=129"},"modified":"2023-10-27T13:50:22","modified_gmt":"2023-10-27T11:50:22","slug":"academiques","status":"publish","type":"page","link":"https:\/\/ent2d.ac-bordeaux.fr\/disciplines\/hda\/academiques\/","title":{"rendered":"Actualit\u00e9s acad\u00e9miques"},"content":{"rendered":"\n<p class=\"has-cyan-bluish-gray-color has-white-background-color has-text-color has-background has-large-font-size\"><mark style=\"background-color:#000000\" class=\"has-inline-color has-cyan-bluish-gray-color\">Mus\u00e9e d&rsquo;Aquitaine, Bordeaux<\/mark><\/p>\n\n\n\n<p class=\"has-large-font-size\">Jusqu&rsquo;au 7 janvier 2024, <em><strong>Exposition L\u2019art pr\u00e9historique<\/strong><\/em>. <em><strong>De l\u2019Atlantique \u00e0 la M\u00e9diterran\u00e9e<\/strong><\/em>, \u00e0 mettre en relation avec le programme des secondes, enseignement optionnel \u00ab\u00a0P\u00e9riode 1 : des origines des arts au Ve si\u00e8cle\u00a0\u00bb.<\/p>\n\n\n\n<div data-wp-interactive=\"core\/file\" class=\"wp-block-file\"><object data-wp-bind--hidden=\"!state.hasPdfPreview\" hidden class=\"wp-block-file__embed\" data=\"https:\/\/ent2d.ac-bordeaux.fr\/disciplines\/hda\/wp-content\/uploads\/sites\/80\/2023\/10\/dp_exposition_lart_prehistorique_-_musee_daquitaine.pdf\" type=\"application\/pdf\" style=\"width:100%;height:600px\" aria-label=\"Contenu embarqu\u00e9 dp_exposition_lart_prehistorique_-_musee_daquitaine.\"><\/object><a id=\"wp-block-file--media-fde3e094-c08c-4ef5-aac0-f4fa389b2ae1\" href=\"https:\/\/ent2d.ac-bordeaux.fr\/disciplines\/hda\/wp-content\/uploads\/sites\/80\/2023\/10\/dp_exposition_lart_prehistorique_-_musee_daquitaine.pdf\">dp_exposition_lart_prehistorique_-_musee_daquitaine<\/a><a href=\"https:\/\/ent2d.ac-bordeaux.fr\/disciplines\/hda\/wp-content\/uploads\/sites\/80\/2023\/10\/dp_exposition_lart_prehistorique_-_musee_daquitaine.pdf\" class=\"wp-block-file__button wp-element-button\" download aria-describedby=\"wp-block-file--media-fde3e094-c08c-4ef5-aac0-f4fa389b2ae1\">T\u00e9l\u00e9charger<\/a><\/div>\n\n\n\n<p class=\"has-text-align-center has-larger-font-size\"><\/p>\n\n\n\n<p><\/p>\n","protected":false},"excerpt":{"rendered":"<p>Mus\u00e9e d&rsquo;Aquitaine, Bordeaux Jusqu&rsquo;au 7 janvier 2024, Exposition L\u2019art pr\u00e9historique. De l\u2019Atlantique \u00e0 la M\u00e9diterran\u00e9e, \u00e0 mettre en relation avec le programme des secondes, enseignement optionnel \u00ab\u00a0P\u00e9riode 1 : des origines des arts au Ve si\u00e8cle\u00a0\u00bb.<\/p>\n","protected":false},"author":2293,"featured_media":0,"parent":0,"menu_order":0,"comment_status":"closed","ping_status":"closed","template":"","meta":{"footnotes":""},"class_list":["post-129","page","type-page","status-publish","hentry","nodate","item-wrap"],"_links":{"self":[{"href":"https:\/\/ent2d.ac-bordeaux.fr\/disciplines\/hda\/wp-json\/wp\/v2\/pages\/129","targetHints":{"allow":["GET"]}}],"collection":[{"href":"https:\/\/ent2d.ac-bordeaux.fr\/disciplines\/hda\/wp-json\/wp\/v2\/pages"}],"about":[{"href":"https:\/\/ent2d.ac-bordeaux.fr\/disciplines\/hda\/wp-json\/wp\/v2\/types\/page"}],"author":[{"embeddable":true,"href":"https:\/\/ent2d.ac-bordeaux.fr\/disciplines\/hda\/wp-json\/wp\/v2\/users\/2293"}],"replies":[{"embeddable":true,"href":"https:\/\/ent2d.ac-bordeaux.fr\/disciplines\/hda\/wp-json\/wp\/v2\/comments?post=129"}],"version-history":[{"count":8,"href":"https:\/\/ent2d.ac-bordeaux.fr\/disciplines\/hda\/wp-json\/wp\/v2\/pages\/129\/revisions"}],"predecessor-version":[{"id":361,"href":"https:\/\/ent2d.ac-bordeaux.fr\/disciplines\/hda\/wp-json\/wp\/v2\/pages\/129\/revisions\/361"}],"wp:attachment":[{"href":"https:\/\/ent2d.ac-bordeaux.fr\/disciplines\/hda\/wp-json\/wp\/v2\/media?parent=129"}],"curies":[{"name":"wp","href":"https:\/\/api.w.org\/{rel}","templated":true}]}}