{"id":104,"date":"2023-10-13T10:13:39","date_gmt":"2023-10-13T08:13:39","guid":{"rendered":"https:\/\/ent2d.ac-bordeaux.fr\/disciplines\/hda\/?page_id=104"},"modified":"2023-10-14T16:21:43","modified_gmt":"2023-10-14T14:21:43","slug":"post-bac","status":"publish","type":"page","link":"https:\/\/ent2d.ac-bordeaux.fr\/disciplines\/hda\/post-bac\/","title":{"rendered":"Post bac"},"content":{"rendered":"\n<p><strong>S&rsquo;ORIENTER DANS LES M\u00c9TIERS DE L&rsquo;ART ET DE LA CULTURE<\/strong><\/p>\n\n\n\n<figure class=\"wp-block-image size-full is-resized\"><img loading=\"lazy\" decoding=\"async\" src=\"https:\/\/ent2d.ac-bordeaux.fr\/disciplines\/hda\/wp-content\/uploads\/sites\/80\/2023\/10\/qr_code.png\" alt=\"\" class=\"wp-image-235\" width=\"119\" height=\"119\" srcset=\"https:\/\/ent2d.ac-bordeaux.fr\/disciplines\/hda\/wp-content\/uploads\/sites\/80\/2023\/10\/qr_code.png 1024w, https:\/\/ent2d.ac-bordeaux.fr\/disciplines\/hda\/wp-content\/uploads\/sites\/80\/2023\/10\/qr_code-300x300.png 300w, https:\/\/ent2d.ac-bordeaux.fr\/disciplines\/hda\/wp-content\/uploads\/sites\/80\/2023\/10\/qr_code-150x150.png 150w, https:\/\/ent2d.ac-bordeaux.fr\/disciplines\/hda\/wp-content\/uploads\/sites\/80\/2023\/10\/qr_code-768x768.png 768w, https:\/\/ent2d.ac-bordeaux.fr\/disciplines\/hda\/wp-content\/uploads\/sites\/80\/2023\/10\/qr_code-750x750.png 750w\" sizes=\"auto, (max-width: 119px) 100vw, 119px\" \/><\/figure>\n\n\n\n<pre class=\"wp-block-code\"><code><a href=\"https:\/\/padlet.com\/SDVH14\/s-orienter-dans-les-m-tiers-de-l-art-et-de-la-culture-fkt8h5hb77scbmww\">https:\/\/padlet.com\/SDVH14\/s-orienter-dans-les-m-tiers-de-l-art-et-de-la-culture-fkt8h5hb77scbmww<\/a><\/code><\/pre>\n\n\n\n<figure class=\"wp-block-image\"><a href=\"https:\/\/www.onisep.fr\/\"><img decoding=\"async\" src=\"https:\/\/www.onisep.fr\/assets\/dso\/images\/onisep\/logo.svg\" alt=\"Accueil\" \/><\/a><\/figure>\n\n\n\n<p> <a href=\"https:\/\/www.onisep.fr\/recherche?context=metier&amp;from_global=m%C3%A9tier&amp;text=histoire%20des%20arts\" data-type=\"URL\" data-id=\"https:\/\/www.onisep.fr\/recherche?context=metier&amp;from_global=m%C3%A9tier&amp;text=histoire%20des%20arts\">https:\/\/www.onisep.fr\/recherche?context=metier&amp;from_global=m%C3%A9tier&amp;text=histoire%20des%20arts<\/a><\/p>\n\n\n\n<p>\u00c9COLE DU LOUVRE :<\/p>\n\n\n\n<div data-wp-interactive=\"core\/file\" class=\"wp-block-file\"><object data-wp-bind--hidden=\"!state.hasPdfPreview\" hidden class=\"wp-block-file__embed\" data=\"https:\/\/ent2d.ac-bordeaux.fr\/disciplines\/hda\/wp-content\/uploads\/sites\/80\/2023\/10\/Affiche-QR-code-Appel-a\u0300-candidatures-Stage-2023-2024-a\u0300-l_Ecole20du20Louvre.pdf\" type=\"application\/pdf\" style=\"width:100%;height:790px\" aria-label=\"Contenu embarqu\u00e9 Affiche-QR-code-Appel-a\u0300-candidatures-Stage-2023-2024-a\u0300-l_Ecole20du20Louvre.\"><\/object><a id=\"wp-block-file--media-6ebeff8d-836f-4fea-b5c1-88659be4c827\" href=\"https:\/\/ent2d.ac-bordeaux.fr\/disciplines\/hda\/wp-content\/uploads\/sites\/80\/2023\/10\/Affiche-QR-code-Appel-a\u0300-candidatures-Stage-2023-2024-a\u0300-l_Ecole20du20Louvre.pdf\">Affiche-QR-code-Appel-a\u0300-candidatures-Stage-2023-2024-a\u0300-l_Ecole20du20Louvre<\/a><a href=\"https:\/\/ent2d.ac-bordeaux.fr\/disciplines\/hda\/wp-content\/uploads\/sites\/80\/2023\/10\/Affiche-QR-code-Appel-a\u0300-candidatures-Stage-2023-2024-a\u0300-l_Ecole20du20Louvre.pdf\" class=\"wp-block-file__button wp-element-button\" download aria-describedby=\"wp-block-file--media-6ebeff8d-836f-4fea-b5c1-88659be4c827\">T\u00e9l\u00e9charger<\/a><\/div>\n\n\n\n<div data-wp-interactive=\"core\/file\" class=\"wp-block-file\"><object data-wp-bind--hidden=\"!state.hasPdfPreview\" hidden class=\"wp-block-file__embed\" data=\"https:\/\/ent2d.ac-bordeaux.fr\/disciplines\/hda\/wp-content\/uploads\/sites\/80\/2023\/10\/ACFrOgAjzgdV6YpJum2N1lL0u4WP08VagX1aJRJoXTYdn6ZJaqA09O75_9UAOVcFygDyVat3nXcATmzgPQs9hjPqaCZ7iydpItpRdxtg_p7VNu-t2WRB9OKMHDfn8XM.pdf\" type=\"application\/pdf\" style=\"width:100%;height:600px\" aria-label=\"Contenu embarqu\u00e9 ACFrOgAjzgdV6YpJum2N1lL0u4WP08VagX1aJRJoXTYdn6ZJaqA09O75_9UAOVcFygDyVat3nXcATmzgPQs9hjPqaCZ7iydpItpRdxtg_p7VNu-t2WRB9OKMHDfn8XM.\"><\/object><a id=\"wp-block-file--media-8ee5126d-3e5b-4ea9-add6-2646029c688c\" href=\"https:\/\/ent2d.ac-bordeaux.fr\/disciplines\/hda\/wp-content\/uploads\/sites\/80\/2023\/10\/ACFrOgAjzgdV6YpJum2N1lL0u4WP08VagX1aJRJoXTYdn6ZJaqA09O75_9UAOVcFygDyVat3nXcATmzgPQs9hjPqaCZ7iydpItpRdxtg_p7VNu-t2WRB9OKMHDfn8XM.pdf\">ACFrOgAjzgdV6YpJum2N1lL0u4WP08VagX1aJRJoXTYdn6ZJaqA09O75_9UAOVcFygDyVat3nXcATmzgPQs9hjPqaCZ7iydpItpRdxtg_p7VNu-t2WRB9OKMHDfn8XM<\/a><a href=\"https:\/\/ent2d.ac-bordeaux.fr\/disciplines\/hda\/wp-content\/uploads\/sites\/80\/2023\/10\/ACFrOgAjzgdV6YpJum2N1lL0u4WP08VagX1aJRJoXTYdn6ZJaqA09O75_9UAOVcFygDyVat3nXcATmzgPQs9hjPqaCZ7iydpItpRdxtg_p7VNu-t2WRB9OKMHDfn8XM.pdf\" class=\"wp-block-file__button wp-element-button\" download aria-describedby=\"wp-block-file--media-8ee5126d-3e5b-4ea9-add6-2646029c688c\">T\u00e9l\u00e9charger<\/a><\/div>\n\n\n\n<figure class=\"wp-block-image size-full\"><img loading=\"lazy\" decoding=\"async\" width=\"1000\" height=\"433\" src=\"https:\/\/ent2d.ac-bordeaux.fr\/disciplines\/hda\/wp-content\/uploads\/sites\/80\/2023\/10\/andea.png\" alt=\"\" class=\"wp-image-226\" srcset=\"https:\/\/ent2d.ac-bordeaux.fr\/disciplines\/hda\/wp-content\/uploads\/sites\/80\/2023\/10\/andea.png 1000w, https:\/\/ent2d.ac-bordeaux.fr\/disciplines\/hda\/wp-content\/uploads\/sites\/80\/2023\/10\/andea-300x130.png 300w, https:\/\/ent2d.ac-bordeaux.fr\/disciplines\/hda\/wp-content\/uploads\/sites\/80\/2023\/10\/andea-768x333.png 768w, https:\/\/ent2d.ac-bordeaux.fr\/disciplines\/hda\/wp-content\/uploads\/sites\/80\/2023\/10\/andea-750x325.png 750w\" sizes=\"auto, (max-width: 1000px) 100vw, 1000px\" \/><\/figure>\n\n\n\n<p>Cette association f\u00e9d\u00e8re les <em><strong>45 \u00e9coles sup\u00e9rieures d\u2019art et design sous tutelle du minist\u00e8re de la Culture.<\/strong><\/em><\/p>\n\n\n\n<p>\u00ab\u00a0L\u2019ANd\u00c9A est une plate-forme de r\u00e9flexion et de propositions et une force d\u2019affirmation de la sp\u00e9cificit\u00e9 de l\u2019enseignement sup\u00e9rieur public de la cr\u00e9ation par la cr\u00e9ation. L\u2019association d\u00e9fend un mod\u00e8le de formation et de recherche singulier qui se caract\u00e9rise par le primat de la r\u00e9f\u00e9rence au champ artistique contemporain et aux figures de l\u2019artiste et de l\u2019auteur.&nbsp;\u00bb<a href=\"http:\/\/:\/\/andea.fr\" data-type=\"URL\" data-id=\":\/\/andea.fr\">:\/\/andea.fr<\/a><\/p>\n\n\n\n<p><\/p>\n","protected":false},"excerpt":{"rendered":"<p>S&rsquo;ORIENTER DANS LES M\u00c9TIERS DE L&rsquo;ART ET DE LA CULTURE https:\/\/www.onisep.fr\/recherche?context=metier&amp;from_global=m%C3%A9tier&amp;text=histoire%20des%20arts \u00c9COLE DU LOUVRE : Cette association f\u00e9d\u00e8re les 45 \u00e9coles sup\u00e9rieures d\u2019art et design sous tutelle du minist\u00e8re de la Culture. \u00ab\u00a0L\u2019ANd\u00c9A est une plate-forme de r\u00e9flexion et de propositions et une force d\u2019affirmation de la sp\u00e9cificit\u00e9 de l\u2019enseignement sup\u00e9rieur public de la cr\u00e9ation &hellip; <\/p>\n<p><a class=\"more-link btn\" href=\"https:\/\/ent2d.ac-bordeaux.fr\/disciplines\/hda\/post-bac\/\">Lire la suite<\/a><\/p>\n","protected":false},"author":2293,"featured_media":0,"parent":0,"menu_order":0,"comment_status":"closed","ping_status":"closed","template":"","meta":{"footnotes":""},"class_list":["post-104","page","type-page","status-publish","hentry","nodate","item-wrap"],"_links":{"self":[{"href":"https:\/\/ent2d.ac-bordeaux.fr\/disciplines\/hda\/wp-json\/wp\/v2\/pages\/104","targetHints":{"allow":["GET"]}}],"collection":[{"href":"https:\/\/ent2d.ac-bordeaux.fr\/disciplines\/hda\/wp-json\/wp\/v2\/pages"}],"about":[{"href":"https:\/\/ent2d.ac-bordeaux.fr\/disciplines\/hda\/wp-json\/wp\/v2\/types\/page"}],"author":[{"embeddable":true,"href":"https:\/\/ent2d.ac-bordeaux.fr\/disciplines\/hda\/wp-json\/wp\/v2\/users\/2293"}],"replies":[{"embeddable":true,"href":"https:\/\/ent2d.ac-bordeaux.fr\/disciplines\/hda\/wp-json\/wp\/v2\/comments?post=104"}],"version-history":[{"count":9,"href":"https:\/\/ent2d.ac-bordeaux.fr\/disciplines\/hda\/wp-json\/wp\/v2\/pages\/104\/revisions"}],"predecessor-version":[{"id":241,"href":"https:\/\/ent2d.ac-bordeaux.fr\/disciplines\/hda\/wp-json\/wp\/v2\/pages\/104\/revisions\/241"}],"wp:attachment":[{"href":"https:\/\/ent2d.ac-bordeaux.fr\/disciplines\/hda\/wp-json\/wp\/v2\/media?parent=104"}],"curies":[{"name":"wp","href":"https:\/\/api.w.org\/{rel}","templated":true}]}}