{"id":101,"date":"2023-10-13T10:13:00","date_gmt":"2023-10-13T08:13:00","guid":{"rendered":"https:\/\/ent2d.ac-bordeaux.fr\/disciplines\/hda\/?page_id=101"},"modified":"2024-04-12T10:35:00","modified_gmt":"2024-04-12T08:35:00","slug":"lycees-sur-lacademie-de-bordeaux","status":"publish","type":"page","link":"https:\/\/ent2d.ac-bordeaux.fr\/disciplines\/hda\/lycees-sur-lacademie-de-bordeaux\/","title":{"rendered":"Lyc\u00e9es sur l&rsquo;Acad\u00e9mie de Bordeaux"},"content":{"rendered":"\n<ul class=\"wp-block-list\">\n<li>LISTE DES LYC\u00c9ES PROPOSANT L&rsquo;ENSEIGNEMENT HISTOIRE DES ARTS en sp\u00e9cialit\u00e9 et optionnel.<\/li>\n<\/ul>\n\n\n\n<p class=\"has-regular-font-size\">      <\/p>\n\n\n\n<ul class=\"wp-block-list\">\n<li><strong><strong>Agen<\/strong> <\/strong>: Lyc\u00e9e Saint Caprais<strong> <\/strong><a href=\"https:\/\/www.lycee-saintcaprais.fr\/fr.html\">https:\/\/www.lycee-saintcaprais.fr\/fr.html<\/a><\/li>\n<\/ul>\n\n\n\n<ul class=\"wp-block-list\">\n<li><strong>Aiguillon:<\/strong> Lyc\u00e9e Stendhal <a href=\"http:\/\/www.citescolairestendhal.fr\/index.php?summary=8\">http:\/\/www.citescolairestendhal.fr\/index.php?summary=8<\/a><\/li>\n<\/ul>\n\n\n\n<ul class=\"wp-block-list\">\n<li><strong>Bordeaux:<\/strong><\/li>\n<\/ul>\n\n\n\n<ul class=\"wp-block-list\">\n<li>Lyc\u00e9e Mauriac: <a href=\"http:\/\/:\/\/lyceemauriac.fr\">:\/\/lyceemauriac.fr<\/a><\/li>\n<\/ul>\n\n\n\n<ul class=\"wp-block-list\">\n<li>Lyc\u00e9e Montaigne: <a href=\"http:\/\/montaigne-bordeaux.fr\/\">http:\/\/montaigne-bordeaux.fr\/<\/a> Lyc\u00e9e proposant une PREPA Histoire des arts<\/li>\n<\/ul>\n\n\n\n<ul class=\"wp-block-list\">\n<li>Lyc\u00e9e Montesquieu<a href=\"http:\/\/:\/\/www.lycee-montesquieu.fr\" data-type=\"URL\" data-id=\":\/\/www.lycee-montesquieu.fr\">: \/\/www.lycee-montesquieu.fr<\/a><\/li>\n<\/ul>\n\n\n\n<ul class=\"wp-block-list\">\n<li><strong>M\u00e9rignac: <\/strong>Lyc\u00e9e Daguin<strong> <\/strong><a href=\"http:\/\/www.lycee-daguin.com\/\">http:\/\/www.lycee-daguin.com\/<\/a><\/li>\n<\/ul>\n\n\n\n<ul class=\"wp-block-list\">\n<li><strong>Pau: <\/strong>Lyc\u00e9e Louis Barthou <a href=\"http:\/\/:\/\/www.lyceelouisbarthou.fr\">http:\/\/:\/\/www.lyceelouisbarthou.fr<\/a><\/li>\n<\/ul>\n\n\n\n<ul class=\"wp-block-list\">\n<li><strong>Perigueux:<\/strong> Lyc\u00e9e Bertran de Born<strong>  <\/strong><a href=\"https:\/\/etablissementbertrandeborn.net\/\">https:\/\/etablissementbertrandeborn.net\/<\/a>  <\/li>\n<\/ul>\n\n\n\n<ul class=\"wp-block-list\">\n<li><strong>Saint Andr\u00e9 de Cubzac: <\/strong>uniquement enseignement optionnel, Lyc\u00e9e Cousteau<strong>  <\/strong><a href=\"https:\/\/webetab.ac-bordeaux.fr\/lycee-philippe-cousteau\/\">https:\/\/webetab.ac-bordeaux.fr\/lycee-philippe-cousteau\/<\/a><\/li>\n<\/ul>\n\n\n\n<ul class=\"wp-block-list\">\n<li><strong>Saint Vincent de Tyrosse: <\/strong>Lyc\u00e9e sud Landes<strong>  <\/strong><a href=\"http:\/\/lyceesud.cluster002.ovh.net\/lsl\/presentation-2\/\">http:\/\/lyceesud.cluster002.ovh.net\/lsl\/presentation-2\/<\/a><\/li>\n<\/ul>\n","protected":false},"excerpt":{"rendered":"","protected":false},"author":2293,"featured_media":0,"parent":0,"menu_order":0,"comment_status":"closed","ping_status":"closed","template":"","meta":{"footnotes":""},"class_list":["post-101","page","type-page","status-publish","hentry","nodate","item-wrap"],"_links":{"self":[{"href":"https:\/\/ent2d.ac-bordeaux.fr\/disciplines\/hda\/wp-json\/wp\/v2\/pages\/101","targetHints":{"allow":["GET"]}}],"collection":[{"href":"https:\/\/ent2d.ac-bordeaux.fr\/disciplines\/hda\/wp-json\/wp\/v2\/pages"}],"about":[{"href":"https:\/\/ent2d.ac-bordeaux.fr\/disciplines\/hda\/wp-json\/wp\/v2\/types\/page"}],"author":[{"embeddable":true,"href":"https:\/\/ent2d.ac-bordeaux.fr\/disciplines\/hda\/wp-json\/wp\/v2\/users\/2293"}],"replies":[{"embeddable":true,"href":"https:\/\/ent2d.ac-bordeaux.fr\/disciplines\/hda\/wp-json\/wp\/v2\/comments?post=101"}],"version-history":[{"count":12,"href":"https:\/\/ent2d.ac-bordeaux.fr\/disciplines\/hda\/wp-json\/wp\/v2\/pages\/101\/revisions"}],"predecessor-version":[{"id":407,"href":"https:\/\/ent2d.ac-bordeaux.fr\/disciplines\/hda\/wp-json\/wp\/v2\/pages\/101\/revisions\/407"}],"wp:attachment":[{"href":"https:\/\/ent2d.ac-bordeaux.fr\/disciplines\/hda\/wp-json\/wp\/v2\/media?parent=101"}],"curies":[{"name":"wp","href":"https:\/\/api.w.org\/{rel}","templated":true}]}}