{"id":2228,"date":"2025-05-28T21:32:32","date_gmt":"2025-05-28T19:32:32","guid":{"rendered":"https:\/\/ent2d.ac-bordeaux.fr\/disciplines\/gestion-administration\/?page_id=2228"},"modified":"2025-06-19T21:20:07","modified_gmt":"2025-06-19T19:20:07","slug":"landes","status":"publish","type":"page","link":"https:\/\/ent2d.ac-bordeaux.fr\/disciplines\/gestion-administration\/landes\/","title":{"rendered":"Landes (D\u00e9p.40)"},"content":{"rendered":"\n<h3 class=\"wp-block-heading has-vivid-cyan-blue-color has-text-color has-link-color wp-elements-139749ef40e0692d8eb0b24a64823625\">\u00c9tablissements publics<\/h3>\n\n\n\n<div class=\"wp-block-columns is-layout-flex wp-container-core-columns-is-layout-9d6595d7 wp-block-columns-is-layout-flex\">\n<div class=\"wp-block-column is-layout-flow wp-block-column-is-layout-flow\">\n<p><strong>Lyc\u00e9e Professionnel<br><a href=\"https:\/\/www.lpjeandarcet.fr\/\" target=\"_blank\" rel=\"noreferrer noopener\">Jean d\u2019Arcet<\/a><br>40 Aire sur Adour<\/strong><\/p>\n\n\n\n<figure class=\"wp-block-image size-full\"><img loading=\"lazy\" decoding=\"async\" width=\"221\" height=\"169\" src=\"https:\/\/ent2d.ac-bordeaux.fr\/disciplines\/gestion-administration\/wp-content\/uploads\/sites\/51\/2020\/04\/Capture-d\u2019e\u0301cran-2020-04-09-a\u0300-11.51.10.png\" alt=\"\" class=\"wp-image-1469\" \/><\/figure>\n<\/div>\n\n\n\n<div class=\"wp-block-column is-layout-flow wp-block-column-is-layout-flow\">\n<p><strong>Lyc\u00e9e Professionnel<br><a href=\"http:\/\/lyceedeborda.org\/\" target=\"_blank\" rel=\"noreferrer noopener\">De Borda<\/a><br>40 Dax<\/strong><\/p>\n\n\n\n<figure class=\"wp-block-image size-full\"><img loading=\"lazy\" decoding=\"async\" width=\"280\" height=\"160\" src=\"https:\/\/ent2d.ac-bordeaux.fr\/disciplines\/gestion-administration\/wp-content\/uploads\/sites\/51\/2020\/04\/Capture-d\u2019e\u0301cran-2020-04-08-a\u0300-11.33.27.png\" alt=\"\" class=\"wp-image-1377\" \/><\/figure>\n<\/div>\n<\/div>\n\n\n\n<div class=\"wp-block-columns is-layout-flex wp-container-core-columns-is-layout-9d6595d7 wp-block-columns-is-layout-flex\">\n<div class=\"wp-block-column is-layout-flow wp-block-column-is-layout-flow\">\n<p><strong>Lyc\u00e9e Professionnel<\/strong><br><a href=\"https:\/\/www.lyceewlerick.fr\/\" target=\"_blank\" rel=\"noreferrer noopener\"><strong>Robert Wl\u00e9rick<\/strong><\/a><br><strong>40 Mont de Marsan<\/strong><\/p>\n\n\n\n<figure class=\"wp-block-image size-full is-resized\"><img loading=\"lazy\" decoding=\"async\" width=\"905\" height=\"512\" src=\"https:\/\/ent2d.ac-bordeaux.fr\/disciplines\/gestion-administration\/wp-content\/uploads\/sites\/51\/2025\/06\/1200x680_sc_wlerick.jpg\" alt=\"\" class=\"wp-image-2495\" style=\"width:276px;height:auto\" srcset=\"https:\/\/ent2d.ac-bordeaux.fr\/disciplines\/gestion-administration\/wp-content\/uploads\/sites\/51\/2025\/06\/1200x680_sc_wlerick.jpg 905w, https:\/\/ent2d.ac-bordeaux.fr\/disciplines\/gestion-administration\/wp-content\/uploads\/sites\/51\/2025\/06\/1200x680_sc_wlerick-300x170.jpg 300w, https:\/\/ent2d.ac-bordeaux.fr\/disciplines\/gestion-administration\/wp-content\/uploads\/sites\/51\/2025\/06\/1200x680_sc_wlerick-768x434.jpg 768w\" sizes=\"auto, (max-width: 905px) 100vw, 905px\" \/><\/figure>\n<\/div>\n\n\n\n<div class=\"wp-block-column is-layout-flow wp-block-column-is-layout-flow\"><\/div>\n<\/div>\n\n\n\n<h3 class=\"wp-block-heading has-vivid-cyan-blue-color has-text-color has-link-color wp-elements-b06e6b9a8edc5d2386555da1de580431\">\u00c9tablissements priv\u00e9s (sous contrat)<\/h3>\n\n\n\n<div class=\"wp-block-columns is-layout-flex wp-container-core-columns-is-layout-9d6595d7 wp-block-columns-is-layout-flex\">\n<div class=\"wp-block-column is-layout-flow wp-block-column-is-layout-flow\">\n<p><strong>Lyc\u00e9e Professionnel priv\u00e9<\/strong><br><strong><a href=\"https:\/\/gs-cassaigne.fr\/category\/lycee-professionnel\/\" target=\"_blank\" rel=\"noreferrer noopener\">Jean de Cassaigne<\/a><\/strong><br><strong>40 Saint-Pierre-du-Mont<\/strong><\/p>\n\n\n\n<figure class=\"wp-block-image size-full is-resized\"><img loading=\"lazy\" decoding=\"async\" width=\"1000\" height=\"500\" src=\"https:\/\/ent2d.ac-bordeaux.fr\/disciplines\/gestion-administration\/wp-content\/uploads\/sites\/51\/2025\/06\/jean-cassaigne.jpg\" alt=\"\" class=\"wp-image-2497\" style=\"width:329px;height:auto\" srcset=\"https:\/\/ent2d.ac-bordeaux.fr\/disciplines\/gestion-administration\/wp-content\/uploads\/sites\/51\/2025\/06\/jean-cassaigne.jpg 1000w, https:\/\/ent2d.ac-bordeaux.fr\/disciplines\/gestion-administration\/wp-content\/uploads\/sites\/51\/2025\/06\/jean-cassaigne-300x150.jpg 300w, https:\/\/ent2d.ac-bordeaux.fr\/disciplines\/gestion-administration\/wp-content\/uploads\/sites\/51\/2025\/06\/jean-cassaigne-768x384.jpg 768w\" sizes=\"auto, (max-width: 1000px) 100vw, 1000px\" \/><\/figure>\n<\/div>\n\n\n\n<div class=\"wp-block-column is-layout-flow wp-block-column-is-layout-flow\"><\/div>\n<\/div>\n","protected":false},"excerpt":{"rendered":"<p>\u00c9tablissements publics Lyc\u00e9e ProfessionnelJean d\u2019Arcet40 Aire sur Adour Lyc\u00e9e ProfessionnelDe Borda40 Dax Lyc\u00e9e ProfessionnelRobert Wl\u00e9rick40 Mont de Marsan \u00c9tablissements priv\u00e9s (sous contrat) Lyc\u00e9e Professionnel priv\u00e9Jean de Cassaigne40 Saint-Pierre-du-Mont<\/p>\n","protected":false},"author":2657,"featured_media":0,"parent":0,"menu_order":0,"comment_status":"closed","ping_status":"closed","template":"","meta":{"_bbp_topic_count":0,"_bbp_reply_count":0,"_bbp_total_topic_count":0,"_bbp_total_reply_count":0,"_bbp_voice_count":0,"_bbp_anonymous_reply_count":0,"_bbp_topic_count_hidden":0,"_bbp_reply_count_hidden":0,"_bbp_forum_subforum_count":0,"footnotes":""},"class_list":["post-2228","page","type-page","status-publish","hentry"],"_links":{"self":[{"href":"https:\/\/ent2d.ac-bordeaux.fr\/disciplines\/gestion-administration\/wp-json\/wp\/v2\/pages\/2228","targetHints":{"allow":["GET"]}}],"collection":[{"href":"https:\/\/ent2d.ac-bordeaux.fr\/disciplines\/gestion-administration\/wp-json\/wp\/v2\/pages"}],"about":[{"href":"https:\/\/ent2d.ac-bordeaux.fr\/disciplines\/gestion-administration\/wp-json\/wp\/v2\/types\/page"}],"author":[{"embeddable":true,"href":"https:\/\/ent2d.ac-bordeaux.fr\/disciplines\/gestion-administration\/wp-json\/wp\/v2\/users\/2657"}],"replies":[{"embeddable":true,"href":"https:\/\/ent2d.ac-bordeaux.fr\/disciplines\/gestion-administration\/wp-json\/wp\/v2\/comments?post=2228"}],"version-history":[{"count":11,"href":"https:\/\/ent2d.ac-bordeaux.fr\/disciplines\/gestion-administration\/wp-json\/wp\/v2\/pages\/2228\/revisions"}],"predecessor-version":[{"id":2498,"href":"https:\/\/ent2d.ac-bordeaux.fr\/disciplines\/gestion-administration\/wp-json\/wp\/v2\/pages\/2228\/revisions\/2498"}],"wp:attachment":[{"href":"https:\/\/ent2d.ac-bordeaux.fr\/disciplines\/gestion-administration\/wp-json\/wp\/v2\/media?parent=2228"}],"curies":[{"name":"wp","href":"https:\/\/api.w.org\/{rel}","templated":true}]}}