{"id":2226,"date":"2025-05-28T21:32:16","date_gmt":"2025-05-28T19:32:16","guid":{"rendered":"https:\/\/ent2d.ac-bordeaux.fr\/disciplines\/gestion-administration\/?page_id=2226"},"modified":"2025-05-29T11:46:58","modified_gmt":"2025-05-29T09:46:58","slug":"lot-et-garonne","status":"publish","type":"page","link":"https:\/\/ent2d.ac-bordeaux.fr\/disciplines\/gestion-administration\/lot-et-garonne\/","title":{"rendered":"Lot-et-Garonne (D\u00e9p.47)"},"content":{"rendered":"\n<h3 class=\"wp-block-heading has-vivid-cyan-blue-color has-text-color has-link-color wp-elements-139749ef40e0692d8eb0b24a64823625\">\u00c9tablissements publics<\/h3>\n\n\n\n<div class=\"wp-block-columns is-layout-flex wp-container-core-columns-is-layout-9d6595d7 wp-block-columns-is-layout-flex\">\n<div class=\"wp-block-column is-layout-flow wp-block-column-is-layout-flow\">\n<p><strong>Lyc\u00e9e Professionnel<\/strong><br><a href=\"http:\/\/www.lp-lomet.fr\/\" target=\"_blank\" rel=\"noreferrer noopener\"><strong>Antoine Lomet<\/strong><\/a><br><strong>47 Agen<\/strong><\/p>\n\n\n\n<figure class=\"wp-block-image size-full\"><img loading=\"lazy\" decoding=\"async\" width=\"216\" height=\"164\" src=\"https:\/\/ent2d.ac-bordeaux.fr\/disciplines\/gestion-administration\/wp-content\/uploads\/sites\/51\/2020\/04\/Capture-d\u2019e\u0301cran-2020-04-08-a\u0300-11.43.04.png\" alt=\"\" class=\"wp-image-1382\" \/><\/figure>\n<\/div>\n\n\n\n<div class=\"wp-block-column is-layout-flow wp-block-column-is-layout-flow\">\n<p><strong>Cit\u00e9 scolaire<br><a href=\"http:\/\/www.citescolairedefumel.fr\/lycee_professionnel_fumel\/index.html\" target=\"_blank\" rel=\"noreferrer noopener\">Benoit d\u2019Azy<\/a><br>47 Fumel<\/strong><\/p>\n\n\n\n<figure class=\"wp-block-image size-full\"><img loading=\"lazy\" decoding=\"async\" width=\"284\" height=\"159\" src=\"https:\/\/ent2d.ac-bordeaux.fr\/disciplines\/gestion-administration\/wp-content\/uploads\/sites\/51\/2020\/04\/Capture-d\u2019e\u0301cran-2020-04-08-a\u0300-11.48.48.png\" alt=\"\" class=\"wp-image-1384\" \/><\/figure>\n<\/div>\n<\/div>\n\n\n\n<div class=\"wp-block-columns is-layout-flex wp-container-core-columns-is-layout-9d6595d7 wp-block-columns-is-layout-flex\">\n<div class=\"wp-block-column is-layout-flow wp-block-column-is-layout-flow\">\n<p><strong>Cit\u00e9 scolaire<br><a href=\"http:\/\/lyceeleyguescouffignal.fr\/\" target=\"_blank\" rel=\"noreferrer noopener\">Georges Leygues<\/a><br>47 Villeneuve-sur-Lot<\/strong><\/p>\n\n\n\n<figure class=\"wp-block-image size-full\"><img loading=\"lazy\" decoding=\"async\" width=\"274\" height=\"187\" src=\"https:\/\/ent2d.ac-bordeaux.fr\/disciplines\/gestion-administration\/wp-content\/uploads\/sites\/51\/2020\/04\/Capture-d\u2019e\u0301cran-2020-04-08-a\u0300-11.52.06.png\" alt=\"\" class=\"wp-image-1385\" srcset=\"https:\/\/ent2d.ac-bordeaux.fr\/disciplines\/gestion-administration\/wp-content\/uploads\/sites\/51\/2020\/04\/Capture-d\u2019e\u0301cran-2020-04-08-a\u0300-11.52.06.png 274w, https:\/\/ent2d.ac-bordeaux.fr\/disciplines\/gestion-administration\/wp-content\/uploads\/sites\/51\/2020\/04\/Capture-d\u2019e\u0301cran-2020-04-08-a\u0300-11.52.06-130x90.png 130w\" sizes=\"auto, (max-width: 274px) 100vw, 274px\" \/><\/figure>\n<\/div>\n\n\n\n<div class=\"wp-block-column is-layout-flow wp-block-column-is-layout-flow\">\n<p><\/p>\n<\/div>\n<\/div>\n\n\n\n<h3 class=\"wp-block-heading has-vivid-cyan-blue-color has-text-color has-link-color wp-elements-db43dd43ed6570adfdfc9c036c633854\">\u00c9tablissements priv\u00e9s<\/h3>\n\n\n\n<div class=\"wp-block-columns is-layout-flex wp-container-core-columns-is-layout-9d6595d7 wp-block-columns-is-layout-flex\">\n<div class=\"wp-block-column is-layout-flow wp-block-column-is-layout-flow\">\n<p><strong>Lyc\u00e9e Professionnel priv\u00e9<\/strong><br><a href=\"https:\/\/lycee-lacompa.fr\/lycee-professionnel\/gestion-administration\/\" target=\"_blank\" rel=\"noreferrer noopener\"><strong>Notre Dame de la Compassion<\/strong><\/a><br><strong>47 Marmande<\/strong><\/p>\n\n\n\n<figure class=\"wp-block-image size-full\"><img loading=\"lazy\" decoding=\"async\" width=\"247\" height=\"161\" src=\"https:\/\/ent2d.ac-bordeaux.fr\/disciplines\/gestion-administration\/wp-content\/uploads\/sites\/51\/2020\/04\/Capture-d\u2019e\u0301cran-2020-04-08-a\u0300-15.06.54.png\" alt=\"\" class=\"wp-image-1416\" \/><\/figure>\n<\/div>\n\n\n\n<div class=\"wp-block-column is-layout-flow wp-block-column-is-layout-flow\"><\/div>\n<\/div>\n","protected":false},"excerpt":{"rendered":"<p>\u00c9tablissements publics Lyc\u00e9e ProfessionnelAntoine Lomet47 Agen Cit\u00e9 scolaireBenoit d\u2019Azy47 Fumel Cit\u00e9 scolaireGeorges Leygues47 Villeneuve-sur-Lot \u00c9tablissements priv\u00e9s Lyc\u00e9e Professionnel priv\u00e9Notre Dame de la Compassion47 Marmande<\/p>\n","protected":false},"author":2657,"featured_media":0,"parent":0,"menu_order":0,"comment_status":"closed","ping_status":"closed","template":"","meta":{"_bbp_topic_count":0,"_bbp_reply_count":0,"_bbp_total_topic_count":0,"_bbp_total_reply_count":0,"_bbp_voice_count":0,"_bbp_anonymous_reply_count":0,"_bbp_topic_count_hidden":0,"_bbp_reply_count_hidden":0,"_bbp_forum_subforum_count":0,"footnotes":""},"class_list":["post-2226","page","type-page","status-publish","hentry"],"_links":{"self":[{"href":"https:\/\/ent2d.ac-bordeaux.fr\/disciplines\/gestion-administration\/wp-json\/wp\/v2\/pages\/2226","targetHints":{"allow":["GET"]}}],"collection":[{"href":"https:\/\/ent2d.ac-bordeaux.fr\/disciplines\/gestion-administration\/wp-json\/wp\/v2\/pages"}],"about":[{"href":"https:\/\/ent2d.ac-bordeaux.fr\/disciplines\/gestion-administration\/wp-json\/wp\/v2\/types\/page"}],"author":[{"embeddable":true,"href":"https:\/\/ent2d.ac-bordeaux.fr\/disciplines\/gestion-administration\/wp-json\/wp\/v2\/users\/2657"}],"replies":[{"embeddable":true,"href":"https:\/\/ent2d.ac-bordeaux.fr\/disciplines\/gestion-administration\/wp-json\/wp\/v2\/comments?post=2226"}],"version-history":[{"count":5,"href":"https:\/\/ent2d.ac-bordeaux.fr\/disciplines\/gestion-administration\/wp-json\/wp\/v2\/pages\/2226\/revisions"}],"predecessor-version":[{"id":2289,"href":"https:\/\/ent2d.ac-bordeaux.fr\/disciplines\/gestion-administration\/wp-json\/wp\/v2\/pages\/2226\/revisions\/2289"}],"wp:attachment":[{"href":"https:\/\/ent2d.ac-bordeaux.fr\/disciplines\/gestion-administration\/wp-json\/wp\/v2\/media?parent=2226"}],"curies":[{"name":"wp","href":"https:\/\/api.w.org\/{rel}","templated":true}]}}