{"id":2224,"date":"2025-05-28T21:31:41","date_gmt":"2025-05-28T19:31:41","guid":{"rendered":"https:\/\/ent2d.ac-bordeaux.fr\/disciplines\/gestion-administration\/?page_id=2224"},"modified":"2025-06-19T21:17:47","modified_gmt":"2025-06-19T19:17:47","slug":"gironde","status":"publish","type":"page","link":"https:\/\/ent2d.ac-bordeaux.fr\/disciplines\/gestion-administration\/gironde\/","title":{"rendered":"Gironde (D\u00e9p.33)"},"content":{"rendered":"\n<h3 class=\"wp-block-heading has-vivid-cyan-blue-color has-text-color has-link-color wp-elements-139749ef40e0692d8eb0b24a64823625\">\u00c9tablissements publics<\/h3>\n\n\n\n<div class=\"wp-block-columns is-layout-flex wp-container-core-columns-is-layout-9d6595d7 wp-block-columns-is-layout-flex\">\n<div class=\"wp-block-column is-layout-flow wp-block-column-is-layout-flow\">\n<p><strong>Lyc\u00e9e des M\u00e9tiers<\/strong><br><strong><a href=\"https:\/\/lycee-condorcet-arcachon.fr\/nos-formations\/tertiaire\/\" target=\"_blank\" rel=\"noreferrer noopener\">Condorcet<\/a><\/strong><br><strong>33 Arcachon<\/strong><\/p>\n\n\n\n<figure class=\"wp-block-image size-full is-resized\"><img loading=\"lazy\" decoding=\"async\" width=\"253\" height=\"188\" src=\"https:\/\/ent2d.ac-bordeaux.fr\/disciplines\/gestion-administration\/wp-content\/uploads\/sites\/51\/2020\/04\/Capture-d\u2019e\u0301cran-2020-04-07-a\u0300-17.44.01.png\" alt=\"\" class=\"wp-image-1322\" style=\"width:195px;height:auto\" \/><\/figure>\n<\/div>\n\n\n\n<div class=\"wp-block-column is-layout-flow wp-block-column-is-layout-flow\">\n<p><strong>Lyc\u00e9e Professionnel<\/strong><br><strong><a href=\"https:\/\/www.lyceeanatoledemonzie33.fr\/\" target=\"_blank\" rel=\"noreferrer noopener\">Gis\u00e8le Halimi<\/a><\/strong><br><strong>33 Bazas<\/strong><\/p>\n\n\n\n<figure class=\"wp-block-image size-full is-resized\"><img loading=\"lazy\" decoding=\"async\" width=\"533\" height=\"395\" src=\"https:\/\/ent2d.ac-bordeaux.fr\/disciplines\/gestion-administration\/wp-content\/uploads\/sites\/51\/2020\/04\/Capture-d\u2019e\u0301cran-2020-04-07-a\u0300-17.46.30.png\" alt=\"\" class=\"wp-image-1323\" style=\"width:213px;height:auto\" srcset=\"https:\/\/ent2d.ac-bordeaux.fr\/disciplines\/gestion-administration\/wp-content\/uploads\/sites\/51\/2020\/04\/Capture-d\u2019e\u0301cran-2020-04-07-a\u0300-17.46.30.png 533w, https:\/\/ent2d.ac-bordeaux.fr\/disciplines\/gestion-administration\/wp-content\/uploads\/sites\/51\/2020\/04\/Capture-d\u2019e\u0301cran-2020-04-07-a\u0300-17.46.30-300x222.png 300w\" sizes=\"auto, (max-width: 533px) 100vw, 533px\" \/><\/figure>\n<\/div>\n<\/div>\n\n\n\n<div class=\"wp-block-columns is-layout-flex wp-container-core-columns-is-layout-9d6595d7 wp-block-columns-is-layout-flex\">\n<div class=\"wp-block-column is-layout-flow wp-block-column-is-layout-flow\">\n<p><strong>Lyc\u00e9e Professionnel<\/strong><br><strong><a href=\"http:\/\/www.lpestuaire.fr\/\" target=\"_blank\" rel=\"noreferrer noopener\">De l\u2019Estuaire<\/a><\/strong><br><strong>33 Blaye<\/strong><\/p>\n\n\n\n<figure class=\"wp-block-image size-full is-resized\"><img loading=\"lazy\" decoding=\"async\" width=\"318\" height=\"159\" src=\"https:\/\/ent2d.ac-bordeaux.fr\/disciplines\/gestion-administration\/wp-content\/uploads\/sites\/51\/2025\/06\/blay.jpg\" alt=\"\" class=\"wp-image-2467\" style=\"width:244px;height:auto\" srcset=\"https:\/\/ent2d.ac-bordeaux.fr\/disciplines\/gestion-administration\/wp-content\/uploads\/sites\/51\/2025\/06\/blay.jpg 318w, https:\/\/ent2d.ac-bordeaux.fr\/disciplines\/gestion-administration\/wp-content\/uploads\/sites\/51\/2025\/06\/blay-300x150.jpg 300w\" sizes=\"auto, (max-width: 318px) 100vw, 318px\" \/><\/figure>\n<\/div>\n\n\n\n<div class=\"wp-block-column is-layout-flow wp-block-column-is-layout-flow\">\n<p><strong>Lyc\u00e9e Professionnel<\/strong><br><strong><a href=\"http:\/\/www.lyceebremontier.fr\/lycee-bordeaux-bts-bordeaux-prepa-bordeaux-fr\/nos-formations\/lycee-professionnel\/seconde-professionnelle-metiers-de-la-relation-au-client-et-a-l-rsquo-usager-bordeaux.html\" target=\"_blank\" rel=\"noreferrer noopener\">Br\u00e9montier<\/a><\/strong><br><strong>33 Bordeaux<\/strong><\/p>\n\n\n\n<figure class=\"wp-block-gallery has-nested-images columns-default is-cropped wp-block-gallery-1 is-layout-flex wp-block-gallery-is-layout-flex\">\n<figure class=\"wp-block-image size-large\"><img loading=\"lazy\" decoding=\"async\" width=\"1000\" height=\"349\" data-id=\"2469\" src=\"https:\/\/ent2d.ac-bordeaux.fr\/disciplines\/gestion-administration\/wp-content\/uploads\/sites\/51\/2025\/06\/accueilbremontier2.jpg\" alt=\"\" class=\"wp-image-2469\" srcset=\"https:\/\/ent2d.ac-bordeaux.fr\/disciplines\/gestion-administration\/wp-content\/uploads\/sites\/51\/2025\/06\/accueilbremontier2.jpg 1000w, https:\/\/ent2d.ac-bordeaux.fr\/disciplines\/gestion-administration\/wp-content\/uploads\/sites\/51\/2025\/06\/accueilbremontier2-300x105.jpg 300w, https:\/\/ent2d.ac-bordeaux.fr\/disciplines\/gestion-administration\/wp-content\/uploads\/sites\/51\/2025\/06\/accueilbremontier2-768x268.jpg 768w\" sizes=\"auto, (max-width: 1000px) 100vw, 1000px\" \/><\/figure>\n<\/figure>\n<\/div>\n<\/div>\n\n\n\n<div class=\"wp-block-columns is-layout-flex wp-container-core-columns-is-layout-9d6595d7 wp-block-columns-is-layout-flex\">\n<div class=\"wp-block-column is-layout-flow wp-block-column-is-layout-flow\">\n<p><strong>Lyc\u00e9e Professionnel<\/strong><br><strong><a href=\"http:\/\/www.lyceeleschartrons.fr\/\" target=\"_blank\" rel=\"noreferrer noopener\">Les Chartrons<\/a><\/strong><br><strong>33 Bordeaux<\/strong><\/p>\n\n\n\n<figure class=\"wp-block-image size-full is-resized\"><img loading=\"lazy\" decoding=\"async\" width=\"1024\" height=\"574\" src=\"https:\/\/ent2d.ac-bordeaux.fr\/disciplines\/gestion-administration\/wp-content\/uploads\/sites\/51\/2025\/06\/chartron.jpg\" alt=\"\" class=\"wp-image-2471\" style=\"width:275px;height:auto\" srcset=\"https:\/\/ent2d.ac-bordeaux.fr\/disciplines\/gestion-administration\/wp-content\/uploads\/sites\/51\/2025\/06\/chartron.jpg 1024w, https:\/\/ent2d.ac-bordeaux.fr\/disciplines\/gestion-administration\/wp-content\/uploads\/sites\/51\/2025\/06\/chartron-300x168.jpg 300w, https:\/\/ent2d.ac-bordeaux.fr\/disciplines\/gestion-administration\/wp-content\/uploads\/sites\/51\/2025\/06\/chartron-768x431.jpg 768w\" sizes=\"auto, (max-width: 1024px) 100vw, 1024px\" \/><\/figure>\n<\/div>\n\n\n\n<div class=\"wp-block-column is-layout-flow wp-block-column-is-layout-flow\">\n<p><strong>Lyc\u00e9e Professionnel<\/strong><br><strong><a href=\"https:\/\/lplesmenuts33.blogspot.com\/\" target=\"_blank\" rel=\"noreferrer noopener\">Les Menuts<\/a><\/strong><br><strong>33 Bordeaux<\/strong><\/p>\n\n\n\n<figure class=\"wp-block-image size-full is-resized\"><img loading=\"lazy\" decoding=\"async\" width=\"690\" height=\"340\" src=\"https:\/\/ent2d.ac-bordeaux.fr\/disciplines\/gestion-administration\/wp-content\/uploads\/sites\/51\/2025\/06\/les-menuts.jpg\" alt=\"\" class=\"wp-image-2473\" style=\"width:328px;height:auto\" srcset=\"https:\/\/ent2d.ac-bordeaux.fr\/disciplines\/gestion-administration\/wp-content\/uploads\/sites\/51\/2025\/06\/les-menuts.jpg 690w, https:\/\/ent2d.ac-bordeaux.fr\/disciplines\/gestion-administration\/wp-content\/uploads\/sites\/51\/2025\/06\/les-menuts-300x148.jpg 300w\" sizes=\"auto, (max-width: 690px) 100vw, 690px\" \/><\/figure>\n<\/div>\n<\/div>\n\n\n\n<div class=\"wp-block-columns is-layout-flex wp-container-core-columns-is-layout-9d6595d7 wp-block-columns-is-layout-flex\">\n<div class=\"wp-block-column is-layout-flow wp-block-column-is-layout-flow\">\n<p><strong>Lyc\u00e9e Professionnel<\/strong><br><strong><a href=\"http:\/\/lycee-lamorlette.fr\/\" target=\"_blank\" rel=\"noreferrer noopener\">La Morlette<\/a><\/strong><br><strong>33 Cenon<\/strong><\/p>\n\n\n\n<figure class=\"wp-block-image size-full is-resized\"><img loading=\"lazy\" decoding=\"async\" width=\"1024\" height=\"512\" src=\"https:\/\/ent2d.ac-bordeaux.fr\/disciplines\/gestion-administration\/wp-content\/uploads\/sites\/51\/2025\/06\/la-morlette.jpg\" alt=\"\" class=\"wp-image-2475\" style=\"width:315px;height:auto\" srcset=\"https:\/\/ent2d.ac-bordeaux.fr\/disciplines\/gestion-administration\/wp-content\/uploads\/sites\/51\/2025\/06\/la-morlette.jpg 1024w, https:\/\/ent2d.ac-bordeaux.fr\/disciplines\/gestion-administration\/wp-content\/uploads\/sites\/51\/2025\/06\/la-morlette-300x150.jpg 300w, https:\/\/ent2d.ac-bordeaux.fr\/disciplines\/gestion-administration\/wp-content\/uploads\/sites\/51\/2025\/06\/la-morlette-768x384.jpg 768w\" sizes=\"auto, (max-width: 1024px) 100vw, 1024px\" \/><\/figure>\n<\/div>\n\n\n\n<div class=\"wp-block-column is-layout-flow wp-block-column-is-layout-flow\">\n<p><strong>Lyc\u00e9e Professionnel<\/strong><br><strong><a href=\"http:\/\/lp-henribrulle.fr\/hb2017\/index.php\/fr\/\" target=\"_blank\" rel=\"noreferrer noopener\">Henri Brulle<\/a><\/strong><br><strong>33 Libourne<\/strong><\/p>\n\n\n\n<figure class=\"wp-block-image size-full is-resized\"><img loading=\"lazy\" decoding=\"async\" width=\"1000\" height=\"500\" src=\"https:\/\/ent2d.ac-bordeaux.fr\/disciplines\/gestion-administration\/wp-content\/uploads\/sites\/51\/2025\/06\/henri-brulle.jpg\" alt=\"\" class=\"wp-image-2477\" style=\"width:333px;height:auto\" srcset=\"https:\/\/ent2d.ac-bordeaux.fr\/disciplines\/gestion-administration\/wp-content\/uploads\/sites\/51\/2025\/06\/henri-brulle.jpg 1000w, https:\/\/ent2d.ac-bordeaux.fr\/disciplines\/gestion-administration\/wp-content\/uploads\/sites\/51\/2025\/06\/henri-brulle-300x150.jpg 300w, https:\/\/ent2d.ac-bordeaux.fr\/disciplines\/gestion-administration\/wp-content\/uploads\/sites\/51\/2025\/06\/henri-brulle-768x384.jpg 768w\" sizes=\"auto, (max-width: 1000px) 100vw, 1000px\" \/><\/figure>\n<\/div>\n<\/div>\n\n\n\n<div class=\"wp-block-columns is-layout-flex wp-container-core-columns-is-layout-9d6595d7 wp-block-columns-is-layout-flex\">\n<div class=\"wp-block-column is-layout-flow wp-block-column-is-layout-flow\">\n<p><strong>Lyc\u00e9e Professionnel<\/strong><br><strong><a href=\"http:\/\/www.lycee-pro-marcel-dassault.fr\/\" target=\"_blank\" rel=\"noreferrer noopener\">Marcel Dassault<\/a><\/strong><br><strong>33 M\u00e9rignac<\/strong><\/p>\n\n\n\n<figure class=\"wp-block-image size-full is-resized\"><img loading=\"lazy\" decoding=\"async\" width=\"800\" height=\"368\" src=\"https:\/\/ent2d.ac-bordeaux.fr\/disciplines\/gestion-administration\/wp-content\/uploads\/sites\/51\/2025\/06\/marcelle-dassault.jpg\" alt=\"\" class=\"wp-image-2479\" style=\"width:333px;height:auto\" srcset=\"https:\/\/ent2d.ac-bordeaux.fr\/disciplines\/gestion-administration\/wp-content\/uploads\/sites\/51\/2025\/06\/marcelle-dassault.jpg 800w, https:\/\/ent2d.ac-bordeaux.fr\/disciplines\/gestion-administration\/wp-content\/uploads\/sites\/51\/2025\/06\/marcelle-dassault-300x138.jpg 300w, https:\/\/ent2d.ac-bordeaux.fr\/disciplines\/gestion-administration\/wp-content\/uploads\/sites\/51\/2025\/06\/marcelle-dassault-768x353.jpg 768w\" sizes=\"auto, (max-width: 800px) 100vw, 800px\" \/><\/figure>\n<\/div>\n\n\n\n<div class=\"wp-block-column is-layout-flow wp-block-column-is-layout-flow\">\n<p><strong>Lyc\u00e9e Professionnel<\/strong><br><strong><a href=\"http:\/\/www.lycee-odilon-redon.net\/index.php?option=com_content&amp;view=article&amp;id=2&amp;tmpl=formations\" target=\"_blank\" rel=\"noreferrer noopener\">Odilon Redon<\/a><\/strong><br><strong>33 Paulliac<\/strong><\/p>\n\n\n\n<figure class=\"wp-block-image size-full is-resized\"><img loading=\"lazy\" decoding=\"async\" width=\"1000\" height=\"500\" src=\"https:\/\/ent2d.ac-bordeaux.fr\/disciplines\/gestion-administration\/wp-content\/uploads\/sites\/51\/2025\/06\/odilon-redon.jpg\" alt=\"\" class=\"wp-image-2481\" style=\"width:304px;height:auto\" srcset=\"https:\/\/ent2d.ac-bordeaux.fr\/disciplines\/gestion-administration\/wp-content\/uploads\/sites\/51\/2025\/06\/odilon-redon.jpg 1000w, https:\/\/ent2d.ac-bordeaux.fr\/disciplines\/gestion-administration\/wp-content\/uploads\/sites\/51\/2025\/06\/odilon-redon-300x150.jpg 300w, https:\/\/ent2d.ac-bordeaux.fr\/disciplines\/gestion-administration\/wp-content\/uploads\/sites\/51\/2025\/06\/odilon-redon-768x384.jpg 768w\" sizes=\"auto, (max-width: 1000px) 100vw, 1000px\" \/><\/figure>\n<\/div>\n<\/div>\n\n\n\n<div class=\"wp-block-columns is-layout-flex wp-container-core-columns-is-layout-9d6595d7 wp-block-columns-is-layout-flex\">\n<div class=\"wp-block-column is-layout-flow wp-block-column-is-layout-flow\">\n<p><strong>Lyc\u00e9e Professionnel<\/strong><br><strong><a href=\"http:\/\/jehan.lyc-duperier.fr\/\" target=\"_blank\" rel=\"noreferrer noopener\">Jehan Dup\u00e9rier<\/a><\/strong><br><strong>33 Saint-M\u00e9dard-en-Jalles<\/strong><\/p>\n\n\n\n<figure class=\"wp-block-image size-full is-resized\"><img loading=\"lazy\" decoding=\"async\" width=\"512\" height=\"307\" src=\"https:\/\/ent2d.ac-bordeaux.fr\/disciplines\/gestion-administration\/wp-content\/uploads\/sites\/51\/2025\/06\/jean-duperier.png\" alt=\"\" class=\"wp-image-2483\" style=\"width:307px;height:auto\" srcset=\"https:\/\/ent2d.ac-bordeaux.fr\/disciplines\/gestion-administration\/wp-content\/uploads\/sites\/51\/2025\/06\/jean-duperier.png 512w, https:\/\/ent2d.ac-bordeaux.fr\/disciplines\/gestion-administration\/wp-content\/uploads\/sites\/51\/2025\/06\/jean-duperier-300x180.png 300w\" sizes=\"auto, (max-width: 512px) 100vw, 512px\" \/><\/figure>\n<\/div>\n\n\n\n<div class=\"wp-block-column is-layout-flow wp-block-column-is-layout-flow\">\n<p><strong>Lyc\u00e9e Professionnel<\/strong><br><strong><a href=\"http:\/\/www.lycee-victorlouis.websco.fr\/index.php?id_menu=12\" target=\"_blank\" rel=\"noreferrer noopener\">Victor Louis<\/a><\/strong><br><strong>33 Talence<\/strong><\/p>\n\n\n\n<figure class=\"wp-block-image size-full is-resized\"><img loading=\"lazy\" decoding=\"async\" width=\"580\" height=\"368\" src=\"https:\/\/ent2d.ac-bordeaux.fr\/disciplines\/gestion-administration\/wp-content\/uploads\/sites\/51\/2025\/06\/victor-louis.jpg\" alt=\"\" class=\"wp-image-2487\" style=\"width:284px;height:auto\" srcset=\"https:\/\/ent2d.ac-bordeaux.fr\/disciplines\/gestion-administration\/wp-content\/uploads\/sites\/51\/2025\/06\/victor-louis.jpg 580w, https:\/\/ent2d.ac-bordeaux.fr\/disciplines\/gestion-administration\/wp-content\/uploads\/sites\/51\/2025\/06\/victor-louis-300x190.jpg 300w\" sizes=\"auto, (max-width: 580px) 100vw, 580px\" \/><\/figure>\n<\/div>\n<\/div>\n\n\n\n<h3 class=\"wp-block-heading has-vivid-cyan-blue-color has-text-color has-link-color wp-elements-b06e6b9a8edc5d2386555da1de580431\">\u00c9tablissements priv\u00e9s (sous contrat)<\/h3>\n\n\n\n<div class=\"wp-block-columns is-layout-flex wp-container-core-columns-is-layout-9d6595d7 wp-block-columns-is-layout-flex\">\n<div class=\"wp-block-column is-layout-flow wp-block-column-is-layout-flow\">\n<p><strong>Lyc\u00e9e Priv\u00e9<br><a href=\"https:\/\/www.belorme.com\/\" target=\"_blank\" rel=\"noreferrer noopener\">Bel Orme<\/a><br>33 Bordeaux<\/strong><\/p>\n\n\n<\/div>\n\n\n\n<div class=\"wp-block-column is-layout-flow wp-block-column-is-layout-flow\">\n<p><strong>Lyc\u00e9e des M\u00e9tiers priv\u00e9<br><a href=\"https:\/\/lpplaruche.fr\/\" target=\"_blank\" rel=\"noreferrer noopener\">La Ruche<\/a><br>33 Bordeaux<\/strong><\/p>\n\n\n\n<figure class=\"wp-block-image size-full is-resized\"><img loading=\"lazy\" decoding=\"async\" width=\"940\" height=\"425\" src=\"https:\/\/ent2d.ac-bordeaux.fr\/disciplines\/gestion-administration\/wp-content\/uploads\/sites\/51\/2025\/06\/la-ruche-lycee-des-metiers-bordeaux-33000-ET033-52_PF1.jpg\" alt=\"\" class=\"wp-image-2493\" style=\"width:354px;height:auto\" srcset=\"https:\/\/ent2d.ac-bordeaux.fr\/disciplines\/gestion-administration\/wp-content\/uploads\/sites\/51\/2025\/06\/la-ruche-lycee-des-metiers-bordeaux-33000-ET033-52_PF1.jpg 940w, https:\/\/ent2d.ac-bordeaux.fr\/disciplines\/gestion-administration\/wp-content\/uploads\/sites\/51\/2025\/06\/la-ruche-lycee-des-metiers-bordeaux-33000-ET033-52_PF1-300x136.jpg 300w, https:\/\/ent2d.ac-bordeaux.fr\/disciplines\/gestion-administration\/wp-content\/uploads\/sites\/51\/2025\/06\/la-ruche-lycee-des-metiers-bordeaux-33000-ET033-52_PF1-768x347.jpg 768w\" sizes=\"auto, (max-width: 940px) 100vw, 940px\" \/><\/figure>\n<\/div>\n<\/div>\n\n\n\n<div class=\"wp-block-columns is-layout-flex wp-container-core-columns-is-layout-9d6595d7 wp-block-columns-is-layout-flex\">\n<div class=\"wp-block-column is-layout-flow wp-block-column-is-layout-flow\">\n<p><strong>Lyc\u00e9e Professionnel priv\u00e9<br><a href=\"http:\/\/svpbordeaux.fr\/assistance-a-la-gestion-des-organisations-et-de-leurs-activites\/\" target=\"_blank\" rel=\"noreferrer noopener\">Saint-Vincent-de-Paul<\/a><br>33 Bordeaux<\/strong><\/p>\n\n\n\n<figure class=\"wp-block-image size-full is-resized\"><img loading=\"lazy\" decoding=\"async\" width=\"940\" height=\"425\" src=\"https:\/\/ent2d.ac-bordeaux.fr\/disciplines\/gestion-administration\/wp-content\/uploads\/sites\/51\/2025\/06\/lycee-technologique-saint-vincent-de-paul-campus-saint-vincent-bordeaux-33000-GE033-48_PF.jpg\" alt=\"\" class=\"wp-image-2491\" style=\"width:330px;height:auto\" srcset=\"https:\/\/ent2d.ac-bordeaux.fr\/disciplines\/gestion-administration\/wp-content\/uploads\/sites\/51\/2025\/06\/lycee-technologique-saint-vincent-de-paul-campus-saint-vincent-bordeaux-33000-GE033-48_PF.jpg 940w, https:\/\/ent2d.ac-bordeaux.fr\/disciplines\/gestion-administration\/wp-content\/uploads\/sites\/51\/2025\/06\/lycee-technologique-saint-vincent-de-paul-campus-saint-vincent-bordeaux-33000-GE033-48_PF-300x136.jpg 300w, https:\/\/ent2d.ac-bordeaux.fr\/disciplines\/gestion-administration\/wp-content\/uploads\/sites\/51\/2025\/06\/lycee-technologique-saint-vincent-de-paul-campus-saint-vincent-bordeaux-33000-GE033-48_PF-768x347.jpg 768w\" sizes=\"auto, (max-width: 940px) 100vw, 940px\" \/><\/figure>\n<\/div>\n\n\n\n<div class=\"wp-block-column is-layout-flow wp-block-column-is-layout-flow\">\n<p><strong>Lyc\u00e9e Professionnel priv\u00e9<\/strong><br><a href=\"https:\/\/www.etablissement-jeannedarc.fr\/lycee\" target=\"_blank\" rel=\"noreferrer noopener\"><strong>Jeanne d\u2019Arc<\/strong><\/a><br><strong>33 Saint-M\u00e9dard-de-Guizi\u00e8re<\/strong><\/p>\n\n\n\n<figure class=\"wp-block-image size-full is-resized\"><img loading=\"lazy\" decoding=\"async\" width=\"284\" height=\"177\" src=\"https:\/\/ent2d.ac-bordeaux.fr\/disciplines\/gestion-administration\/wp-content\/uploads\/sites\/51\/2025\/06\/jeanne-arc.jpg\" alt=\"\" class=\"wp-image-2489\" style=\"width:281px;height:auto\" \/><\/figure>\n<\/div>\n<\/div>\n","protected":false},"excerpt":{"rendered":"<p>\u00c9tablissements publics Lyc\u00e9e des M\u00e9tiersCondorcet33 Arcachon Lyc\u00e9e ProfessionnelGis\u00e8le Halimi33 Bazas Lyc\u00e9e ProfessionnelDe l\u2019Estuaire33 Blaye Lyc\u00e9e ProfessionnelBr\u00e9montier33 Bordeaux Lyc\u00e9e ProfessionnelLes Chartrons33 Bordeaux Lyc\u00e9e ProfessionnelLes Menuts33 Bordeaux Lyc\u00e9e ProfessionnelLa Morlette33 Cenon Lyc\u00e9e &#8230;<\/p>\n","protected":false},"author":2657,"featured_media":0,"parent":0,"menu_order":0,"comment_status":"closed","ping_status":"closed","template":"","meta":{"_bbp_topic_count":0,"_bbp_reply_count":0,"_bbp_total_topic_count":0,"_bbp_total_reply_count":0,"_bbp_voice_count":0,"_bbp_anonymous_reply_count":0,"_bbp_topic_count_hidden":0,"_bbp_reply_count_hidden":0,"_bbp_forum_subforum_count":0,"footnotes":""},"class_list":["post-2224","page","type-page","status-publish","hentry"],"_links":{"self":[{"href":"https:\/\/ent2d.ac-bordeaux.fr\/disciplines\/gestion-administration\/wp-json\/wp\/v2\/pages\/2224","targetHints":{"allow":["GET"]}}],"collection":[{"href":"https:\/\/ent2d.ac-bordeaux.fr\/disciplines\/gestion-administration\/wp-json\/wp\/v2\/pages"}],"about":[{"href":"https:\/\/ent2d.ac-bordeaux.fr\/disciplines\/gestion-administration\/wp-json\/wp\/v2\/types\/page"}],"author":[{"embeddable":true,"href":"https:\/\/ent2d.ac-bordeaux.fr\/disciplines\/gestion-administration\/wp-json\/wp\/v2\/users\/2657"}],"replies":[{"embeddable":true,"href":"https:\/\/ent2d.ac-bordeaux.fr\/disciplines\/gestion-administration\/wp-json\/wp\/v2\/comments?post=2224"}],"version-history":[{"count":20,"href":"https:\/\/ent2d.ac-bordeaux.fr\/disciplines\/gestion-administration\/wp-json\/wp\/v2\/pages\/2224\/revisions"}],"predecessor-version":[{"id":2494,"href":"https:\/\/ent2d.ac-bordeaux.fr\/disciplines\/gestion-administration\/wp-json\/wp\/v2\/pages\/2224\/revisions\/2494"}],"wp:attachment":[{"href":"https:\/\/ent2d.ac-bordeaux.fr\/disciplines\/gestion-administration\/wp-json\/wp\/v2\/media?parent=2224"}],"curies":[{"name":"wp","href":"https:\/\/api.w.org\/{rel}","templated":true}]}}