{"id":2222,"date":"2025-05-28T21:30:57","date_gmt":"2025-05-28T19:30:57","guid":{"rendered":"https:\/\/ent2d.ac-bordeaux.fr\/disciplines\/gestion-administration\/?page_id=2222"},"modified":"2025-06-19T21:01:46","modified_gmt":"2025-06-19T19:01:46","slug":"dordogne","status":"publish","type":"page","link":"https:\/\/ent2d.ac-bordeaux.fr\/disciplines\/gestion-administration\/dordogne\/","title":{"rendered":"Dordogne (D\u00e9p.24)"},"content":{"rendered":"\n<h3 class=\"wp-block-heading has-vivid-cyan-blue-color has-text-color has-link-color wp-elements-139749ef40e0692d8eb0b24a64823625\">\u00c9tablissements publics<\/h3>\n\n\n\n<div class=\"wp-block-columns is-layout-flex wp-container-core-columns-is-layout-9d6595d7 wp-block-columns-is-layout-flex\">\n<div class=\"wp-block-column is-layout-flow wp-block-column-is-layout-flow\">\n<p><strong>Lyc\u00e9e des M\u00e9tiers<br><a href=\"https:\/\/www.lp-jean-capelle-bergerac.eu\/\" target=\"_blank\" rel=\"noreferrer noopener\">Jean Capelle<\/a><\/strong><br><strong>24 Bergerac<\/strong><\/p>\n\n\n\n<figure class=\"wp-block-image size-full is-resized\"><img loading=\"lazy\" decoding=\"async\" width=\"817\" height=\"305\" src=\"https:\/\/ent2d.ac-bordeaux.fr\/disciplines\/gestion-administration\/wp-content\/uploads\/sites\/51\/2020\/04\/Capture-d\u2019e\u0301cran-2020-04-07-a\u0300-17.50.44.png\" alt=\"\" class=\"wp-image-1327\" style=\"width:408px;height:auto\" srcset=\"https:\/\/ent2d.ac-bordeaux.fr\/disciplines\/gestion-administration\/wp-content\/uploads\/sites\/51\/2020\/04\/Capture-d\u2019e\u0301cran-2020-04-07-a\u0300-17.50.44.png 817w, https:\/\/ent2d.ac-bordeaux.fr\/disciplines\/gestion-administration\/wp-content\/uploads\/sites\/51\/2020\/04\/Capture-d\u2019e\u0301cran-2020-04-07-a\u0300-17.50.44-300x112.png 300w, https:\/\/ent2d.ac-bordeaux.fr\/disciplines\/gestion-administration\/wp-content\/uploads\/sites\/51\/2020\/04\/Capture-d\u2019e\u0301cran-2020-04-07-a\u0300-17.50.44-768x287.png 768w\" sizes=\"auto, (max-width: 817px) 100vw, 817px\" \/><\/figure>\n<\/div>\n\n\n\n<div class=\"wp-block-column is-layout-flow wp-block-column-is-layout-flow\">\n<p><strong>Lyc\u00e9e Professionnel<\/strong><br><strong><a href=\"http:\/\/lppicasso.fr\/\" target=\"_blank\" rel=\"noreferrer noopener\">Pablo Picasso<\/a><\/strong><br><strong>24 P\u00e9rigueux<\/strong><\/p>\n\n\n\n<figure class=\"wp-block-image size-full\"><img loading=\"lazy\" decoding=\"async\" width=\"292\" height=\"161\" src=\"https:\/\/ent2d.ac-bordeaux.fr\/disciplines\/gestion-administration\/wp-content\/uploads\/sites\/51\/2020\/04\/Capture-d\u2019e\u0301cran-2020-04-08-a\u0300-14.39.39.png\" alt=\"\" class=\"wp-image-1405\" \/><\/figure>\n<\/div>\n<\/div>\n\n\n\n<div class=\"wp-block-columns is-layout-flex wp-container-core-columns-is-layout-9d6595d7 wp-block-columns-is-layout-flex\">\n<div class=\"wp-block-column is-layout-flow wp-block-column-is-layout-flow\">\n<p><strong>Lyc\u00e9e Professionnel<\/strong><br><strong><a href=\"https:\/\/lp-arnautdaniel.weebly.com\/\" target=\"_blank\" rel=\"noreferrer noopener\">Arnaut Daniel<\/a><\/strong><br><strong>24 Rib\u00e9rac<\/strong><\/p>\n\n\n\n<figure class=\"wp-block-image size-full is-resized\"><img loading=\"lazy\" decoding=\"async\" width=\"912\" height=\"555\" src=\"https:\/\/ent2d.ac-bordeaux.fr\/disciplines\/gestion-administration\/wp-content\/uploads\/sites\/51\/2025\/06\/arnaud-daniel-reberac.png\" alt=\"\" class=\"wp-image-2464\" style=\"width:286px;height:auto\" srcset=\"https:\/\/ent2d.ac-bordeaux.fr\/disciplines\/gestion-administration\/wp-content\/uploads\/sites\/51\/2025\/06\/arnaud-daniel-reberac.png 912w, https:\/\/ent2d.ac-bordeaux.fr\/disciplines\/gestion-administration\/wp-content\/uploads\/sites\/51\/2025\/06\/arnaud-daniel-reberac-300x183.png 300w, https:\/\/ent2d.ac-bordeaux.fr\/disciplines\/gestion-administration\/wp-content\/uploads\/sites\/51\/2025\/06\/arnaud-daniel-reberac-768x467.png 768w\" sizes=\"auto, (max-width: 912px) 100vw, 912px\" \/><\/figure>\n<\/div>\n\n\n\n<div class=\"wp-block-column is-layout-flow wp-block-column-is-layout-flow\">\n<p><strong>Lyc\u00e9e Professionnel<\/strong><br><strong><a href=\"http:\/\/lycee-predecordy-sarlat.com\/etudieraulyceepro\" target=\"_blank\" rel=\"noreferrer noopener\">Jos\u00e9phine Baker (ex Pr\u00e9 de de Cordy<\/a><\/strong>)<br><strong>24 Sarlat-la-Can\u00e9da<\/strong><\/p>\n\n\n\n<figure class=\"wp-block-image size-full is-resized\"><img loading=\"lazy\" decoding=\"async\" width=\"219\" height=\"157\" src=\"https:\/\/ent2d.ac-bordeaux.fr\/disciplines\/gestion-administration\/wp-content\/uploads\/sites\/51\/2020\/04\/Capture-d\u2019e\u0301cran-2020-04-07-a\u0300-17.15.00.png\" alt=\"\" class=\"wp-image-1319\" style=\"width:239px;height:auto\" \/><\/figure>\n<\/div>\n<\/div>\n\n\n\n<h3 class=\"wp-block-heading has-vivid-cyan-blue-color has-text-color has-link-color wp-elements-637e0106fed18ce41a46ddc13250c731\">\u00c9tablissement priv\u00e9<\/h3>\n\n\n\n<div class=\"wp-block-columns is-layout-flex wp-container-core-columns-is-layout-9d6595d7 wp-block-columns-is-layout-flex\">\n<div class=\"wp-block-column is-layout-flow wp-block-column-is-layout-flow\">\n<p>ESPC<br><a href=\"http:\/\/stjo-24.fr\/alpsv\/\" target=\"_blank\" rel=\"noreferrer noopener\"><strong>Saint Vincent de Paul<\/strong><\/a><br><strong>24 P\u00e9rigueux<\/strong><\/p>\n\n\n\n<figure class=\"wp-block-image size-full\"><img loading=\"lazy\" decoding=\"async\" width=\"211\" height=\"158\" src=\"https:\/\/ent2d.ac-bordeaux.fr\/disciplines\/gestion-administration\/wp-content\/uploads\/sites\/51\/2020\/04\/Capture-d\u2019e\u0301cran-2020-04-08-a\u0300-14.43.31.png\" alt=\"\" class=\"wp-image-1407\" \/><\/figure>\n<\/div>\n\n\n\n<div class=\"wp-block-column is-layout-flow wp-block-column-is-layout-flow\">\n<p><\/p>\n<\/div>\n<\/div>\n","protected":false},"excerpt":{"rendered":"<p>\u00c9tablissements publics Lyc\u00e9e des M\u00e9tiersJean Capelle24 Bergerac Lyc\u00e9e ProfessionnelPablo Picasso24 P\u00e9rigueux Lyc\u00e9e ProfessionnelArnaut Daniel24 Rib\u00e9rac Lyc\u00e9e ProfessionnelJos\u00e9phine Baker (ex Pr\u00e9 de de Cordy)24 Sarlat-la-Can\u00e9da \u00c9tablissement priv\u00e9 ESPCSaint Vincent de Paul24 &#8230;<\/p>\n","protected":false},"author":2657,"featured_media":0,"parent":0,"menu_order":0,"comment_status":"closed","ping_status":"closed","template":"","meta":{"_bbp_topic_count":0,"_bbp_reply_count":0,"_bbp_total_topic_count":0,"_bbp_total_reply_count":0,"_bbp_voice_count":0,"_bbp_anonymous_reply_count":0,"_bbp_topic_count_hidden":0,"_bbp_reply_count_hidden":0,"_bbp_forum_subforum_count":0,"footnotes":""},"class_list":["post-2222","page","type-page","status-publish","hentry"],"_links":{"self":[{"href":"https:\/\/ent2d.ac-bordeaux.fr\/disciplines\/gestion-administration\/wp-json\/wp\/v2\/pages\/2222","targetHints":{"allow":["GET"]}}],"collection":[{"href":"https:\/\/ent2d.ac-bordeaux.fr\/disciplines\/gestion-administration\/wp-json\/wp\/v2\/pages"}],"about":[{"href":"https:\/\/ent2d.ac-bordeaux.fr\/disciplines\/gestion-administration\/wp-json\/wp\/v2\/types\/page"}],"author":[{"embeddable":true,"href":"https:\/\/ent2d.ac-bordeaux.fr\/disciplines\/gestion-administration\/wp-json\/wp\/v2\/users\/2657"}],"replies":[{"embeddable":true,"href":"https:\/\/ent2d.ac-bordeaux.fr\/disciplines\/gestion-administration\/wp-json\/wp\/v2\/comments?post=2222"}],"version-history":[{"count":15,"href":"https:\/\/ent2d.ac-bordeaux.fr\/disciplines\/gestion-administration\/wp-json\/wp\/v2\/pages\/2222\/revisions"}],"predecessor-version":[{"id":2466,"href":"https:\/\/ent2d.ac-bordeaux.fr\/disciplines\/gestion-administration\/wp-json\/wp\/v2\/pages\/2222\/revisions\/2466"}],"wp:attachment":[{"href":"https:\/\/ent2d.ac-bordeaux.fr\/disciplines\/gestion-administration\/wp-json\/wp\/v2\/media?parent=2222"}],"curies":[{"name":"wp","href":"https:\/\/api.w.org\/{rel}","templated":true}]}}