{"id":1846,"date":"2025-06-19T16:37:46","date_gmt":"2025-06-19T14:37:46","guid":{"rendered":"https:\/\/ent2d.ac-bordeaux.fr\/disciplines\/gestion-administration\/?page_id=1846"},"modified":"2025-11-14T08:11:50","modified_gmt":"2025-11-14T07:11:50","slug":"1846-2","status":"publish","type":"page","link":"https:\/\/ent2d.ac-bordeaux.fr\/disciplines\/gestion-administration\/1846-2\/","title":{"rendered":"Coloration de la formation"},"content":{"rendered":"\n<h1 class=\"wp-block-heading\">La coloration de la formation<\/h1>\n\n\n\n<p>La coloration d\u2019un dipl\u00f4me professionnel s\u2019inscrit obligatoirement dans le r\u00e9f\u00e9rentiel et les programmes d\u2019enseignement de ce dipl\u00f4me et vise \u00e0 r\u00e9pondre \u00e0 un besoin en comp\u00e9tences.<br>Elle s\u2019inscrit dans une approche d\u2019adaptation de l\u2019offre de formation, est int\u00e9gr\u00e9e \u00e0 la strat\u00e9gie de r\u00e9gion acad\u00e9mique en mati\u00e8re de carte des formations professionnelles et associe DRAFPIC, DAFPIC et corps d\u2019inspection.<\/p>\n\n\n\n<p>Dans la continuit\u00e9 de la finalit\u00e9 du dipl\u00f4me professionnel, la coloration vient renforcer l\u2019employabilit\u00e9 de la personne form\u00e9e : elle permet l\u2019acquisition de comp\u00e9tences ou de connaissances sp\u00e9cifiques au contexte dans lequel l\u2019activit\u00e9 sera r\u00e9alis\u00e9e, dans la perspective d\u2019une insertion professionnelle directe ou possiblement diff\u00e9r\u00e9e \u00e0 l\u2019issue d\u2019une poursuite d\u2019\u00e9tudes sp\u00e9cifique \u00e0 une entreprise, une fili\u00e8re professionnelle ou un territoire.<br>Comme elle vient r\u00e9pondre \u00e0 un besoin en comp\u00e9tences d\u00e9fini avec les partenaires professionnels, la coloration vient apporter des r\u00e9ponses \u00ab formation \u00bb sp\u00e9cifiques, v\u00e9ritable fil rouge de la professionnalisation propos\u00e9e dans le cadre du dipl\u00f4me professionnel.<\/p>\n\n\n\n<p class=\"has-black-color has-text-color has-link-color wp-elements-5d0c4d567d6d227a4839b6741dd79ae8\" style=\"font-size:16px\">Rib\u00e9rac <strong>\u2013 Lyc\u00e9e professionnel Arnault Daniel<\/strong> \u27a1\ufe0f Secr\u00e9tariat &amp; Assistanat m\u00e9dical ou m\u00e9dico-social<\/p>\n\n\n\n<p class=\"has-black-color has-text-color has-link-color wp-elements-43c837d062541edc2737aa96402a4440\" style=\"font-size:16px\">Sarlat <strong>&#8211; Lyc\u00e9e professionnel&nbsp; Jos\u00e9phine Baker <\/strong>\u27a1\ufe0f M\u00e9tiers administratifs dans la production cin\u00e9matographique<\/p>\n\n\n\n<p class=\"has-black-color has-text-color has-link-color wp-elements-d422a94c879fa99177af388d6f7e57a3\" style=\"font-size:16px\">Bordeaux &#8211;  <strong>Lyc\u00e9e Les Menuts <\/strong>\u27a1\ufe0f Assistanat m\u00e9dico-social\/param\u00e9dical<\/p>\n\n\n\n<p class=\"has-black-color has-text-color has-link-color wp-elements-6c2abaee76f51966f8138491efd459a6\" style=\"font-size:16px\">Libourne <strong>&#8211; Lyc\u00e9e professionnel Henri Brulle<\/strong> \u27a1\ufe0f Secr\u00e9tariat m\u00e9dical &amp; Adjoint administratif en collectivit\u00e9s territoriales<\/p>\n\n\n\n<p class=\"has-black-color has-text-color has-link-color wp-elements-afd567746e3fe87b89517bb217850d62\" style=\"font-size:16px\">Orthez <strong>&#8211; Lyc\u00e9e professionnel Francis Jammes <\/strong>\u27a1\ufe0f Comptabilit\u00e9 <\/p>\n\n\n\n<p class=\"has-black-color has-text-color has-link-color wp-elements-74c561881cea044796f6cf0bc6fea1fb\" style=\"font-size:16px\">Saint-Pierre-du-Mont <strong>&#8211; Lyc\u00e9e professionnel Jean Cassaigne<\/strong> \u27a1\ufe0f Classe d\u00e9fense<\/p>\n\n\n\n<p class=\"has-black-color has-text-color has-link-color wp-elements-2e900336144b9cdcfd9d3b2769bbd4e0\" style=\"font-size:16px\">Agen &#8211; <strong>Lyc\u00e9e Antoine Lomet <\/strong>\u27a1\ufe0f  \u00c9conomie responsable<\/p>\n\n\n\n<div style=\"height:35px\" aria-hidden=\"true\" class=\"wp-block-spacer\"><\/div>\n\n\n\n<p class=\"has-medium-font-size\"><strong>Exemple<\/strong> d&rsquo;attestation adapt\u00e9e \u00e0 la coloration \u00ab\u00a0Adjoint administratif en collectivit\u00e9s \u00ab\u00a0<\/p>\n\n\n\n<p><strong>d&rsquo;apr\u00e8s le Vademecum<\/strong><\/p>\n\n\n\n<p class=\"has-vivid-cyan-blue-color has-text-color has-link-color wp-elements-1dfc0fa4d2664ceffa2a142842db179c\" style=\"font-size:16px\">\ud83d\uddc3\ufe0f <a href=\"https:\/\/ent2d.ac-bordeaux.fr\/disciplines\/gestion-administration\/wp-content\/uploads\/sites\/51\/2025\/11\/COLORATION-attestation-de-competence_11-2025.pdf\" target=\"_blank\" rel=\"noreferrer noopener\">Attestation de coloration \u00e0 remettre \u00e0 l&rsquo;\u00e9l\u00e8ve apr\u00e8s obtention du bac <\/a><\/p>\n\n\n\n<div class=\"wp-block-file\"><a id=\"wp-block-file--media-a19b1918-6807-4d53-97b8-6a934a6916d6\" href=\"https:\/\/ent2d.ac-bordeaux.fr\/disciplines\/gestion-administration\/wp-content\/uploads\/sites\/51\/2025\/11\/COLORATION-attestation-de-competences_11-2025.docx\">COLORATION-attestation-de-competences_11-2025<\/a><a href=\"https:\/\/ent2d.ac-bordeaux.fr\/disciplines\/gestion-administration\/wp-content\/uploads\/sites\/51\/2025\/11\/COLORATION-attestation-de-competences_11-2025.docx\" class=\"wp-block-file__button wp-element-button\" download aria-describedby=\"wp-block-file--media-a19b1918-6807-4d53-97b8-6a934a6916d6\">T\u00e9l\u00e9charger<\/a><\/div>\n\n\n\n<div style=\"height:20px\" aria-hidden=\"true\" class=\"wp-block-spacer\"><\/div>\n\n\n\n<p style=\"font-size:16px\">\ud83d\udca1 <a href=\"https:\/\/eduscol.education.fr\/document\/41728\/download?attachment\" data-type=\"link\" data-id=\"https:\/\/eduscol.education.fr\/document\/41728\/download?attachment\">Vademecum &#8211; La coloration des dipl\u00f4mes professionnels<\/a><\/p>\n\n\n\n<p style=\"font-size:16px\">\ud83d\udca1 <a href=\"https:\/\/j4.cerpeg.fr\/metiers\/gestion-administration\/bacpro-agora\/blog-agora-webinaires-activite\/504-bcpagora-coloration?start=1\" data-type=\"link\" data-id=\"https:\/\/j4.cerpeg.fr\/metiers\/gestion-administration\/bacpro-agora\/blog-agora-webinaires-activite\/504-bcpagora-coloration?start=1\" target=\"_blank\" rel=\"noreferrer noopener\">Des exemples de mise en oeuvre de la coloration<\/a><\/p>\n","protected":false},"excerpt":{"rendered":"<p>La coloration de la formation La coloration d\u2019un dipl\u00f4me professionnel s\u2019inscrit obligatoirement dans le r\u00e9f\u00e9rentiel et les programmes d\u2019enseignement de ce dipl\u00f4me et vise \u00e0 r\u00e9pondre \u00e0 un besoin en &#8230;<\/p>\n","protected":false},"author":2657,"featured_media":0,"parent":0,"menu_order":0,"comment_status":"closed","ping_status":"closed","template":"","meta":{"_bbp_topic_count":0,"_bbp_reply_count":0,"_bbp_total_topic_count":0,"_bbp_total_reply_count":0,"_bbp_voice_count":0,"_bbp_anonymous_reply_count":0,"_bbp_topic_count_hidden":0,"_bbp_reply_count_hidden":0,"_bbp_forum_subforum_count":0,"footnotes":""},"class_list":["post-1846","page","type-page","status-publish","hentry"],"_links":{"self":[{"href":"https:\/\/ent2d.ac-bordeaux.fr\/disciplines\/gestion-administration\/wp-json\/wp\/v2\/pages\/1846","targetHints":{"allow":["GET"]}}],"collection":[{"href":"https:\/\/ent2d.ac-bordeaux.fr\/disciplines\/gestion-administration\/wp-json\/wp\/v2\/pages"}],"about":[{"href":"https:\/\/ent2d.ac-bordeaux.fr\/disciplines\/gestion-administration\/wp-json\/wp\/v2\/types\/page"}],"author":[{"embeddable":true,"href":"https:\/\/ent2d.ac-bordeaux.fr\/disciplines\/gestion-administration\/wp-json\/wp\/v2\/users\/2657"}],"replies":[{"embeddable":true,"href":"https:\/\/ent2d.ac-bordeaux.fr\/disciplines\/gestion-administration\/wp-json\/wp\/v2\/comments?post=1846"}],"version-history":[{"count":31,"href":"https:\/\/ent2d.ac-bordeaux.fr\/disciplines\/gestion-administration\/wp-json\/wp\/v2\/pages\/1846\/revisions"}],"predecessor-version":[{"id":2750,"href":"https:\/\/ent2d.ac-bordeaux.fr\/disciplines\/gestion-administration\/wp-json\/wp\/v2\/pages\/1846\/revisions\/2750"}],"wp:attachment":[{"href":"https:\/\/ent2d.ac-bordeaux.fr\/disciplines\/gestion-administration\/wp-json\/wp\/v2\/media?parent=1846"}],"curies":[{"name":"wp","href":"https:\/\/api.w.org\/{rel}","templated":true}]}}