{"id":120,"date":"2017-09-29T14:00:54","date_gmt":"2017-09-29T12:00:54","guid":{"rendered":"https:\/\/ent2d.ac-bordeaux.fr\/disciplines\/gestion-administration\/?page_id=120"},"modified":"2025-10-13T12:58:00","modified_gmt":"2025-10-13T10:58:00","slug":"accueil","status":"publish","type":"page","link":"https:\/\/ent2d.ac-bordeaux.fr\/disciplines\/gestion-administration\/","title":{"rendered":"Accueil"},"content":{"rendered":"\n<h2 class=\"wp-block-heading\">Bienvenue sur le site acad\u00e9mique Bcp AGOrA<\/h2>\n\n\n\n<p class=\"has-text-color has-background has-link-color has-small-font-size wp-elements-599ce309417693564d1a7fbde4abf633\" style=\"color:#064970;background-color:#edf5fb\">Nous vous souhaitons une excellente ann\u00e9e scolaire <strong>2025-2026<\/strong> !<br>Que cette nouvelle rentr\u00e9e soit plac\u00e9e sous le signe de la <strong>r\u00e9ussite, de l\u2019innovation et de la collaboration<\/strong>.<\/p>\n\n\n\n<p>La rentr\u00e9e est toujours un moment particulier :<\/p>\n\n\n\n<ul class=\"wp-block-list\">\n<li>un temps de retrouvailles,<\/li>\n\n\n\n<li>l\u2019occasion d\u2019accueillir de nouveaux coll\u00e8gues,<\/li>\n\n\n\n<li>et le point de d\u00e9part d\u2019un engagement collectif au service de la r\u00e9ussite des \u00e9l\u00e8ves de la voie professionnelle.<\/li>\n<\/ul>\n\n\n\n<p>Cette ann\u00e9e, nous avons le plaisir de f\u00e9liciter les laur\u00e9ats du concours et de souhaiter une pleine r\u00e9ussite aux coll\u00e8gues qui rejoignent un nouvel \u00e9tablissement.<\/p>\n\n\n\n<h3 class=\"wp-block-heading\">Nos priorit\u00e9s pour 2025-2026<\/h3>\n\n\n\n<p>Dans la continuit\u00e9 des travaux men\u00e9s ces derni\u00e8res ann\u00e9es, plusieurs axes forts guideront nos actions :<\/p>\n\n\n\n<ul class=\"wp-block-list\">\n<li><strong>Int\u00e9grer l\u2019intelligence artificielle<\/strong> dans nos pratiques p\u00e9dagogiques ;<\/li>\n\n\n\n<li>Mettre <strong>les outils m\u00e9tier<\/strong> au service des apprentissages, dont le PGI ;<\/li>\n\n\n\n<li>Renforcer <strong>la diff\u00e9renciation, l\u2019inclusion et la motivation<\/strong> de nos \u00e9l\u00e8ves.<\/li>\n<\/ul>\n\n\n\n<h3 class=\"wp-block-heading\">Ressources et accompagnement<\/h3>\n\n\n\n<p>Le site acad\u00e9mique <strong>Bcp AGOrA<\/strong> et le site du <strong>CERPEG<\/strong> sont r\u00e9guli\u00e8rement actualis\u00e9s. Vous y trouverez des informations, ressources p\u00e9dagogiques et productions nationales pour enrichir vos enseignements et accompagner vos projets.<\/p>\n\n\n\n<p>&nbsp;Nous vous souhaitons une ann\u00e9e professionnelle <strong>riche, stimulante et pleine de r\u00e9ussites<\/strong>.<\/p>\n\n\n\n<p><\/p>\n\n\n\n<p>&#8212;&#8212;&#8212;<\/p>\n\n\n\n<p>Patricia Jardel<br>Inspectrice de l\u2019\u00c9ducation nationale ET &#8211; EG<br>Acad\u00e9mie de Bordeaux<br><em><strong>M\u00e9tiers de la gestion administrative, du transport et de la logistique<\/strong><\/em><\/p>\n\n\n\n<p><\/p>\n\n\n\n<p><\/p>\n\n\n\n<p><br><\/p>\n","protected":false},"excerpt":{"rendered":"<p>Bienvenue sur le site acad\u00e9mique Bcp AGOrA Nous vous souhaitons une excellente ann\u00e9e scolaire 2025-2026 !Que cette nouvelle rentr\u00e9e soit plac\u00e9e sous le signe de la r\u00e9ussite, de l\u2019innovation et &#8230;<\/p>\n","protected":false},"author":52,"featured_media":0,"parent":0,"menu_order":0,"comment_status":"closed","ping_status":"closed","template":"","meta":{"_bbp_topic_count":0,"_bbp_reply_count":0,"_bbp_total_topic_count":0,"_bbp_total_reply_count":0,"_bbp_voice_count":0,"_bbp_anonymous_reply_count":0,"_bbp_topic_count_hidden":0,"_bbp_reply_count_hidden":0,"_bbp_forum_subforum_count":0,"footnotes":""},"class_list":["post-120","page","type-page","status-publish","hentry"],"_links":{"self":[{"href":"https:\/\/ent2d.ac-bordeaux.fr\/disciplines\/gestion-administration\/wp-json\/wp\/v2\/pages\/120","targetHints":{"allow":["GET"]}}],"collection":[{"href":"https:\/\/ent2d.ac-bordeaux.fr\/disciplines\/gestion-administration\/wp-json\/wp\/v2\/pages"}],"about":[{"href":"https:\/\/ent2d.ac-bordeaux.fr\/disciplines\/gestion-administration\/wp-json\/wp\/v2\/types\/page"}],"author":[{"embeddable":true,"href":"https:\/\/ent2d.ac-bordeaux.fr\/disciplines\/gestion-administration\/wp-json\/wp\/v2\/users\/52"}],"replies":[{"embeddable":true,"href":"https:\/\/ent2d.ac-bordeaux.fr\/disciplines\/gestion-administration\/wp-json\/wp\/v2\/comments?post=120"}],"version-history":[{"count":94,"href":"https:\/\/ent2d.ac-bordeaux.fr\/disciplines\/gestion-administration\/wp-json\/wp\/v2\/pages\/120\/revisions"}],"predecessor-version":[{"id":2727,"href":"https:\/\/ent2d.ac-bordeaux.fr\/disciplines\/gestion-administration\/wp-json\/wp\/v2\/pages\/120\/revisions\/2727"}],"wp:attachment":[{"href":"https:\/\/ent2d.ac-bordeaux.fr\/disciplines\/gestion-administration\/wp-json\/wp\/v2\/media?parent=120"}],"curies":[{"name":"wp","href":"https:\/\/api.w.org\/{rel}","templated":true}]}}