{"id":96,"date":"2019-11-13T22:38:04","date_gmt":"2019-11-13T21:38:04","guid":{"rendered":"https:\/\/ent2d.ac-bordeaux.fr\/disciplines\/generation2024\/?page_id=96"},"modified":"2023-01-31T15:53:13","modified_gmt":"2023-01-31T14:53:13","slug":"semaine-olympique-et-paralympique","status":"publish","type":"page","link":"https:\/\/ent2d.ac-bordeaux.fr\/disciplines\/generation2024\/semaine-olympique-et-paralympique\/","title":{"rendered":"SEMAINE OLYMPIQUE ET PARALYMPIQUE"},"content":{"rendered":"\n<h2 class=\"wp-block-heading\">La SOP, c\u2019est quoi ?<\/h2>\n\n\n\n<p>Chaque ann\u00e9e, la Semaine Olympique et Paralympique (SOP) c&rsquo;est une semaine pour promouvoir la pratique sportive chez les jeunes et mobiliser la communaut\u00e9 \u00e9ducative autour des valeurs citoyennes et sportives inscrites dans l&rsquo;ADN de l&rsquo;Olympisme et du Paralympisme.<\/p>\n\n\n\n<p><strong>En 2023, la Semaine Olympique et Paralympique se d\u00e9roulera du 3 au 8 avril sur la th\u00e9matique de l&rsquo;Inclusion.<\/strong><\/p>\n\n\n\n<p class=\"has-text-align-center\"><a rel=\"noreferrer noopener\" href=\"https:\/\/generation.paris2024.org\/edition-2023\" target=\"_blank\">Inscriptions \u00e0 la SOP 2023<\/a><\/p>\n\n\n\n<p>La SOP concerne les enseignants, les \u00e9l\u00e8ves et leurs parents, de la maternelle \u00e0 l\u2019universit\u00e9. La SOP c\u2019est \u00e9galement un \u00e9v\u00e9nement qui mobilise chaque ann\u00e9e les athl\u00e8tes de haut-niveau, les associations sportives, les f\u00e9d\u00e9rations sportives et les collectivit\u00e9s territoriales.<\/p>\n\n\n\n<p>Elle a pour objectifs :<\/p>\n\n\n\n<ul class=\"wp-block-list\"><li>De sensibiliser aux valeurs olympiques et paralympiques en mobilisant des outils \u00e9ducatifs et ludiques mis \u00e0 disposition.&nbsp;<br>&nbsp;<\/li><li>D\u2019utiliser le sport comme outil p\u00e9dagogique dans les enseignements.<br>&nbsp;<\/li><li>De d\u00e9couvrir des disciplines olympiques et paralympiques en collaboration avec le mouvement sportif, en organisant des ateliers de pratique sportive.<br>&nbsp;<\/li><li>De changer le regard sur le handicap en s\u2019appuyant sur la d\u00e9couverte des parasports et en int\u00e9grant des rencontres de parasports ou sports partag\u00e9s.<br>&nbsp;<\/li><li>D\u2019\u00e9veiller les jeunes \u00e0 l\u2019engagement b\u00e9n\u00e9vole et citoyen.<\/li><\/ul>\n\n\n\n<figure class=\"wp-block-video\"><\/figure>\n\n\n\n<p>https:\/\/youtube.com\/watch?v=9hTT84VU3vg%3Frel%3D0%26wmode%3Dopaque<\/p>\n\n\n\n<h3 class=\"wp-block-heading\">Partout en France et dans le monde<\/h3>\n\n\n\n<p>La SOP est organis\u00e9e sur l\u2019ensemble du territoire fran\u00e7ais, en m\u00e9tropole et outre-mer, ainsi que dans les \u00e9tablissements scolaires fran\u00e7ais \u00e0 l\u2019\u00e9tranger (AEFE).<br><\/p>\n\n\n\n<p><a rel=\"noreferrer noopener\" href=\"https:\/\/generation.paris2024.org\/edition-2022\" target=\"_blank\">D\u00e9couvrir le best-of de l&rsquo;\u00e9dition 2022<\/a><\/p>\n\n\n\n<h2 class=\"wp-block-heading\">Organiser sa Semaine Olympique et Paralympique<\/h2>\n\n\n\n<p>Pour vous accompagner dans la construction de votre Semaine Olympique et Paralympique, Paris 2024 met \u00e0 disposition un ensemble de ressources p\u00e9dagogiques et de bonnes pratiques. Issues de diff\u00e9rentes structures du mouvement sportif et du monde \u00e9ducatif, ces ressources vous permettront de cr\u00e9er un programme sur mesure : d\u00e9couverte des sports olympiques et paralympiques, cours sur l\u2019histoire des Jeux, sciences et sport, conseils pour accueillir un athl\u00e8te, etc.<\/p>\n\n\n\n<p>D\u00e9couvrez \u00e9galement le guide de la SOP. Il rassemble les diff\u00e9rentes modalit\u00e9s pratiques, un calendrier type, les activit\u00e9s qu\u2019il est possible de mettre en place pour animer une SOP ou encore les bonnes pratiques identifi\u00e9es lors des derni\u00e8res \u00e9ditions. Un guide pour naviguer avec les meilleurs outils en poche jusqu\u2019\u00e0 la prochaine \u00e9dition.&nbsp;<\/p>\n\n\n\n<p>Vous rencontrez un probl\u00e8me lors de votre inscription \u00e0 la Semaine Olympique et Paralympique ? Retrouvez les r\u00e9ponses \u00e0 vos questions dans notre&nbsp;<a href=\"https:\/\/generation.paris2024.org\/foire-aux-questions\">FAQ<\/a>.<\/p>\n\n\n\n<p><\/p>\n","protected":false},"excerpt":{"rendered":"<p>La SOP, c\u2019est quoi ? Chaque ann\u00e9e, la Semaine Olympique et Paralympique (SOP) c&rsquo;est une semaine pour promouvoir la pratique<\/p>\n","protected":false},"author":930,"featured_media":254,"parent":0,"menu_order":0,"comment_status":"closed","ping_status":"closed","template":"","meta":{"footnotes":""},"class_list":["post-96","page","type-page","status-publish","has-post-thumbnail","hentry"],"_links":{"self":[{"href":"https:\/\/ent2d.ac-bordeaux.fr\/disciplines\/generation2024\/wp-json\/wp\/v2\/pages\/96","targetHints":{"allow":["GET"]}}],"collection":[{"href":"https:\/\/ent2d.ac-bordeaux.fr\/disciplines\/generation2024\/wp-json\/wp\/v2\/pages"}],"about":[{"href":"https:\/\/ent2d.ac-bordeaux.fr\/disciplines\/generation2024\/wp-json\/wp\/v2\/types\/page"}],"author":[{"embeddable":true,"href":"https:\/\/ent2d.ac-bordeaux.fr\/disciplines\/generation2024\/wp-json\/wp\/v2\/users\/930"}],"replies":[{"embeddable":true,"href":"https:\/\/ent2d.ac-bordeaux.fr\/disciplines\/generation2024\/wp-json\/wp\/v2\/comments?post=96"}],"version-history":[{"count":5,"href":"https:\/\/ent2d.ac-bordeaux.fr\/disciplines\/generation2024\/wp-json\/wp\/v2\/pages\/96\/revisions"}],"predecessor-version":[{"id":428,"href":"https:\/\/ent2d.ac-bordeaux.fr\/disciplines\/generation2024\/wp-json\/wp\/v2\/pages\/96\/revisions\/428"}],"wp:featuredmedia":[{"embeddable":true,"href":"https:\/\/ent2d.ac-bordeaux.fr\/disciplines\/generation2024\/wp-json\/wp\/v2\/media\/254"}],"wp:attachment":[{"href":"https:\/\/ent2d.ac-bordeaux.fr\/disciplines\/generation2024\/wp-json\/wp\/v2\/media?parent=96"}],"curies":[{"name":"wp","href":"https:\/\/api.w.org\/{rel}","templated":true}]}}