{"id":88,"date":"2019-11-08T14:23:29","date_gmt":"2019-11-08T13:23:29","guid":{"rendered":"https:\/\/ent2d.ac-bordeaux.fr\/disciplines\/generation2024\/?page_id=88"},"modified":"2024-09-12T12:50:05","modified_gmt":"2024-09-12T10:50:05","slug":"sections-sportives","status":"publish","type":"page","link":"https:\/\/ent2d.ac-bordeaux.fr\/disciplines\/generation2024\/sections-sportives\/","title":{"rendered":"Sections Sportives"},"content":{"rendered":"\n<h3 class=\"wp-block-heading\">Implantation<\/h3>\n\n\n\n<p>Les&nbsp;<strong>sections sportives scolaires<\/strong>&nbsp;sont implant\u00e9es dans les&nbsp;<strong>coll\u00e8ges<\/strong>&nbsp;et, en nombre plus restreint, dans les&nbsp;<strong>lyc\u00e9es<\/strong>. Elles sont&nbsp;<strong>ouvertes&nbsp;<\/strong>par les&nbsp;<strong>recteurs d&rsquo;acad\u00e9mie<\/strong>, au vu d&rsquo;un dossier pr\u00e9alablement soumis \u00e0 l&rsquo;avis favorable du conseil d&rsquo;administration de l&rsquo;\u00e9tablissement.<\/p>\n\n\n\n<p>Toute ouverture de section sportive scolaire exige un partenariat avec une f\u00e9d\u00e9ration sportive nationale ou avec ses structures d\u00e9concentr\u00e9es.<\/p>\n\n\n\n<div class=\"wp-block-button aligncenter\"><a class=\"wp-block-button__link has-vivid-green-cyan-background-color has-background wp-element-button\" href=\"https:\/\/ent2d.ac-bordeaux.fr\/disciplines\/generation2024\/wp-content\/uploads\/sites\/68\/2024\/09\/Liste-RECONDUCTIONS-SSS-2024-1.pdf\">Consultez l&rsquo;arr\u00eat\u00e9 de la Cr\u00e9ation des Sections Sportives 2024-2025<\/a><\/div>\n\n\n\n<p class=\"has-text-align-center\"><\/p>\n\n\n\n<p class=\"has-text-align-center\"><a href=\"https:\/\/ent2d.ac-bordeaux.fr\/disciplines\/generation2024\/wp-content\/uploads\/sites\/68\/2024\/09\/Cahier-des-charges-RS-2025.pdf\">CAHIER DES CHARGES SECTIONS SPORTIVES 2025<\/a> <\/p>\n\n\n\n<p class=\"has-text-align-center\"><a href=\"https:\/\/ent2d.ac-bordeaux.fr\/disciplines\/generation2024\/wp-content\/uploads\/sites\/68\/2024\/09\/Circulaire-du-15-de\u0301cembre-2023-publie\u0301e-au-BO-du-21-de\u0301cembre-2023.pdf\">CIRCULAIRE SECTION SPORTIVES SCOLAIRES 2025<\/a><br><br><a href=\"https:\/\/ent2d.ac-bordeaux.fr\/disciplines\/generation2024\/wp-content\/uploads\/sites\/68\/2024\/09\/Circulaire-de-cre\u0301ation-reconductionfermeture-des-sections-sportives-scolaires-RS-2025.pdf\">CIRCULAIRE CONCTRUCTION, FERMETURE, RECONDUCTION DES SECTIONS SPORTIVES 2024-2025<\/a><\/p>\n\n\n\n<div class=\"wp-block-button aligncenter\"><a class=\"wp-block-button__link has-vivid-red-background-color has-background wp-element-button\" href=\"https:\/\/ppe.orion.education.fr\/nouvelleaquitaine\/itw\/answer\/FV8akogPVQ174B-JE4aJVg\" target=\"_blank\" rel=\"noreferrer noopener\">DOSSIER DE DEMANDE DE CREATION D&rsquo;UNE SECTION SPORTIVE SCOLAIRE<\/a><\/div>\n\n\n\n<p><\/p>\n","protected":false},"excerpt":{"rendered":"<p>Implantation Les&nbsp;sections sportives scolaires&nbsp;sont implant\u00e9es dans les&nbsp;coll\u00e8ges&nbsp;et, en nombre plus restreint, dans les&nbsp;lyc\u00e9es. Elles sont&nbsp;ouvertes&nbsp;par les&nbsp;recteurs d&rsquo;acad\u00e9mie, au vu d&rsquo;un<\/p>\n","protected":false},"author":930,"featured_media":0,"parent":0,"menu_order":0,"comment_status":"closed","ping_status":"closed","template":"","meta":{"footnotes":""},"class_list":["post-88","page","type-page","status-publish","hentry"],"_links":{"self":[{"href":"https:\/\/ent2d.ac-bordeaux.fr\/disciplines\/generation2024\/wp-json\/wp\/v2\/pages\/88","targetHints":{"allow":["GET"]}}],"collection":[{"href":"https:\/\/ent2d.ac-bordeaux.fr\/disciplines\/generation2024\/wp-json\/wp\/v2\/pages"}],"about":[{"href":"https:\/\/ent2d.ac-bordeaux.fr\/disciplines\/generation2024\/wp-json\/wp\/v2\/types\/page"}],"author":[{"embeddable":true,"href":"https:\/\/ent2d.ac-bordeaux.fr\/disciplines\/generation2024\/wp-json\/wp\/v2\/users\/930"}],"replies":[{"embeddable":true,"href":"https:\/\/ent2d.ac-bordeaux.fr\/disciplines\/generation2024\/wp-json\/wp\/v2\/comments?post=88"}],"version-history":[{"count":24,"href":"https:\/\/ent2d.ac-bordeaux.fr\/disciplines\/generation2024\/wp-json\/wp\/v2\/pages\/88\/revisions"}],"predecessor-version":[{"id":518,"href":"https:\/\/ent2d.ac-bordeaux.fr\/disciplines\/generation2024\/wp-json\/wp\/v2\/pages\/88\/revisions\/518"}],"wp:attachment":[{"href":"https:\/\/ent2d.ac-bordeaux.fr\/disciplines\/generation2024\/wp-json\/wp\/v2\/media?parent=88"}],"curies":[{"name":"wp","href":"https:\/\/api.w.org\/{rel}","templated":true}]}}