{"id":85,"date":"2019-11-08T14:17:15","date_gmt":"2019-11-08T13:17:15","guid":{"rendered":"https:\/\/ent2d.ac-bordeaux.fr\/disciplines\/generation2024\/?page_id=85"},"modified":"2020-10-13T15:39:18","modified_gmt":"2020-10-13T13:39:18","slug":"journees-nationales-du-sport-scolaire","status":"publish","type":"page","link":"https:\/\/ent2d.ac-bordeaux.fr\/disciplines\/generation2024\/journees-nationales-du-sport-scolaire\/","title":{"rendered":"Journ\u00e9es Nationale du sport scolaire 2020"},"content":{"rendered":"\n<p>23 septembre 2020<\/p>\n\n\n\n<p>La Journ\u00e9e nationale du sport scolaire 2019 (JNSS) aura lieu le mercredi 23 septembre 2020. La JNSS a pour objectif de mieux faire conna\u00eetre et promouvoir les activit\u00e9s propos\u00e9es par les associations et les f\u00e9d\u00e9rations sportives scolaires (UNSS, USEP et UGSEL) aupr\u00e8s des \u00e9l\u00e8ves, des \u00e9quipes \u00e9ducatives, des parents d&rsquo;\u00e9l\u00e8ves, du monde sportif local et des collectivit\u00e9s territoriales.<\/p>\n\n\n\n<ul class=\"wp-block-list\"><li><a href=\"https:\/\/eduscol.education.fr\/cid57378\/journee-nationale-du-sport-scolaire.html#lien0\">Description de l&rsquo;action<\/a><\/li><li><a href=\"https:\/\/eduscol.education.fr\/cid57378\/journee-nationale-du-sport-scolaire.html#lien1\">El\u00e8ves concern\u00e9s<\/a><\/li><li><a href=\"https:\/\/eduscol.education.fr\/cid57378\/journee-nationale-du-sport-scolaire.html#lien2\">Objectifs p\u00e9dagogiques<\/a><\/li><\/ul>\n\n\n\n<ul class=\"wp-block-list\"><li><a href=\"https:\/\/eduscol.education.fr\/cid57378\/journee-nationale-du-sport-scolaire.html#lien3\">Modalit\u00e9s de participation<\/a><\/li><li><a href=\"https:\/\/eduscol.education.fr\/cid57378\/journee-nationale-du-sport-scolaire.html#lien5\">Partenaires<\/a><\/li><\/ul>\n\n\n\n<figure class=\"wp-block-image\"><img decoding=\"async\" src=\"https:\/\/cache.media.eduscol.education.fr\/image\/sport\/08\/9\/JNSS2019_1160089.42.png\" alt=\"Illustration JNSS 2019\" \/><\/figure>\n\n\n\n<h2 class=\"wp-block-heading\">Description de l&rsquo;action<\/h2>\n\n\n\n<p>La journ\u00e9e nationale du sport scolaire (JNSS), organis\u00e9e le&nbsp;<strong>mercredi 23 septembre 2020<\/strong>, sera l&rsquo;occasion pour le minist\u00e8re de l&rsquo;\u00c9ducation nationale et de la jeunesse (MENJ) de promouvoir le d\u00e9veloppement de la pratique sportive ainsi que les valeurs du sport et de l&rsquo;Olympisme \u00e0 l&rsquo;\u00c9cole. \u00c0 tous les \u00e9chelons du sport scolaire, des manifestations \u00e0 la fois sportives, ludiques et ouvertes \u00e0 tous, seront organis\u00e9es&nbsp;<strong>en rapport au th\u00e8me de \u00ab l&rsquo;interculturalit\u00e9 \u00bb.<\/strong><\/p>\n\n\n\n<p>Dans les \u00e9coles et \u00e9tablissements, tout ou partie de la matin\u00e9e du 25 septembre peut \u00eatre banalis\u00e9e afin de permettre la conduite d&rsquo;actions b\u00e9n\u00e9ficiant \u00e0 l&rsquo;ensemble des \u00e9l\u00e8ves ainsi que la continuit\u00e9 avec les activit\u00e9s de l&rsquo;association sportive se d\u00e9roulant l&rsquo;apr\u00e8s-midi.<\/p>\n\n\n\n<p>L&rsquo;organisation d&rsquo;\u00e9v\u00e9nements sportifs motivants au niveau local, intra-muros ou au sein des districts UNSS par exemple, sera privil\u00e9gi\u00e9e.<\/p>\n\n\n\n<h2 class=\"wp-block-heading\">El\u00e8ves concern\u00e9s<\/h2>\n\n\n\n<p>La&nbsp;<strong>mobilisation du plus grand nombre d&rsquo;\u00e9l\u00e8ves<\/strong>&nbsp;est recherch\u00e9e. De nombreuses activit\u00e9s adapt\u00e9es aux niveaux et aux besoins des jeunes (\u00e9coliers, coll\u00e9giens et lyc\u00e9ens) seront propos\u00e9es.<\/p>\n\n\n\n<h2 class=\"wp-block-heading\">Objectifs p\u00e9dagogiques<\/h2>\n\n\n\n<p>La JNSS a pour objectif de mieux&nbsp;<strong>faire conna\u00eetre et promouvoir les activit\u00e9s propos\u00e9es par les associations et les f\u00e9d\u00e9rations sportives scolaires<\/strong>&nbsp;(UNSS, USEP et UGSEL) aupr\u00e8s des \u00e9l\u00e8ves, des \u00e9quipes \u00e9ducatives, des parents d&rsquo;\u00e9l\u00e8ves, du monde sportif local et des collectivit\u00e9s territoriales.<strong>&nbsp;Toutes les actions propos\u00e9es le 23 septembre seront centr\u00e9es sur la th\u00e9matique de \u00ab\u00a0l&rsquo;interculturalit\u00e9\u00a0\u00bb.<\/strong><\/p>\n\n\n\n<p>Alors que l&rsquo;ann\u00e9e 2020 sera marqu\u00e9e par l&rsquo;organisation des Jeux olympiques et paralympiques \u00e0 Tokyo et des Jeux olympiques de la Jeunesse \u00e0 Lausanne, la Journ\u00e9e nationale du sport scolaire, en tant que premier temps fort de l&rsquo;ann\u00e9e scolaire, mettra en valeur le th\u00e8me de l&rsquo;interculturalit\u00e9.<\/p>\n\n\n\n<h3 class=\"wp-block-heading\">Qu&rsquo;est ce que l&rsquo;interculturalit\u00e9&nbsp;?<\/h3>\n\n\n\n<p>Par interculturalit\u00e9, il convient d&rsquo;abord d&rsquo;entendre la rencontre entre plusieurs cultures collectives, produits de l&rsquo;histoire des groupes et des soci\u00e9t\u00e9s, et la richesse \u00e9ducative et humaine que procure l&rsquo;\u00e9change avec l&rsquo;autre dans le respect de ses diff\u00e9rences, quelle qu&rsquo;en soit l&rsquo;origine.<\/p>\n\n\n\n<p>Si l&rsquo;interculturalit\u00e9 suppose l&rsquo;ouverture et l&#8217;empathie, elle invite aussi \u00e0 la r\u00e9ciprocit\u00e9 et \u00e0 l&rsquo;\u00e9galit\u00e9 sans lesquelles la diff\u00e9rence ne peut favoriser l&rsquo;enrichissement et l&rsquo;\u00e9panouissement de chacun.<\/p>\n\n\n\n<p>L&rsquo;exp\u00e9rience de l&rsquo;interculturalit\u00e9 passe par la communication et le dialogue. Elle peut \u00e9galement s&rsquo;appuyer sur une mobilit\u00e9 g\u00e9ographique, parfois juste au-del\u00e0 du lieu de vie, ou lors de d\u00e9placements plus lointains. La connaissance d&rsquo;autres univers culturels peut \u00eatre source de transformations positives et d&rsquo;une meilleure compr\u00e9hension de sa propre culture.<\/p>\n\n\n\n<p>Parce qu&rsquo;elle favorise l&rsquo;universalit\u00e9, le faire-ensemble, le partage de valeurs et de r\u00e8gles communes, et l&rsquo;inclusion, la pratique sportive et l&rsquo;engagement constituent une excellente occasion pour faire vivre l&rsquo;interculturalit\u00e9 et valoriser la diversit\u00e9 culturelle.<\/p>\n\n\n\n<h2 class=\"wp-block-heading\">Modalit\u00e9s de participation<\/h2>\n\n\n\n<p><strong>Tous les \u00e9l\u00e8ves sont invit\u00e9s \u00e0 d\u00e9couvrir et participer aux activit\u00e9s propos\u00e9es<\/strong>&nbsp;lors de cette journ\u00e9e par les associations sportives scolaires. Cette op\u00e9ration vise de plus \u00e0 informer et sensibiliser les familles et l&rsquo;ensemble de la communaut\u00e9 \u00e9ducative au sport scolaire, \u00e9l\u00e9ment de dynamisation et de coh\u00e9sion au sein des \u00e9coles et des \u00e9tablissements scolaires.<\/p>\n\n\n\n<h2 class=\"wp-block-heading\">Retour sur la JNSS 2020<\/h2>\n\n\n\n<p><a href=\"https:\/\/ent2d.ac-bordeaux.fr\/disciplines\/generation2024\/wp-content\/uploads\/sites\/68\/2020\/10\/journee-du-sport-scolaire.pdf\" target=\"_blank\" rel=\"noreferrer noopener\">CLIQUEZ ICI POUR VOIR LE COMPTE RENDU ET LES PHOTOS<\/a><\/p>\n\n\n\n<p><a target=\"_blank\" href=\"https:\/\/cache.media.eduscol.education.fr\/file\/sport\/06\/9\/wetransfer-043556_1178069.zip\" rel=\"noreferrer noopener\">Kit de communication \u00e0 l&rsquo;attention des \u00e9coles et des \u00e9tablissements<\/a><\/p>\n\n\n\n<p><a href=\"http:\/\/sentezvoussport.fr\/accueil.php\" target=\"_blank\" rel=\"noreferrer noopener\">\u00ab\u00a0Sentez-vous Sport\u00a0\u00bb<\/a><\/p>\n\n\n\n<p><a href=\"http:\/\/www.usep.org\/\" target=\"_blank\" rel=\"noreferrer noopener\">USEP<\/a>&nbsp;&nbsp;<\/p>\n\n\n\n<p><a href=\"http:\/\/www.unss.org\/\" target=\"_blank\" rel=\"noreferrer noopener\">UNSS<\/a>&nbsp;&nbsp;<\/p>\n\n\n\n<p><a href=\"http:\/\/www.ugsel.org\/\" target=\"_blank\" rel=\"noreferrer noopener\">UGSEL<\/a>&nbsp;<\/p>\n","protected":false},"excerpt":{"rendered":"<p>23 septembre 2020 La Journ\u00e9e nationale du sport scolaire 2019 (JNSS) aura lieu le mercredi 23 septembre 2020. La JNSS<\/p>\n","protected":false},"author":930,"featured_media":0,"parent":0,"menu_order":0,"comment_status":"closed","ping_status":"closed","template":"","meta":{"footnotes":""},"class_list":["post-85","page","type-page","status-publish","hentry"],"_links":{"self":[{"href":"https:\/\/ent2d.ac-bordeaux.fr\/disciplines\/generation2024\/wp-json\/wp\/v2\/pages\/85","targetHints":{"allow":["GET"]}}],"collection":[{"href":"https:\/\/ent2d.ac-bordeaux.fr\/disciplines\/generation2024\/wp-json\/wp\/v2\/pages"}],"about":[{"href":"https:\/\/ent2d.ac-bordeaux.fr\/disciplines\/generation2024\/wp-json\/wp\/v2\/types\/page"}],"author":[{"embeddable":true,"href":"https:\/\/ent2d.ac-bordeaux.fr\/disciplines\/generation2024\/wp-json\/wp\/v2\/users\/930"}],"replies":[{"embeddable":true,"href":"https:\/\/ent2d.ac-bordeaux.fr\/disciplines\/generation2024\/wp-json\/wp\/v2\/comments?post=85"}],"version-history":[{"count":6,"href":"https:\/\/ent2d.ac-bordeaux.fr\/disciplines\/generation2024\/wp-json\/wp\/v2\/pages\/85\/revisions"}],"predecessor-version":[{"id":202,"href":"https:\/\/ent2d.ac-bordeaux.fr\/disciplines\/generation2024\/wp-json\/wp\/v2\/pages\/85\/revisions\/202"}],"wp:attachment":[{"href":"https:\/\/ent2d.ac-bordeaux.fr\/disciplines\/generation2024\/wp-json\/wp\/v2\/media?parent=85"}],"curies":[{"name":"wp","href":"https:\/\/api.w.org\/{rel}","templated":true}]}}