{"id":475,"date":"2024-02-16T00:27:25","date_gmt":"2024-02-15T23:27:25","guid":{"rendered":"https:\/\/ent2d.ac-bordeaux.fr\/disciplines\/generation2024\/?page_id=475"},"modified":"2024-02-16T00:27:25","modified_gmt":"2024-02-15T23:27:25","slug":"classes-alice-millat","status":"publish","type":"page","link":"https:\/\/ent2d.ac-bordeaux.fr\/disciplines\/generation2024\/classes-alice-millat\/","title":{"rendered":"Classes Alice MILLAT"},"content":{"rendered":"\n<h2 class=\"wp-block-heading\">Pr\u00e9sentation des actions men\u00e9es au sein des Classes Alice Millat<\/h2>\n\n\n\n<p>SPORT ET HANDICAP<\/p>\n\n\n\n<p>Baptiste SARRAUTE \u2013 Coll\u00e8ge St ANDRE<\/p>\n\n\n\n<p>Le mercredi 4 d\u00e9cembre 2019, les \u00e9l\u00e8ves de la section basket de l\u2019association sportive du coll\u00e8ge saint Andr\u00e9 accueillaient les \u00e9l\u00e8ves basketteurs de l\u2019EREA (Etablissement R\u00e9gional d\u2019Enseignement Adapt\u00e9) d\u2019Eysines.<\/p>\n\n\n\n<p>Apr\u00e8s un petit de mot de bienvenue de Mme Daney, &nbsp;les autres professeurs d\u2019EPS expliqu\u00e8rent les r\u00e8gles et les adaptations \u00e0 mettre en place pour jouer ensemble, \u00e9l\u00e8ves valides et \u00e9l\u00e8ves mal-marchants.<\/p>\n\n\n\n<p>Les adaptions sont les suivantes&nbsp;:<\/p>\n\n\n\n<p>-Mettre un cerceau en dessous du panier pour faire une cible plus simple \u00e0 atteindre<\/p>\n\n\n\n<p>&#8211; Mettre des r\u00e8gles de d\u00e9fense comme r\u00e9duire la taille du terrain, rester \u00e0 un m\u00e8tre du porteur de balle ou pour les plus grands mettre un genou \u00e0 terre.<\/p>\n\n\n\n<p>-Faire un match en marchand si un des joueurs ne peut pas courir.<\/p>\n\n\n\n<p>-Faire des matchs plus courts.<\/p>\n\n\n\n<p>-Ne faire que des passes \u00e0 rebond&nbsp;car plus facile \u00e0 rattraper et moins fortes.<\/p>\n\n\n\n<p>Ensuite les \u00e9l\u00e8ves ont commenc\u00e9 par des exercices de passe \u00e0 rebond \u00e0 2 pour faire connaissance. Puis ils ont fait des matchs en 4 contre 4 de 5 minutes. A la fin tout le monde \u00e9taient content de son apr\u00e8s-midi et cela c\u2019est termin\u00e9 par une belle phrase&nbsp;: \u00ab&nbsp;J\u2019ai oubli\u00e9 mon handicap en jouant \u00bb et par un gouter bien m\u00e9rit\u00e9&nbsp;!<\/p>\n\n\n\n<figure class=\"wp-block-image size-full\"><img loading=\"lazy\" decoding=\"async\" width=\"960\" height=\"540\" src=\"https:\/\/ent2d.ac-bordeaux.fr\/disciplines\/generation2024\/wp-content\/uploads\/sites\/68\/2024\/01\/image.png\" alt=\"\" class=\"wp-image-476\" srcset=\"https:\/\/ent2d.ac-bordeaux.fr\/disciplines\/generation2024\/wp-content\/uploads\/sites\/68\/2024\/01\/image.png 960w, https:\/\/ent2d.ac-bordeaux.fr\/disciplines\/generation2024\/wp-content\/uploads\/sites\/68\/2024\/01\/image-300x169.png 300w, https:\/\/ent2d.ac-bordeaux.fr\/disciplines\/generation2024\/wp-content\/uploads\/sites\/68\/2024\/01\/image-768x432.png 768w\" sizes=\"auto, (max-width: 960px) 100vw, 960px\" \/><\/figure>\n","protected":false},"excerpt":{"rendered":"<p>Pr\u00e9sentation des actions men\u00e9es au sein des Classes Alice Millat SPORT ET HANDICAP Baptiste SARRAUTE \u2013 Coll\u00e8ge St ANDRE Le<\/p>\n","protected":false},"author":930,"featured_media":0,"parent":0,"menu_order":0,"comment_status":"closed","ping_status":"closed","template":"","meta":{"footnotes":""},"class_list":["post-475","page","type-page","status-publish","hentry"],"_links":{"self":[{"href":"https:\/\/ent2d.ac-bordeaux.fr\/disciplines\/generation2024\/wp-json\/wp\/v2\/pages\/475","targetHints":{"allow":["GET"]}}],"collection":[{"href":"https:\/\/ent2d.ac-bordeaux.fr\/disciplines\/generation2024\/wp-json\/wp\/v2\/pages"}],"about":[{"href":"https:\/\/ent2d.ac-bordeaux.fr\/disciplines\/generation2024\/wp-json\/wp\/v2\/types\/page"}],"author":[{"embeddable":true,"href":"https:\/\/ent2d.ac-bordeaux.fr\/disciplines\/generation2024\/wp-json\/wp\/v2\/users\/930"}],"replies":[{"embeddable":true,"href":"https:\/\/ent2d.ac-bordeaux.fr\/disciplines\/generation2024\/wp-json\/wp\/v2\/comments?post=475"}],"version-history":[{"count":4,"href":"https:\/\/ent2d.ac-bordeaux.fr\/disciplines\/generation2024\/wp-json\/wp\/v2\/pages\/475\/revisions"}],"predecessor-version":[{"id":485,"href":"https:\/\/ent2d.ac-bordeaux.fr\/disciplines\/generation2024\/wp-json\/wp\/v2\/pages\/475\/revisions\/485"}],"wp:attachment":[{"href":"https:\/\/ent2d.ac-bordeaux.fr\/disciplines\/generation2024\/wp-json\/wp\/v2\/media?parent=475"}],"curies":[{"name":"wp","href":"https:\/\/api.w.org\/{rel}","templated":true}]}}