{"id":105,"date":"2019-11-21T23:53:25","date_gmt":"2019-11-21T22:53:25","guid":{"rendered":"https:\/\/ent2d.ac-bordeaux.fr\/disciplines\/generation2024\/?page_id=105"},"modified":"2019-11-21T23:53:26","modified_gmt":"2019-11-21T22:53:26","slug":"journee-olympique-et-paralympique","status":"publish","type":"page","link":"https:\/\/ent2d.ac-bordeaux.fr\/disciplines\/generation2024\/journee-olympique-et-paralympique\/","title":{"rendered":"Journ\u00e9e Olympique et Paralympique"},"content":{"rendered":"\n<p><a>Pr\u00e9c\u00e9dent<\/a><a>Suivant<\/a><\/p>\n\n\n\n<figure class=\"wp-block-image\"><img decoding=\"async\" src=\"http:\/\/www.creps-bordeaux.sports.gouv.fr\/local\/cache-gd2\/2e\/67ada53e8a69a8c5c86352f29942ea.jpg?1568201401\" alt=\"\" \/><\/figure>\n\n\n\n<h3 class=\"wp-block-heading\">Le 21 juin 2018, le Comit\u00e9 R\u00e9gional Olympique et Sportif Nouvelle-Aquitaine et le Comit\u00e9 D\u00e9partemental Olympique et Sportif de Gironde ont anim\u00e9 une journ\u00e9e festive sur le CREPS de Bordeaux-Aquitaine pour c\u00e9l\u00e9brer l\u2019olympisme et les Jeux de Paris 2024.<\/h3>\n\n\n\n<p>Pour s\u2019unir ensemble autour de l\u2019olympisme, 800 jeunes issus d\u2019\u00e9tablissements scolaires \u00e9taient r\u00e9unis le jeudi 21 juin sur le CREPS&nbsp;pour d\u00e9couvrir et vivre les valeurs de l\u2019olympisme \u00e0 travers de multiples activit\u00e9s physiques, culturelles, \u00e9ducatives et de pr\u00e9vention. \u00ab&nbsp;Bouger, apprendre, d\u00e9couvrir&nbsp;\u00bb tel \u00e9tait l\u2019esprit de cette journ\u00e9e.<\/p>\n\n\n\n<p><strong>Plusieurs champions Olympiques et Paralympiques \u00e9taient pr\u00e9sents pour animer cette journ\u00e9e<\/strong>&nbsp;:<\/p>\n\n\n\n<ul class=\"wp-block-list\"><li>Val\u00e9rie Barlois (or et argent Jo Atlanta 1996, escrime et pr\u00e9sidente du conseil d\u2019administration du CREPS de Bordeaux-Aquitaine),<\/li><li>Gr\u00e9gory Mallet (argent JO P\u00e9kin et JO Londres, natation),<\/li><li>Damien Tokatlian (bronze JO Paralympiques Londres 2012, escrime),<\/li><li>Eric Poujade (argent, JO Sydney 2000, gymnastique),<\/li><li>Franck Dumoulin (or JO Sydney, tir),<\/li><li>Genevi\u00e8ve Pairoux-Lagard\u00e8re (2 or, 2 bronze JO Paralympiques S\u00e9oul, or, argent et bronze JO Paralympiques Barcelone),<\/li><li>Fr\u00e9d\u00e9ric Adjiwanou (basketteur professionnel),<\/li><li>L\u00e9a Roussel (bronze, championnat du Monde Acrosport, gymnastique),<\/li><li>Marvin Esor (footballeur form\u00e9 aux Girondins de Bordeaux),<\/li><li>Laurent Torrecillas (volleyeur international).<\/li><\/ul>\n\n\n\n<p>A l\u2019issue de la c\u00e9r\u00e9monie, les officiels ont annonc\u00e9 les r\u00e9sultats du concours d\u2019affiches \u00ab&nbsp;Egalit\u00e9 filles\/gar\u00e7ons&nbsp;dans le milieu du sport&nbsp;\u00bb.<\/p>\n\n\n\n<p><strong>Avec la collaboration&nbsp;:<\/strong><\/p>\n\n\n\n<ul class=\"wp-block-list\"><li>des Ligues et comit\u00e9s Nouvelle-Aquitaine&nbsp;: Athl\u00e9tisme, Arts \u00e9nerg\u00e9tiques et martiaux chinois, Aviron, Baseball, Badminton, Boxe anglaise, Boomerang, Course d\u2019Orientation, Cyclisme, Escrime, Football am\u00e9ricain, Gymnastique, Handisport, Karat\u00e9, Pelote Basque, Sport Adapt\u00e9, Savate Boxe Fran\u00e7aise, Sport en Milieu Rural,&nbsp;Tir sportif, UNSS, Volleyball<\/li><li>des Comit\u00e9s d\u00e9partementaux&nbsp;: Cano\u00eb-kayak, USEP, UNSS, UGSEL, Sport Adapt\u00e9, Double Dutch, Sport en Milieu Rural, Hockey sur Gazon, Vol libre d\u2019associations&nbsp;: Drop de B\u00e9ton, ADOT et AMPD<\/li><li>et le soutien des partenaires institutionnels&nbsp;: les Directions R\u00e9gionale Nouvelle-Aquitaine et D\u00e9partementale de la Gironde de la Jeunesse, des Sports et de la Coh\u00e9sion Sociale, le Rectorat de l\u2019Acad\u00e9mie de Bordeaux, le Conseil R\u00e9gional Nouvelle-Aquitaine, le Conseil D\u00e9partemental de la Gironde, l\u2019Universit\u00e9 de Bordeaux<\/li><\/ul>\n\n\n\n<p><strong>Retrouvez toutes les photos de cette belle journ\u00e9e en ligne sur la&nbsp;<a href=\"https:\/\/www.facebook.com\/pg\/CROSNAq\/photos\/?tab=album&amp;album_id=1685253151550998\">page Facebook du CROS Aquitaine<\/a>.<\/strong><\/p>\n\n\n\n<figure class=\"wp-block-image\"><a href=\"http:\/\/www.sports.gouv.fr\/\" target=\"_blank\" rel=\"noreferrer noopener\"><img decoding=\"async\" src=\"http:\/\/www.creps-bordeaux.sports.gouv.fr\/local\/cache-vignettes\/L253xH85\/arton933-feb70.jpg?1573810681\" alt=\"Logo Minist\u00e8re des Sports\" \/><\/a><\/figure>\n\n\n\n<figure class=\"wp-block-image\"><a href=\"https:\/\/www.nouvelle-aquitaine.fr\/\" target=\"_blank\" rel=\"noreferrer noopener\"><img decoding=\"async\" src=\"http:\/\/www.creps-bordeaux.sports.gouv.fr\/local\/cache-vignettes\/L200xH97\/arton934-9d8f3.jpg?1570431414\" alt=\"Logo R\u00e9gion\" \/><\/a><\/figure>\n\n\n\n<figure class=\"wp-block-image\"><a href=\"http:\/\/www.grand-insep.fr\/\" target=\"_blank\" rel=\"noreferrer noopener\"><img decoding=\"async\" src=\"http:\/\/www.creps-bordeaux.sports.gouv.fr\/local\/cache-vignettes\/L162xH90\/arton935-a2ad2.png?1568111781\" alt=\"Logo grand insep\" \/><\/a><\/figure>\n\n\n\n<figure class=\"wp-block-image\"><a href=\"https:\/\/certification.afnor.org\/qualite\/certification-iso-9001\" target=\"_blank\" rel=\"noreferrer noopener\"><img decoding=\"async\" src=\"http:\/\/www.creps-bordeaux.sports.gouv.fr\/local\/cache-vignettes\/L87xH100\/arton936-c47bd.png?1568111781\" alt=\"Logo iso\" \/><\/a><\/figure>\n","protected":false},"excerpt":{"rendered":"<p>Pr\u00e9c\u00e9dentSuivant Le 21 juin 2018, le Comit\u00e9 R\u00e9gional Olympique et Sportif Nouvelle-Aquitaine et le Comit\u00e9 D\u00e9partemental Olympique et Sportif de<\/p>\n","protected":false},"author":930,"featured_media":0,"parent":0,"menu_order":0,"comment_status":"closed","ping_status":"closed","template":"","meta":{"footnotes":""},"class_list":["post-105","page","type-page","status-publish","hentry"],"_links":{"self":[{"href":"https:\/\/ent2d.ac-bordeaux.fr\/disciplines\/generation2024\/wp-json\/wp\/v2\/pages\/105","targetHints":{"allow":["GET"]}}],"collection":[{"href":"https:\/\/ent2d.ac-bordeaux.fr\/disciplines\/generation2024\/wp-json\/wp\/v2\/pages"}],"about":[{"href":"https:\/\/ent2d.ac-bordeaux.fr\/disciplines\/generation2024\/wp-json\/wp\/v2\/types\/page"}],"author":[{"embeddable":true,"href":"https:\/\/ent2d.ac-bordeaux.fr\/disciplines\/generation2024\/wp-json\/wp\/v2\/users\/930"}],"replies":[{"embeddable":true,"href":"https:\/\/ent2d.ac-bordeaux.fr\/disciplines\/generation2024\/wp-json\/wp\/v2\/comments?post=105"}],"version-history":[{"count":1,"href":"https:\/\/ent2d.ac-bordeaux.fr\/disciplines\/generation2024\/wp-json\/wp\/v2\/pages\/105\/revisions"}],"predecessor-version":[{"id":106,"href":"https:\/\/ent2d.ac-bordeaux.fr\/disciplines\/generation2024\/wp-json\/wp\/v2\/pages\/105\/revisions\/106"}],"wp:attachment":[{"href":"https:\/\/ent2d.ac-bordeaux.fr\/disciplines\/generation2024\/wp-json\/wp\/v2\/media?parent=105"}],"curies":[{"name":"wp","href":"https:\/\/api.w.org\/{rel}","templated":true}]}}