{"id":953,"date":"2016-04-27T15:23:26","date_gmt":"2016-04-27T14:23:26","guid":{"rendered":"https:\/\/ent2d.ac-bordeaux.fr\/disciplines\/espagnol\/?page_id=953"},"modified":"2021-10-10T10:56:52","modified_gmt":"2021-10-10T09:56:52","slug":"espace-assistant","status":"publish","type":"page","link":"https:\/\/ent2d.ac-bordeaux.fr\/disciplines\/espagnol\/espace-assistant\/","title":{"rendered":"Espace assistants"},"content":{"rendered":"<div class=\"entry-thumbnail\">N&rsquo;h\u00e9sitez pas \u00e0 consulter le site interlangue <a href=\"https:\/\/ent2d.ac-bordeaux.fr\/disciplines\/langues\/2020\/04\/20\/information-assistants-de-langues\/\">ici<\/a><\/div>\n<div class=\"entry-content\">\n<div class=\"wp-block-image\">\n<figure class=\"aligncenter\"><img decoding=\"async\" class=\"wp-image-1374\" src=\"https:\/\/ent2d.ac-bordeaux.fr\/disciplines\/langues\/wp-content\/uploads\/sites\/61\/2020\/04\/France-Education-International-banner.jpg\" alt=\"\" \/><\/figure>\n<\/div>\n<p><a><strong>Service des assistants et de la mobilit\u00e9<\/strong><\/a><\/p>\n<p>+33 (0)1 45 07 60 45<\/p>\n<p><a href=\"mailto:assistant@ciep.fr\">assistant@ciep.fr<\/a><\/p>\n<\/div>\n<p>______________________<\/p>\n<p><strong><span style=\"color: #ff6600\">Une formation de 3H gratuite pour l&rsquo;ann\u00e9e\u00a0 2021-2022 est propos\u00e9e en ligne\u00a0 par\u00a0 France \u00e9ducation international<\/span><\/strong><\/p>\n<h5 class=\"h5_course_detail\">Objectifs<\/h5>\n<p>L&rsquo; objectif de ce module est de pr\u00e9parer les futur.e.s assistant.e.s de langue \u00e0 leur prise de fonctions dans une \u00e9cole ou un \u00e9tablissement en France.<\/p>\n<h5 class=\"h5_course_detail\">Accompagnement<\/h5>\n<p>Module non tutor\u00e9<\/p>\n<div>\n<h5 class=\"h5_course_detail\">Dur\u00e9e \u00e0 distance :<\/h5>\n<p>03 h 00<\/p>\n<\/div>\n<h5 class=\"h5_course_detail\">Composition du module<\/h5>\n<ul>\n<li>Cr\u00e9dits<\/li>\n<li>Test de positionnement pour les assistants de langue<\/li>\n<li>Votre r\u00f4le au sein du syst\u00e8me \u00e9ducatif fran\u00e7ais<\/li>\n<li>Travailler dans une \u00e9cole ou un \u00e9tablissement en France<\/li>\n<li>D\u00e9couvrir des outils et pratiques p\u00e9dagogiques<\/li>\n<li>\u00c9valuation finale &#8211; Assistant de langue en France<\/li>\n<\/ul>\n<p>V<a href=\"https:\/\/plus.france-education-international.fr\/local\/course_offer\/coursedetails.php?id=4293\">ous pouvez vous inscrire\u00a0 ici <\/a>_________________________________________________________________________________________<\/p>\n<p>&nbsp;<\/p>\n<p><strong>Nous souhaitons la bienvenue aux soixante deux assistants hispanophones qui interviennent dans le premier et second degr\u00e9s du 1<sup>er<\/sup> octobre 2018 au 31 avril 2022.<\/strong><\/p>\n<p>&nbsp;<\/p>\n<p><strong>LES\u00a0ASSISTANTS DE LANGUES VIVANTES\u00a0<\/strong><b>DU PREMIER ET DU SECOND\u00a0<\/b><b>DEGR\u00c9<\/b><b>\u00a0<\/b><strong>SERONT ACCUEILLIS A PARTIR DE 9h00 :<\/strong><\/p>\n<p><strong>Dans le d\u00e9partement de la Gironde (33)<\/strong><br \/>\nMercredi 6 octobre 2021 au Lyc\u00e9e Elie Faure, 63 Avenue de la Lib\u00e9ration, 33310 LORMONT<\/p>\n<p><strong>Dans le d\u00e9partement de la Dordogne (24)<\/strong><br \/>\nMercredi 6 octobre 2021, Lyc\u00e9e Laure Gatet, 25 avenue G Pompidou, 24003, PERIGUEUX<\/p>\n<p><strong>Dans le d\u00e9partement des Pyr\u00e9n\u00e9es Atlantiques (64)<\/strong><br \/>\nMercredi 6 octobre 2021, Lyc\u00e9e Saint Cricq, 4 bis avenue des Etats-Unis, 64015 PAU<\/p>\n<p><strong>Dans le d\u00e9partement des Landes (40)<\/strong><br \/>\nMercredi 6 octobre 2021, Lyc\u00e9e de Borda, 7 avenue Paul Doumer, 40107 DAX<\/p>\n<p><strong>Dans le d\u00e9partement du Lot &amp; Garonne (47)<\/strong><br \/>\nMercredi 6 octobre 2021, Lyc\u00e9e Jean-Baptiste de Baudre, 5 all\u00e9e Pierre Pomar\u00e8de, 47000 AGEN<\/p>\n<p><a href=\"https:\/\/ent2d.ac-bordeaux.fr\/disciplines\/langues\/2021\/08\/31\/assistants-de-langues\/\"><strong>Pour en savoir plus<\/strong><\/a><\/p>\n<div>\n<p>____________________________________________________________________________________________________________<\/p>\n<\/div>\n<p><span style=\"color: #000000\">Vous\u00a0trouverez toutes les<a style=\"color: #000000\" href=\"https:\/\/ent2d.ac-bordeaux.fr\/disciplines\/espagnol\/wp-content\/uploads\/sites\/6\/2016\/09\/livret-academique-2016-2017.pdf\" target=\"_blank\" rel=\"noopener noreferrer\"> <u><b>informations utiles<\/b><\/u><\/a> \u00e0 votre installation dans notre acad\u00e9mie :<\/span><\/p>\n<ul>\n<li><span style=\"color: #000000\"><strong>Programme des assistants<\/strong> : <strong><a style=\"color: #000000\" href=\"http:\/\/www.education.gouv.fr\/pid285\/bulletin_officiel.html?cid_bo=101887\">BO n\u00b020 19 mai 2016<\/a><\/strong><\/span><\/li>\n<\/ul>\n<p><img loading=\"lazy\" decoding=\"async\" class=\"alignnone size-medium wp-image-2714\" src=\"https:\/\/ent2d.ac-bordeaux.fr\/disciplines\/espagnol\/wp-content\/uploads\/sites\/6\/2018\/10\/Capture-1-274x300.jpg\" alt=\"\" width=\"274\" height=\"300\" srcset=\"https:\/\/ent2d.ac-bordeaux.fr\/disciplines\/espagnol\/wp-content\/uploads\/sites\/6\/2018\/10\/Capture-1-274x300.jpg 274w, https:\/\/ent2d.ac-bordeaux.fr\/disciplines\/espagnol\/wp-content\/uploads\/sites\/6\/2018\/10\/Capture-1.jpg 502w\" sizes=\"auto, (max-width: 274px) 100vw, 274px\" \/>\u00a0<img loading=\"lazy\" decoding=\"async\" class=\"alignnone size-medium wp-image-2717\" src=\"https:\/\/ent2d.ac-bordeaux.fr\/disciplines\/espagnol\/wp-content\/uploads\/sites\/6\/2018\/10\/Capture-2-300x241.jpg\" alt=\"\" width=\"300\" height=\"241\" srcset=\"https:\/\/ent2d.ac-bordeaux.fr\/disciplines\/espagnol\/wp-content\/uploads\/sites\/6\/2018\/10\/Capture-2-300x241.jpg 300w, https:\/\/ent2d.ac-bordeaux.fr\/disciplines\/espagnol\/wp-content\/uploads\/sites\/6\/2018\/10\/Capture-2.jpg 474w\" sizes=\"auto, (max-width: 300px) 100vw, 300px\" \/><\/p>\n<p>&nbsp;<\/p>\n<hr \/>\n<h4><strong><span style=\"color: #000080\">Portail national Langues Vivantes (EDUSCOL )<\/span><\/strong><\/h4>\n<p>&#8211;\u00a0<a href=\"http:\/\/eduscol.education.fr\/langues-vivantes\/actualites\/actualites\/article\/nouvelles-rubriques-sur-les-assistants-de-langue-vivante.html\" target=\"_blank\" rel=\"noopener noreferrer\">Nouvelles rubriques pour les assistants de langues vivantes\u00a0<\/a>: textes r\u00e9glementaires et exemples d\u2019actions issus de l\u2019Edu\u2019base pour cette nouvelle rubrique du portail LV.<\/p>\n<p>&#8211;\u00a0<a href=\"http:\/\/eduscol.education.fr\/langues-vivantes\/enseigner\/ressources-par-dispositif-et-enseignement\/accueillir-un-assistant-de-langue-vivante.html\">Enregistrements d&rsquo;assistants et ressources p\u00e9dagogiques \u00e0 destination des assistants et des enseignants\u00a0<\/a><\/p>\n<ul>\n<li>Site du CIEP (\u00a0 , rubrique assistants internationnaux :<\/li>\n<\/ul>\n<p>&#8211; T\u00e9moignages :<\/p>\n<p><a href=\"http:\/\/www.ciep.fr\/assistants-etrangers-france\/etre-assistant-cest-quoi\">-Etre assistant , c&rsquo;est quoi ?<\/a><\/p>\n<p><a href=\"http:\/\/www.ciep.fr\/sources\/assistants-etrangers-france\/guide-assistant-de-langue-en-france-2018-2019\/\">-Guide de l&rsquo;assistant 20019<\/a><\/p>\n<p>&#8211;<span style=\"color: #33cccc\">\u00a0Nouveau compte\u00a0<a style=\"color: #33cccc\" href=\"http:\/\/eduscol.education.fr\/langues-vivantes\/actualites\/actualites\/article\/nouveau-compte-twitter-assistants-de-langues.html\" target=\"_blank\" rel=\"noopener noreferrer\"> TWITTER \u00ab ASSISTANTS DE LANGUES \u00bb<\/a><\/span><\/p>\n<hr \/>\n<h4>Quelques ressources pour les assistants<\/h4>\n<ul>\n<li>Portail national des ressources Langues Vivantes EDUSCOL : \u00a0<a href=\"http:\/\/eduscol.education.fr\/langues-vivantes\/enseigner\/ressources-par-dispositif-et-enseignement\/accueillir-un-assistant-de-langue-vivante.html\">Enregistrements d&rsquo;assistants et ressources p\u00e9dagogiques \u00e0 destination des assistants et des enseignants\u00a0<\/a><\/li>\n<li><span style=\"color: #666699\"><a style=\"color: #666699\" href=\"http:\/\/eduscol.education.fr\/langues-vivantes\/actualites\/actualites\/article\/ressources-pour-les-assistants-de-langues-vivantes-1.html\"><strong>Ressources pour les assistants propos\u00e9es par l&rsquo;Acad\u00e9mie de Rouen<\/strong><\/a><\/span><\/li>\n<\/ul>\n<ul>\n<li><span style=\"color: #666699\"><strong><a style=\"color: #666699\" href=\"https:\/\/ent2d.ac-bordeaux.fr\/disciplines\/anglais\/the-mouse-and-pen\/\">Le r\u00f4le de l &lsquo;assistant sur la web radio du site d&rsquo;anglais de l&rsquo;acad\u00e9mie<\/a><\/strong><\/span><\/li>\n<li><strong><span style=\"color: #333399\"><a style=\"color: #333399\" href=\"http:\/\/eduscol.education.fr\/langues-vivantes\/actualites\/actualites\/article\/comment-travailler-avec-lassistant-de-langues.html\">Travailler avec un assistant de langues vivantes<\/a>\u00a0\u00a0<\/span><\/strong><span style=\"color: #333399\"><span style=\"color: #000000\">(un document, propos\u00e9 par l\u2019acad\u00e9mie de Poitiers, qui donne des pistes de travail pour exploiter les richesses d\u2019un assistant en cours de langues vivantes.)<\/span><\/span><\/li>\n<\/ul>\n<p>&nbsp;<\/p>\n<hr \/>\n<p>&nbsp;<\/p>\n","protected":false},"excerpt":{"rendered":"<p>N&rsquo;h\u00e9sitez pas \u00e0 consulter le site interlangue ici Service des assistants et de la mobilit\u00e9 +33 (0)1 45 07 60 45 assistant@ciep.fr ______________________ Une formation de 3H gratuite pour l&rsquo;ann\u00e9e\u00a0 &#8230;<\/p>\n","protected":false},"author":13,"featured_media":2718,"parent":0,"menu_order":0,"comment_status":"closed","ping_status":"closed","template":"","meta":{"footnotes":""},"class_list":["post-953","page","type-page","status-publish","has-post-thumbnail","hentry"],"_links":{"self":[{"href":"https:\/\/ent2d.ac-bordeaux.fr\/disciplines\/espagnol\/wp-json\/wp\/v2\/pages\/953","targetHints":{"allow":["GET"]}}],"collection":[{"href":"https:\/\/ent2d.ac-bordeaux.fr\/disciplines\/espagnol\/wp-json\/wp\/v2\/pages"}],"about":[{"href":"https:\/\/ent2d.ac-bordeaux.fr\/disciplines\/espagnol\/wp-json\/wp\/v2\/types\/page"}],"author":[{"embeddable":true,"href":"https:\/\/ent2d.ac-bordeaux.fr\/disciplines\/espagnol\/wp-json\/wp\/v2\/users\/13"}],"replies":[{"embeddable":true,"href":"https:\/\/ent2d.ac-bordeaux.fr\/disciplines\/espagnol\/wp-json\/wp\/v2\/comments?post=953"}],"version-history":[{"count":48,"href":"https:\/\/ent2d.ac-bordeaux.fr\/disciplines\/espagnol\/wp-json\/wp\/v2\/pages\/953\/revisions"}],"predecessor-version":[{"id":4786,"href":"https:\/\/ent2d.ac-bordeaux.fr\/disciplines\/espagnol\/wp-json\/wp\/v2\/pages\/953\/revisions\/4786"}],"wp:featuredmedia":[{"embeddable":true,"href":"https:\/\/ent2d.ac-bordeaux.fr\/disciplines\/espagnol\/wp-json\/wp\/v2\/media\/2718"}],"wp:attachment":[{"href":"https:\/\/ent2d.ac-bordeaux.fr\/disciplines\/espagnol\/wp-json\/wp\/v2\/media?parent=953"}],"curies":[{"name":"wp","href":"https:\/\/api.w.org\/{rel}","templated":true}]}}