{"id":361,"date":"2016-02-18T19:31:06","date_gmt":"2016-02-18T18:31:06","guid":{"rendered":"http:\/\/blogacabdx.ac-bordeaux.fr\/espagnol\/?page_id=361"},"modified":"2017-01-03T22:22:33","modified_gmt":"2017-01-03T21:22:33","slug":"sections-binationales-et-internationale","status":"publish","type":"page","link":"https:\/\/ent2d.ac-bordeaux.fr\/disciplines\/espagnol\/espace-international\/sections-binationales-et-internationale\/","title":{"rendered":"Bachibac , sections europ\u00e9ennes et internationales"},"content":{"rendered":"<hr \/>\n<h2><span style=\"color: #993366\"><strong>Les sections europ\u00e9ennes dans l&rsquo;acad\u00e9mie<\/strong><\/span><\/h2>\n<p>&nbsp;<\/p>\n<ul>\n<li>\n<h4><span style=\"color: #0000ff\"><a style=\"color: #0000ff\" href=\"http:\/\/eduscol.education.fr\/cid46517\/presentation.html\"><strong>Les sections europ\u00e9ennes au travers d&rsquo;Eduscol\u00a0<\/strong><\/a><\/span><\/h4>\n<\/li>\n<li>\n<h4><span style=\"color: #0000ff\">\u00a0<strong>Les sites d&rsquo;accompagements :\u00a0<\/strong><\/span><\/h4>\n<h4>\u00a0<span style=\"color: #0000ff\"><strong>&#8211;<span style=\"color: #0000ff\"><a style=\"color: #0000ff\" href=\"http:\/\/www.emilangues.education.fr\">Emilangue<\/a>s<\/span><\/strong><\/span><\/h4>\n<h4><span style=\"color: #0000ff\"><strong style=\"color: #0000ff\"><span style=\"color: #0000ff\">&#8211;<\/span><a style=\"color: #0000ff\" href=\"http:\/\/www.europe-education-formation.fr\/#\"><span style=\"color: #0000ff\">Agence ERA<\/span>MUS +<\/a><\/strong><\/span><\/h4>\n<\/li>\n<\/ul>\n<h4><span style=\"color: #0000ff\">\u00a0<\/span><\/h4>\n<hr \/>\n<p>&nbsp;<\/p>\n<h2><span style=\"color: #993366\"><strong>Bachibac<\/strong><\/span><\/h2>\n<ul>\n<li>\n<h4><span style=\"color: #0000ff\"><strong><a style=\"color: #0000ff\" href=\"https:\/\/ent2d.ac-bordeaux.fr\/disciplines\/espagnol\/wp-content\/uploads\/sites\/6\/2016\/07\/Double-d\u00e9livrance-du-dipl\u00f4me-du-baccalaur\u00e9at-et-du-dipl\u00f4me-du-bachillerato.pdf\">Double d\u00e9livrance du dipl\u00f4me du baccalaur\u00e9at et du dipl\u00f4me du bachillerato<\/a><\/strong><\/span><\/h4>\n<\/li>\n<li>\n<h4><span style=\"color: #0000ff\"><strong><a style=\"color: #0000ff\" href=\"https:\/\/ent2d.ac-bordeaux.fr\/disciplines\/espagnol\/wp-content\/uploads\/sites\/6\/2016\/07\/Liste-des-\u00e9tablissements-proposant-une-section-Bachibac.pdf\">Liste des \u00e9tablissements proposant une section Bachibac<\/a><\/strong><\/span><\/h4>\n<\/li>\n<li>\n<h4><span style=\"color: #0000ff\"><strong><a style=\"color: #0000ff\" href=\"http:\/\/www.education.gouv.fr\/pid25535\/bulletin_officiel.html?cid_bo=82057\">\u00c9preuves d&rsquo;histoire-g\u00e9ographie et de langue et litt\u00e9rature espagnoles pour la d\u00e9livrance simultan\u00e9e du baccalaur\u00e9at g\u00e9n\u00e9ral et du dipl\u00f4me du Bachillerato<\/a><\/strong><\/span><\/h4>\n<\/li>\n<li>\n<h4><span style=\"color: #0000ff\"><strong><a style=\"color: #0000ff\" href=\"http:\/\/www.education.gouv.fr\/pid25535\/bulletin_officiel.html?cid_bo=90120\">Programme limitatif de l&rsquo;\u00e9preuve \u00e9crite de langue et de litt\u00e9rature espagnoles pour la d\u00e9livrance simultan\u00e9e du baccalaur\u00e9at g\u00e9n\u00e9ral et du dipl\u00f4me du Bachillerato &#8211; sessions 2016 et 2017<\/a><\/strong><\/span><\/h4>\n<\/li>\n<li>\n<h4><span style=\"color: #0000ff\"><strong><a style=\"color: #0000ff\" href=\"https:\/\/ent2d.ac-bordeaux.fr\/disciplines\/espagnol\/wp-content\/uploads\/sites\/6\/2016\/07\/Epreuve-LVA-en-section-Bachibac.pdf\">Epreuve LVA en section Bachibac<\/a><\/strong><\/span><\/h4>\n<\/li>\n<\/ul>\n<hr \/>\n<h2><span style=\"color: #993366\"><strong>Sections internationales\u00a0<\/strong><\/span><\/h2>\n<ul>\n<li>\n<h1><a href=\"http:\/\/www.education.gouv.fr\/pid285\/bulletin_officiel.html?cid_bo=99484\"><strong><span style=\"color: #0000ff\"><small><small>Programme d&rsquo;enseignement de langue et litt\u00e9rature dans les sections internationales espagnoles au coll\u00e8ge<\/small><\/small><\/span><\/strong><\/a><\/h1>\n<\/li>\n<\/ul>\n<h3><span class=\"HOEnZb\"><span style=\"color: #888888\"><br \/>\n<\/span><\/span><\/h3>\n<div class=\"yj6qo ajU\">\n<div id=\":mk\" class=\"ajR\">\n<p><img decoding=\"async\" class=\"ajT\" src=\"https:\/\/ssl.gstatic.com\/ui\/v1\/icons\/mail\/images\/cleardot.gif\" alt=\"\" \/><\/p>\n<hr \/>\n<\/div>\n<\/div>\n<p>&nbsp;<\/p>\n<h2><strong><span style=\"color: #993366\">Bachibac, sections europ\u00e9ennes et OIB ESPAGNOL : un nouveau site d\u00e9di\u00e9<\/span><\/strong><\/h2>\n<p>L&rsquo;acad\u00e9mie de Toulouse accueille le P\u00f4le National de Ressources pour <a class=\"external-link-new-window\" title=\"Acad\u00e9mie Toulouse - Nouvelle fen\u00eatre\" href=\"http:\/\/ac-toulouse.entmip.fr\/portail-national-dnl-espagnol\/\" target=\"_blank\">l&rsquo;enseignement de l&rsquo;histoire-g\u00e9ographie en espagnol<\/a>. Il comporte 4 rubriques (enseigner, s&rsquo;informer, se former, actualit\u00e9s) et trois sous-parties (Bachibac, section europ\u00e9enne, OIB).<\/p>\n<p>&nbsp;<\/p>\n","protected":false},"excerpt":{"rendered":"<p>Les sections europ\u00e9ennes dans l&rsquo;acad\u00e9mie &nbsp; Les sections europ\u00e9ennes au travers d&rsquo;Eduscol\u00a0 \u00a0Les sites d&rsquo;accompagements :\u00a0 \u00a0&#8211;Emilangues &#8211;Agence ERAMUS + \u00a0 &nbsp; Bachibac Double d\u00e9livrance du dipl\u00f4me du baccalaur\u00e9at et &#8230;<\/p>\n","protected":false},"author":13,"featured_media":0,"parent":357,"menu_order":0,"comment_status":"closed","ping_status":"closed","template":"","meta":{"footnotes":""},"class_list":["post-361","page","type-page","status-publish","hentry"],"_links":{"self":[{"href":"https:\/\/ent2d.ac-bordeaux.fr\/disciplines\/espagnol\/wp-json\/wp\/v2\/pages\/361","targetHints":{"allow":["GET"]}}],"collection":[{"href":"https:\/\/ent2d.ac-bordeaux.fr\/disciplines\/espagnol\/wp-json\/wp\/v2\/pages"}],"about":[{"href":"https:\/\/ent2d.ac-bordeaux.fr\/disciplines\/espagnol\/wp-json\/wp\/v2\/types\/page"}],"author":[{"embeddable":true,"href":"https:\/\/ent2d.ac-bordeaux.fr\/disciplines\/espagnol\/wp-json\/wp\/v2\/users\/13"}],"replies":[{"embeddable":true,"href":"https:\/\/ent2d.ac-bordeaux.fr\/disciplines\/espagnol\/wp-json\/wp\/v2\/comments?post=361"}],"version-history":[{"count":20,"href":"https:\/\/ent2d.ac-bordeaux.fr\/disciplines\/espagnol\/wp-json\/wp\/v2\/pages\/361\/revisions"}],"predecessor-version":[{"id":1684,"href":"https:\/\/ent2d.ac-bordeaux.fr\/disciplines\/espagnol\/wp-json\/wp\/v2\/pages\/361\/revisions\/1684"}],"up":[{"embeddable":true,"href":"https:\/\/ent2d.ac-bordeaux.fr\/disciplines\/espagnol\/wp-json\/wp\/v2\/pages\/357"}],"wp:attachment":[{"href":"https:\/\/ent2d.ac-bordeaux.fr\/disciplines\/espagnol\/wp-json\/wp\/v2\/media?parent=361"}],"curies":[{"name":"wp","href":"https:\/\/api.w.org\/{rel}","templated":true}]}}