{"id":2320,"date":"2018-02-20T18:35:53","date_gmt":"2018-02-20T17:35:53","guid":{"rendered":"https:\/\/ent2d.ac-bordeaux.fr\/disciplines\/espagnol\/?page_id=2320"},"modified":"2018-06-14T11:25:48","modified_gmt":"2018-06-14T10:25:48","slug":"contact","status":"publish","type":"page","link":"https:\/\/ent2d.ac-bordeaux.fr\/disciplines\/espagnol\/contact\/","title":{"rendered":"Contact"},"content":{"rendered":"<p>Nicolas Godbert<br \/>\nIA-IPR Langues Vivantes &#8211; Espagnol<br \/>\n<a href=\"mailto:nicolas.godbert@ac-bordeaux.fr\">nicolas.godbert@ac-bordeaux.fr<\/a><\/p>\n<p>Nadine Cast\u00e9ra<br \/>\nInterlocuteur Acad\u00e9mique au Num\u00e9rique LV &#8211; Webmestre du site<br \/>\n<a href=\"mailto:nadine.castera@ac-bordeaux.fr\">nadine.castera@ac-bordeaux.fr<\/a><\/p>\n","protected":false},"excerpt":{"rendered":"<p>Nicolas Godbert IA-IPR Langues Vivantes &#8211; Espagnol nicolas.godbert@ac-bordeaux.fr Nadine Cast\u00e9ra Interlocuteur Acad\u00e9mique au Num\u00e9rique LV &#8211; Webmestre du site nadine.castera@ac-bordeaux.fr<\/p>\n","protected":false},"author":352,"featured_media":0,"parent":0,"menu_order":0,"comment_status":"closed","ping_status":"closed","template":"","meta":{"footnotes":""},"class_list":["post-2320","page","type-page","status-publish","hentry"],"_links":{"self":[{"href":"https:\/\/ent2d.ac-bordeaux.fr\/disciplines\/espagnol\/wp-json\/wp\/v2\/pages\/2320","targetHints":{"allow":["GET"]}}],"collection":[{"href":"https:\/\/ent2d.ac-bordeaux.fr\/disciplines\/espagnol\/wp-json\/wp\/v2\/pages"}],"about":[{"href":"https:\/\/ent2d.ac-bordeaux.fr\/disciplines\/espagnol\/wp-json\/wp\/v2\/types\/page"}],"author":[{"embeddable":true,"href":"https:\/\/ent2d.ac-bordeaux.fr\/disciplines\/espagnol\/wp-json\/wp\/v2\/users\/352"}],"replies":[{"embeddable":true,"href":"https:\/\/ent2d.ac-bordeaux.fr\/disciplines\/espagnol\/wp-json\/wp\/v2\/comments?post=2320"}],"version-history":[{"count":4,"href":"https:\/\/ent2d.ac-bordeaux.fr\/disciplines\/espagnol\/wp-json\/wp\/v2\/pages\/2320\/revisions"}],"predecessor-version":[{"id":2478,"href":"https:\/\/ent2d.ac-bordeaux.fr\/disciplines\/espagnol\/wp-json\/wp\/v2\/pages\/2320\/revisions\/2478"}],"wp:attachment":[{"href":"https:\/\/ent2d.ac-bordeaux.fr\/disciplines\/espagnol\/wp-json\/wp\/v2\/media?parent=2320"}],"curies":[{"name":"wp","href":"https:\/\/api.w.org\/{rel}","templated":true}]}}