{"id":1417,"date":"2016-10-04T14:26:05","date_gmt":"2016-10-04T13:26:05","guid":{"rendered":"https:\/\/ent2d.ac-bordeaux.fr\/disciplines\/espagnol\/?page_id=1417"},"modified":"2018-11-20T22:39:11","modified_gmt":"2018-11-20T21:39:11","slug":"documents-pour-inspection","status":"publish","type":"page","link":"https:\/\/ent2d.ac-bordeaux.fr\/disciplines\/espagnol\/documents-pour-inspection\/","title":{"rendered":"Nouvelles modalit\u00e9s d&rsquo;\u00e9valuation des enseignants"},"content":{"rendered":"<p><span style=\"color: #333333\"><strong>Vous trouverez ci-apr\u00e8s diff\u00e9rentes informations sur les nouvelles modalit\u00e9s d&rsquo;\u00e9valuation\u00a0 : <\/strong><\/span><\/p>\n<p><strong>Documents de r\u00e9f\u00e9rence\u00a0 : <a href=\"https:\/\/ent2d.ac-bordeaux.fr\/disciplines\/espagnol\/wp-content\/uploads\/sites\/6\/2016\/10\/Nouvelles-modalit\u00e9s-d\u00e9valuation-des-enseignants-1-1.pdf\">Nouvelles modalit\u00e9s d&rsquo;\u00e9valuation des enseignants <\/a><\/strong><\/p>\n","protected":false},"excerpt":{"rendered":"<p>Vous trouverez ci-apr\u00e8s diff\u00e9rentes informations sur les nouvelles modalit\u00e9s d&rsquo;\u00e9valuation\u00a0 : Documents de r\u00e9f\u00e9rence\u00a0 : Nouvelles modalit\u00e9s d&rsquo;\u00e9valuation des enseignants<\/p>\n","protected":false},"author":14,"featured_media":3041,"parent":0,"menu_order":0,"comment_status":"closed","ping_status":"closed","template":"","meta":{"footnotes":""},"class_list":["post-1417","page","type-page","status-publish","has-post-thumbnail","hentry"],"_links":{"self":[{"href":"https:\/\/ent2d.ac-bordeaux.fr\/disciplines\/espagnol\/wp-json\/wp\/v2\/pages\/1417","targetHints":{"allow":["GET"]}}],"collection":[{"href":"https:\/\/ent2d.ac-bordeaux.fr\/disciplines\/espagnol\/wp-json\/wp\/v2\/pages"}],"about":[{"href":"https:\/\/ent2d.ac-bordeaux.fr\/disciplines\/espagnol\/wp-json\/wp\/v2\/types\/page"}],"author":[{"embeddable":true,"href":"https:\/\/ent2d.ac-bordeaux.fr\/disciplines\/espagnol\/wp-json\/wp\/v2\/users\/14"}],"replies":[{"embeddable":true,"href":"https:\/\/ent2d.ac-bordeaux.fr\/disciplines\/espagnol\/wp-json\/wp\/v2\/comments?post=1417"}],"version-history":[{"count":11,"href":"https:\/\/ent2d.ac-bordeaux.fr\/disciplines\/espagnol\/wp-json\/wp\/v2\/pages\/1417\/revisions"}],"predecessor-version":[{"id":3005,"href":"https:\/\/ent2d.ac-bordeaux.fr\/disciplines\/espagnol\/wp-json\/wp\/v2\/pages\/1417\/revisions\/3005"}],"wp:featuredmedia":[{"embeddable":true,"href":"https:\/\/ent2d.ac-bordeaux.fr\/disciplines\/espagnol\/wp-json\/wp\/v2\/media\/3041"}],"wp:attachment":[{"href":"https:\/\/ent2d.ac-bordeaux.fr\/disciplines\/espagnol\/wp-json\/wp\/v2\/media?parent=1417"}],"curies":[{"name":"wp","href":"https:\/\/api.w.org\/{rel}","templated":true}]}}