{"id":1158,"date":"2016-06-20T21:44:18","date_gmt":"2016-06-20T20:44:18","guid":{"rendered":"https:\/\/ent2d.ac-bordeaux.fr\/disciplines\/espagnol\/?page_id=1158"},"modified":"2021-07-01T17:14:15","modified_gmt":"2021-07-01T16:14:15","slug":"mobilite-des-eleves","status":"publish","type":"page","link":"https:\/\/ent2d.ac-bordeaux.fr\/disciplines\/espagnol\/mobilite-des-eleves\/","title":{"rendered":"Mobilit\u00e9 des \u00e9l\u00e8ves"},"content":{"rendered":"<ul>\n<li><span style=\"color: #993366\"><a style=\"color: #993366\" href=\"http:\/\/www.ac-bordeaux.fr\/cid129846\/lettre-ouverture-internationale-juin-2018.html\"><strong>\u00c9changes individuels avec la\u00a0 Navarre 2018-2019<\/strong><\/a><\/span><\/li>\n<\/ul>\n<p>Dans le cadre de l&rsquo;accord de coop\u00e9ration sign\u00e9 entre l&rsquo;acad\u00e9mie de Bordeaux et la Communaut\u00e9 autonome de Navarre en 2014, des \u00e9changes individuels d&rsquo;\u00e9l\u00e8ves d&rsquo;une dur\u00e9e de huit semaines ont \u00e9t\u00e9 mis en place, pilot\u00e9s par la DAREIC.<\/p>\n<p>Pour cette cinqui\u00e8me \u00e9dition, 60 \u00e9l\u00e8ves de 3\u00e8me issus de 19 coll\u00e8ges de l&rsquo;acad\u00e9mie, accueilleront leurs correspondants de Navarre \u00e0 la rentr\u00e9e scolaire prochaine. Fin octobre, les \u00e9l\u00e8ves fran\u00e7ais partiront \u00e0 leur tour en Navarre. Durant la p\u00e9riode de l&rsquo;\u00e9change, les \u00e9l\u00e8ves seront h\u00e9berg\u00e9s chez leur partenaire et fr\u00e9quenteront l&rsquo;\u00e9tablissement scolaire de leur correspondant pendant huit semaines.<\/p>\n<ul>\n<li><span style=\"color: #800080\"><strong>Ouverture europ\u00e9enne et internationale<\/strong><\/span><\/li>\n<\/ul>\n<p><span style=\"color: #0000ff\"><a style=\"color: #0000ff\" href=\"https:\/\/www.education.gouv.fr\/bo\/21\/Hebdo16\/MENC2111645N.htm\">Mobilit\u00e9 des \u00e9l\u00e8ves de coll\u00e8ge et de lyc\u00e9e en Europe et dans le monde<\/a><\/span><\/p>\n<p>B.O. Ouverture internationale :\u00a0<a href=\"https:\/\/www.ac-bordeaux.fr\/bo-et-ouverture-internationale-121506\" target=\"_blank\" rel=\"noopener noreferrer\">https:\/\/www.ac-bordeaux.fr\/bo-et-ouverture-internationale-121506<\/a><\/p>\n<hr \/>\n<ul>\n<li><span style=\"color: #800080\"><strong>Mobilit\u00e9 internationale\u00a0: r\u00e9tablissement de l&rsquo;autorisation de sortie de territoire<\/strong><\/span><\/li>\n<\/ul>\n<p>La loi du 3 juin 2016 relatif \u00e0 la lutte contre le terrorisme et le d\u00e9cret du 2 novembre 2016 ont r\u00e9tabli l&rsquo;autorisation de sortie de territoire pour les mineurs. Un arr\u00eat\u00e9 pr\u00e9cisera le mod\u00e8le du formulaire ainsi que la liste des pi\u00e8ces d&rsquo;identit\u00e9 admises pour le parent signataire. Le d\u00e9cret entrera en vigueur le 15 janvier 2017.<\/p>\n<p>S&rsquo;agissant des voyages scolaires, l&rsquo;enfant qui quitte le territoire sans \u00eatre accompagn\u00e9 d&rsquo;un titulaire de l&rsquo;autorit\u00e9 parentale devra pr\u00e9senter les 3 documents suivants\u00a0<strong>\u00e0 partir du 15 janvier 2017<\/strong>:<\/p>\n<p>Pi\u00e8ce d&rsquo;identit\u00e9 du mineur\u00a0: carte d&rsquo;identit\u00e9 ou passeport<br \/>\n\u2022 Formulaire sign\u00e9 par l&rsquo;un des parents titulaire de l&rsquo;autorit\u00e9 parentale<br \/>\n\u2022 Photocopie du titre d&rsquo;identit\u00e9 du parent signataire<a href=\"https:\/\/www.service-public.fr\/particuliers\/vosdroits\/F1359\"><br \/>\nPlus d&rsquo;informations<\/a><\/p>\n<h3><\/h3>\n<ul>\n<li><strong><span style=\"color: #993366\">CONSEGUIR una bolsa<\/span>\u00a0de pr\u00e1cticas para ir a Espa\u00f1a\/<\/strong><strong>\u00a0\u00a0<a href=\"https:\/\/dialogo.es\/formacion-becas\/becas-avenir-destino-espana\/\">ASOCIACION DE AMISTAD \u00a0Hispano-Francesa\u00a0<\/a>( pour Bachibac (entre autres) d&rsquo;ici le 30 juillet 2021.)<\/strong><\/li>\n<\/ul>\n","protected":false},"excerpt":{"rendered":"<p>\u00c9changes individuels avec la\u00a0 Navarre 2018-2019 Dans le cadre de l&rsquo;accord de coop\u00e9ration sign\u00e9 entre l&rsquo;acad\u00e9mie de Bordeaux et la Communaut\u00e9 autonome de Navarre en 2014, des \u00e9changes individuels d&rsquo;\u00e9l\u00e8ves &#8230;<\/p>\n","protected":false},"author":13,"featured_media":2707,"parent":0,"menu_order":0,"comment_status":"closed","ping_status":"closed","template":"","meta":{"footnotes":""},"class_list":["post-1158","page","type-page","status-publish","has-post-thumbnail","hentry"],"_links":{"self":[{"href":"https:\/\/ent2d.ac-bordeaux.fr\/disciplines\/espagnol\/wp-json\/wp\/v2\/pages\/1158","targetHints":{"allow":["GET"]}}],"collection":[{"href":"https:\/\/ent2d.ac-bordeaux.fr\/disciplines\/espagnol\/wp-json\/wp\/v2\/pages"}],"about":[{"href":"https:\/\/ent2d.ac-bordeaux.fr\/disciplines\/espagnol\/wp-json\/wp\/v2\/types\/page"}],"author":[{"embeddable":true,"href":"https:\/\/ent2d.ac-bordeaux.fr\/disciplines\/espagnol\/wp-json\/wp\/v2\/users\/13"}],"replies":[{"embeddable":true,"href":"https:\/\/ent2d.ac-bordeaux.fr\/disciplines\/espagnol\/wp-json\/wp\/v2\/comments?post=1158"}],"version-history":[{"count":13,"href":"https:\/\/ent2d.ac-bordeaux.fr\/disciplines\/espagnol\/wp-json\/wp\/v2\/pages\/1158\/revisions"}],"predecessor-version":[{"id":4649,"href":"https:\/\/ent2d.ac-bordeaux.fr\/disciplines\/espagnol\/wp-json\/wp\/v2\/pages\/1158\/revisions\/4649"}],"wp:featuredmedia":[{"embeddable":true,"href":"https:\/\/ent2d.ac-bordeaux.fr\/disciplines\/espagnol\/wp-json\/wp\/v2\/media\/2707"}],"wp:attachment":[{"href":"https:\/\/ent2d.ac-bordeaux.fr\/disciplines\/espagnol\/wp-json\/wp\/v2\/media?parent=1158"}],"curies":[{"name":"wp","href":"https:\/\/api.w.org\/{rel}","templated":true}]}}