{"id":1084,"date":"2016-05-30T15:26:20","date_gmt":"2016-05-30T14:26:20","guid":{"rendered":"https:\/\/ent2d.ac-bordeaux.fr\/disciplines\/espagnol\/?page_id=1084"},"modified":"2018-06-25T22:07:15","modified_gmt":"2018-06-25T21:07:15","slug":"epi","status":"publish","type":"page","link":"https:\/\/ent2d.ac-bordeaux.fr\/disciplines\/espagnol\/epi\/","title":{"rendered":"EPI"},"content":{"rendered":"<h2><strong><span style=\"color: #993366\">Quelques exemples d&rsquo;EPI ( Enseignements pratiques interdisciplinaires )<\/span><\/strong><\/h2>\n<p>&nbsp;<\/p>\n<ul>\n<li>\n<h4><em><span style=\"color: #3366ff\"><strong>\u00ab\u00a0Miroir, miroir, dis-moi qui je suis\u00a0\u00bb<\/strong><\/span><\/em> : \u00a0projet transmis par le\u00a0 CLG Bertran de Born et inspir\u00e9 par un travail interdisciplinaire dans le cadre de la formation formateur socle EPI<\/h4>\n<\/li>\n<\/ul>\n<h4>\u00a0 \u00a0\u00a0<a href=\"https:\/\/ent2d.ac-bordeaux.fr\/disciplines\/espagnol\/wp-content\/uploads\/sites\/6\/2016\/05\/Sc\u00e9nario-miroir-miroir-dis-moi-qui-je-suis.pdf\">Sc\u00e9nario miroir miroir dis moi qui je suis<\/a><\/h4>\n<h4>\u00a0 \u00a0\u00a0<a href=\"https:\/\/ent2d.ac-bordeaux.fr\/disciplines\/espagnol\/wp-content\/uploads\/sites\/6\/2016\/05\/Cahier-des-charges-EPI-Miroir-miroir-dis-moi-qui-je-suis.pdf\">Cahier des charges EPI Miroir miroir dis-moi qui je suis<\/a><\/h4>\n<ul>\n<li>\n<h4><a href=\"http:\/\/eduscol.education.fr\/langues-vivantes\/actualites\/actualites\/article\/epi-webradio-espagnol-musique.html\"><em><span style=\"color: #0000ff\"><strong>EPI Webradio espagnol-musique<\/strong><\/span><\/em><\/a><\/h4>\n<\/li>\n<\/ul>\n<p><span style=\"font-size: 12pt\">Une\u00a0<a class=\"external-link-new-window\" title=\"EPI espagnol-\u00e9ducation musicale : une \u00e9mission de webradio anachronique - Nouvelle fen\u00eatre\" href=\"https:\/\/espagnol.ac-versailles.fr\/spip.php?article1116\" target=\"_blank\" rel=\"noopener\">\u00e9mission de webradio anachronique<\/a>\u00a0r\u00e9alis\u00e9e par des \u00e9l\u00e8ves de 3<sup>e<\/sup>\u00a0de l\u2019acad\u00e9mie de Versailles dans le cadre d\u2019un EPI espagnol-musique.<\/span><\/p>\n<p><span style=\"font-size: 12pt\">Deux enseignants du coll\u00e8ge Les Petits Ponts, Karine Delaire et Simon Gu\u00e9rin-Duhamel, ont fait cr\u00e9er \u00e0 leurs \u00e9l\u00e8ves de 3<sup>e<\/sup>\u00a0une \u00e9mission de webradio anachronique.<\/span><\/p>\n<p><span style=\"font-size: 12pt\">Dulcinea et Don Quijote se sont invit\u00e9s sur le plateau de \u00ab Por delante de su tiempo \u00bb et permettent aux enseignants de faire travailler la notion d\u2019anachronisme dans leurs disciplines respectives.<\/span><\/p>\n<hr \/>\n<h2><strong><span style=\"color: #993366\">Site interfaces<br \/>\n<\/span><\/strong><\/h2>\n<h4><strong>La Fondation La main \u00e0 la P\u00e2te lance un nouveau site web nomm\u00e9 Interfaces <\/strong>(<a href=\"http:\/\/www.fondation-lamap.org\/interfaces\">www.fondation-lamap.org\/interfaces<\/a>), qui s\u2019adresse \u00e0 tous les enseignants int\u00e9ress\u00e9s par le travail en interdisciplinarit\u00e9 autour des sciences,\u00a0 les EPI (enseignements pratiques interdisciplinaires) ou toute autre forme de collaboration entre disciplines.<\/h4>\n<h4>Sont propos\u00e9es :<\/h4>\n<ul>\n<li>\n<h4>des activit\u00e9s pour la classe<\/h4>\n<\/li>\n<li>\n<h4>des pistes : exemples de projets mis en \u0153uvre par des enseignants, \u00e9l\u00e9ments de culture scientifique pour d\u00e9couvrir une th\u00e9matique\u2026<\/h4>\n<\/li>\n<li>\n<h4>un \u00e9clairage pratique sur la mise en place des EPI.<\/h4>\n<\/li>\n<\/ul>\n","protected":false},"excerpt":{"rendered":"<p>Quelques exemples d&rsquo;EPI ( Enseignements pratiques interdisciplinaires ) &nbsp; \u00ab\u00a0Miroir, miroir, dis-moi qui je suis\u00a0\u00bb : \u00a0projet transmis par le\u00a0 CLG Bertran de Born et inspir\u00e9 par un travail interdisciplinaire &#8230;<\/p>\n","protected":false},"author":13,"featured_media":0,"parent":0,"menu_order":0,"comment_status":"closed","ping_status":"closed","template":"","meta":{"footnotes":""},"class_list":["post-1084","page","type-page","status-publish","hentry"],"_links":{"self":[{"href":"https:\/\/ent2d.ac-bordeaux.fr\/disciplines\/espagnol\/wp-json\/wp\/v2\/pages\/1084","targetHints":{"allow":["GET"]}}],"collection":[{"href":"https:\/\/ent2d.ac-bordeaux.fr\/disciplines\/espagnol\/wp-json\/wp\/v2\/pages"}],"about":[{"href":"https:\/\/ent2d.ac-bordeaux.fr\/disciplines\/espagnol\/wp-json\/wp\/v2\/types\/page"}],"author":[{"embeddable":true,"href":"https:\/\/ent2d.ac-bordeaux.fr\/disciplines\/espagnol\/wp-json\/wp\/v2\/users\/13"}],"replies":[{"embeddable":true,"href":"https:\/\/ent2d.ac-bordeaux.fr\/disciplines\/espagnol\/wp-json\/wp\/v2\/comments?post=1084"}],"version-history":[{"count":9,"href":"https:\/\/ent2d.ac-bordeaux.fr\/disciplines\/espagnol\/wp-json\/wp\/v2\/pages\/1084\/revisions"}],"predecessor-version":[{"id":2481,"href":"https:\/\/ent2d.ac-bordeaux.fr\/disciplines\/espagnol\/wp-json\/wp\/v2\/pages\/1084\/revisions\/2481"}],"wp:attachment":[{"href":"https:\/\/ent2d.ac-bordeaux.fr\/disciplines\/espagnol\/wp-json\/wp\/v2\/media?parent=1084"}],"curies":[{"name":"wp","href":"https:\/\/api.w.org\/{rel}","templated":true}]}}