{"id":1065,"date":"2016-05-26T19:56:35","date_gmt":"2016-05-26T18:56:35","guid":{"rendered":"https:\/\/ent2d.ac-bordeaux.fr\/disciplines\/espagnol\/?page_id=1065"},"modified":"2018-10-22T19:22:39","modified_gmt":"2018-10-22T18:22:39","slug":"mutualisons-2","status":"publish","type":"page","link":"https:\/\/ent2d.ac-bordeaux.fr\/disciplines\/espagnol\/mutualisons-2\/","title":{"rendered":"Mutualisation Lyc\u00e9e"},"content":{"rendered":"<div class=\"padding-left-10\">\n<p><strong><span style=\"color: #ff6600\">N\u2019h\u00e9sitez pas \u00e0 partager vos sc\u00e9narios en remplissant la fiche suivante et en nous la retournant\u00a0\u00a0( nadine.cast\u00e9ra@ac-bordeaux.fr ) afin de l\u2019indexer \u00e0 notre espace de mutualisation .<\/span><\/strong><\/p>\n<p><strong><span style=\"color: #0000ff\">Pistes p\u00e9dagogiques \u00e0 d\u00e9couvrir :<\/span><\/strong><\/p>\n<p><em><strong><span style=\"color: #993366\">Projet autour de la po\u00e9sie :<\/span><\/strong><\/em><\/p>\n<\/div>\n<p><i><b><u>Acci\u00f3n po\u00e9tica<\/u> &#8211; Classes de seconde &#8211; Lyc\u00e9e Elis\u00e9e Reclus, Sainte Foy la Grande et Lyc\u00e9e Pr\u00e9 de Cordy, Sarlat la Can\u00e9da<br \/>\n<\/b>Nous vous invitons \u00e0 d\u00e9couvrir le projet men\u00e9 par deux professeures stagiaires de l&rsquo;acad\u00e9mie, avec des \u00e9l\u00e8ves de seconde, autour de la po\u00e9tique du graffiti.<br \/>\n<\/i><br \/>\n<span style=\"color: #333399\"><strong><span style=\"color: #3366ff\"><a style=\"color: #3366ff\" href=\"https:\/\/onedrive.live.com\/view.aspx?resid=682E4E1E7A5C02B2!112&amp;ithint=file%2cpptx&amp;app=PowerPoint&amp;authkey=!AHHeuofin5uYwYo\">Document 1<\/a>\u00a0<\/span><\/strong><i><br \/>\n<\/i><\/span><\/p>\n<p><strong><span style=\"color: #3366ff\">Document 2 en PDF :\u00a0<a style=\"color: #3366ff\" href=\"https:\/\/ent2d.ac-bordeaux.fr\/disciplines\/espagnol\/wp-content\/uploads\/sites\/6\/2016\/03\/Projet-Accion-Po\u00e9tica.pdf\">Projet Acci\u00f3n Po\u00e9tica<\/a><\/span><\/strong><\/p>\n<p>&nbsp;<\/p>\n<hr \/>\n<p><em><strong><span style=\"color: #993366\">Une vraie passion pour l&rsquo;Europe\u00a0<\/span><\/strong><\/em><\/p>\n<p><strong><u>Projet r\u00e9alis\u00e9 par le lyc\u00e9e Antoine de St Exup\u00e9ry, Terrasson-Lavilledieu\u00a0<\/u><\/strong><b><br \/>\n<\/b>Vous pourrez lire dans le document ci-joint les actions men\u00e9es par Mme Prado ou comment la mobilit\u00e9 rend l&rsquo;Ecole plus inclusive au lyc\u00e9e depuis des ann\u00e9es.<b><br \/>\n<\/b><\/p>\n<p><span style=\"color: #3366ff\">Article \u00e0 consulter<a style=\"color: #3366ff\" href=\"https:\/\/ent2d.ac-bordeaux.fr\/disciplines\/espagnol\/wp-content\/uploads\/sites\/6\/2016\/03\/Article-Erasmus-Semaine-des-langues.pdf\">\u00a0<strong>ici<\/strong><\/a><\/span><\/p>\n<hr \/>\n<p><strong><span style=\"color: #993366\"><em>Rencontres du cin\u00e9ma latino-am\u00e9ricain<\/em>\u00a0<\/span><\/strong><\/p>\n<p><span style=\"color: #3366ff\"><strong><a style=\"color: #3366ff\" href=\"https:\/\/ent2d.ac-bordeaux.fr\/disciplines\/espagnol\/wp-content\/uploads\/sites\/6\/2016\/05\/1FICHE-ACTION-rencontres-cinema-FAL.docx\">1FICHE ACTION rencontres cinema FAL<\/a><\/strong><\/span><\/p>\n<hr \/>\n<p><em><span style=\"color: #993366\"><strong>Projet Erasmus <\/strong><\/span><\/em><\/p>\n<p><span style=\"color: #000000\"><strong>Travail r\u00e9alis\u00e9 par le lyc\u00e9e de Baudre \u00e0 Agen<\/strong><\/span><\/p>\n<p><span style=\"color: #3366ff\"><strong><a style=\"color: #3366ff\" href=\"https:\/\/ent2d.ac-bordeaux.fr\/disciplines\/espagnol\/wp-content\/uploads\/sites\/6\/2016\/05\/2FICHE-ACTION-semLV-erasmus-de-Baudre-Agen.docx\">2FICHE ACTION semLV Erasmus de Baudre Agen<\/a><\/strong><\/span><\/p>\n<hr \/>\n<p><span style=\"color: #993366\"><em><strong>Rese\u00f1as , notes de lectures<\/strong><\/em><\/span><\/p>\n<p><strong>Projet r\u00e9alis\u00e9 par la section Bachibac du lyc\u00e9e Victor Louis<\/strong><\/p>\n<p><span style=\"color: #3366ff\"><strong><a style=\"color: #3366ff\" href=\"https:\/\/ent2d.ac-bordeaux.fr\/disciplines\/espagnol\/wp-content\/uploads\/sites\/6\/2016\/05\/3FICHE-ACTION-semLV-resenas-bachibac-L-V-Louis.docx\">3FICHE ACTION semLV rese\u00f1as bachibac L V<\/a><a style=\"color: #3366ff\" href=\"https:\/\/ent2d.ac-bordeaux.fr\/disciplines\/espagnol\/wp-content\/uploads\/sites\/6\/2016\/05\/3FICHE-ACTION-semLV-resenas-bachibac-L-V-Louis.docx\"> L<\/a><a style=\"color: #3366ff\" href=\"https:\/\/ent2d.ac-bordeaux.fr\/disciplines\/espagnol\/wp-content\/uploads\/sites\/6\/2016\/05\/3FICHE-ACTION-semLV-resenas-bachibac-L-V-Louis.docx\">ouis<\/a><\/strong><\/span><\/p>\n<p>&nbsp;<\/p>\n<hr \/>\n<p>&nbsp;<\/p>\n<p>&nbsp;<\/p>\n<p><strong><em><span style=\"color: #993366\">Une s\u00e9quence p\u00e9dagogique propos\u00e9e par le Lyc\u00e9e Kastler<\/span> <\/em><\/strong>: \u00a0\u00ab\u00a0Fomentar el desarrollo sostenible: \u00bfluchar contra molinos de viento?\u00a0\u00bb<\/p>\n<p><span style=\"color: #0000ff\">\u00a0<strong><a style=\"color: #0000ff\" href=\"https:\/\/ent2d.ac-bordeaux.fr\/disciplines\/espagnol\/wp-content\/uploads\/sites\/6\/2016\/05\/S\u00e9quence-p\u00e9dagogique-2nde-N.-Godbert-1.pdf\">sequence-pedagogique-2nde-n-godbert-1<\/a><\/strong><\/span><\/p>\n<p>&nbsp;<\/p>\n<p>&nbsp;<\/p>\n<hr \/>\n<p><strong><em><span style=\"color: #993366\">Des activit\u00e9s sur Che Guevara propos\u00e9es par Magali Descacq, Lyc\u00e9e Jean Moulin, Langon<\/span><\/em><\/strong><\/p>\n<p><span style=\"color: #0000ff\"><a style=\"color: #0000ff\" href=\"https:\/\/ent2d.ac-bordeaux.fr\/disciplines\/espagnol\/wp-content\/uploads\/sites\/6\/2016\/04\/Descriptif-activit\u00e9.pdf\">descriptif-activite<\/a><\/span><\/p>\n<p><span style=\"color: #0000ff\"><a style=\"color: #0000ff\" href=\"https:\/\/ent2d.ac-bordeaux.fr\/disciplines\/espagnol\/wp-content\/uploads\/sites\/6\/2016\/04\/Fiches-des-activit\u00e9s.pdf\">fiches-des-activites<\/a><\/span><\/p>\n<p><span style=\"color: #0000ff\"><a style=\"color: #0000ff\" href=\"https:\/\/ent2d.ac-bordeaux.fr\/disciplines\/espagnol\/wp-content\/uploads\/sites\/6\/2016\/04\/Fiches-activit\u00e9-corrig\u00e9es.pdf\">fiches-activite-corrigees<\/a><\/span><\/p>\n<p>&nbsp;<\/p>\n<p>&nbsp;<\/p>\n<hr \/>\n<p><em><strong><span style=\"color: #993366\">Une s\u00e9quence propos\u00e9e par Dani\u00e8le Magne du Lyc\u00e9e Nord Bassin \u00e0 Andernos\u00a0<\/span><\/strong><\/em><\/p>\n<p><a href=\"https:\/\/ent2d.ac-bordeaux.fr\/disciplines\/espagnol\/wp-content\/uploads\/sites\/6\/2016\/11\/Pr\u00e9pa-s\u00e9quence-Dossier-Vacaciones-Turismo-Tayrona-16.pdf\">prepa-sequence-dossier-vacaciones-turismo-tayrona-16<\/a><\/p>\n<p><a href=\"https:\/\/ent2d.ac-bordeaux.fr\/disciplines\/espagnol\/wp-content\/uploads\/sites\/6\/2016\/11\/Fiche-d\u00e9tude-Marta-de-vacaciones-Notion-2014-GR2.doc\">vacaciones-parque-tayrona-es-esto-un-paraiso-docs-devoirbacfiche-detude-marta-de-vacaciones-notion-2014-gr2<\/a><\/p>\n<p><a href=\"https:\/\/ent2d.ac-bordeaux.fr\/disciplines\/espagnol\/wp-content\/uploads\/sites\/6\/2016\/11\/Marta-de-vacaciones-ScriptAudio.doc\">vacaciones-parque-tayrona-devoir-bac-sujet1marta-de-vacaciones-scriptaudio<\/a><\/p>\n<p><a href=\"https:\/\/ent2d.ac-bordeaux.fr\/disciplines\/espagnol\/wp-content\/uploads\/sites\/6\/2016\/11\/Vacaciones-Parque-Tayrona-Devoir-Bac-Corr-.pdf\">vacaciones-parque-tayrona-devoir-bac-corr<\/a><a href=\"https:\/\/ent2d.ac-bordeaux.fr\/disciplines\/espagnol\/wp-content\/uploads\/sites\/6\/2016\/11\/Vacaciones-Playas-TurismoMasa-2dessins-PSTG.pdf\">vacaciones-playas-turismomasa-2dessins-pstg<\/a><\/p>\n<p><a href=\"https:\/\/ent2d.ac-bordeaux.fr\/disciplines\/espagnol\/wp-content\/uploads\/sites\/6\/2016\/11\/Vacaciones-Parque-Tayrona-Es-esto-un-paraiso-docs-DevoirBac.pdf\">vacaciones-parque-tayrona-es-esto-un-paraiso-docs-devoirbac<\/a><\/p>\n<p>&nbsp;<\/p>\n<p><a href=\"https:\/\/ent2d.ac-bordeaux.fr\/disciplines\/espagnol\/wp-content\/uploads\/sites\/6\/2016\/11\/Fiche-d\u00e9tude-Marta-de-vacaciones-Notion-2014-GR2.doc\">fiche-detude-marta-de-vacaciones-notion-2014-gr2<\/a><\/p>\n<p><a href=\"https:\/\/ent2d.ac-bordeaux.fr\/disciplines\/espagnol\/wp-content\/uploads\/sites\/6\/2016\/05\/Marta-de-vacaciones-ScriptAudio.doc\">marta-de-vacaciones-scriptaudio<\/a><\/p>\n<p><a href=\"https:\/\/ent2d.ac-bordeaux.fr\/disciplines\/espagnol\/wp-content\/uploads\/sites\/6\/2016\/11\/Actividades-de-Marta.doc\">actividades-de-marta<\/a><\/p>\n<audio class=\"wp-audio-shortcode\" id=\"audio-1065-1\" preload=\"none\" style=\"width: 100%;\" controls=\"controls\"><source type=\"audio\/mpeg\" src=\"https:\/\/ent2d.ac-bordeaux.fr\/disciplines\/espagnol\/wp-content\/uploads\/sites\/6\/2016\/11\/Marta-vacaciones-1mn13.mp3?_=1\" \/><a href=\"https:\/\/ent2d.ac-bordeaux.fr\/disciplines\/espagnol\/wp-content\/uploads\/sites\/6\/2016\/11\/Marta-vacaciones-1mn13.mp3\">https:\/\/ent2d.ac-bordeaux.fr\/disciplines\/espagnol\/wp-content\/uploads\/sites\/6\/2016\/11\/Marta-vacaciones-1mn13.mp3<\/a><\/audio>\n","protected":false},"excerpt":{"rendered":"<p>N\u2019h\u00e9sitez pas \u00e0 partager vos sc\u00e9narios en remplissant la fiche suivante et en nous la retournant\u00a0\u00a0( nadine.cast\u00e9ra@ac-bordeaux.fr ) afin de l\u2019indexer \u00e0 notre espace de mutualisation . Pistes p\u00e9dagogiques \u00e0 &#8230;<\/p>\n","protected":false},"author":13,"featured_media":0,"parent":0,"menu_order":0,"comment_status":"closed","ping_status":"closed","template":"","meta":{"footnotes":""},"class_list":["post-1065","page","type-page","status-publish","hentry"],"_links":{"self":[{"href":"https:\/\/ent2d.ac-bordeaux.fr\/disciplines\/espagnol\/wp-json\/wp\/v2\/pages\/1065","targetHints":{"allow":["GET"]}}],"collection":[{"href":"https:\/\/ent2d.ac-bordeaux.fr\/disciplines\/espagnol\/wp-json\/wp\/v2\/pages"}],"about":[{"href":"https:\/\/ent2d.ac-bordeaux.fr\/disciplines\/espagnol\/wp-json\/wp\/v2\/types\/page"}],"author":[{"embeddable":true,"href":"https:\/\/ent2d.ac-bordeaux.fr\/disciplines\/espagnol\/wp-json\/wp\/v2\/users\/13"}],"replies":[{"embeddable":true,"href":"https:\/\/ent2d.ac-bordeaux.fr\/disciplines\/espagnol\/wp-json\/wp\/v2\/comments?post=1065"}],"version-history":[{"count":24,"href":"https:\/\/ent2d.ac-bordeaux.fr\/disciplines\/espagnol\/wp-json\/wp\/v2\/pages\/1065\/revisions"}],"predecessor-version":[{"id":2730,"href":"https:\/\/ent2d.ac-bordeaux.fr\/disciplines\/espagnol\/wp-json\/wp\/v2\/pages\/1065\/revisions\/2730"}],"wp:attachment":[{"href":"https:\/\/ent2d.ac-bordeaux.fr\/disciplines\/espagnol\/wp-json\/wp\/v2\/media?parent=1065"}],"curies":[{"name":"wp","href":"https:\/\/api.w.org\/{rel}","templated":true}]}}