{"id":1029,"date":"2016-05-19T17:52:01","date_gmt":"2016-05-19T16:52:01","guid":{"rendered":"https:\/\/ent2d.ac-bordeaux.fr\/disciplines\/espagnol\/?page_id=1029"},"modified":"2018-11-20T22:47:23","modified_gmt":"2018-11-20T21:47:23","slug":"repartition-etablissements-ia-ipr-espagnol","status":"publish","type":"page","link":"https:\/\/ent2d.ac-bordeaux.fr\/disciplines\/espagnol\/repartition-etablissements-ia-ipr-espagnol\/","title":{"rendered":"R\u00e9partition \u00e9tablissements &#8211; IA-IPR espagnol"},"content":{"rendered":"<p style=\"text-align: justify\"><strong>Vous trouverez ci-dessous la r\u00e9partition des zap et \/ou \u00e9tablissements entre les IA-IPR d&rsquo;espagnol de l&rsquo;acad\u00e9mie ; pour toute question \u00e0 poser \u00e0 l&rsquo;inspection, vous pouvez prendre contact avec l&rsquo;IPR en charge de l&rsquo;espagnol dans votre \u00e9tablissement. <\/strong><\/p>\n<p style=\"text-align: justify\"><strong>Mme Elsa Bancel, IEN ET\/EG Lettres-espagnol, est en charge du suivi des lyc\u00e9es professionnels.<br \/>\n<\/strong><\/p>\n<p style=\"text-align: justify\"><a href=\"https:\/\/ent2d.ac-bordeaux.fr\/disciplines\/espagnol\/wp-content\/uploads\/sites\/6\/2016\/05\/ZAP-r\u00e9partition-espagnol-2017-18-1.pdf\">ZAP- r\u00e9partition espagnol-2018-2019<\/a><\/p>\n","protected":false},"excerpt":{"rendered":"<p>Vous trouverez ci-dessous la r\u00e9partition des zap et \/ou \u00e9tablissements entre les IA-IPR d&rsquo;espagnol de l&rsquo;acad\u00e9mie ; pour toute question \u00e0 poser \u00e0 l&rsquo;inspection, vous pouvez prendre contact avec l&rsquo;IPR &#8230;<\/p>\n","protected":false},"author":13,"featured_media":3041,"parent":0,"menu_order":0,"comment_status":"closed","ping_status":"closed","template":"","meta":{"footnotes":""},"class_list":["post-1029","page","type-page","status-publish","has-post-thumbnail","hentry"],"_links":{"self":[{"href":"https:\/\/ent2d.ac-bordeaux.fr\/disciplines\/espagnol\/wp-json\/wp\/v2\/pages\/1029","targetHints":{"allow":["GET"]}}],"collection":[{"href":"https:\/\/ent2d.ac-bordeaux.fr\/disciplines\/espagnol\/wp-json\/wp\/v2\/pages"}],"about":[{"href":"https:\/\/ent2d.ac-bordeaux.fr\/disciplines\/espagnol\/wp-json\/wp\/v2\/types\/page"}],"author":[{"embeddable":true,"href":"https:\/\/ent2d.ac-bordeaux.fr\/disciplines\/espagnol\/wp-json\/wp\/v2\/users\/13"}],"replies":[{"embeddable":true,"href":"https:\/\/ent2d.ac-bordeaux.fr\/disciplines\/espagnol\/wp-json\/wp\/v2\/comments?post=1029"}],"version-history":[{"count":11,"href":"https:\/\/ent2d.ac-bordeaux.fr\/disciplines\/espagnol\/wp-json\/wp\/v2\/pages\/1029\/revisions"}],"predecessor-version":[{"id":3042,"href":"https:\/\/ent2d.ac-bordeaux.fr\/disciplines\/espagnol\/wp-json\/wp\/v2\/pages\/1029\/revisions\/3042"}],"wp:featuredmedia":[{"embeddable":true,"href":"https:\/\/ent2d.ac-bordeaux.fr\/disciplines\/espagnol\/wp-json\/wp\/v2\/media\/3041"}],"wp:attachment":[{"href":"https:\/\/ent2d.ac-bordeaux.fr\/disciplines\/espagnol\/wp-json\/wp\/v2\/media?parent=1029"}],"curies":[{"name":"wp","href":"https:\/\/api.w.org\/{rel}","templated":true}]}}