{"id":2266,"date":"2018-10-23T18:03:05","date_gmt":"2018-10-23T16:03:05","guid":{"rendered":"https:\/\/ent2d.ac-bordeaux.fr\/disciplines\/eps\/?page_id=2266"},"modified":"2018-10-24T07:28:20","modified_gmt":"2018-10-24T05:28:20","slug":"leps-change-avec-le-numerique","status":"publish","type":"page","link":"https:\/\/ent2d.ac-bordeaux.fr\/disciplines\/eps\/?page_id=2266","title":{"rendered":"L&#8217;EPS change avec le num\u00e8rique"},"content":{"rendered":"<p><img loading=\"lazy\" decoding=\"async\" class=\"alignnone size-full wp-image-2431\" src=\"https:\/\/ent2d.ac-bordeaux.fr\/disciplines\/eps\/wp-content\/uploads\/sites\/33\/2018\/10\/EPSchange.png\" alt=\"\" width=\"800\" height=\"100\" srcset=\"https:\/\/ent2d.ac-bordeaux.fr\/disciplines\/eps\/wp-content\/uploads\/sites\/33\/2018\/10\/EPSchange.png 800w, https:\/\/ent2d.ac-bordeaux.fr\/disciplines\/eps\/wp-content\/uploads\/sites\/33\/2018\/10\/EPSchange-300x38.png 300w, https:\/\/ent2d.ac-bordeaux.fr\/disciplines\/eps\/wp-content\/uploads\/sites\/33\/2018\/10\/EPSchange-768x96.png 768w\" sizes=\"auto, (max-width: 800px) 100vw, 800px\" \/><\/p>\n<div class=\"SupportNum\">\n<div class=\"ItemNum\">\n<div class=\"ItemHaut\">\n<p>Th\u00e8matiques<\/p>\n<\/div>\n<div class=\"ItemMilieu\">\n<p><img decoding=\"async\" class=\"visuel\" src=\"https:\/\/ent2d.ac-bordeaux.fr\/disciplines\/eps\/wp-content\/uploads\/sites\/33\/2018\/10\/Capture-d\u2019\u00e9cran-2018-10-21-\u00e0-09.57.45.png\" \/><\/p>\n<\/div>\n<div class=\"ItemBas\">\n<p><a href=\"https:\/\/ent2d.ac-bordeaux.fr\/disciplines\/eps\/2018\/09\/15\/le-numerique-en-eps-pour-quoi-faire\/\">&#8211; Le num\u00e9rique en EPS, pour quoi faire..<\/a><br \/>\n<a href=\"https:\/\/ent2d.ac-bordeaux.fr\/disciplines\/eps\/2018\/09\/02\/quel-modele-dintegration-du-numerique-dans-lenseignement\/\">&#8211; Quel mod\u00e8le d\u2019int\u00e8gration du num\u00e9rique dans l\u2019enseignement<\/a><br \/>\n<a href=\"https:\/\/ent2d.ac-bordeaux.fr\/disciplines\/eps\/2018\/09\/21\/le-support-video-usage-numerique-incontournable\/\">&#8211; Le support vid\u00e9o, usage num\u00e9rique incontournable<\/a><\/p>\n<\/div>\n<\/div>\n<div class=\"ItemNum\">\n<div class=\"ItemHaut\">\n<p>CP-CA &amp; Num\u00e9rique<\/p>\n<\/div>\n<div class=\"ItemMilieu\">\n<p><img decoding=\"async\" class=\"visuel\" src=\"https:\/\/ent2d.ac-bordeaux.fr\/disciplines\/eps\/wp-content\/uploads\/sites\/33\/2018\/10\/Capture-d\u2019\u00e9cran-2018-10-21-\u00e0-10.38.02.png\" \/><\/p>\n<\/div>\n<div class=\"ItemBas\"><a href=\"https:\/\/ent2d.ac-bordeaux.fr\/disciplines\/eps\/2018\/09\/04\/champ-2-adapter-ses-deplacements-a-des-environnements-varies\/\">&#8211; Champ 2 : Adapter ses d\u00e9placements \u00e0 des environnements vari\u00e9s<\/a><br \/>\n<a href=\"https:\/\/ent2d.ac-bordeaux.fr\/disciplines\/eps\/2018\/09\/02\/champ-3-sexprimer-devant-les-autres-par-une-prestation-artistique-ou-acrobatique\/\">&#8211; Champ 3 S\u2019exprimer devant les autres par une prestation artistique ou acrobatique<\/a><br \/>\n<a href=\"https:\/\/ent2d.ac-bordeaux.fr\/disciplines\/eps\/2018\/09\/05\/ca-4-cp-4-conduire-et-maitriser-un-affrontement-collectif-ou-interindividuel\/\">&#8211; CA 4 \u2013 CP 4 Conduire et ma\u00eetriser un affrontement collectif ou interindividuel<\/a><br \/>\n<a href=\"https:\/\/ent2d.ac-bordeaux.fr\/disciplines\/eps\/2018\/09\/20\/usages-du-numerique-en-cp5\/\">&#8211; Usages du num\u00e9rique en CP5<\/a><\/div>\n<\/div>\n<div class=\"ItemNum\">\n<div class=\"ItemHaut\">\n<p>Outils EPS<\/p>\n<\/div>\n<div class=\"ItemMilieu\">\n<p><img decoding=\"async\" class=\"visuel\" src=\"https:\/\/ent2d.ac-bordeaux.fr\/disciplines\/eps\/wp-content\/uploads\/sites\/33\/2018\/10\/Capture-d\u2019\u00e9cran-2018-10-21-\u00e0-10.41.05.png\" \/><\/p>\n<\/div>\n<div class=\"ItemBas\">\n<p>&#8211;<a href=\"https:\/\/ent2d.ac-bordeaux.fr\/disciplines\/eps\/category\/ressources-pour-lenseignant\/tice-en-eps\/les-outils-pour-simplifier\/\">Les outils pour simplifier<\/a><br \/>\n<a href=\"https:\/\/ent2d.ac-bordeaux.fr\/disciplines\/eps\/category\/ressources-pour-lenseignant\/tice-en-eps\/les-outils-numeriques-au-service-de-la-visualisation\/\">-Les outils num\u00e9riques au service de la visualisation<\/a><br \/>\n<a href=\"https:\/\/ent2d.ac-bordeaux.fr\/disciplines\/eps\/category\/ressources-pour-lenseignant\/tice-en-eps\/les-outils-numeriques-daide-a-la-differenciation\/\">-Les outils num\u00e9riques d\u2019aide \u00e0 la diff\u00e9renciation<\/a><br \/>\n<a href=\"https:\/\/ent2d.ac-bordeaux.fr\/disciplines\/eps\/category\/ressources-pour-lenseignant\/tice-en-eps\/les-outils-numeriques-dedies-au-recueil-des-donnees-et-exploitation\/\">-Les outils num\u00e9riques d\u00e9di\u00e9s au recueil des donn\u00e9es et exploitation<\/a><br \/>\n&#8212;&#8212;&#8212;&#8212;&#8212;&#8212;&#8212;&#8212;<br \/>\n<a href=\"https:\/\/ent2d.ac-bordeaux.fr\/disciplines\/eps\/2018\/09\/16\/lpad-outil-numerique-en-eps\/\">Dossier Ipad<\/a><\/p>\n<\/div>\n<\/div>\n<div class=\"ItemNum\">\n<div class=\"ItemHaut\">\n<p>Outils acad\u00e8miques et nationaux<\/p>\n<\/div>\n<div class=\"ItemMilieu\">\n<p><img decoding=\"async\" class=\"visuel\" src=\"https:\/\/ent2d.ac-bordeaux.fr\/disciplines\/eps\/wp-content\/uploads\/sites\/33\/2018\/10\/Capture-d\u2019\u00e9cran-2018-10-21-\u00e0-10.42.12.png\" \/><\/p>\n<\/div>\n<div class=\"ItemBas\">\n<p>Acad\u00e9mie de Bordeaux<br \/>\nOutils nationaux<\/p>\n<\/div>\n<\/div>\n<\/div>\n<div class=\"TiceDerniers\">Retrouver les derniers articles de la rubrique Num\u00e9rique <a href=\"https:\/\/ent2d.ac-bordeaux.fr\/disciplines\/eps\/category\/ressources-pour-lenseignant\/tice-en-eps\/\"><img decoding=\"async\" src=\"https:\/\/ent2d.ac-bordeaux.fr\/disciplines\/eps\/wp-content\/uploads\/sites\/33\/2018\/10\/Capture-d\u2019\u00e9cran-2018-10-21-\u00e0-10.44.00.png\" width=\"80px\" height=\"80px\" \/><\/a><\/div>\n<div class=\"ligne\">\n<hr \/>\n<\/div>\n<div class=\"annotation\"><img decoding=\"async\" class=\"visuel\" src=\"https:\/\/ent2d.ac-bordeaux.fr\/disciplines\/eps\/wp-content\/uploads\/sites\/33\/2018\/10\/Capture-d\u2019\u00e9cran-2018-10-22-\u00e0-19.00.08.png\" \/>Actualit\u00e9 du num\u00e9rique<\/div>\n<div class=\"pearltres\"><iframe loading=\"lazy\" src=\"https:\/\/www.pearltrees.com\/t\/ambassadeurs-numerique\/actualites-numerique-eps\/id21461712?embed=2&amp;d=2018091278?embed=2\" width=\"90%\" height=\"500px\" style=\"border:0px;\" allowtransparency=\"true\"><\/iframe><span style=\"display:block; padding-top:2px; color:#818181; font-size:13px;\"><a href=\"https:\/\/www.pearltrees.com\/t\/ambassadeurs-numerique\/actualites-numerique-eps\/id21461712?embed=2&amp;d=2018091278\" style=\" color:#818181; font-size:13px;\" target=\"_blank\">PearlTrees<\/a><\/span><\/div>\n<div class=\"ligne\">\n<hr \/>\n<\/div>\n<div class=\"annotation\"><img decoding=\"async\" class=\"visuel\" src=\"https:\/\/ent2d.ac-bordeaux.fr\/disciplines\/eps\/wp-content\/uploads\/sites\/33\/2018\/10\/Capture-d\u2019\u00e9cran-2018-10-22-\u00e0-19.02.13.png\" \/>Sites institutionnels<\/div>\n<div class=\"pearltres\"><iframe loading=\"lazy\" src=\"https:\/\/www.pearltrees.com\/t\/ambassadeurs-numerique\/sites-institutionnels\/id22368023?embed=2&amp;d=201810231442?embed=2\" width=\"90%\" height=\"500px\" style=\"border:0px;\" allowtransparency=\"true\"><\/iframe><span style=\"display:block; padding-top:2px; color:#818181; font-size:13px;\"><a href=\"https:\/\/www.pearltrees.com\/t\/ambassadeurs-numerique\/sites-institutionnels\/id22368023?embed=2&amp;d=201810231442\" style=\" color:#818181; font-size:13px;\" target=\"_blank\">PearlTrees<\/a><\/span><\/div>\n<div class=\"ligne\">\n<hr \/>\n<\/div>\n<div class=\"cadreliensdirects\"><img decoding=\"async\" class=\"visuellien\" src=\"https:\/\/ent2d.ac-bordeaux.fr\/disciplines\/eps\/wp-content\/uploads\/sites\/33\/2018\/10\/logo_magistere-300x75.png\" \/><br \/>\n<img decoding=\"async\" class=\"visuellien\" src=\"https:\/\/ent2d.ac-bordeaux.fr\/disciplines\/eps\/wp-content\/uploads\/sites\/33\/2018\/10\/pix.png\" alt=\"\" \/><br \/>\n<img decoding=\"async\" class=\"visuellien\" src=\"https:\/\/ent2d.ac-bordeaux.fr\/disciplines\/eps\/wp-content\/uploads\/sites\/33\/2018\/10\/tetiere-2.png\" \/><\/div>\n","protected":false},"excerpt":{"rendered":"<p>Th\u00e8matiques &#8211; Le num\u00e9rique en EPS, pour quoi faire.. &#8211; Quel mod\u00e8le d\u2019int\u00e8gration du num\u00e9rique dans l\u2019enseignement &#8211; Le support<\/p>\n","protected":false},"author":198,"featured_media":0,"parent":0,"menu_order":0,"comment_status":"closed","ping_status":"closed","template":"","meta":{"footnotes":""},"class_list":["post-2266","page","type-page","status-publish","hentry"],"_links":{"self":[{"href":"https:\/\/ent2d.ac-bordeaux.fr\/disciplines\/eps\/index.php?rest_route=\/wp\/v2\/pages\/2266","targetHints":{"allow":["GET"]}}],"collection":[{"href":"https:\/\/ent2d.ac-bordeaux.fr\/disciplines\/eps\/index.php?rest_route=\/wp\/v2\/pages"}],"about":[{"href":"https:\/\/ent2d.ac-bordeaux.fr\/disciplines\/eps\/index.php?rest_route=\/wp\/v2\/types\/page"}],"author":[{"embeddable":true,"href":"https:\/\/ent2d.ac-bordeaux.fr\/disciplines\/eps\/index.php?rest_route=\/wp\/v2\/users\/198"}],"replies":[{"embeddable":true,"href":"https:\/\/ent2d.ac-bordeaux.fr\/disciplines\/eps\/index.php?rest_route=%2Fwp%2Fv2%2Fcomments&post=2266"}],"version-history":[{"count":41,"href":"https:\/\/ent2d.ac-bordeaux.fr\/disciplines\/eps\/index.php?rest_route=\/wp\/v2\/pages\/2266\/revisions"}],"predecessor-version":[{"id":5781,"href":"https:\/\/ent2d.ac-bordeaux.fr\/disciplines\/eps\/index.php?rest_route=\/wp\/v2\/pages\/2266\/revisions\/5781"}],"wp:attachment":[{"href":"https:\/\/ent2d.ac-bordeaux.fr\/disciplines\/eps\/index.php?rest_route=%2Fwp%2Fv2%2Fmedia&parent=2266"}],"curies":[{"name":"wp","href":"https:\/\/api.w.org\/{rel}","templated":true}]}}